{"id":17,"date":"2016-09-02T15:32:21","date_gmt":"2016-09-02T15:32:21","guid":{"rendered":"http:\/\/eventos.coc.pt\/piom2018\/?page_id=17"},"modified":"2018-10-10T21:04:31","modified_gmt":"2018-10-10T21:04:31","slug":"inscricoes","status":"publish","type":"page","link":"http:\/\/eventos.coc.pt\/lcr2018\/inscricoes\/","title":{"rendered":"Inscri\u00e7\u00f5es"},"content":{"rendered":"<p><span style=\"font-size: 14pt;\"><strong>Prazos de Inscri\u00e7\u00e3o<\/strong><\/span><\/p>\n<p><strong>Escal\u00f5es de Competi\u00e7\u00e3o<\/strong> &#8211; 17 de Outubro de 2018<br \/>\n<strong>Escal\u00f5es abertos, Tur\u00edstica e Ori Fam\u00edlia<\/strong> &#8211; 21 de Outubro 2018\u00b7<\/p>\n<p>Data limite para inscri\u00e7\u00f5es nos escal\u00f5es abertos, condicionada a disponibilidade de mapas. Para poder assegurar a reserva de mapa, deve proceder \u00e0 sua inscri\u00e7\u00e3o.<\/p>\n<p><span style=\"font-size: 14pt;\"><strong>Como se inscrever<\/strong><\/span><\/p>\n<p>Os atletas devem efectuar as suas inscri\u00e7\u00f5es atrav\u00e9s da plataforma <a href=\"mailto:OriOasis\">OriOasis<\/a> ou atrav\u00e9s de mail para <a href=\"mailto:info@coc.pt\">info@coc.pt<\/a> (atletas n\u00e3o federados na FPO)<\/p>\n<p>Em caso de d\u00favidas ou problemas por favor contacte a organiza\u00e7\u00e3o atrav\u00e9s do seguinte e-mail: <a href=\"mailto:info@coc.pt\">info@coc.pt<\/a><\/p>\n<p><span style=\"font-size: 14pt;\"><strong>Dados obrigat\u00f3rios para inscri\u00e7\u00e3o (individual ou em grupo)<\/strong><\/span><\/p>\n<p>&#8211; Nome completo dos participantes;<\/p>\n<p>&#8211; Data de nascimento;<\/p>\n<p>&#8211; Nome do Clube;<\/p>\n<p>&#8211; Pa\u00eds;<\/p>\n<p>&#8211; Escal\u00e3o em que cada pessoa deseja participar;<\/p>\n<p>&#8211; N\u00ba de filiado na FPO (caso n\u00e3o seja filiado na FPO, o n\u00ba de Bilhete de Identidade ou de cart\u00e3o \u00a0de cidad\u00e3o);<\/p>\n<p>&#8211; N\u00ba do SI Card. Na aus\u00eancia deste, ser-lhe-\u00e1 cedido um, sem custo; A perda ou n\u00e3o devolu\u00e7\u00e3o do SI Card cedido implica o pagamento de 30\u20ac ou 37,50\u20ac, consoante o modelo;<\/p>\n<p>-N\u00ba de telem\u00f3vel;<\/p>\n<p>As inscri\u00e7\u00f5es nos escal\u00f5es abertos podem ser efectuadas at\u00e9 ao dia do evento, ficando as mesmas condicionadas ao n\u00famero de mapas dispon\u00edveis.<\/p>\n<p><strong>*Aluguer de Card: gratuito<\/strong>.<\/p>\n<p>A perda ou n\u00e3o devolu\u00e7\u00e3o de um SI Card alugado implica o pagamento de 50\u20ac.<\/p>\n<p><strong><br \/>\nNota:<\/strong> Nos escal\u00f5es abertos os participantes podem efetuar a prova a s\u00f3s ou em grupo. No entanto, mesmo quando a participar em grupo cada pessoa paga a sua inscri\u00e7\u00e3o, uma vez que tem direito ao seu mapa e \u00e0 sua classifica\u00e7\u00e3o.<\/p>\n<p><span style=\"font-size: 14pt;\"><strong>Taxas de Inscri\u00e7\u00e3o:<\/strong><\/span><\/p>\n<p>Adultos (&gt; 20 anos) &#8211; 5,00\u20ac (por dia)<\/p>\n<p>Jovens (&lt; = 20 anos) &#8211; 3,00\u20ac (por dia)<\/p>\n<p>Escolas &#8211; 1,50\u20ac (por dia)<\/p>\n<p>Orifam\u00edlia &#8211; 3.00\u20ac (por fam\u00edlia), 1 ou mais percursos.<\/p>\n<p>Orienta\u00e7\u00e3o adaptada &#8211; Gr\u00e1tis<\/p>\n<p><span style=\"font-size: 14pt;\"><strong>Seguro desportivo:<\/strong><\/span><\/p>\n<p>&#8211; Os atletas federados na FPO estar\u00e3o segurados pelo seguro da mesma;<\/p>\n<p>&#8211; Cidad\u00e3os portugueses e residentes em Portugal n\u00e3o federados na FPO tamb\u00e9m estar\u00e3o cobertos pelo seguro da FPO;<\/p>\n<p>&#8211; Participantes estrangeiros e\/ou n\u00e3o residentes em Portugal n\u00e3o est\u00e3o cobertos por qualquer seguro, sendo da sua responsabilidade garantir o seu pr\u00f3prio seguro.<\/p>\n<p><span style=\"font-size: 14pt;\"><strong>Como pagar:<\/strong><\/span><\/p>\n<p>O pagamento das inscri\u00e7\u00f5es poder\u00e1 ser efectuado por transfer\u00eancia banc\u00e1ria ou directamente no Secretariado em dinheiro.<br \/>\nDe forma a facilitar o processo de acredita\u00e7\u00e3o, a Organiza\u00e7\u00e3o tem prefer\u00eancia que os pagamentos sejam feitos por transfer\u00eancia banc\u00e1ria.<\/p>\n<p><span style=\"font-size: 14pt;\"><strong>Dados para pagamento:<\/strong><\/span><\/p>\n<p><strong>Banco<\/strong>: Caixa Geral de Dep\u00f3sitos<\/p>\n<p><strong>Ag\u00eancia<\/strong>: Leiria \u2013 Marqu\u00eas de Pombal<br \/>\n<strong>IBAN:<\/strong> PT50 0035 0394 00004000030 10<\/p>\n<p><strong>SWIFT CODE BIC<\/strong>: CGDIPTPL<\/p>\n<p><strong>Nome do Destinat\u00e1rio:<\/strong><br \/>\nCOC \u2013 Clube de Orienta\u00e7\u00e3o do Centro<\/p>\n<p><span style=\"font-size: 14pt;\"><strong>Processo de pagamento:<\/strong><\/span><\/p>\n<p><strong>Para\u00a0Inscri\u00e7\u00f5es Express do <\/strong><a href=\"http:\/\/www.orioasis.pt\/oasis\/entries.php?action=club_class&amp;eventid=1395\"><strong>OriOasis<\/strong><\/a><strong>, por favor coloque o Express Code no descritivo do pagamento.<br \/>\n<\/strong><\/p>\n<p>Para<strong>\u00a0pagamentos totais de clubes<\/strong>, indique sempre o nome clube no descritivo.<br \/>\nPara\u00a0<strong>pagamentos parciais de clubes<\/strong>, indique nos coment\u00e1rios o clube e a lista de atletas a que se refere o pagamento, ou envie um email (info@coc.pt)\u00a0\u00e0 organiza\u00e7\u00e3o com a lista de atletas e o comprovativo da transfer\u00eancia.<\/p>\n<p><strong><br \/>\nNotas<\/strong>: Para todas as inscri\u00e7\u00f5es pagas por transfer\u00eancia banc\u00e1ria, \u00e9 necess\u00e1rio enviar comprovativo da opera\u00e7\u00e3o para o email:\u00a0<a href=\"mailto:info@coc.pt\">info@coc.pt<\/a><\/p>\n<p>Todas as despesas inerentes \u00e0s transfer\u00eancias banc\u00e1rias devem ser suportadas pelo ordenante.\u00a0Se alguma despesa\u00a0\u00a0referente \u00e0s transfer\u00eancias banc\u00e1rias for indevidamente cobrada \u00e0 Organiza\u00e7\u00e3o, as mesmas ser\u00e3o pagas posteriormente pelos clubes ou atletas.<\/p>\n","protected":false},"excerpt":{"rendered":"<p>Prazos de Inscri\u00e7\u00e3o Escal\u00f5es de Competi\u00e7\u00e3o &#8211; 17 de Outubro de 2018 Escal\u00f5es abertos, Tur\u00edstica e Ori Fam\u00edlia &#8211; 21 de Outubro 2018\u00b7 Data limite para inscri\u00e7\u00f5es nos escal\u00f5es abertos, condicionada a disponibilidade de mapas. Para poder assegurar a reserva de mapa, deve proceder \u00e0 sua inscri\u00e7\u00e3o. Como se inscrever Os atletas devem efectuar as &hellip; <a href=\"http:\/\/eventos.coc.pt\/lcr2018\/inscricoes\/\" class=\"more-link\">Continuar a ler <span class=\"screen-reader-text\">Inscri\u00e7\u00f5es<\/span><\/a><\/p>\n","protected":false},"author":1,"featured_media":0,"parent":0,"menu_order":10,"comment_status":"closed","ping_status":"closed","template":"","meta":{"footnotes":""},"class_list":["post-17","page","type-page","status-publish","hentry"],"_links":{"self":[{"href":"http:\/\/eventos.coc.pt\/lcr2018\/wp-json\/wp\/v2\/pages\/17","targetHints":{"allow":["GET"]}}],"collection":[{"href":"http:\/\/eventos.coc.pt\/lcr2018\/wp-json\/wp\/v2\/pages"}],"about":[{"href":"http:\/\/eventos.coc.pt\/lcr2018\/wp-json\/wp\/v2\/types\/page"}],"author":[{"embeddable":true,"href":"http:\/\/eventos.coc.pt\/lcr2018\/wp-json\/wp\/v2\/users\/1"}],"replies":[{"embeddable":true,"href":"http:\/\/eventos.coc.pt\/lcr2018\/wp-json\/wp\/v2\/comments?post=17"}],"version-history":[{"count":15,"href":"http:\/\/eventos.coc.pt\/lcr2018\/wp-json\/wp\/v2\/pages\/17\/revisions"}],"predecessor-version":[{"id":435,"href":"http:\/\/eventos.coc.pt\/lcr2018\/wp-json\/wp\/v2\/pages\/17\/revisions\/435"}],"wp:attachment":[{"href":"http:\/\/eventos.coc.pt\/lcr2018\/wp-json\/wp\/v2\/media?parent=17"}],"curies":[{"name":"wp","href":"https:\/\/api.w.org\/{rel}","templated":true}]}}