{"id":240,"date":"2017-01-10T11:34:55","date_gmt":"2017-01-10T11:34:55","guid":{"rendered":"http:\/\/eventos.coc.pt\/piom2018\/?page_id=240"},"modified":"2018-10-19T17:40:53","modified_gmt":"2018-10-19T17:40:53","slug":"partidas","status":"publish","type":"page","link":"http:\/\/eventos.coc.pt\/lcr2018\/partidas\/","title":{"rendered":"Partidas"},"content":{"rendered":"<p>Escal\u00f5es de competi\u00e7\u00e3o com partidas convencionais (partidas em linha), com tempos de partida pr\u00e9 atribu\u00eddos.<\/p>\n<p>Escal\u00f5es de forma\u00e7\u00e3o e abertos com partidas individualizadas, numa janela de tempos identificadas, com recurso \u00e0 esta\u00e7\u00e3o Start, ou seja sem tempo de partida pr\u00e9 atribu\u00eddo.<\/p>\n<p>O percurso Tur\u00edstico e Ori-Fam\u00edlia com partida livre.<\/p>\n<p><strong><a href=\"http:\/\/eventos.coc.pt\/archive\/2018LCR\/Partidas\/PartidasClub1.html\">Partidas Por Clubes<\/a><\/strong><\/p>\n<p><strong><a href=\"http:\/\/eventos.coc.pt\/archive\/2018LCR\/Partidas\/PartidasClass1.html\">Partidas Por Escal\u00f5es<\/a><\/strong><\/p>\n","protected":false},"excerpt":{"rendered":"<p>Escal\u00f5es de competi\u00e7\u00e3o com partidas convencionais (partidas em linha), com tempos de partida pr\u00e9 atribu\u00eddos. Escal\u00f5es de forma\u00e7\u00e3o e abertos com partidas individualizadas, numa janela de tempos identificadas, com recurso \u00e0 esta\u00e7\u00e3o Start, ou seja sem tempo de partida pr\u00e9 atribu\u00eddo. O percurso Tur\u00edstico e Ori-Fam\u00edlia com partida livre. Partidas Por Clubes Partidas Por Escal\u00f5es<\/p>\n","protected":false},"author":1,"featured_media":0,"parent":0,"menu_order":0,"comment_status":"closed","ping_status":"closed","template":"","meta":{"footnotes":""},"class_list":["post-240","page","type-page","status-publish","hentry"],"_links":{"self":[{"href":"http:\/\/eventos.coc.pt\/lcr2018\/wp-json\/wp\/v2\/pages\/240","targetHints":{"allow":["GET"]}}],"collection":[{"href":"http:\/\/eventos.coc.pt\/lcr2018\/wp-json\/wp\/v2\/pages"}],"about":[{"href":"http:\/\/eventos.coc.pt\/lcr2018\/wp-json\/wp\/v2\/types\/page"}],"author":[{"embeddable":true,"href":"http:\/\/eventos.coc.pt\/lcr2018\/wp-json\/wp\/v2\/users\/1"}],"replies":[{"embeddable":true,"href":"http:\/\/eventos.coc.pt\/lcr2018\/wp-json\/wp\/v2\/comments?post=240"}],"version-history":[{"count":10,"href":"http:\/\/eventos.coc.pt\/lcr2018\/wp-json\/wp\/v2\/pages\/240\/revisions"}],"predecessor-version":[{"id":446,"href":"http:\/\/eventos.coc.pt\/lcr2018\/wp-json\/wp\/v2\/pages\/240\/revisions\/446"}],"wp:attachment":[{"href":"http:\/\/eventos.coc.pt\/lcr2018\/wp-json\/wp\/v2\/media?parent=240"}],"curies":[{"name":"wp","href":"https:\/\/api.w.org\/{rel}","templated":true}]}}