{"id":396,"date":"2018-04-26T20:39:05","date_gmt":"2018-04-26T20:39:05","guid":{"rendered":"http:\/\/eventos.coc.pt\/lcr2018\/?page_id=396"},"modified":"2018-04-26T21:14:56","modified_gmt":"2018-04-26T21:14:56","slug":"apresentacao","status":"publish","type":"page","link":"http:\/\/eventos.coc.pt\/lcr2018\/apresentacao\/","title":{"rendered":"Apresenta\u00e7\u00e3o"},"content":{"rendered":"<p>O COC \u2013 Clube de Orienta\u00e7\u00e3o do Centro vai organizar no dia 21 de Outubro a 3\u00aa Edi\u00e7\u00e3o do Leiria City Race em Orienta\u00e7\u00e3o,\u00a0evento constitu\u00eddo por uma etapa pontu\u00e1vel para o circuito Nacional City Race Portugal.<\/p>\n<p><strong><u>Mapa:<\/u><\/strong><\/p>\n<p>Zona urbana de Leiria revisto e ampliado em Fevereiro 2018 pelo cart\u00f3grafo Rui Antunes. Normas ISSOM 2007.<\/p>\n<p>Ser\u00e3o usadas as escalas 1:5000 (Escal\u00f5es de competi\u00e7\u00e3o, Abertos e Tur\u00edstico) e 1:2.500 (Forma\u00e7\u00e3o e Orifamilia);<\/p>\n<p><img loading=\"lazy\" decoding=\"async\" class=\"alignnone size-full wp-image-395\" src=\"http:\/\/eventos.coc.pt\/lcr2018\/wp-content\/uploads\/sites\/12\/2018\/04\/LRA-CITY-RACE.jpg\" alt=\"\" width=\"1085\" height=\"860\" srcset=\"http:\/\/eventos.coc.pt\/lcr2018\/wp-content\/uploads\/sites\/12\/2018\/04\/LRA-CITY-RACE.jpg 1085w, http:\/\/eventos.coc.pt\/lcr2018\/wp-content\/uploads\/sites\/12\/2018\/04\/LRA-CITY-RACE-300x238.jpg 300w, http:\/\/eventos.coc.pt\/lcr2018\/wp-content\/uploads\/sites\/12\/2018\/04\/LRA-CITY-RACE-768x609.jpg 768w, http:\/\/eventos.coc.pt\/lcr2018\/wp-content\/uploads\/sites\/12\/2018\/04\/LRA-CITY-RACE-1024x812.jpg 1024w, http:\/\/eventos.coc.pt\/lcr2018\/wp-content\/uploads\/sites\/12\/2018\/04\/LRA-CITY-RACE-600x476.jpg 600w\" sizes=\"auto, (max-width: 1085px) 100vw, 1085px\" \/><\/p>\n<p>A cor de laranja representa a parte da amplia\u00e7\u00e3o do mapa feita em 2018.<\/p>\n<p><img loading=\"lazy\" decoding=\"async\" class=\"alignnone size-full wp-image-412\" src=\"http:\/\/eventos.coc.pt\/lcr2018\/wp-content\/uploads\/sites\/12\/2018\/04\/MapaVers\u00e3o2016_200.jpg\" alt=\"\" width=\"2936\" height=\"3351\" srcset=\"http:\/\/eventos.coc.pt\/lcr2018\/wp-content\/uploads\/sites\/12\/2018\/04\/MapaVers\u00e3o2016_200.jpg 2936w, http:\/\/eventos.coc.pt\/lcr2018\/wp-content\/uploads\/sites\/12\/2018\/04\/MapaVers\u00e3o2016_200-263x300.jpg 263w, http:\/\/eventos.coc.pt\/lcr2018\/wp-content\/uploads\/sites\/12\/2018\/04\/MapaVers\u00e3o2016_200-768x877.jpg 768w, http:\/\/eventos.coc.pt\/lcr2018\/wp-content\/uploads\/sites\/12\/2018\/04\/MapaVers\u00e3o2016_200-897x1024.jpg 897w, http:\/\/eventos.coc.pt\/lcr2018\/wp-content\/uploads\/sites\/12\/2018\/04\/MapaVers\u00e3o2016_200-600x685.jpg 600w\" sizes=\"auto, (max-width: 2936px) 100vw, 2936px\" \/><\/p>\n<p>Mapa utilizado nos eventos anteriores.<\/p>\n","protected":false},"excerpt":{"rendered":"<p>O COC \u2013 Clube de Orienta\u00e7\u00e3o do Centro vai organizar no dia 21 de Outubro a 3\u00aa Edi\u00e7\u00e3o do Leiria City Race em Orienta\u00e7\u00e3o,\u00a0evento constitu\u00eddo por uma etapa pontu\u00e1vel para o circuito Nacional City Race Portugal. Mapa: Zona urbana de Leiria revisto e ampliado em Fevereiro 2018 pelo cart\u00f3grafo Rui Antunes. Normas ISSOM 2007. Ser\u00e3o &hellip; <a href=\"http:\/\/eventos.coc.pt\/lcr2018\/apresentacao\/\" class=\"more-link\">Continuar a ler <span class=\"screen-reader-text\">Apresenta\u00e7\u00e3o<\/span><\/a><\/p>\n","protected":false},"author":1,"featured_media":0,"parent":0,"menu_order":0,"comment_status":"closed","ping_status":"closed","template":"","meta":{"footnotes":""},"class_list":["post-396","page","type-page","status-publish","hentry"],"_links":{"self":[{"href":"http:\/\/eventos.coc.pt\/lcr2018\/wp-json\/wp\/v2\/pages\/396","targetHints":{"allow":["GET"]}}],"collection":[{"href":"http:\/\/eventos.coc.pt\/lcr2018\/wp-json\/wp\/v2\/pages"}],"about":[{"href":"http:\/\/eventos.coc.pt\/lcr2018\/wp-json\/wp\/v2\/types\/page"}],"author":[{"embeddable":true,"href":"http:\/\/eventos.coc.pt\/lcr2018\/wp-json\/wp\/v2\/users\/1"}],"replies":[{"embeddable":true,"href":"http:\/\/eventos.coc.pt\/lcr2018\/wp-json\/wp\/v2\/comments?post=396"}],"version-history":[{"count":4,"href":"http:\/\/eventos.coc.pt\/lcr2018\/wp-json\/wp\/v2\/pages\/396\/revisions"}],"predecessor-version":[{"id":413,"href":"http:\/\/eventos.coc.pt\/lcr2018\/wp-json\/wp\/v2\/pages\/396\/revisions\/413"}],"wp:attachment":[{"href":"http:\/\/eventos.coc.pt\/lcr2018\/wp-json\/wp\/v2\/media?parent=396"}],"curies":[{"name":"wp","href":"https:\/\/api.w.org\/{rel}","templated":true}]}}