{"id":4,"date":"2016-08-29T23:31:01","date_gmt":"2016-08-29T23:31:01","guid":{"rendered":"http:\/\/eventos.coc.pt\/piom2018\/?page_id=4"},"modified":"2018-04-26T21:09:54","modified_gmt":"2018-04-26T21:09:54","slug":"programa","status":"publish","type":"page","link":"http:\/\/eventos.coc.pt\/lcr2018\/programa\/","title":{"rendered":"Programa"},"content":{"rendered":"<p><strong>Quarta 17 de Outubro 23h59<\/strong>\u00a0\u2013 Data Limite para inscri\u00e7\u00e3o em escal\u00f5es de competi\u00e7\u00e3o sem agravamento de pre\u00e7o<\/p>\n<p>Os escal\u00f5es abertos podem inscrever-se at\u00e9 ao dia do evento, sem altera\u00e7\u00f5es no pre\u00e7o de inscri\u00e7\u00e3o, ficando apenas sujeitos a disponibilidade de mapas, mas aconselha-se a que o fa\u00e7am previamente<\/p>\n<p><strong>Domingo 21 de Outubro<\/strong><\/p>\n<p>08:30 \u2013 Abertura do secretariado<\/p>\n<p>10:00 \u2013 In\u00edcio das partidas escal\u00f5es de competi\u00e7\u00e3o<\/p>\n<p>10:10 \u2013 In\u00edcio das partidas dos escal\u00f5es abertos e forma\u00e7\u00e3o com recurso \u00e0 esta\u00e7\u00e3o START<\/p>\n<p>10:15 \u2013 In\u00edcio das partidas da actividade Orienta\u00e7\u00e3o em Fam\u00edlia e do Percurso Tur\u00edstico.<\/p>\n<p>11:00 \u2013 Encerramento das partidas dos escal\u00f5es abertos, da actividade Orienta\u00e7\u00e3o em Fam\u00edlia e Percurso Tur\u00edstico<\/p>\n<p>12.30 \u2013 Entrega de pr\u00e9mios<\/p>\n","protected":false},"excerpt":{"rendered":"<p>Quarta 17 de Outubro 23h59\u00a0\u2013 Data Limite para inscri\u00e7\u00e3o em escal\u00f5es de competi\u00e7\u00e3o sem agravamento de pre\u00e7o Os escal\u00f5es abertos podem inscrever-se at\u00e9 ao dia do evento, sem altera\u00e7\u00f5es no pre\u00e7o de inscri\u00e7\u00e3o, ficando apenas sujeitos a disponibilidade de mapas, mas aconselha-se a que o fa\u00e7am previamente Domingo 21 de Outubro 08:30 \u2013 Abertura do &hellip; <a href=\"http:\/\/eventos.coc.pt\/lcr2018\/programa\/\" class=\"more-link\">Continuar a ler <span class=\"screen-reader-text\">Programa<\/span><\/a><\/p>\n","protected":false},"author":1,"featured_media":0,"parent":0,"menu_order":14,"comment_status":"closed","ping_status":"closed","template":"","meta":{"footnotes":""},"class_list":["post-4","page","type-page","status-publish","hentry"],"_links":{"self":[{"href":"http:\/\/eventos.coc.pt\/lcr2018\/wp-json\/wp\/v2\/pages\/4","targetHints":{"allow":["GET"]}}],"collection":[{"href":"http:\/\/eventos.coc.pt\/lcr2018\/wp-json\/wp\/v2\/pages"}],"about":[{"href":"http:\/\/eventos.coc.pt\/lcr2018\/wp-json\/wp\/v2\/types\/page"}],"author":[{"embeddable":true,"href":"http:\/\/eventos.coc.pt\/lcr2018\/wp-json\/wp\/v2\/users\/1"}],"replies":[{"embeddable":true,"href":"http:\/\/eventos.coc.pt\/lcr2018\/wp-json\/wp\/v2\/comments?post=4"}],"version-history":[{"count":6,"href":"http:\/\/eventos.coc.pt\/lcr2018\/wp-json\/wp\/v2\/pages\/4\/revisions"}],"predecessor-version":[{"id":411,"href":"http:\/\/eventos.coc.pt\/lcr2018\/wp-json\/wp\/v2\/pages\/4\/revisions\/411"}],"wp:attachment":[{"href":"http:\/\/eventos.coc.pt\/lcr2018\/wp-json\/wp\/v2\/media?parent=4"}],"curies":[{"name":"wp","href":"https:\/\/api.w.org\/{rel}","templated":true}]}}