{"id":21,"date":"2016-09-02T15:32:45","date_gmt":"2016-09-02T15:32:45","guid":{"rendered":"http:\/\/eventos.coc.pt\/piom2018\/?page_id=21"},"modified":"2022-01-19T14:01:37","modified_gmt":"2022-01-19T14:01:37","slug":"organizacao","status":"publish","type":"page","link":"http:\/\/eventos.coc.pt\/leiriacityrace2022\/en\/organizacao\/","title":{"rendered":"Organization"},"content":{"rendered":"<p><strong>COC &#8211; Clube de Orienta\u00e7\u00e3o do Centro <\/strong><\/p>\n<p><strong>FPO &#8211; Federa\u00e7\u00e3o Portuguesa de Orienta\u00e7\u00e3o <\/strong><\/p>\n<p><strong>Event director:<\/strong><\/p>\n<p>Jos\u00e9 Bolr\u00e3o FPO 4656<\/p>\n<p><strong>Event assistance director:<\/strong><\/p>\n<p>Duarte Santo FPO 2703<\/p>\n<p><strong>Supports:<\/strong><\/p>\n<p>Leiria City Council<\/p>\n<p>&nbsp;<\/p>","protected":false},"excerpt":{"rendered":"<p>COC &#8211; Clube de Orienta\u00e7\u00e3o do Centro FPO &#8211; Federa\u00e7\u00e3o Portuguesa de Orienta\u00e7\u00e3o Event director: Jos\u00e9 Bolr\u00e3o FPO 4656 Event assistance director: Duarte Santo FPO 2703 Supports: Leiria City Council &nbsp;<\/p>\n","protected":false},"author":1,"featured_media":0,"parent":0,"menu_order":8,"comment_status":"closed","ping_status":"closed","template":"","meta":{"footnotes":""},"class_list":["post-21","page","type-page","status-publish","hentry"],"_links":{"self":[{"href":"http:\/\/eventos.coc.pt\/leiriacityrace2022\/en\/wp-json\/wp\/v2\/pages\/21","targetHints":{"allow":["GET"]}}],"collection":[{"href":"http:\/\/eventos.coc.pt\/leiriacityrace2022\/en\/wp-json\/wp\/v2\/pages"}],"about":[{"href":"http:\/\/eventos.coc.pt\/leiriacityrace2022\/en\/wp-json\/wp\/v2\/types\/page"}],"author":[{"embeddable":true,"href":"http:\/\/eventos.coc.pt\/leiriacityrace2022\/en\/wp-json\/wp\/v2\/users\/1"}],"replies":[{"embeddable":true,"href":"http:\/\/eventos.coc.pt\/leiriacityrace2022\/en\/wp-json\/wp\/v2\/comments?post=21"}],"version-history":[{"count":19,"href":"http:\/\/eventos.coc.pt\/leiriacityrace2022\/en\/wp-json\/wp\/v2\/pages\/21\/revisions"}],"predecessor-version":[{"id":875,"href":"http:\/\/eventos.coc.pt\/leiriacityrace2022\/en\/wp-json\/wp\/v2\/pages\/21\/revisions\/875"}],"wp:attachment":[{"href":"http:\/\/eventos.coc.pt\/leiriacityrace2022\/en\/wp-json\/wp\/v2\/media?parent=21"}],"curies":[{"name":"wp","href":"https:\/\/api.w.org\/{rel}","templated":true}]}}