{"id":11,"date":"2016-09-02T15:31:27","date_gmt":"2016-09-02T15:31:27","guid":{"rendered":"http:\/\/eventos.coc.pt\/piom2018\/?page_id=11"},"modified":"2022-02-09T08:49:58","modified_gmt":"2022-02-09T08:49:58","slug":"informacoes-gerais","status":"publish","type":"page","link":"http:\/\/eventos.coc.pt\/leiriacityrace2022\/informacoes-gerais\/","title":{"rendered":"Informa\u00e7\u00f5es Gerais"},"content":{"rendered":"<p><strong>Pr\u00e9mios<\/strong><\/p>\n<p>Ser\u00e3o atribu\u00eddos pr\u00e9mios:<\/p>\n<ul>\n<li>Aos 3 primeiros de cada escal\u00e3o de competi\u00e7\u00e3o<\/li>\n<li>Aos 3 primeiros dos escal\u00f5es Open Curto, Open M\u00e9dio e Open Longo (Abertos)<\/li>\n<\/ul>\n<p>N\u00e3o ser\u00e3o atribu\u00eddos pr\u00e9mios de classifica\u00e7\u00e3o aos escal\u00f5es de Forma\u00e7\u00e3o, sendo que todos os participantes neste escal\u00e3o ter\u00e3o direito a uma lembran\u00e7a.<\/p>\n<p>N\u00e3o ser\u00e3o atribu\u00eddos pr\u00e9mios de classifica\u00e7\u00e3o aos participantes na actividade de Ori-Fam\u00edlia.<\/p>\n<p>&nbsp;<\/p>\n<p><strong>Regulamento<\/strong><\/p>\n<p>A 4\u00aa edi\u00e7\u00e3o do Leiria City Race, rege-se pelo Regulamento Portugal City Race, que pode ser consultado neste endere\u00e7o:<\/p>\n<p><a href=\"https:\/\/cityracetour.org\/wp-content\/uploads\/2021\/12\/Regulation-CRET22_2.pdf\"><strong>City Race Eurotour 2022<\/strong><\/a><\/p>\n<p>&nbsp;<\/p>\n<p><strong>Limite de tempo<\/strong><\/p>\n<p>A prova ter\u00e1 um tempo m\u00e1ximo de 2 horas (duas horas) para ser conclu\u00edda.<\/p>\n<p><strong>No caso de n\u00e3o terminar a sua prova, os atletas ter\u00e3o que se dirigir \u00e0 linha de chegada para descarregar o seu CART\u00c3O ELECTR\u00d3NICO<\/strong>. Tal procedimento visa evitar que a organiza\u00e7\u00e3o inicie buscas no terreno para localizar participantes que tenham desistido e j\u00e1 estejam na Arena ou tenham regressado \u00e0s suas resid\u00eancias.<\/p>\n<p>&nbsp;<\/p>\n<p><strong>Seguro<\/strong><\/p>\n<p><strong>Atletas federados na Federa\u00e7\u00e3o Portuguesa de Orienta\u00e7\u00e3o (FPO) est\u00e3o cobertos pelo seguro da FPO.<\/strong><\/p>\n<p><strong>Os restantes atletas federados nas restantes federa\u00e7\u00f5es (membros da IOF) est\u00e3o cobertos pelo seguro das respectivas federa\u00e7\u00f5es (Ap\u00f3lices FPO n\u00e3o cobrem estrangeiros n\u00e3o residentes em Portugal).<\/strong><\/p>\n<p><strong>Participantes nacionais n\u00e3o federados, estar\u00e3o cobertos pelo seguro da FPO, ap\u00f3lice de n\u00e3o federados.<\/strong><\/p>\n<p><strong>\u00a0<\/strong><strong>\u00a0<\/strong><\/p>\n<p><strong>Mapas<\/strong><\/p>\n<p>N\u00e3o haver\u00e1 recolha de mapas. Apela-se ao Fair-Play de todos os atletas presentes.<\/p>\n<p>&nbsp;<\/p>\n<p><strong>Sinal\u00e9tica Suplementar<\/strong><\/p>\n<p>Ser\u00e1 disponibilizada sinal\u00e9tica suplementar a definir se no site para impress\u00e3o pelos participantes ou j\u00e1 impressa junto aos mapas<\/p>\n<p>Contudo no mapa estar\u00e1 impressa a sinal\u00e9tica.<\/p>\n<p>&nbsp;<\/p>\n<p><strong>Banhos<\/strong><\/p>\n<p>A disponibiliza\u00e7\u00e3o deste servi\u00e7o est\u00e1 dependente da situa\u00e7\u00e3o pand\u00e9mica que estiver em vigor quando da realiza\u00e7\u00e3o da prova<\/p>\n<p>Na semana anterior \u00e0 prova ser\u00e1 feita a divulga\u00e7\u00e3o da disponibilidade deste servi\u00e7o.<\/p>\n<p>&nbsp;<\/p>\n<p><strong>Peitoral <\/strong><\/p>\n<p>Peitoral n\u00e3o \u00e9 obrigat\u00f3rio.<\/p>\n<p>&nbsp;<\/p>\n<p><strong>Sistema de Controlo Eletr\u00f3nico<\/strong><\/p>\n<p>SPORTident (SI Card) ser\u00e1 o sistema de controlo eletr\u00f3nico utilizado nesta prova, estando tamb\u00e9m activo o modo contactless (SI-ActiveCard \u2013 SIAC).<\/p>\n<p><img loading=\"lazy\" decoding=\"async\" class=\"aligncenter wp-image-846 size-full\" src=\"http:\/\/eventos.coc.pt\/leiriacityrace2022\/wp-content\/uploads\/sites\/25\/2021\/11\/SIAC01.png\" alt=\"\" width=\"300\" height=\"267\" \/><\/p>\n<p>Cada atleta leva, al\u00e9m do mapa, um SI Card de controlo electr\u00f3nico.<\/p>\n<p>Ser\u00e1 atribu\u00eddo um SI Card a cada atleta, excepto nos escal\u00f5es Abertos quando a participa\u00e7\u00e3o \u00e9 em feita em pares ou grupos, sendo atribu\u00eddo apenas 1 s\u00f3 SI Card ao par ou grupo.<\/p>\n<p><img loading=\"lazy\" decoding=\"async\" class=\"alignleft wp-image-847 size-medium\" src=\"http:\/\/eventos.coc.pt\/leiriacityrace2022\/wp-content\/uploads\/sites\/25\/2021\/11\/SIAC02-300x258.jpg\" alt=\"\" width=\"300\" height=\"258\" srcset=\"http:\/\/eventos.coc.pt\/leiriacityrace2022\/wp-content\/uploads\/sites\/25\/2021\/11\/SIAC02-300x258.jpg 300w, http:\/\/eventos.coc.pt\/leiriacityrace2022\/wp-content\/uploads\/sites\/25\/2021\/11\/SIAC02.jpg 412w\" sizes=\"auto, (max-width: 300px) 100vw, 300px\" \/>O\u00a0SI Card \u00e9 um pequeno dispositivo que regista os tempos de passagem nos postos de controlo. Quando inserido na box ir\u00e1 emitir um som, cada atleta dever\u00e1 esperar o tempo necess\u00e1rio para obter a confirma\u00e7\u00e3o (sinal sonoro e\/ou luminoso).<\/p>\n<p>&nbsp;<\/p>\n<p>&nbsp;<\/p>\n<p>No caso de falha do sistema SPORTident o atleta deve utilizar o alicate presente no suporte da \u201cbaliza\u201d prism\u00e1tica de cor laranja e branca e picotar no mapa, nas zonas R1, R2 e R3, registando a passagem no ponto de controlo.<\/p>\n<p><img loading=\"lazy\" decoding=\"async\" class=\"aligncenter wp-image-848 size-full\" src=\"http:\/\/eventos.coc.pt\/leiriacityrace2022\/wp-content\/uploads\/sites\/25\/2021\/11\/SIAC03.png\" alt=\"\" width=\"425\" height=\"133\" srcset=\"http:\/\/eventos.coc.pt\/leiriacityrace2022\/wp-content\/uploads\/sites\/25\/2021\/11\/SIAC03.png 425w, http:\/\/eventos.coc.pt\/leiriacityrace2022\/wp-content\/uploads\/sites\/25\/2021\/11\/SIAC03-300x94.png 300w\" sizes=\"auto, (max-width: 425px) 100vw, 425px\" \/><\/p>\n<p>Os atletas t\u00eam de partir com o SI Card indicado na lista de partidas, sendo da sua responsabilidade as consequ\u00eancias da eventual participa\u00e7\u00e3o com o SI Card que n\u00e3o lhe tenha sido assignado pela organiza\u00e7\u00e3o.<\/p>\n<p><strong>\u00a0<\/strong><\/p>\n<p><strong>Seguran\u00e7a<\/strong><\/p>\n<p>A maioria da prova desenrola-se em \u00e1reas urbana e com exist\u00eancia de tr\u00e1fego autom\u00f3vel, pelo que se recomenda especial cuidado nos atravessamentos das vias p\u00fablicas.<\/p>\n<p>Em caso de acidente durante os percursos use o contacto de emerg\u00eancia do Coordenador de Seguran\u00e7a que est\u00e1 impresso no mapa<\/p>","protected":false},"excerpt":{"rendered":"<p>Pr\u00e9mios Ser\u00e3o atribu\u00eddos pr\u00e9mios: Aos 3 primeiros de cada escal\u00e3o de competi\u00e7\u00e3o Aos 3 primeiros dos escal\u00f5es Open Curto, Open M\u00e9dio e Open Longo (Abertos) N\u00e3o ser\u00e3o atribu\u00eddos pr\u00e9mios de classifica\u00e7\u00e3o aos escal\u00f5es de Forma\u00e7\u00e3o, sendo que todos os participantes neste escal\u00e3o ter\u00e3o direito a uma lembran\u00e7a. N\u00e3o ser\u00e3o atribu\u00eddos pr\u00e9mios de classifica\u00e7\u00e3o aos participantes &hellip; <a href=\"http:\/\/eventos.coc.pt\/leiriacityrace2022\/informacoes-gerais\/\" class=\"more-link\">Continuar a ler <span class=\"screen-reader-text\">Informa\u00e7\u00f5es Gerais<\/span><\/a><\/p>\n","protected":false},"author":1,"featured_media":0,"parent":0,"menu_order":13,"comment_status":"closed","ping_status":"closed","template":"","meta":{"footnotes":""},"class_list":["post-11","page","type-page","status-publish","hentry"],"_links":{"self":[{"href":"http:\/\/eventos.coc.pt\/leiriacityrace2022\/wp-json\/wp\/v2\/pages\/11","targetHints":{"allow":["GET"]}}],"collection":[{"href":"http:\/\/eventos.coc.pt\/leiriacityrace2022\/wp-json\/wp\/v2\/pages"}],"about":[{"href":"http:\/\/eventos.coc.pt\/leiriacityrace2022\/wp-json\/wp\/v2\/types\/page"}],"author":[{"embeddable":true,"href":"http:\/\/eventos.coc.pt\/leiriacityrace2022\/wp-json\/wp\/v2\/users\/1"}],"replies":[{"embeddable":true,"href":"http:\/\/eventos.coc.pt\/leiriacityrace2022\/wp-json\/wp\/v2\/comments?post=11"}],"version-history":[{"count":52,"href":"http:\/\/eventos.coc.pt\/leiriacityrace2022\/wp-json\/wp\/v2\/pages\/11\/revisions"}],"predecessor-version":[{"id":883,"href":"http:\/\/eventos.coc.pt\/leiriacityrace2022\/wp-json\/wp\/v2\/pages\/11\/revisions\/883"}],"wp:attachment":[{"href":"http:\/\/eventos.coc.pt\/leiriacityrace2022\/wp-json\/wp\/v2\/media?parent=11"}],"curies":[{"name":"wp","href":"https:\/\/api.w.org\/{rel}","templated":true}]}}