{"id":13,"date":"2016-09-02T15:31:49","date_gmt":"2016-09-02T15:31:49","guid":{"rendered":"http:\/\/eventos.coc.pt\/piom2018\/?page_id=13"},"modified":"2022-02-16T13:44:16","modified_gmt":"2022-02-16T13:44:16","slug":"informacoes-tecnicas","status":"publish","type":"page","link":"http:\/\/eventos.coc.pt\/leiriacityrace2022\/informacoes-tecnicas\/","title":{"rendered":"Informa\u00e7\u00f5es T\u00e9cnicas"},"content":{"rendered":"<p><strong>Director de Prova<\/strong>\u00a0\u2013 Jos\u00e9 Bolr\u00e3o<\/p>\n<p><strong>Tra\u00e7ador de Percursos<\/strong>\u00a0\u2013 Duarte Santo e Carlos Monteiro<\/p>\n<p><strong>Cart\u00f3grafo<\/strong> \u2013 Rui Antunes (Maio a Setembro de 2021)<\/p>\n<p><img loading=\"lazy\" decoding=\"async\" class=\"aligncenter wp-image-884 size-full\" src=\"http:\/\/eventos.coc.pt\/leiriacityrace2022\/wp-content\/uploads\/sites\/25\/2022\/02\/InfoTec_01.png\" alt=\"\" width=\"677\" height=\"462\" srcset=\"http:\/\/eventos.coc.pt\/leiriacityrace2022\/wp-content\/uploads\/sites\/25\/2022\/02\/InfoTec_01.png 677w, http:\/\/eventos.coc.pt\/leiriacityrace2022\/wp-content\/uploads\/sites\/25\/2022\/02\/InfoTec_01-300x205.png 300w\" sizes=\"auto, (max-width: 677px) 100vw, 677px\" \/><\/p>\n<p><img loading=\"lazy\" decoding=\"async\" class=\"wp-image-886 size-medium aligncenter\" src=\"http:\/\/eventos.coc.pt\/leiriacityrace2022\/wp-content\/uploads\/sites\/25\/2022\/02\/Excerto-mapa-3-300x237.jpg\" alt=\"\" width=\"300\" height=\"237\" srcset=\"http:\/\/eventos.coc.pt\/leiriacityrace2022\/wp-content\/uploads\/sites\/25\/2022\/02\/Excerto-mapa-3-300x237.jpg 300w, http:\/\/eventos.coc.pt\/leiriacityrace2022\/wp-content\/uploads\/sites\/25\/2022\/02\/Excerto-mapa-3-1024x810.jpg 1024w, http:\/\/eventos.coc.pt\/leiriacityrace2022\/wp-content\/uploads\/sites\/25\/2022\/02\/Excerto-mapa-3-768x607.jpg 768w, http:\/\/eventos.coc.pt\/leiriacityrace2022\/wp-content\/uploads\/sites\/25\/2022\/02\/Excerto-mapa-3.jpg 1095w\" sizes=\"auto, (max-width: 300px) 100vw, 300px\" \/><\/p>\n<p><img loading=\"lazy\" decoding=\"async\" class=\"wp-image-887 size-medium aligncenter\" src=\"http:\/\/eventos.coc.pt\/leiriacityrace2022\/wp-content\/uploads\/sites\/25\/2022\/02\/Excerto-mapa-4-300x237.jpg\" alt=\"\" width=\"300\" height=\"237\" srcset=\"http:\/\/eventos.coc.pt\/leiriacityrace2022\/wp-content\/uploads\/sites\/25\/2022\/02\/Excerto-mapa-4-300x237.jpg 300w, http:\/\/eventos.coc.pt\/leiriacityrace2022\/wp-content\/uploads\/sites\/25\/2022\/02\/Excerto-mapa-4-1024x810.jpg 1024w, http:\/\/eventos.coc.pt\/leiriacityrace2022\/wp-content\/uploads\/sites\/25\/2022\/02\/Excerto-mapa-4-768x607.jpg 768w, http:\/\/eventos.coc.pt\/leiriacityrace2022\/wp-content\/uploads\/sites\/25\/2022\/02\/Excerto-mapa-4.jpg 1095w\" sizes=\"auto, (max-width: 300px) 100vw, 300px\" \/><\/p>\n<p><img loading=\"lazy\" decoding=\"async\" class=\"aligncenter wp-image-888 size-medium\" src=\"http:\/\/eventos.coc.pt\/leiriacityrace2022\/wp-content\/uploads\/sites\/25\/2022\/02\/Excerto-mapa-2-300x237.jpg\" alt=\"\" width=\"300\" height=\"237\" srcset=\"http:\/\/eventos.coc.pt\/leiriacityrace2022\/wp-content\/uploads\/sites\/25\/2022\/02\/Excerto-mapa-2-300x237.jpg 300w, http:\/\/eventos.coc.pt\/leiriacityrace2022\/wp-content\/uploads\/sites\/25\/2022\/02\/Excerto-mapa-2-1024x810.jpg 1024w, http:\/\/eventos.coc.pt\/leiriacityrace2022\/wp-content\/uploads\/sites\/25\/2022\/02\/Excerto-mapa-2-768x607.jpg 768w, http:\/\/eventos.coc.pt\/leiriacityrace2022\/wp-content\/uploads\/sites\/25\/2022\/02\/Excerto-mapa-2.jpg 1095w\" sizes=\"auto, (max-width: 300px) 100vw, 300px\" \/><\/p>\n<p>&nbsp;<\/p>","protected":false},"excerpt":{"rendered":"<p>Director de Prova\u00a0\u2013 Jos\u00e9 Bolr\u00e3o Tra\u00e7ador de Percursos\u00a0\u2013 Duarte Santo e Carlos Monteiro Cart\u00f3grafo \u2013 Rui Antunes (Maio a Setembro de 2021) &nbsp;<\/p>\n","protected":false},"author":1,"featured_media":0,"parent":0,"menu_order":12,"comment_status":"closed","ping_status":"closed","template":"","meta":{"footnotes":""},"class_list":["post-13","page","type-page","status-publish","hentry"],"_links":{"self":[{"href":"http:\/\/eventos.coc.pt\/leiriacityrace2022\/wp-json\/wp\/v2\/pages\/13","targetHints":{"allow":["GET"]}}],"collection":[{"href":"http:\/\/eventos.coc.pt\/leiriacityrace2022\/wp-json\/wp\/v2\/pages"}],"about":[{"href":"http:\/\/eventos.coc.pt\/leiriacityrace2022\/wp-json\/wp\/v2\/types\/page"}],"author":[{"embeddable":true,"href":"http:\/\/eventos.coc.pt\/leiriacityrace2022\/wp-json\/wp\/v2\/users\/1"}],"replies":[{"embeddable":true,"href":"http:\/\/eventos.coc.pt\/leiriacityrace2022\/wp-json\/wp\/v2\/comments?post=13"}],"version-history":[{"count":44,"href":"http:\/\/eventos.coc.pt\/leiriacityrace2022\/wp-json\/wp\/v2\/pages\/13\/revisions"}],"predecessor-version":[{"id":889,"href":"http:\/\/eventos.coc.pt\/leiriacityrace2022\/wp-json\/wp\/v2\/pages\/13\/revisions\/889"}],"wp:attachment":[{"href":"http:\/\/eventos.coc.pt\/leiriacityrace2022\/wp-json\/wp\/v2\/media?parent=13"}],"curies":[{"name":"wp","href":"https:\/\/api.w.org\/{rel}","templated":true}]}}