{"id":17,"date":"2016-09-02T15:32:21","date_gmt":"2016-09-02T15:32:21","guid":{"rendered":"http:\/\/eventos.coc.pt\/piom2018\/?page_id=17"},"modified":"2022-03-10T10:00:59","modified_gmt":"2022-03-10T10:00:59","slug":"inscricoes","status":"publish","type":"page","link":"http:\/\/eventos.coc.pt\/leiriacityrace2022\/inscricoes\/","title":{"rendered":"Inscri\u00e7\u00f5es"},"content":{"rendered":"<p><strong>Prazos de Inscri\u00e7\u00e3o<\/strong><\/p>\n<p><strong>\u00a0<\/strong><strong>Escal\u00f5es de Competi\u00e7\u00e3o<\/strong> \u2013 At\u00e9 20 de Mar\u00e7o de 2022 \u00e0s 23h59<\/p>\n<p><strong>Escal\u00f5es Forma\u00e7\u00e3o, Abertos e Ori Fam\u00edlia<\/strong>\u00a0\u2013 22 de Mar\u00e7o 2022 \u00e0s 23h59.<\/p>\n<p>Ap\u00f3s esta data, as inscri\u00e7\u00f5es nos escal\u00f5es Forma\u00e7\u00e3o, Abertos e Ori-Fam\u00edlia, ficam sujeitas \u00e0 disponibilidade de mapas, pelo que se aconselha a que o fa\u00e7am preferencialmente at\u00e9 22 Mar\u00e7o<\/p>\n<p>Os participantes inscritos nos escal\u00f5es Forma\u00e7\u00e3o e Abertos ap\u00f3s o dia 22 e at\u00e9 ao dia 26 poder\u00e3o n\u00e3o constar na lista de Partidas que ser\u00e1 divulgada no site da prova ap\u00f3s o dia 23 (quarta-feira).<\/p>\n<p><strong>Como se inscrever<\/strong><\/p>\n<p>Os atletas devem efectuar as suas inscri\u00e7\u00f5es atrav\u00e9s da plataforma\u00a0<a href=\"https:\/\/www.orioasis.pt\/oasis\/entries.php?action=club_class&amp;eventid=2524\">OriOasis<\/a>\u00a0ou atrav\u00e9s de mail para\u00a0<a href=\"mailto:info@coc.pt\"><strong>info@coc.pt<\/strong><\/a> (atletas n\u00e3o federados na FPO)<\/p>\n<p>Em caso de d\u00favidas ou problemas por favor contacte a organiza\u00e7\u00e3o atrav\u00e9s do seguinte e-mail:\u00a0<a href=\"mailto:info@coc.pt\"><strong>info@coc.pt<\/strong><\/a><\/p>\n<p><strong>Dados obrigat\u00f3rios para inscri\u00e7\u00e3o (individual ou em grupo)<\/strong><\/p>\n<p>\u2013 Nome completo dos participantes;<\/p>\n<p>\u2013 Data de nascimento;<\/p>\n<p>\u2013 Nome do Clube ou Individual se n\u00e3o tiver clube;<\/p>\n<p>\u2013 Pa\u00eds;<\/p>\n<p>\u2013 Escal\u00e3o em que cada pessoa deseja participar;<\/p>\n<p>\u2013 N\u00ba de filiado na FPO (caso n\u00e3o seja filiado na FPO, NIF, o n\u00ba de Bilhete de Identidade ou de cart\u00e3o de cidad\u00e3o);<\/p>\n<p>\u2013 N\u00ba do SI Card. Na aus\u00eancia deste, ser-lhe-\u00e1 alugado um; A perda ou n\u00e3o devolu\u00e7\u00e3o do SI Card cedido ou alugado, implica o pagamento de 30\u20ac a 66,00\u20ac, dependente do modelo;<\/p>\n<p>-N\u00ba de telem\u00f3vel;<\/p>\n<p><strong>\u00a0<\/strong><\/p>\n<p><strong>Nota:<\/strong>\u00a0Nos escal\u00f5es abertos os participantes podem efectuar a prova a s\u00f3s ou em grupo. No entanto, mesmo quando a participar em grupo, cada pessoa paga a sua inscri\u00e7\u00e3o, uma vez que est\u00e1 coberto pela ap\u00f3lice de seguro de n\u00e3o federado, tem direito ao seu mapa e \u00e0 sua classifica\u00e7\u00e3o.<\/p>\n<p><strong>Taxas de Inscri\u00e7\u00e3o:<\/strong><\/p>\n<p>Competi\u00e7\u00e3o | Abertos (&gt; 20 anos) \u2013 5,00\u20ac<\/p>\n<p>Competi\u00e7\u00e3o | Forma\u00e7\u00e3o | Abertos (&lt; = 20 anos) \u2013 3,00\u20ac<\/p>\n<p>Escolas \u2013 1,50\u20ac<\/p>\n<p>Actividade Ori Fam\u00edlia \u2013 4,00\u20ac (por fam\u00edlia at\u00e9 3 membros) acresce \u00a01,5\u20ac por cada membro mais.<\/p>\n<p><strong>Aluguer de SI Card<\/strong><\/p>\n<p>Escal\u00f5es de Competi\u00e7\u00e3o, Forma\u00e7\u00e3o e Abertos &#8211; 1,50\u20ac<\/p>\n<p>Actividade Ori Fam\u00edlia \u2013 1,00\u20ac<\/p>\n<p>Caso pretenda utilizar um SIAC (sistema de marca\u00e7\u00e3o por proximidade), o aluguer ser\u00e1 de 3\u20ac em todos os escal\u00f5es<\/p>\n<p><strong>Como pagar:<\/strong><\/p>\n<p><strong>O pagamento das inscri\u00e7\u00f5es deve (tem) que ser efectuado at\u00e9 \u00e0s 14h59 do dia 24 de Mar\u00e7o quinta-feira, devendo os atletas enviar por mail (<\/strong><a href=\"mailto:info@coc.pt\"><strong>info@coc.pt<\/strong><\/a><strong>) para a organiza\u00e7\u00e3o o respectivo comprovativo de pagamento. <\/strong><\/p>\n<p>O pagamento das inscri\u00e7\u00f5es pode ser efectuado por transfer\u00eancia banc\u00e1ria, cart\u00e3o de cr\u00e9dito, refer\u00eancia MB, paypal ou MB WAY, seleccionando uma destas op\u00e7\u00f5es quando da inscri\u00e7\u00e3o na plataforma das inscri\u00e7\u00f5es OriOasis.<\/p>\n<p>De todo deve evitar-se o pagamento no Secretariado no dia do evento.<\/p>\n<p><strong>Dados para pagamento:<\/strong><\/p>\n<p><strong>Banco<\/strong>: Caixa Geral de Dep\u00f3sitos<\/p>\n<p><strong>Ag\u00eancia<\/strong>: Leiria \u2013 Marqu\u00eas de Pombal<br \/>\n<strong>IBAN:<\/strong>\u00a0PT50 0035 0394 00004000030 10<\/p>\n<p><strong>SWIFT CODE BIC<\/strong>: CGDIPTPL<\/p>\n<p><strong>Nome do Destinat\u00e1rio:<\/strong><br \/>\nCOC \u2013 Clube de Orienta\u00e7\u00e3o do Centro<\/p>\n<p><strong>Processo de pagamento:<\/strong><\/p>\n<p><strong>Para\u00a0Inscri\u00e7\u00f5es Express do\u00a0<\/strong><a href=\"https:\/\/www.orioasis.pt\/oasis\/entries.php?action=club_class&amp;eventid=2524\"><strong>OriOasis<\/strong><\/a><strong>, por favor coloque o Express Code no descritivo do pagamento.<\/strong><\/p>\n<p>Para<strong>\u00a0pagamentos totais de clubes<\/strong>, indique sempre o nome clube no descritivo.<br \/>\nPara\u00a0<strong>pagamentos parciais de clubes<\/strong>, indique nos coment\u00e1rios o clube e a lista de atletas a que se refere o pagamento, ou envie um email (<strong>info@coc.pt<\/strong>)\u00a0\u00e0 organiza\u00e7\u00e3o com a lista de atletas e o comprovativo da transfer\u00eancia.<\/p>\n<p><strong><br \/>\nNotas<\/strong>: Para todas as inscri\u00e7\u00f5es pagas por transfer\u00eancia banc\u00e1ria, \u00e9 necess\u00e1rio enviar comprovativo da opera\u00e7\u00e3o para o email:<strong>\u00a0<\/strong><a href=\"mailto:info@coc.pt\"><strong>info@coc.pt<\/strong><\/a><\/p>\n<p>Todas as despesas inerentes \u00e0s transfer\u00eancias banc\u00e1rias devem ser suportadas pelo ordenante.\u00a0Se alguma despesa referente \u00e0s transfer\u00eancias banc\u00e1rias for indevidamente cobrada \u00e0 Organiza\u00e7\u00e3o, as mesmas ser\u00e3o pagas posteriormente pelos clubes ou atletas.<\/p>","protected":false},"excerpt":{"rendered":"<p>Prazos de Inscri\u00e7\u00e3o \u00a0Escal\u00f5es de Competi\u00e7\u00e3o \u2013 At\u00e9 20 de Mar\u00e7o de 2022 \u00e0s 23h59 Escal\u00f5es Forma\u00e7\u00e3o, Abertos e Ori Fam\u00edlia\u00a0\u2013 22 de Mar\u00e7o 2022 \u00e0s 23h59. Ap\u00f3s esta data, as inscri\u00e7\u00f5es nos escal\u00f5es Forma\u00e7\u00e3o, Abertos e Ori-Fam\u00edlia, ficam sujeitas \u00e0 disponibilidade de mapas, pelo que se aconselha a que o fa\u00e7am preferencialmente at\u00e9 22 &hellip; <a href=\"http:\/\/eventos.coc.pt\/leiriacityrace2022\/inscricoes\/\" class=\"more-link\">Continuar a ler <span class=\"screen-reader-text\">Inscri\u00e7\u00f5es<\/span><\/a><\/p>\n","protected":false},"author":1,"featured_media":0,"parent":0,"menu_order":10,"comment_status":"closed","ping_status":"closed","template":"","meta":{"footnotes":""},"class_list":["post-17","page","type-page","status-publish","hentry"],"_links":{"self":[{"href":"http:\/\/eventos.coc.pt\/leiriacityrace2022\/wp-json\/wp\/v2\/pages\/17","targetHints":{"allow":["GET"]}}],"collection":[{"href":"http:\/\/eventos.coc.pt\/leiriacityrace2022\/wp-json\/wp\/v2\/pages"}],"about":[{"href":"http:\/\/eventos.coc.pt\/leiriacityrace2022\/wp-json\/wp\/v2\/types\/page"}],"author":[{"embeddable":true,"href":"http:\/\/eventos.coc.pt\/leiriacityrace2022\/wp-json\/wp\/v2\/users\/1"}],"replies":[{"embeddable":true,"href":"http:\/\/eventos.coc.pt\/leiriacityrace2022\/wp-json\/wp\/v2\/comments?post=17"}],"version-history":[{"count":39,"href":"http:\/\/eventos.coc.pt\/leiriacityrace2022\/wp-json\/wp\/v2\/pages\/17\/revisions"}],"predecessor-version":[{"id":891,"href":"http:\/\/eventos.coc.pt\/leiriacityrace2022\/wp-json\/wp\/v2\/pages\/17\/revisions\/891"}],"wp:attachment":[{"href":"http:\/\/eventos.coc.pt\/leiriacityrace2022\/wp-json\/wp\/v2\/media?parent=17"}],"curies":[{"name":"wp","href":"https:\/\/api.w.org\/{rel}","templated":true}]}}