{"id":19,"date":"2016-09-02T15:32:36","date_gmt":"2016-09-02T15:32:36","guid":{"rendered":"http:\/\/eventos.coc.pt\/piom2018\/?page_id=19"},"modified":"2022-01-19T13:58:12","modified_gmt":"2022-01-19T13:58:12","slug":"localizacao","status":"publish","type":"page","link":"http:\/\/eventos.coc.pt\/leiriacityrace2022\/localizacao\/","title":{"rendered":"Localiza\u00e7\u00e3o"},"content":{"rendered":"<p><strong>Arena<\/strong><\/p>\n<p>A arena da prova ser\u00e1 no Parque das Almuinhas, onde ter\u00e3o lugar as chegadas.<\/p>\n<p>O Parque das Almuinhas situa-se entre a Avenida 22 de Maio e o Rio Liz, a cerca de 400 mts a nordeste do Est\u00e1dio Municipal de Leiria.<\/p>\n<p>Coordenadas GPS:\u00a0 39.752013, -8.813562<\/p>\n<p><strong>Partidas<\/strong><\/p>\n<p>As Partidas ser\u00e3o nas imedia\u00e7\u00f5es da Arena estando o seu trajecto sinalizado com fitas amarelas desde a Arena.<\/p>\n<p>Escal\u00f5es de Competi\u00e7\u00e3o com partidas convencionais (partidas em linha), com tempos de partida atribu\u00eddos e divulgados na lista de partidas.<\/p>\n<p>Escal\u00f5es de Forma\u00e7\u00e3o e Abertos com partidas convencionais (partidas em linha), com tempos de partida atribu\u00eddos para a distribui\u00e7\u00e3o dos participantes pela janela de tempos de Partida (das 10h10 at\u00e9 11h00) para evitar a aglomera\u00e7\u00e3o, mas com recurso \u00e0 esta\u00e7\u00e3o Start.<\/p>\n<p>A actividade Ori-Fam\u00edlia com partida livre, na janela de tempo divulgada no Programa (das 10h10 at\u00e9 11h00).<\/p>\n<p><strong>Secretariado <\/strong><\/p>\n<p>O Secretariado da prova vai estar a funcionar na arena.<\/p>\n<p><strong>Estacionamento<\/strong><\/p>\n<p>Poder\u00e3o ser utilizados os v\u00e1rios parques de estacionamento urbanos de Leiria.<\/p>\n<p>Recomenda\u00e7\u00e3o:<\/p>\n<p>Parking em frente ao Est\u00e1dio Municipal e nas imedia\u00e7\u00f5es da Piscina Municipal<\/p>\n<p>Coordenadas GPS:\u00a039.749629, -8.810644 (Est\u00e1dio) ||| 39.750421, -8.809977 (Piscinas)<\/p>\n<p><strong>Banhos<\/strong><\/p>\n<p>Est\u00e1dio Municipal Porta 2 entre as 11h00 e as 13h00<\/p>\n<p>Coordenadas GPS:\u00a039.748993, -8.811170<\/p>\n<p>Ou no Centro Nacional de Lan\u00e7amentos<\/p>\n<p>Coordenadas GPS: 39.752465, -8.814517<\/p>\n<p>Oportunamente e alguns dias antes da prova\u00a0 ficar\u00e1 decidido em qual dos locais ser\u00e3o disponibilizados servi\u00e7o de banho, servi\u00e7o cuja disponibilidade estar\u00e1 dependente da evolu\u00e7\u00e3o da situa\u00e7\u00e3o pand\u00e9mica.<\/p>","protected":false},"excerpt":{"rendered":"<p>Arena A arena da prova ser\u00e1 no Parque das Almuinhas, onde ter\u00e3o lugar as chegadas. O Parque das Almuinhas situa-se entre a Avenida 22 de Maio e o Rio Liz, a cerca de 400 mts a nordeste do Est\u00e1dio Municipal de Leiria. Coordenadas GPS:\u00a0 39.752013, -8.813562 Partidas As Partidas ser\u00e3o nas imedia\u00e7\u00f5es da Arena estando &hellip; <a href=\"http:\/\/eventos.coc.pt\/leiriacityrace2022\/localizacao\/\" class=\"more-link\">Continuar a ler <span class=\"screen-reader-text\">Localiza\u00e7\u00e3o<\/span><\/a><\/p>\n","protected":false},"author":1,"featured_media":0,"parent":0,"menu_order":9,"comment_status":"closed","ping_status":"closed","template":"","meta":{"footnotes":""},"class_list":["post-19","page","type-page","status-publish","hentry"],"_links":{"self":[{"href":"http:\/\/eventos.coc.pt\/leiriacityrace2022\/wp-json\/wp\/v2\/pages\/19","targetHints":{"allow":["GET"]}}],"collection":[{"href":"http:\/\/eventos.coc.pt\/leiriacityrace2022\/wp-json\/wp\/v2\/pages"}],"about":[{"href":"http:\/\/eventos.coc.pt\/leiriacityrace2022\/wp-json\/wp\/v2\/types\/page"}],"author":[{"embeddable":true,"href":"http:\/\/eventos.coc.pt\/leiriacityrace2022\/wp-json\/wp\/v2\/users\/1"}],"replies":[{"embeddable":true,"href":"http:\/\/eventos.coc.pt\/leiriacityrace2022\/wp-json\/wp\/v2\/comments?post=19"}],"version-history":[{"count":41,"href":"http:\/\/eventos.coc.pt\/leiriacityrace2022\/wp-json\/wp\/v2\/pages\/19\/revisions"}],"predecessor-version":[{"id":873,"href":"http:\/\/eventos.coc.pt\/leiriacityrace2022\/wp-json\/wp\/v2\/pages\/19\/revisions\/873"}],"wp:attachment":[{"href":"http:\/\/eventos.coc.pt\/leiriacityrace2022\/wp-json\/wp\/v2\/media?parent=19"}],"curies":[{"name":"wp","href":"https:\/\/api.w.org\/{rel}","templated":true}]}}