{"id":379,"date":"2020-01-13T22:29:28","date_gmt":"2020-01-13T22:29:28","guid":{"rendered":"http:\/\/eventos.coc.pt\/gpra4testerogaine\/?page_id=379"},"modified":"2022-03-15T19:56:59","modified_gmt":"2022-03-15T19:56:59","slug":"apresentacao","status":"publish","type":"page","link":"http:\/\/eventos.coc.pt\/leiriacityrace2022\/apresentacao\/","title":{"rendered":"Apresenta\u00e7\u00e3o"},"content":{"rendered":"<p>Acompanha toda a informa\u00e7\u00e3o sobre este evento nas p\u00e1ginas:<\/p>\n<p><a href=\"https:\/\/www.facebook.com\/Leiriacityrace\"><img loading=\"lazy\" decoding=\"async\" class=\"alignleft wp-image-897\" src=\"http:\/\/eventos.coc.pt\/leiriacityrace2022\/wp-content\/uploads\/sites\/25\/2022\/03\/Facebook-150x150.jpg\" alt=\"\" width=\"40\" height=\"42\" \/><\/a><\/p>\n<p><a href=\"https:\/\/www.instagram.com\/clube_orientacao_centro\/\"><img loading=\"lazy\" decoding=\"async\" class=\"alignleft wp-image-896\" src=\"http:\/\/eventos.coc.pt\/leiriacityrace2022\/wp-content\/uploads\/sites\/25\/2022\/03\/instagram-logo-150x150.png\" alt=\"\" width=\"36\" height=\"36\" \/><\/a><\/p>\n<p>&nbsp;<\/p>\n<p>&nbsp;<\/p>\n<p><strong>COVID 19<\/strong><\/p>\n<p>Em virtude da <strong>PANDEMIA COVID-19<\/strong> que assola o mundo inteiro e, por conseguinte, o nosso pa\u00eds e a nossa regi\u00e3o, torna-se necess\u00e1rio adaptar procedimentos relacionados com a organiza\u00e7\u00e3o da pr\u00f3pria prova, pelo que se recomenda a leitura cuidada das Informa\u00e7\u00f5es Gerais da prova e do documento <strong>\u201cGUIA DE BOAS NORMAS \u2013 PANDEMIA COVID 19\u201d <\/strong>dispon\u00edvel no link abaixo<\/p>\n<p><a href=\"https:\/\/fpo.pt\/ficheiros\/Manual%20Especifico%20de%20competio.pdf\"><strong>https:\/\/fpo.pt\/ficheiros\/Manual%20Especifico%20de%20competio.pdf<\/strong><\/a><\/p>\n<p>At\u00e9 \u00e0 \u00faltima quinta-feira que antecede a prova (72 horas antes do evento) neste mesmo site ser\u00e1 divulgado o documento <strong>\u201cAVALIA\u00c7\u00c3O DE RISCO DA COMPETI\u00c7\u00c3O\u201d<\/strong> com base nas normas definidas pela DGS e em vigor na data da sua publica\u00e7\u00e3o, sendo um documento de leitura obrigat\u00f3ria por todos os participantes.<\/p>\n<p><strong>EVENTO APRESENTA\u00c7\u00c3O<\/strong><\/p>\n<p>O COC \u2013 Clube de Orienta\u00e7\u00e3o do Centro vai organizar em 27 de Mar\u00e7o 2022 a 4\u00aa Edi\u00e7\u00e3o do Leiria City Race prova de Orienta\u00e7\u00e3o urbana em dist\u00e2ncia longa,\u00a0disputada numa \u00fanica etapa, pontu\u00e1vel para os circuitos Euro City Race e Portugal City Race.<\/p>\n<p>A participa\u00e7\u00e3o \u00e9 aberta a atletas federados e n\u00e3o federados, tanto nos escal\u00f5es de Competi\u00e7\u00e3o correspondentes \u00e0 sua idade \u00e0 data de 31 de Dezembro de 2022, como nos escal\u00f5es Abertos.<\/p>\n<p><strong>A participa\u00e7\u00e3o nos escal\u00f5es de Competi\u00e7\u00e3o \u00e9 feita individualmente, enquanto a participa\u00e7\u00e3o nos escal\u00f5es Abertos poder\u00e1 ser feita individualmente, em pares ou grupos. <\/strong><\/p>\n<p><strong><u>Mapa:<\/u><\/strong><\/p>\n<p>Zona urbana de Leiria cartografado em ISSprOM 2019 entre os meses de Maio a Julho 2021, pelo cart\u00f3grafo Rui Antunes. Parte da \u00e1rea j\u00e1 se encontrava cartografada, enquanto outras zonas nunca haviam sido cartografadas.<\/p>\n<p>Sombreado a laranja as novas \u00e1reas cartografadas, enquanto a amarelo a \u00e1rea que se encontrava cartografada e onde j\u00e1 haviam realizado anteriores edi\u00e7\u00f5es do Leiria City Race.<\/p>\n<p><img loading=\"lazy\" decoding=\"async\" class=\"aligncenter wp-image-842 size-full\" src=\"http:\/\/eventos.coc.pt\/leiriacityrace2022\/wp-content\/uploads\/sites\/25\/2021\/11\/mapa01.jpg\" alt=\"\" width=\"941\" height=\"705\" srcset=\"http:\/\/eventos.coc.pt\/leiriacityrace2022\/wp-content\/uploads\/sites\/25\/2021\/11\/mapa01.jpg 941w, http:\/\/eventos.coc.pt\/leiriacityrace2022\/wp-content\/uploads\/sites\/25\/2021\/11\/mapa01-300x225.jpg 300w, http:\/\/eventos.coc.pt\/leiriacityrace2022\/wp-content\/uploads\/sites\/25\/2021\/11\/mapa01-768x575.jpg 768w\" sizes=\"auto, (max-width: 941px) 100vw, 941px\" \/><\/p>\n<p>Mapa utilizado em eventos anteriores<\/p>\n<p><strong><img loading=\"lazy\" decoding=\"async\" class=\"aligncenter wp-image-843 size-full\" src=\"http:\/\/eventos.coc.pt\/leiriacityrace2022\/wp-content\/uploads\/sites\/25\/2021\/11\/mapa02.jpg\" alt=\"\" width=\"763\" height=\"857\" srcset=\"http:\/\/eventos.coc.pt\/leiriacityrace2022\/wp-content\/uploads\/sites\/25\/2021\/11\/mapa02.jpg 763w, http:\/\/eventos.coc.pt\/leiriacityrace2022\/wp-content\/uploads\/sites\/25\/2021\/11\/mapa02-267x300.jpg 267w\" sizes=\"auto, (max-width: 763px) 100vw, 763px\" \/><\/strong><\/p>\n<p>&nbsp;<\/p>\n<p><strong>VISITE LEIRIA<\/strong><\/p>\n<p><iframe loading=\"lazy\" title=\"Leiria - V\u00eddeo Institucional\" width=\"660\" height=\"371\" src=\"https:\/\/www.youtube.com\/embed\/radWPj01rcg?feature=oembed\" frameborder=\"0\" allow=\"accelerometer; autoplay; clipboard-write; encrypted-media; gyroscope; picture-in-picture; web-share\" referrerpolicy=\"strict-origin-when-cross-origin\" allowfullscreen><\/iframe><\/p>\n<p><a href=\"https:\/\/www.visiteleiria.pt\/\">https:\/\/www.visiteleiria.pt\/<\/a><\/p>\n<p>&nbsp;<\/p>\n<p>&nbsp;<\/p>","protected":false},"excerpt":{"rendered":"<p>Acompanha toda a informa\u00e7\u00e3o sobre este evento nas p\u00e1ginas: &nbsp; &nbsp; COVID 19 Em virtude da PANDEMIA COVID-19 que assola o mundo inteiro e, por conseguinte, o nosso pa\u00eds e a nossa regi\u00e3o, torna-se necess\u00e1rio adaptar procedimentos relacionados com a organiza\u00e7\u00e3o da pr\u00f3pria prova, pelo que se recomenda a leitura cuidada das Informa\u00e7\u00f5es Gerais da &hellip; <a href=\"http:\/\/eventos.coc.pt\/leiriacityrace2022\/apresentacao\/\" class=\"more-link\">Continuar a ler <span class=\"screen-reader-text\">Apresenta\u00e7\u00e3o<\/span><\/a><\/p>\n","protected":false},"author":1,"featured_media":0,"parent":0,"menu_order":0,"comment_status":"closed","ping_status":"closed","template":"","meta":{"footnotes":""},"class_list":["post-379","page","type-page","status-publish","hentry"],"_links":{"self":[{"href":"http:\/\/eventos.coc.pt\/leiriacityrace2022\/wp-json\/wp\/v2\/pages\/379","targetHints":{"allow":["GET"]}}],"collection":[{"href":"http:\/\/eventos.coc.pt\/leiriacityrace2022\/wp-json\/wp\/v2\/pages"}],"about":[{"href":"http:\/\/eventos.coc.pt\/leiriacityrace2022\/wp-json\/wp\/v2\/types\/page"}],"author":[{"embeddable":true,"href":"http:\/\/eventos.coc.pt\/leiriacityrace2022\/wp-json\/wp\/v2\/users\/1"}],"replies":[{"embeddable":true,"href":"http:\/\/eventos.coc.pt\/leiriacityrace2022\/wp-json\/wp\/v2\/comments?post=379"}],"version-history":[{"count":41,"href":"http:\/\/eventos.coc.pt\/leiriacityrace2022\/wp-json\/wp\/v2\/pages\/379\/revisions"}],"predecessor-version":[{"id":902,"href":"http:\/\/eventos.coc.pt\/leiriacityrace2022\/wp-json\/wp\/v2\/pages\/379\/revisions\/902"}],"wp:attachment":[{"href":"http:\/\/eventos.coc.pt\/leiriacityrace2022\/wp-json\/wp\/v2\/media?parent=379"}],"curies":[{"name":"wp","href":"https:\/\/api.w.org\/{rel}","templated":true}]}}