{"id":4,"date":"2016-08-29T23:31:01","date_gmt":"2016-08-29T23:31:01","guid":{"rendered":"http:\/\/eventos.coc.pt\/piom2018\/?page_id=4"},"modified":"2022-01-19T13:43:59","modified_gmt":"2022-01-19T13:43:59","slug":"programa","status":"publish","type":"page","link":"http:\/\/eventos.coc.pt\/leiriacityrace2022\/programa\/","title":{"rendered":"Programa"},"content":{"rendered":"<p><strong>Domingo 20 de Mar\u00e7o de 2022 \u00e0s 23h59<\/strong><\/p>\n<p>Data-Limite para inscri\u00e7\u00e3o em escal\u00f5es de Competi\u00e7\u00e3o.<\/p>\n<p>&nbsp;<\/p>\n<p><strong>Ter\u00e7a-feira 22 de Mar\u00e7o de 2022 \u00e0s 23h59<\/strong><\/p>\n<p>Data-Limite para inscri\u00e7\u00e3o em escal\u00f5es Forma\u00e7\u00e3o, Abertos e Ori-Fam\u00edlia<\/p>\n<p>&nbsp;<\/p>\n<p>Ap\u00f3s esta data, as inscri\u00e7\u00f5es nos escal\u00f5es Forma\u00e7\u00e3o, Abertos e Ori-Fam\u00edlia, ficam sujeitas \u00e0 disponibilidade de mapas, pelo que se aconselha a que o fa\u00e7am preferencialmente at\u00e9 22 Mar\u00e7o.<\/p>\n<p><strong>Quinta feira 24 de Mar\u00e7o de 2022 \u00e0s 14h59<\/strong><\/p>\n<p>Data-limite para o pagamento das inscri\u00e7\u00f5es<\/p>\n<p><strong>Domingo 27 de Mar\u00e7o 2022<\/strong><\/p>\n<p>08:30 \u2013 Abertura do secretariado<\/p>\n<p>10:00 \u2013 In\u00edcio das partidas escal\u00f5es de Competi\u00e7\u00e3o<\/p>\n<p>10:05 \u2013 In\u00edcio das partidas dos escal\u00f5es Forma\u00e7\u00e3o e Abertos com recurso \u00e0 esta\u00e7\u00e3o START<\/p>\n<p>10:10 \u2013 In\u00edcio das partidas da actividade Orienta\u00e7\u00e3o em Fam\u00edlia<\/p>\n<p>11:15 \u2013 Encerramento das partidas dos escal\u00f5es Forma\u00e7\u00e3o, Abertos e da actividade Orienta\u00e7\u00e3o em Fam\u00edlia.<\/p>\n<p>12.30 \u2013 Entrega de pr\u00e9mios<\/p>","protected":false},"excerpt":{"rendered":"<p>Domingo 20 de Mar\u00e7o de 2022 \u00e0s 23h59 Data-Limite para inscri\u00e7\u00e3o em escal\u00f5es de Competi\u00e7\u00e3o. &nbsp; Ter\u00e7a-feira 22 de Mar\u00e7o de 2022 \u00e0s 23h59 Data-Limite para inscri\u00e7\u00e3o em escal\u00f5es Forma\u00e7\u00e3o, Abertos e Ori-Fam\u00edlia &nbsp; Ap\u00f3s esta data, as inscri\u00e7\u00f5es nos escal\u00f5es Forma\u00e7\u00e3o, Abertos e Ori-Fam\u00edlia, ficam sujeitas \u00e0 disponibilidade de mapas, pelo que se aconselha &hellip; <a href=\"http:\/\/eventos.coc.pt\/leiriacityrace2022\/programa\/\" class=\"more-link\">Continuar a ler <span class=\"screen-reader-text\">Programa<\/span><\/a><\/p>\n","protected":false},"author":1,"featured_media":0,"parent":0,"menu_order":14,"comment_status":"closed","ping_status":"closed","template":"","meta":{"footnotes":""},"class_list":["post-4","page","type-page","status-publish","hentry"],"_links":{"self":[{"href":"http:\/\/eventos.coc.pt\/leiriacityrace2022\/wp-json\/wp\/v2\/pages\/4","targetHints":{"allow":["GET"]}}],"collection":[{"href":"http:\/\/eventos.coc.pt\/leiriacityrace2022\/wp-json\/wp\/v2\/pages"}],"about":[{"href":"http:\/\/eventos.coc.pt\/leiriacityrace2022\/wp-json\/wp\/v2\/types\/page"}],"author":[{"embeddable":true,"href":"http:\/\/eventos.coc.pt\/leiriacityrace2022\/wp-json\/wp\/v2\/users\/1"}],"replies":[{"embeddable":true,"href":"http:\/\/eventos.coc.pt\/leiriacityrace2022\/wp-json\/wp\/v2\/comments?post=4"}],"version-history":[{"count":63,"href":"http:\/\/eventos.coc.pt\/leiriacityrace2022\/wp-json\/wp\/v2\/pages\/4\/revisions"}],"predecessor-version":[{"id":865,"href":"http:\/\/eventos.coc.pt\/leiriacityrace2022\/wp-json\/wp\/v2\/pages\/4\/revisions\/865"}],"wp:attachment":[{"href":"http:\/\/eventos.coc.pt\/leiriacityrace2022\/wp-json\/wp\/v2\/media?parent=4"}],"curies":[{"name":"wp","href":"https:\/\/api.w.org\/{rel}","templated":true}]}}