{"id":123,"date":"2016-09-10T06:38:22","date_gmt":"2016-09-10T06:38:22","guid":{"rendered":"http:\/\/eventos.coc.pt\/piom2018\/?page_id=123"},"modified":"2018-02-27T21:12:10","modified_gmt":"2018-02-27T21:12:10","slug":"videos","status":"publish","type":"page","link":"http:\/\/eventos.coc.pt\/piom2018\/videos\/","title":{"rendered":"V\u00eddeos"},"content":{"rendered":"<p><span style=\"font-family: helvetica, arial, sans-serif;\">PIOM 2018 by Neovideo<\/span><\/p>\n<p><iframe loading=\"lazy\" style=\"border: none; overflow: hidden;\" src=\"https:\/\/www.facebook.com\/plugins\/video.php?href=https%3A%2F%2Fwww.facebook.com%2Fneovideotv%2Fvideos%2F1783706018334111%2F&amp;show_text=0&amp;width=560\" width=\"560\" height=\"315\" frameborder=\"0\" scrolling=\"no\" allowfullscreen=\"allowfullscreen\"><\/iframe><\/p>\n<p><span style=\"font-family: helvetica, arial, sans-serif;\">PIOM 2018 &#8211; Long Distance WRE<\/span><\/p>\n<p><iframe loading=\"lazy\" style=\"border: none; overflow: hidden;\" src=\"https:\/\/www.facebook.com\/plugins\/video.php?href=https%3A%2F%2Fwww.facebook.com%2Fpauloroquedarocha%2Fvideos%2F1198616603574646%2F&amp;show_text=1&amp;width=560\" width=\"560\" height=\"407\" frameborder=\"0\" scrolling=\"no\" allowfullscreen=\"allowfullscreen\"><\/iframe><\/p>\n<p><span style=\"font-family: helvetica, arial, sans-serif;\">PIOM 2018 by Beira Baixa TV:<\/span><\/p>\n<p><iframe loading=\"lazy\" style=\"border: none; overflow: hidden;\" src=\"https:\/\/www.facebook.com\/plugins\/video.php?href=https%3A%2F%2Fwww.facebook.com%2Fbeirabaixatv%2Fvideos%2F1980412711988672%2F&amp;show_text=1&amp;width=560\" width=\"560\" height=\"527\" frameborder=\"0\" scrolling=\"no\" allowfullscreen=\"allowfullscreen\" data-mce-fragment=\"1\"><\/iframe><\/p>\n<p><span style=\"font-family: helvetica, arial, sans-serif;\">Dia 1 &#8211; Dist\u00e2ncia M\u00e9dia &#8211; Dongalinho Rach\u00e3 e Sprint Nocturno &#8211; Penamacor<\/span><\/p>\n<p><iframe loading=\"lazy\" src=\"https:\/\/www.youtube.com\/embed\/HGg-oQXav6g\" width=\"560\" height=\"315\" frameborder=\"0\" allowfullscreen=\"allowfullscreen\"><\/iframe><\/p>\n<p>https:\/\/www.facebook.com\/neovideotv\/videos\/1539622259409156\/<\/p>\n<p>&nbsp;<\/p>\n<p><iframe loading=\"lazy\" src=\"https:\/\/www.youtube.com\/embed\/ofp1j3SGdQA\" width=\"560\" height=\"315\" frameborder=\"0\" allowfullscreen=\"allowfullscreen\"><\/iframe><\/p>","protected":false},"excerpt":{"rendered":"<p>PIOM 2018 by Neovideo PIOM 2018 &#8211; Long Distance WRE PIOM 2018 by Beira Baixa TV: Dia 1 &#8211; Dist\u00e2ncia M\u00e9dia &#8211; Dongalinho Rach\u00e3 e Sprint Nocturno &#8211; Penamacor https:\/\/www.facebook.com\/neovideotv\/videos\/1539622259409156\/ &nbsp;<\/p>\n","protected":false},"author":1,"featured_media":0,"parent":0,"menu_order":3,"comment_status":"closed","ping_status":"closed","template":"","meta":{"footnotes":""},"class_list":["post-123","page","type-page","status-publish","hentry"],"_links":{"self":[{"href":"http:\/\/eventos.coc.pt\/piom2018\/wp-json\/wp\/v2\/pages\/123","targetHints":{"allow":["GET"]}}],"collection":[{"href":"http:\/\/eventos.coc.pt\/piom2018\/wp-json\/wp\/v2\/pages"}],"about":[{"href":"http:\/\/eventos.coc.pt\/piom2018\/wp-json\/wp\/v2\/types\/page"}],"author":[{"embeddable":true,"href":"http:\/\/eventos.coc.pt\/piom2018\/wp-json\/wp\/v2\/users\/1"}],"replies":[{"embeddable":true,"href":"http:\/\/eventos.coc.pt\/piom2018\/wp-json\/wp\/v2\/comments?post=123"}],"version-history":[{"count":15,"href":"http:\/\/eventos.coc.pt\/piom2018\/wp-json\/wp\/v2\/pages\/123\/revisions"}],"predecessor-version":[{"id":983,"href":"http:\/\/eventos.coc.pt\/piom2018\/wp-json\/wp\/v2\/pages\/123\/revisions\/983"}],"wp:attachment":[{"href":"http:\/\/eventos.coc.pt\/piom2018\/wp-json\/wp\/v2\/media?parent=123"}],"curies":[{"name":"wp","href":"https:\/\/api.w.org\/{rel}","templated":true}]}}