{"id":143,"date":"2016-09-16T12:54:48","date_gmt":"2016-09-16T12:54:48","guid":{"rendered":"http:\/\/eventos.coc.pt\/piom2018\/?page_id=143"},"modified":"2018-02-18T17:22:36","modified_gmt":"2018-02-18T17:22:36","slug":"mapas","status":"publish","type":"page","link":"http:\/\/eventos.coc.pt\/piom2018\/mapas\/","title":{"rendered":"Mapas"},"content":{"rendered":"<p><span style=\"font-family: helvetica, arial, sans-serif;\">Dia 1 &#8211; Dist\u00e2ncia M\u00e9dia &#8211; Serrinha Rach\u00e3<\/span><\/p>\n<p class=\"slideshow_error slideshow-gallery-error\">No slides are available in this gallery<\/p>\n<p>&nbsp;<\/p>\n<p><span style=\"font-family: helvetica, arial, sans-serif;\">Dia 1 &#8211; Sprint Nocturno &#8211; Penamacor<\/span><\/p>\n<p class=\"slideshow_error slideshow-gallery-error\">No slides are available in this gallery<\/p>\n<p>&nbsp;<\/p>\n<p><span style=\"font-family: helvetica, arial, sans-serif;\">Dia 2 &#8211; Dist\u00e2ncia Longa &#8211; Serrinha Dongalinho<\/span><\/p>\n<p><p class=\"slideshow_error slideshow-gallery-error\">No slides are available in this gallery<\/p><\/p>","protected":false},"excerpt":{"rendered":"<p>Dia 1 &#8211; Dist\u00e2ncia M\u00e9dia &#8211; Serrinha Rach\u00e3 &nbsp; Dia 1 &#8211; Sprint Nocturno &#8211; Penamacor &nbsp; Dia 2 &#8211; Dist\u00e2ncia Longa &#8211; Serrinha Dongalinho<\/p>\n","protected":false},"author":1,"featured_media":0,"parent":0,"menu_order":15,"comment_status":"closed","ping_status":"closed","template":"","meta":{"footnotes":""},"class_list":["post-143","page","type-page","status-publish","hentry"],"_links":{"self":[{"href":"http:\/\/eventos.coc.pt\/piom2018\/wp-json\/wp\/v2\/pages\/143","targetHints":{"allow":["GET"]}}],"collection":[{"href":"http:\/\/eventos.coc.pt\/piom2018\/wp-json\/wp\/v2\/pages"}],"about":[{"href":"http:\/\/eventos.coc.pt\/piom2018\/wp-json\/wp\/v2\/types\/page"}],"author":[{"embeddable":true,"href":"http:\/\/eventos.coc.pt\/piom2018\/wp-json\/wp\/v2\/users\/1"}],"replies":[{"embeddable":true,"href":"http:\/\/eventos.coc.pt\/piom2018\/wp-json\/wp\/v2\/comments?post=143"}],"version-history":[{"count":15,"href":"http:\/\/eventos.coc.pt\/piom2018\/wp-json\/wp\/v2\/pages\/143\/revisions"}],"predecessor-version":[{"id":962,"href":"http:\/\/eventos.coc.pt\/piom2018\/wp-json\/wp\/v2\/pages\/143\/revisions\/962"}],"wp:attachment":[{"href":"http:\/\/eventos.coc.pt\/piom2018\/wp-json\/wp\/v2\/media?parent=143"}],"curies":[{"name":"wp","href":"https:\/\/api.w.org\/{rel}","templated":true}]}}