{"id":17,"date":"2016-09-02T15:32:21","date_gmt":"2016-09-02T15:32:21","guid":{"rendered":"http:\/\/eventos.coc.pt\/piom2018\/?page_id=17"},"modified":"2017-11-22T00:57:44","modified_gmt":"2017-11-22T00:57:44","slug":"inscricoes","status":"publish","type":"page","link":"http:\/\/eventos.coc.pt\/piom2018\/inscricoes\/","title":{"rendered":"Inscri\u00e7\u00f5es"},"content":{"rendered":"<p><span style=\"font-family: helvetica, arial, sans-serif;\"><strong>Como se inscrever<\/strong><\/span><\/p>\n<p><span style=\"font-family: helvetica, arial, sans-serif;\">Os atletas devem efectuar as suas inscri\u00e7\u00f5es atrav\u00e9s da plataforma OriOasis. A inscri\u00e7\u00e3o no Model Event (evento modelo) tamb\u00e9m deve ser efectuada nessa plataforma, selecionando o campo \u201cModel Event\u201d.<\/span><\/p>\n<p><span style=\"font-family: helvetica, arial, sans-serif;\"><strong>Escal\u00f5es de Elite<\/strong><\/span><\/p>\n<p><span style=\"font-family: helvetica, arial, sans-serif;\">Durante o processo de inscri\u00e7\u00e3o os atletas de Elite devem fornecer o seu n\u00famero de identifica\u00e7\u00e3o da IOF (IOF World Ranking ID). Todos os atletas a correr nestes escal\u00f5es devem estar registados e inscritos tamb\u00e9m no sistema da IOF, o IOF Eventor (<a href=\"http:\/\/eventor.orienteering.org\/\">eventor.orienteering.org<\/a>).<\/span><\/p>\n<p><span style=\"font-family: helvetica, arial, sans-serif;\">O escal\u00e3o de Elite Masculina poder\u00e1 dividido em dois. Os melhores atletas segundo o Ranking Mundial (na data de 31 de Janeiro 2018) ir\u00e3o correr em M21SuperElite e os restantes em M21Elite.<\/span><\/p>\n<p><span style=\"font-family: helvetica, arial, sans-serif;\"><strong>\u00a0<\/strong><\/span><span style=\"font-family: helvetica, arial, sans-serif;\"><strong>Dados obrigat\u00f3rios para inscri\u00e7\u00e3o (individual ou em grupo)<\/strong><\/span><\/p>\n<p><span style=\"font-family: helvetica, arial, sans-serif;\">\u2013 Nome completo dos participantes;<\/span><br \/>\n<span style=\"font-family: helvetica, arial, sans-serif;\">\u2013 Data de nascimento;<\/span><br \/>\n<span style=\"font-family: helvetica, arial, sans-serif;\">\u2013 Nome do Clube;<\/span><br \/>\n<span style=\"font-family: helvetica, arial, sans-serif;\">\u2013 Pa\u00eds;<\/span><br \/>\n<span style=\"font-family: helvetica, arial, sans-serif;\">\u2013 IOF World Ranking ID (para os escal\u00f5es de elite);<\/span><br \/>\n<span style=\"font-family: helvetica, arial, sans-serif;\">\u2013 N\u00famero do SportIdent Card (se n\u00e3o tiver o seu pr\u00f3prio SI ter\u00e1 de alugar um*);<\/span><br \/>\n<span style=\"font-family: helvetica, arial, sans-serif;\">\u2013 Escal\u00e3o em que cada pessoa deseja participar;<\/span><br \/>\n<span style=\"font-family: helvetica, arial, sans-serif;\">\u2013 Definir os eventos em que cada pessoa quer participar (no caso de n\u00e3o participar em todas as provas\/dias);<\/span><br \/>\n<span style=\"font-family: helvetica, arial, sans-serif;\">\u2013 As inscri\u00e7\u00f5es nos escal\u00f5es abertos podem ser efectuadas at\u00e9 ao dia do evento, ficando as mesmas condicionadas ao n\u00famero de mapas dispon\u00edveis.<\/span><br \/>\n<span style=\"font-family: helvetica, arial, sans-serif;\">*Aluguer de um SI-Card: 1,00\u20ac\/prova (para os escal\u00f5es de competi\u00e7\u00e3o e forma\u00e7\u00e3o, sendo gratuito para os escal\u00f5es abertos). A perda ou n\u00e3o devolu\u00e7\u00e3o de um SI Card alugado implica o pagamento de 50\u20ac.<\/span><\/p>\n<p><span style=\"font-family: helvetica, arial, sans-serif;\">Nota: Nos escal\u00f5es abertos os participantes podem efectuar as etapas a s\u00f3s ou em grupo. No entanto, mesmo quando a participar em grupo cada pessoa paga a sua inscri\u00e7\u00e3o, uma vez que tem direito ao seu mapa e \u00e0 sua classifica\u00e7\u00e3o.<\/span><\/p>\n<p><span style=\"font-family: helvetica, arial, sans-serif;\"><strong>Taxas de Inscri\u00e7\u00e3o:<\/strong><\/span><\/p>\n<table>\n<tbody>\n<tr>\n<td style=\"text-align: center;\" colspan=\"5\"><span style=\"font-family: helvetica, arial, sans-serif; font-size: 12pt;\"><strong>Taxas de Inscri\u00e7\u00e3o em Escal\u00f5es de Competi\u00e7\u00e3o at\u00e9 5 de Fevereiro de 2018<\/strong><\/span><\/td>\n<\/tr>\n<tr>\n<td><\/td>\n<td><\/td>\n<td><span style=\"font-family: helvetica, arial, sans-serif; font-size: 12pt;\"><strong>M\u00e9dia &amp; Longa*<\/strong><\/span><\/td>\n<td><span style=\"font-family: helvetica, arial, sans-serif; font-size: 12pt;\"><strong>Sprint Noturno<\/strong><\/span><\/td>\n<td><span style=\"font-family: helvetica, arial, sans-serif; font-size: 12pt;\"><strong>Model Event\u00a0<\/strong><\/span><\/td>\n<\/tr>\n<tr>\n<td rowspan=\"3\"><span style=\"font-family: helvetica, arial, sans-serif; font-size: 12pt;\"><strong>Filiados na FPO &amp; FEDO<\/strong><\/span><\/td>\n<td><span style=\"font-family: helvetica, arial, sans-serif; font-size: 12pt;\">Nascidos em 1998 e depois<\/span><\/td>\n<td style=\"text-align: center;\"><span style=\"font-family: helvetica, arial, sans-serif; font-size: 12pt;\">3,00 \u20ac<\/span><\/td>\n<td style=\"text-align: center;\"><span style=\"font-family: helvetica, arial, sans-serif; font-size: 12pt;\">3,00 \u20ac<\/span><\/td>\n<td style=\"text-align: center;\" rowspan=\"3\">\n<p style=\"text-align: center;\"><span style=\"font-family: helvetica, arial, sans-serif; font-size: 12pt;\">3,00 \u20ac<\/span><\/p>\n<p style=\"text-align: center;\"><span style=\"font-family: helvetica, arial, sans-serif; font-size: 12pt;\">(pre\u00e7o por mapa)<\/span><\/p>\n<\/td>\n<\/tr>\n<tr>\n<td><span style=\"font-family: helvetica, arial, sans-serif; font-size: 12pt;\">Nascidos em 1997 e antes<\/span><\/td>\n<td style=\"text-align: center;\"><span style=\"font-family: helvetica, arial, sans-serif; font-size: 12pt;\">6,00 \u20ac<\/span><\/td>\n<td style=\"text-align: center;\" rowspan=\"2\"><span style=\"font-family: helvetica, arial, sans-serif; font-size: 12pt;\">5,00 \u20ac<\/span><\/td>\n<\/tr>\n<tr>\n<td><span style=\"font-family: helvetica, arial, sans-serif; font-size: 12pt;\">Escal\u00f5es de Elite<\/span><\/td>\n<td style=\"text-align: center;\"><span style=\"font-family: helvetica, arial, sans-serif; font-size: 12pt;\">7,00 \u20ac<\/span><\/td>\n<\/tr>\n<tr>\n<td rowspan=\"3\"><span style=\"font-family: helvetica, arial, sans-serif; font-size: 12pt;\"><strong>N\u00e3o filiados na FPO &amp; FEDO<\/strong><\/span><\/td>\n<td><span style=\"font-family: helvetica, arial, sans-serif; font-size: 12pt;\">Nascidos em 1998 e depois<\/span><\/td>\n<td style=\"text-align: center;\"><span style=\"font-family: helvetica, arial, sans-serif; font-size: 12pt;\">5,00 \u20ac<\/span><\/td>\n<td style=\"text-align: center;\" rowspan=\"3\"><span style=\"font-family: helvetica, arial, sans-serif; font-size: 12pt;\">5,00 \u20ac<\/span><\/td>\n<td style=\"text-align: center;\" rowspan=\"3\">\n<p style=\"text-align: center;\"><span style=\"font-family: helvetica, arial, sans-serif; font-size: 12pt;\">3,00 \u20ac<\/span><\/p>\n<p style=\"text-align: center;\"><span style=\"font-family: helvetica, arial, sans-serif; font-size: 12pt;\">(pre\u00e7o por mapa)<\/span><\/p>\n<\/td>\n<\/tr>\n<tr>\n<td><span style=\"font-family: helvetica, arial, sans-serif; font-size: 12pt;\">Nascidos em 1997 e antes<\/span><\/td>\n<td style=\"text-align: center;\"><span style=\"font-family: helvetica, arial, sans-serif; font-size: 12pt;\">10,00 \u20ac<\/span><\/td>\n<\/tr>\n<tr>\n<td><span style=\"font-family: helvetica, arial, sans-serif; font-size: 12pt;\">Escal\u00f5es de Elite<\/span><\/td>\n<td style=\"text-align: center;\"><span style=\"font-family: helvetica, arial, sans-serif; font-size: 12pt;\">11,00 \u20ac<\/span><\/td>\n<\/tr>\n<\/tbody>\n<\/table>\n<table width=\"444\">\n<tbody>\n<tr>\n<td width=\"444\"><span style=\"font-family: helvetica, arial, sans-serif; font-size: 12pt;\">* Pre\u00e7o por Etapa<\/span><\/td>\n<\/tr>\n<tr>\n<td width=\"444\"><span style=\"font-family: helvetica, arial, sans-serif; font-size: 12pt;\">Aluguer de um SI Card: 1,00\u20ac\/prova (para os escal\u00f5es de competi\u00e7\u00e3o e forma\u00e7\u00e3o).<\/span><\/td>\n<\/tr>\n<tr>\n<td width=\"444\"><span style=\"font-family: helvetica, arial, sans-serif; font-size: 12pt;\">A perda ou n\u00e3o devolu\u00e7\u00e3o de um SI Card alugado implica o pagamento de uma penaliza\u00e7\u00e3o de 50\u20ac.<\/span><\/td>\n<\/tr>\n<tr>\n<td width=\"444\"><span style=\"font-family: helvetica, arial, sans-serif; font-size: 12pt;\"><strong>Altera\u00e7\u00f5es no dia do Evento \u2013 2,00 \u20ac<\/strong><\/span><\/td>\n<\/tr>\n<\/tbody>\n<\/table>\n<table>\n<tbody>\n<tr>\n<td style=\"text-align: center;\" colspan=\"5\"><span style=\"font-family: helvetica, arial, sans-serif; font-size: 12pt;\"><strong>Taxas de Inscri\u00e7\u00e3o em Escal\u00f5es de Competi\u00e7\u00e3o de 6 a 11 de Fevereiro 2018<\/strong><\/span><\/td>\n<\/tr>\n<tr>\n<td><\/td>\n<td><\/td>\n<td><span style=\"font-family: helvetica, arial, sans-serif; font-size: 12pt;\"><strong>M\u00e9dia &amp; Longa*<\/strong><\/span><\/td>\n<td><span style=\"font-family: helvetica, arial, sans-serif; font-size: 12pt;\"><strong>Sprint Noturno<\/strong><\/span><\/td>\n<td><span style=\"font-family: helvetica, arial, sans-serif; font-size: 12pt;\"><strong>Model Event\u00a0<\/strong><\/span><\/td>\n<\/tr>\n<tr>\n<td rowspan=\"3\"><span style=\"font-family: helvetica, arial, sans-serif; font-size: 12pt;\"><strong>Filiados na FPO &amp; FEDO<\/strong><\/span><\/td>\n<td><span style=\"font-family: helvetica, arial, sans-serif; font-size: 12pt;\">Nascidos em 1998 e depois<\/span><\/td>\n<td style=\"text-align: center;\"><span style=\"font-family: helvetica, arial, sans-serif; font-size: 12pt;\">4,50 \u20ac<\/span><\/td>\n<td style=\"text-align: center;\"><span style=\"font-family: helvetica, arial, sans-serif; font-size: 12pt;\">4,50 \u20ac<\/span><\/td>\n<td style=\"text-align: center;\" rowspan=\"3\">\n<p style=\"text-align: center;\"><span style=\"font-family: helvetica, arial, sans-serif; font-size: 12pt;\">4,50 \u20ac<\/span><\/p>\n<p style=\"text-align: center;\"><span style=\"font-family: helvetica, arial, sans-serif; font-size: 12pt;\">(pre\u00e7o por mapa)<\/span><\/p>\n<\/td>\n<\/tr>\n<tr>\n<td><span style=\"font-family: helvetica, arial, sans-serif; font-size: 12pt;\">Nascidos em 1997 e antes<\/span><\/td>\n<td style=\"text-align: center;\"><span style=\"font-family: helvetica, arial, sans-serif; font-size: 12pt;\">9,00 \u20ac<\/span><\/td>\n<td style=\"text-align: center;\" rowspan=\"2\"><span style=\"font-family: helvetica, arial, sans-serif; font-size: 12pt;\">7,50 \u20ac<\/span><\/td>\n<\/tr>\n<tr>\n<td><span style=\"font-family: helvetica, arial, sans-serif; font-size: 12pt;\">Escal\u00f5es de Elite<\/span><\/td>\n<td style=\"text-align: center;\"><span style=\"font-family: helvetica, arial, sans-serif; font-size: 12pt;\">10,00 \u20ac<\/span><\/td>\n<\/tr>\n<tr>\n<td rowspan=\"3\"><span style=\"font-family: helvetica, arial, sans-serif; font-size: 12pt;\"><strong>N\u00e3o filiados na FPO &amp; FEDO<\/strong><\/span><\/td>\n<td><span style=\"font-family: helvetica, arial, sans-serif; font-size: 12pt;\">Nascidos em 1998 e depois<\/span><\/td>\n<td style=\"text-align: center;\"><span style=\"font-family: helvetica, arial, sans-serif; font-size: 12pt;\">7,50 \u20ac<\/span><\/td>\n<td style=\"text-align: center;\" rowspan=\"3\"><span style=\"font-family: helvetica, arial, sans-serif; font-size: 12pt;\">7,50 \u20ac<\/span><\/td>\n<td style=\"text-align: center;\" rowspan=\"3\">\n<p style=\"text-align: center;\"><span style=\"font-family: helvetica, arial, sans-serif; font-size: 12pt;\">4,50 \u20ac<\/span><\/p>\n<p style=\"text-align: center;\"><span style=\"font-family: helvetica, arial, sans-serif; font-size: 12pt;\">(pre\u00e7o por mapa)<\/span><\/p>\n<\/td>\n<\/tr>\n<tr>\n<td><span style=\"font-family: helvetica, arial, sans-serif; font-size: 12pt;\">Nascidos em 1997 e antes<\/span><\/td>\n<td style=\"text-align: center;\"><span style=\"font-family: helvetica, arial, sans-serif; font-size: 12pt;\">15,00 \u20ac<\/span><\/td>\n<\/tr>\n<tr>\n<td><span style=\"font-family: helvetica, arial, sans-serif; font-size: 12pt;\">Escal\u00f5es de Elite<\/span><\/td>\n<td style=\"text-align: center;\"><span style=\"font-family: helvetica, arial, sans-serif; font-size: 12pt;\">16,00 \u20ac<\/span><\/td>\n<\/tr>\n<\/tbody>\n<\/table>\n<table width=\"454\">\n<tbody>\n<tr>\n<td width=\"454\"><span style=\"font-family: helvetica, arial, sans-serif; font-size: 12pt;\">* Pre\u00e7o por Etapa<\/span><\/td>\n<\/tr>\n<tr>\n<td width=\"454\"><span style=\"font-family: helvetica, arial, sans-serif; font-size: 12pt;\">Aluguer de um SI Card: 1,00\u20ac\/prova (para os escal\u00f5es de competi\u00e7\u00e3o e forma\u00e7\u00e3o).<\/span><\/td>\n<\/tr>\n<tr>\n<td width=\"454\"><span style=\"font-family: helvetica, arial, sans-serif; font-size: 12pt;\">A perda ou n\u00e3o devolu\u00e7\u00e3o de um SI Card alugado implica o pagamento de uma penaliza\u00e7\u00e3o de 50\u20ac.<\/span><\/td>\n<\/tr>\n<tr>\n<td width=\"454\"><span style=\"font-family: helvetica, arial, sans-serif; font-size: 12pt;\">Altera\u00e7\u00f5es no dia do Evento \u2013 custo de 2,00 \u20ac<\/span><\/td>\n<\/tr>\n<\/tbody>\n<\/table>\n<table width=\"100%\">\n<tbody>\n<tr>\n<td colspan=\"4\" width=\"100%\"><span style=\"font-family: helvetica, arial, sans-serif; font-size: 12pt;\"><strong>Taxas de Inscri\u00e7\u00e3o em Escal\u00f5es Abertos at\u00e9 ao dia da prova **<\/strong><\/span><\/td>\n<\/tr>\n<tr>\n<td width=\"33%\"><span style=\"font-size: 12pt;\">\u00a0<\/span><\/td>\n<td width=\"30%\"><span style=\"font-size: 12pt;\">\u00a0<\/span><\/td>\n<td width=\"18%\"><span style=\"font-family: helvetica, arial, sans-serif; font-size: 12pt;\"><strong>M\u00e9dia &amp; Longa *<\/strong><\/span><\/td>\n<td width=\"18%\"><span style=\"font-family: helvetica, arial, sans-serif; font-size: 12pt;\"><strong>Sprint Noturno<\/strong><\/span><\/td>\n<\/tr>\n<tr>\n<td rowspan=\"2\" width=\"33%\"><span style=\"font-family: helvetica, arial, sans-serif; font-size: 12pt;\"><strong>Filiados na FPO &amp; FEDO<\/strong><\/span><\/td>\n<td width=\"30%\"><span style=\"font-family: helvetica, arial, sans-serif; font-size: 12pt;\">Nascidos em 1998 e depois<\/span><\/td>\n<td style=\"text-align: center;\" width=\"18%\"><span style=\"font-family: helvetica, arial, sans-serif; font-size: 12pt;\">3,00 \u20ac<\/span><\/td>\n<td style=\"text-align: center;\" width=\"18%\"><span style=\"font-family: helvetica, arial, sans-serif; font-size: 12pt;\">3,00 \u20ac<\/span><\/td>\n<\/tr>\n<tr>\n<td width=\"30%\"><span style=\"font-family: helvetica, arial, sans-serif; font-size: 12pt;\">Nascidos em 1997 e antes<\/span><\/td>\n<td style=\"text-align: center;\" width=\"18%\"><span style=\"font-family: helvetica, arial, sans-serif; font-size: 12pt;\">5,00 \u20ac<\/span><\/td>\n<td style=\"text-align: center;\" width=\"18%\"><span style=\"font-family: helvetica, arial, sans-serif; font-size: 12pt;\">5,00 \u20ac<\/span><\/td>\n<\/tr>\n<tr>\n<td rowspan=\"2\" width=\"33%\"><span style=\"font-family: helvetica, arial, sans-serif; font-size: 12pt;\"><strong>N\u00e3o filiados na FPO &amp; FEDO<\/strong><\/span><\/td>\n<td width=\"30%\"><span style=\"font-family: helvetica, arial, sans-serif; font-size: 12pt;\">Nascidos em 1998 e depois<\/span><\/td>\n<td style=\"text-align: center;\" width=\"18%\"><span style=\"font-family: helvetica, arial, sans-serif; font-size: 12pt;\">5,00 \u20ac<\/span><\/td>\n<td style=\"text-align: center;\" rowspan=\"2\" width=\"18%\"><span style=\"font-family: helvetica, arial, sans-serif; font-size: 12pt;\">5,00 \u20ac<\/span><\/td>\n<\/tr>\n<tr>\n<td width=\"30%\"><span style=\"font-family: helvetica, arial, sans-serif; font-size: 12pt;\">Nascidos em 1997e antes<\/span><\/td>\n<td style=\"text-align: center;\" width=\"18%\"><span style=\"font-family: helvetica, arial, sans-serif; font-size: 12pt;\">8,00 \u20ac<\/span><\/td>\n<\/tr>\n<\/tbody>\n<\/table>\n<table width=\"558\">\n<tbody>\n<tr>\n<td width=\"558\"><span style=\"font-family: helvetica, arial, sans-serif; font-size: 12pt;\">* Pre\u00e7o por Etapa<\/span><\/td>\n<\/tr>\n<tr>\n<td width=\"558\"><span style=\"font-family: helvetica, arial, sans-serif; font-size: 12pt;\">Aluguer de um SI Card: gratuito para os escal\u00f5es abertos<\/span><\/td>\n<\/tr>\n<tr>\n<td width=\"558\"><span style=\"font-family: helvetica, arial, sans-serif; font-size: 12pt;\">A perda ou n\u00e3o devolu\u00e7\u00e3o de um SI Card alugado implica o pagamento de uma penaliza\u00e7\u00e3o de 50\u20ac.<\/span><\/td>\n<\/tr>\n<tr>\n<td width=\"558\"><span style=\"font-family: helvetica, arial, sans-serif; font-size: 12pt;\">** Ap\u00f3s 12\/02\/2018: Aceita\u00e7\u00e3o das inscri\u00e7\u00f5es dependente da disponibilidade de mapas<\/span><\/td>\n<\/tr>\n<\/tbody>\n<\/table>\n<p><span style=\"font-family: helvetica, arial, sans-serif; font-size: 12pt;\"><strong>Seguro desportivo<\/strong><\/span><\/p>\n<p><span style=\"font-family: helvetica, arial, sans-serif; font-size: 12pt;\">\u2013 Os atletas federados na FPO estar\u00e3o segurados pelo seguro da mesma;<\/span><\/p>\n<p><span style=\"font-family: helvetica, arial, sans-serif; font-size: 12pt;\">\u2013 Cidad\u00e3os portugueses e residentes em Portugal n\u00e3o federados na FPO tamb\u00e9m estar\u00e3o cobertos pelo seguro da FPO;<\/span><\/p>\n<p><span style=\"font-family: helvetica, arial, sans-serif; font-size: 12pt;\">\u2013 Participantes estrangeiros e\/ou n\u00e3o residentes em Portugal n\u00e3o est\u00e3o cobertos por qualquer seguro, sendo da sua responsabilidade garantir o seu pr\u00f3prio seguro.<\/span><\/p>\n<p><span style=\"font-family: helvetica, arial, sans-serif; font-size: 12pt;\"><strong>Como pagar<\/strong><\/span><\/p>\n<p><span style=\"font-family: helvetica, arial, sans-serif; font-size: 12pt;\">O pagamento das inscri\u00e7\u00f5es poder\u00e1 ser efectuado por Cart\u00e3o de Cr\u00e9dito ou Paypal (Pagamento Online Seguro &#8211; POS, atrav\u00e9s do OriOasis), Multibanco (MB) ou transfer\u00eancia banc\u00e1ria. Os clubes\/atletas federados na FPO (e apenas estes) poder\u00e3o proceder ao pagamento das inscri\u00e7\u00f5es no Event Center em dinheiro. As inscri\u00e7\u00f5es de clubes\/atletas n\u00e3o federados na FPO apenas ser\u00e3o consideradas v\u00e1lidas ap\u00f3s pagamento.<\/span><br \/>\n<span style=\"font-family: helvetica, arial, sans-serif; font-size: 12pt;\"> De forma a facilitar o processo de acredita\u00e7\u00e3o, a Organiza\u00e7\u00e3o tem prefer\u00eancia que os pagamentos sejam feitos por pagamento online seguro ou MB uma vez que o processamento do pagamento \u00e9 autom\u00e1tico.<\/span><\/p>\n<h4><span style=\"font-family: helvetica, arial, sans-serif; font-size: 12pt;\"><strong>Pagamento por Cart\u00e3o de Cr\u00e9dito ou Paypal &#8211; Pagamento Online Seguro\u00a0(POS)<\/strong><\/span><\/h4>\n<p><span style=\"font-family: helvetica, arial, sans-serif; font-size: 12pt;\">Cart\u00e3o de cr\u00e9dito ou Paypal<\/span><\/p>\n<table>\n<tbody>\n<tr>\n<td><span style=\"font-family: helvetica, arial, sans-serif; font-size: 12pt;\">Aceite:<\/span><\/td>\n<td><span style=\"font-family: helvetica, arial, sans-serif; font-size: 12pt;\"><img decoding=\"async\" src=\"http:\/\/pom.pt\/archive\/shared\/payments\/logo_ccMC.gif\" alt=\"\" border=\"0\" \/><\/span><\/td>\n<td><span style=\"font-family: helvetica, arial, sans-serif; font-size: 12pt;\"><img decoding=\"async\" src=\"http:\/\/pom.pt\/archive\/shared\/payments\/logo_ccVisa.gif\" alt=\"\" border=\"0\" \/><\/span><\/td>\n<td><span style=\"font-family: helvetica, arial, sans-serif; font-size: 12pt;\"><img decoding=\"async\" src=\"http:\/\/pom.pt\/archive\/shared\/payments\/logo_ccAmex.gif\" alt=\"\" border=\"0\" \/><\/span><\/td>\n<td><span style=\"font-family: helvetica, arial, sans-serif; font-size: 12pt;\"><img decoding=\"async\" src=\"http:\/\/pom.pt\/archive\/shared\/payments\/logo_cc_jcb.gif\" alt=\"\" border=\"0\" \/><\/span><\/td>\n<td><span style=\"font-family: helvetica, arial, sans-serif; font-size: 12pt;\"><img decoding=\"async\" src=\"http:\/\/pom.pt\/archive\/shared\/payments\/logo_ccSwitch.gif\" alt=\"\" border=\"0\" \/><\/span><\/td>\n<td><span style=\"font-family: helvetica, arial, sans-serif; font-size: 12pt;\"><img decoding=\"async\" src=\"http:\/\/pom.pt\/archive\/shared\/payments\/logo_ccSolo.gif\" alt=\"\" border=\"0\" \/><\/span><\/td>\n<td><span style=\"font-family: helvetica, arial, sans-serif; font-size: 12pt;\"><img decoding=\"async\" src=\"http:\/\/pom.pt\/archive\/shared\/payments\/logo_giropay_55x23.gif\" alt=\"\" border=\"0\" \/><\/span><\/td>\n<td><span style=\"font-family: helvetica, arial, sans-serif; font-size: 12pt;\"><img decoding=\"async\" src=\"http:\/\/pom.pt\/archive\/shared\/payments\/logo_ec_24x23.gif\" alt=\"\" border=\"0\" \/><\/span><\/td>\n<td><span style=\"font-family: helvetica, arial, sans-serif; font-size: 12pt;\"><img decoding=\"async\" src=\"http:\/\/pom.pt\/archive\/shared\/payments\/PayPal_mark_37x23.gif\" alt=\"\" border=\"0\" \/><\/span><\/td>\n<\/tr>\n<\/tbody>\n<\/table>\n<h4><span style=\"font-family: helvetica, arial, sans-serif; font-size: 12pt;\"><strong>Pagamento por Multibanco (MB)<\/strong><\/span><\/h4>\n<p><img loading=\"lazy\" decoding=\"async\" class=\"alignnone size-full\" src=\"http:\/\/eventos.coc.pt\/archive\/shared\/payments\/payments_mb.gif\" width=\"45\" height=\"53\" \/><\/p>\n<p><span style=\"font-family: helvetica, arial, sans-serif; font-size: 12pt;\">Ap\u00f3s registo da inscri\u00e7\u00e3o no OriOasis, dever\u00e1 selecionar MB como meio de pagamento e ser\u00e1 gerada a refer\u00eancia e entidade MB para proceder ao pagamento.<\/span><\/p>\n<p><span style=\"font-family: helvetica, arial, sans-serif; font-size: 12pt;\"><strong>Pagamento por transfer\u00eancia banc\u00e1ria<\/strong><\/span><\/p>\n<p><span style=\"font-family: helvetica, arial, sans-serif; font-size: 12pt;\">Os pagamentos por transfer\u00eancia bancaria devem ser feitos para a seguinte conta banc\u00e1ria:<\/span><\/p>\n<p><span style=\"font-family: helvetica, arial, sans-serif; font-size: 12pt;\"><strong><br \/>\n<\/strong><b>Nome do banko<\/b>: Caixa Geral de Dep\u00f3sitos<\/span><br \/>\n<span style=\"font-family: helvetica, arial, sans-serif; font-size: 12pt;\"> <strong>Titular da conta: <\/strong>COC &#8211;\u00a0Clube Orienta\u00e7\u00e3o do Centro<\/span><br \/>\n<span style=\"font-family: helvetica, arial, sans-serif; font-size: 12pt;\"> <strong>Ag\u00eancia<\/strong>: Leiria \u2013 Marqu\u00eas de Pombal<\/span><br \/>\n<span style=\"font-family: helvetica, arial, sans-serif; font-size: 12pt;\"> <strong>Morada da Ag\u00eancia:\u00a0<\/strong>Avenida Marqu\u00eas de Pombal, 1, 2410 &#8211; 152\u00a0Leiria<\/span><br \/>\n<span style=\"font-family: helvetica, arial, sans-serif; font-size: 12pt;\"> <strong>IBAN<\/strong>:\u00a0PT50 0035 0394 00004000030 10<\/span><br \/>\n<span style=\"font-family: helvetica, arial, sans-serif; font-size: 12pt;\"> <strong>SWIFT CODE BIC<\/strong>: CGDIPTPL<\/span><\/p>\n<h4><span style=\"font-family: helvetica, arial, sans-serif; font-size: 12pt;\"><strong>Processamento do pagamento<\/strong><\/span><\/h4>\n<p><span style=\"font-family: helvetica, arial, sans-serif; font-size: 12pt;\"><strong>Pagamento com Pagamento Online Seguro\u00a0(POS &#8211; Paypal ou cart\u00e3o cr\u00e9dito):<br \/>\n<\/strong>O processamento do pagamento \u00e9 autom\u00e1tico.<\/span><\/p>\n<p><span style=\"font-family: helvetica, arial, sans-serif; font-size: 12pt;\"><strong>Pagamento com MB:<br \/>\n<\/strong>O processamento do pagamento \u00e9 autom\u00e1tico.<\/span><\/p>\n<p><span style=\"font-family: helvetica, arial, sans-serif; font-size: 12pt;\"><strong>Pagamento por transfer\u00eancia banc\u00e1ria<\/strong><\/span><\/p>\n<p><span style=\"font-family: helvetica, arial, sans-serif; font-size: 12pt;\"><strong>Para\u00a0Inscri\u00e7\u00f5es Express do <\/strong><a href=\"http:\/\/www.orioasis.pt\/oasis\/entries.php?action=club_class&amp;eventid=1395\"><strong>OriOasis<\/strong><\/a><strong>, por favor coloque o Express Code no descritivo do pagamento.<br \/>\n<\/strong><\/span><\/p>\n<p><span style=\"font-family: helvetica, arial, sans-serif; font-size: 12pt;\">Para<strong>\u00a0pagamentos totais de clubes<\/strong>, indique sempre o nome clube no descritivo.<\/span><\/p>\n<p><span style=\"font-family: helvetica, arial, sans-serif; font-size: 12pt;\">Para\u00a0<strong>pagamentos parciais de clubes<\/strong>, indique nos coment\u00e1rios o clube e a lista de atletas a que se refere o pagamento, ou envie um email (<a href=\"mailto:piom2018.contact@gmail.com\">piom2018.contact@gmail.com<\/a>)\u00a0\u00e0 organiza\u00e7\u00e3o com a lista de atletas e o comprovativo da transfer\u00eancia.<\/span><\/p>\n<p><span style=\"font-family: helvetica, arial, sans-serif; font-size: 12pt;\"><strong>Notas<\/strong>: Para todas as inscri\u00e7\u00f5es pagas por transfer\u00eancia banc\u00e1ria, \u00e9 necess\u00e1rio enviar comprovativo da opera\u00e7\u00e3o para o email: <a href=\"mailto:piom2018.contact@gmail.com\">piom2018.contact@gmail.com<\/a><\/span><\/p>\n<p><span style=\"font-family: helvetica, arial, sans-serif; font-size: 12pt;\">Todas as despesas inerentes \u00e0s transfer\u00eancias banc\u00e1rias devem ser suportadas pelo ordenante.\u00a0Se alguma despesa\u00a0\u00a0referente \u00e0s transfer\u00eancias banc\u00e1rias for indevidamente cobrada \u00e0 Organiza\u00e7\u00e3o, as mesmas ser\u00e3o pagas posteriormente pelos clubes ou atletas.<\/span><\/p>\n<p><span style=\"font-family: helvetica, arial, sans-serif; font-size: 12pt;\">Por favor utilize o endere\u00e7o <a href=\"mailto:piom2018.contact@gmail.com\">piom2018.contact@gmail.com<\/a>\u00a0para todos os emails relacionados com o pagamento de inscri\u00e7\u00f5es.<\/span><\/p>","protected":false},"excerpt":{"rendered":"<p>Como se inscrever Os atletas devem efectuar as suas inscri\u00e7\u00f5es atrav\u00e9s da plataforma OriOasis. A inscri\u00e7\u00e3o no Model Event (evento modelo) tamb\u00e9m deve ser efectuada nessa plataforma, selecionando o campo \u201cModel Event\u201d. Escal\u00f5es de Elite Durante o processo de inscri\u00e7\u00e3o os atletas de Elite devem fornecer o seu n\u00famero de identifica\u00e7\u00e3o da IOF (IOF World &hellip; <a href=\"http:\/\/eventos.coc.pt\/piom2018\/inscricoes\/\" class=\"more-link\">Continuar a ler <span class=\"screen-reader-text\">Inscri\u00e7\u00f5es<\/span><\/a><\/p>\n","protected":false},"author":1,"featured_media":0,"parent":0,"menu_order":10,"comment_status":"closed","ping_status":"closed","template":"","meta":{"footnotes":""},"class_list":["post-17","page","type-page","status-publish","hentry"],"_links":{"self":[{"href":"http:\/\/eventos.coc.pt\/piom2018\/wp-json\/wp\/v2\/pages\/17","targetHints":{"allow":["GET"]}}],"collection":[{"href":"http:\/\/eventos.coc.pt\/piom2018\/wp-json\/wp\/v2\/pages"}],"about":[{"href":"http:\/\/eventos.coc.pt\/piom2018\/wp-json\/wp\/v2\/types\/page"}],"author":[{"embeddable":true,"href":"http:\/\/eventos.coc.pt\/piom2018\/wp-json\/wp\/v2\/users\/1"}],"replies":[{"embeddable":true,"href":"http:\/\/eventos.coc.pt\/piom2018\/wp-json\/wp\/v2\/comments?post=17"}],"version-history":[{"count":42,"href":"http:\/\/eventos.coc.pt\/piom2018\/wp-json\/wp\/v2\/pages\/17\/revisions"}],"predecessor-version":[{"id":775,"href":"http:\/\/eventos.coc.pt\/piom2018\/wp-json\/wp\/v2\/pages\/17\/revisions\/775"}],"wp:attachment":[{"href":"http:\/\/eventos.coc.pt\/piom2018\/wp-json\/wp\/v2\/media?parent=17"}],"curies":[{"name":"wp","href":"https:\/\/api.w.org\/{rel}","templated":true}]}}