{"id":4,"date":"2016-08-29T23:31:01","date_gmt":"2016-08-29T23:31:01","guid":{"rendered":"http:\/\/eventos.coc.pt\/piom2018\/?page_id=4"},"modified":"2018-01-29T08:13:42","modified_gmt":"2018-01-29T08:13:42","slug":"programa","status":"publish","type":"page","link":"http:\/\/eventos.coc.pt\/piom2018\/programa\/","title":{"rendered":"Programa"},"content":{"rendered":"<p><span style=\"font-size: 12pt; font-family: helvetica, arial, sans-serif;\"><strong>5 de Fevereiro (Segunda-feira):<\/strong><\/span><\/p>\n<p><span style=\"font-size: 12pt; font-family: helvetica, arial, sans-serif;\">Final do 1\u00ba prazo para inscri\u00e7\u00f5es com pre\u00e7os vantajosos.<\/span><\/p>\n<p><span style=\"font-size: 12pt; font-family: helvetica, arial, sans-serif;\"><strong>11 de Fevereiro (Domingo):<\/strong><\/span><\/p>\n<p><span style=\"font-size: 12pt; font-family: helvetica, arial, sans-serif;\">Termino das inscri\u00e7\u00f5es em escal\u00f5es de competi\u00e7\u00e3o. Ap\u00f3s esta data apenas ser\u00e3o aceites inscri\u00e7\u00f5es nos escal\u00f5es abertos e de forma\u00e7\u00e3o (H\/D 10 e H\/D 12), at\u00e9 ao dia do evento, estando estas condicionadas \u00e0 exist\u00eancia de mapas<\/span><\/p>\n<p><span style=\"font-size: 12pt; font-family: helvetica, arial, sans-serif;\"><strong>16 de Fevereiro (dia 0 \u2013 Sexta-feira):<\/strong><\/span><\/p>\n<p><span style=\"font-size: 12pt; font-family: helvetica, arial, sans-serif;\">08h30 \u2013 Abertura do Secretariado \u2013 Penamacor Event Center &#8211; Junta de freguesia Penamacor<\/span><br \/>\n<span style=\"font-size: 12pt; font-family: helvetica, arial, sans-serif;\"> <strong>09h00 \u2013 Abertura dos Model Event<\/strong><\/span><br \/>\n<span style=\"font-size: 12pt; font-family: helvetica, arial, sans-serif;\"> Model Event 1 \u2013 Mapa \u201cAnascer\u201d<\/span><br \/>\n<span style=\"font-size: 12pt; font-family: helvetica, arial, sans-serif;\">Model Event 2 \u2013 Mapa \u201cMem\u00f3ria\u201d<\/span><br \/>\n<span style=\"font-size: 12pt; font-family: helvetica, arial, sans-serif;\">16h00 \u2013 Abertura do Solo Duro \u2013 Pavilh\u00e3o Municipal de Penamacor<\/span><br \/>\n<span style=\"font-size: 12pt; font-family: helvetica, arial, sans-serif;\"> 22h00 \u2013 Fecho do Secretariado \u2013 Penamacor Event Center &#8211; Junta de freguesia Penamacor<\/span><\/p>\n<p><span style=\"font-size: 12pt; font-family: helvetica, arial, sans-serif;\"><strong>17 de Fevereiro (dia 1 \u2013 S\u00e1bado):<\/strong><\/span><\/p>\n<p><span style=\"font-size: 12pt; font-family: helvetica, arial, sans-serif;\">08h30 \u2013 Abertura do Secretariado \u2013 Arena<\/span><br \/>\n<span style=\"font-family: helvetica, arial, sans-serif;\"> <strong><span style=\"font-size: 12pt;\">10h00 \u2013 Dist\u00e2ncia M\u00e9dia \u2013 Mapa Rach\u00e3<\/span><br \/>\n<\/strong><span style=\"font-size: 12pt;\">10h15 \u00e0s 11h15 \u2013 Partida dos escal\u00f5es abertos e de forma\u00e7\u00e3o<\/span><\/span><br \/>\n<span style=\"font-size: 12pt; font-family: helvetica, arial, sans-serif;\"> 16h30 \u2013 Abertura do Secretariado \u2013 Penamacor Event Center &#8211; Junta de freguesia Penamacor<\/span><br \/>\n<span style=\"font-family: helvetica, arial, sans-serif;\"> <strong><span style=\"font-size: 12pt;\">18h30 \u2013 Sprint Urbano Noturno \u2013 Penamacor<\/span><br \/>\n<\/strong><span style=\"font-size: 12pt;\">18h45 \u00e0s 19h45 \u2013 Partida dos escal\u00f5es abertos e de forma\u00e7\u00e3o<\/span><\/span><\/p>\n<p><span style=\"font-size: 12pt; font-family: helvetica, arial, sans-serif;\"><strong>18 de Fevereiro (dia 2 \u2013 Domingo):<\/strong><\/span><\/p>\n<p><span style=\"font-size: 12pt; font-family: helvetica, arial, sans-serif;\">08h00 \u2013 Abertura do Secretariado \u2013 Arena<\/span><br \/>\n<span style=\"font-family: helvetica, arial, sans-serif;\"> <strong><span style=\"font-size: 12pt;\">09h00 \u2013 Dist\u00e2ncia Longa (WRE) \u2013 Mapa Dongalinho<\/span><br \/>\n<\/strong><span style=\"font-size: 12pt;\">09h15 \u00e0s 10h15 \u2013 Partidas dos escal\u00f5es abertos e de forma\u00e7\u00e3o<\/span><\/span><br \/>\n<span style=\"font-size: 12pt; font-family: helvetica, arial, sans-serif;\"> 13h30 \u2013 Cerim\u00f3nia de entrega de pr\u00e9mios<\/span><\/p>","protected":false},"excerpt":{"rendered":"<p>5 de Fevereiro (Segunda-feira): Final do 1\u00ba prazo para inscri\u00e7\u00f5es com pre\u00e7os vantajosos. 11 de Fevereiro (Domingo): Termino das inscri\u00e7\u00f5es em escal\u00f5es de competi\u00e7\u00e3o. Ap\u00f3s esta data apenas ser\u00e3o aceites inscri\u00e7\u00f5es nos escal\u00f5es abertos e de forma\u00e7\u00e3o (H\/D 10 e H\/D 12), at\u00e9 ao dia do evento, estando estas condicionadas \u00e0 exist\u00eancia de mapas 16 &hellip; <a href=\"http:\/\/eventos.coc.pt\/piom2018\/programa\/\" class=\"more-link\">Continuar a ler <span class=\"screen-reader-text\">Programa<\/span><\/a><\/p>\n","protected":false},"author":1,"featured_media":0,"parent":0,"menu_order":14,"comment_status":"closed","ping_status":"closed","template":"","meta":{"footnotes":""},"class_list":["post-4","page","type-page","status-publish","hentry"],"_links":{"self":[{"href":"http:\/\/eventos.coc.pt\/piom2018\/wp-json\/wp\/v2\/pages\/4","targetHints":{"allow":["GET"]}}],"collection":[{"href":"http:\/\/eventos.coc.pt\/piom2018\/wp-json\/wp\/v2\/pages"}],"about":[{"href":"http:\/\/eventos.coc.pt\/piom2018\/wp-json\/wp\/v2\/types\/page"}],"author":[{"embeddable":true,"href":"http:\/\/eventos.coc.pt\/piom2018\/wp-json\/wp\/v2\/users\/1"}],"replies":[{"embeddable":true,"href":"http:\/\/eventos.coc.pt\/piom2018\/wp-json\/wp\/v2\/comments?post=4"}],"version-history":[{"count":15,"href":"http:\/\/eventos.coc.pt\/piom2018\/wp-json\/wp\/v2\/pages\/4\/revisions"}],"predecessor-version":[{"id":780,"href":"http:\/\/eventos.coc.pt\/piom2018\/wp-json\/wp\/v2\/pages\/4\/revisions\/780"}],"wp:attachment":[{"href":"http:\/\/eventos.coc.pt\/piom2018\/wp-json\/wp\/v2\/media?parent=4"}],"curies":[{"name":"wp","href":"https:\/\/api.w.org\/{rel}","templated":true}]}}