{"id":400,"date":"2017-03-09T22:15:45","date_gmt":"2017-03-09T22:15:45","guid":{"rendered":"http:\/\/eventos.coc.pt\/piom2018\/?page_id=400"},"modified":"2018-02-01T21:09:11","modified_gmt":"2018-02-01T21:09:11","slug":"apresentacao","status":"publish","type":"page","link":"http:\/\/eventos.coc.pt\/piom2018\/apresentacao\/","title":{"rendered":"Apresenta\u00e7\u00e3o"},"content":{"rendered":"<p><\/p>\n<p style=\"margin: 0cm; margin-bottom: .0001pt; text-align: justify; background: white;\"><span style=\"font-size: 12pt; font-family: helvetica, arial, sans-serif;\">Dois anos ap\u00f3s o POM 2016, o COC \u2013 Clube de Orienta\u00e7\u00e3o do Centro, regressa a Penamacor, para em parceria com a C\u00e2mara Municipal de Penamacor, organizar o Penamacor International Orienteering Meeting (PIOM) 2018.<\/span><\/p>\n<p style=\"margin: 0cm; margin-bottom: .0001pt; text-align: justify; background: white;\"><span style=\"font-size: 12pt; font-family: helvetica, arial, sans-serif;\">\u00a0<\/span><\/p>\n<p style=\"margin: 0cm; margin-bottom: .0001pt; text-align: justify; background: white;\"><span style=\"font-size: 12pt; font-family: helvetica, arial, sans-serif;\">Penamacor \u00e9 um Concelho com excelentes condi\u00e7\u00f5es para o Turismo e para o Desporto na Natureza, pelo que certamente o PIOM ficar\u00e1 na lembran\u00e7a de todos como mais um evento desportivo de elevada qualidade.<\/span><\/p>\n<p style=\"margin: 0cm; margin-bottom: .0001pt; text-align: justify; background: white;\"><span style=\"font-size: 12pt; font-family: helvetica, arial, sans-serif;\">\u00a0<\/span><\/p>\n<p style=\"margin: 0cm; margin-bottom: .0001pt; text-align: justify; background: white;\"><span style=\"font-size: 12pt; font-family: helvetica, arial, sans-serif;\">O PIOM 2018 \u00e9 um evento de Orienta\u00e7\u00e3o pedestre, etapa a contar para o Ranking Mundial da Federa\u00e7\u00e3o Internacional de Orienta\u00e7\u00e3o (IOF WRE) e integrado no ranking da Ta\u00e7a de Portugal da Federa\u00e7\u00e3o Portuguesa de Orienta\u00e7\u00e3o, aberto a pessoas de qualquer idade, podendo participar nos escal\u00f5es de competi\u00e7\u00e3o ou nos escal\u00f5es abertos, individualmente, ou em grupo.<\/span><\/p>\n<p style=\"margin: 0cm; margin-bottom: .0001pt; text-align: justify; background: white;\"><span style=\"font-size: 12pt; font-family: helvetica, arial, sans-serif;\">\u00a0<\/span><\/p>\n<p style=\"margin: 0cm; margin-bottom: .0001pt; text-align: justify; background: white;\"><span style=\"font-size: 12pt; font-family: helvetica, arial, sans-serif;\">O PIOM ser\u00e1 constitu\u00eddo pelos seguintes eventos:<\/span><\/p>\n<p style=\"margin: 0cm; margin-bottom: .0001pt; text-align: justify; background: white;\"><span style=\"font-size: 12pt; font-family: helvetica, arial, sans-serif;\">\u2022 16 de Fevereiro 2018 \u2013 Provas de treino (Eventos Modelo);<\/span><\/p>\n<p style=\"margin: 0cm; margin-bottom: .0001pt; text-align: justify; background: white;\"><span style=\"font-size: 12pt; font-family: helvetica, arial, sans-serif;\">\u2022 17 de Fevereiro 2018 \u2013 Prova de dist\u00e2ncia M\u00e9dia \u2013 Rach\u00e3;<\/span><\/p>\n<p style=\"margin: 0cm; margin-bottom: .0001pt; text-align: justify; background: white;\"><span style=\"font-size: 12pt; font-family: helvetica, arial, sans-serif;\">\u2022 17 de Fevereiro 2018 \u2013 Prova Sprint Urbano Noturno \u2013 Penamacor;<\/span><\/p>\n<p style=\"margin: 0cm; margin-bottom: .0001pt; text-align: justify; background: white;\"><span style=\"font-size: 12pt; font-family: helvetica, arial, sans-serif;\">\u2022 18 de Fevereiro 2017 \u2013 Prova de dist\u00e2ncia Longa (WRE) \u2013 Dongalinho;<\/span><\/p>\n<p style=\"margin: 0cm; margin-bottom: .0001pt; text-align: justify; background: white;\"><span style=\"font-family: helvetica, arial, sans-serif;\">A classifica\u00e7\u00e3o final ser\u00e1 definida pela soma dos pontos das 3 etapas de competi\u00e7\u00e3o.<\/span><\/p>\n<p style=\"margin: 0cm; margin-bottom: .0001pt; text-align: justify; background: white;\"><span style=\"font-size: 12pt; font-family: helvetica, arial, sans-serif;\">\u00a0<\/span><\/p>\n<p style=\"margin: 0cm; margin-bottom: .0001pt; text-align: justify; background: white;\"><span style=\"font-size: 12pt; font-family: helvetica, arial, sans-serif;\">A organiza\u00e7\u00e3o d\u00e1 as boas vindas a todos os participantes no PIOM 2018.<\/span><\/p>\n<p style=\"margin: 0cm; margin-bottom: .0001pt; text-align: justify; background: white;\"><img loading=\"lazy\" decoding=\"async\" class=\"aligncenter size-full wp-image-561\" src=\"http:\/\/eventos.coc.pt\/piom2018\/wp-content\/uploads\/sites\/8\/2017\/04\/LAYOUT-HORIZONTAL_LOGOS-INSTITUCIONAIS_SITE.jpg\" alt=\"\" width=\"4962\" height=\"1300\" srcset=\"http:\/\/eventos.coc.pt\/piom2018\/wp-content\/uploads\/sites\/8\/2017\/04\/LAYOUT-HORIZONTAL_LOGOS-INSTITUCIONAIS_SITE.jpg 4962w, http:\/\/eventos.coc.pt\/piom2018\/wp-content\/uploads\/sites\/8\/2017\/04\/LAYOUT-HORIZONTAL_LOGOS-INSTITUCIONAIS_SITE-300x79.jpg 300w, http:\/\/eventos.coc.pt\/piom2018\/wp-content\/uploads\/sites\/8\/2017\/04\/LAYOUT-HORIZONTAL_LOGOS-INSTITUCIONAIS_SITE-768x201.jpg 768w, http:\/\/eventos.coc.pt\/piom2018\/wp-content\/uploads\/sites\/8\/2017\/04\/LAYOUT-HORIZONTAL_LOGOS-INSTITUCIONAIS_SITE-1024x268.jpg 1024w\" sizes=\"auto, (max-width: 4962px) 100vw, 4962px\" \/><\/p>\n<p><\/p>","protected":false},"excerpt":{"rendered":"<p>Dois anos ap\u00f3s o POM 2016, o COC \u2013 Clube de Orienta\u00e7\u00e3o do Centro, regressa a Penamacor, para em parceria com a C\u00e2mara Municipal de Penamacor, organizar o Penamacor International Orienteering Meeting (PIOM) 2018. \u00a0 Penamacor \u00e9 um Concelho com excelentes condi\u00e7\u00f5es para o Turismo e para o Desporto na Natureza, pelo que certamente o &hellip; <a href=\"http:\/\/eventos.coc.pt\/piom2018\/apresentacao\/\" class=\"more-link\">Continuar a ler <span class=\"screen-reader-text\">Apresenta\u00e7\u00e3o<\/span><\/a><\/p>\n","protected":false},"author":1,"featured_media":0,"parent":0,"menu_order":0,"comment_status":"closed","ping_status":"closed","template":"","meta":{"footnotes":""},"class_list":["post-400","page","type-page","status-publish","hentry"],"_links":{"self":[{"href":"http:\/\/eventos.coc.pt\/piom2018\/wp-json\/wp\/v2\/pages\/400","targetHints":{"allow":["GET"]}}],"collection":[{"href":"http:\/\/eventos.coc.pt\/piom2018\/wp-json\/wp\/v2\/pages"}],"about":[{"href":"http:\/\/eventos.coc.pt\/piom2018\/wp-json\/wp\/v2\/types\/page"}],"author":[{"embeddable":true,"href":"http:\/\/eventos.coc.pt\/piom2018\/wp-json\/wp\/v2\/users\/1"}],"replies":[{"embeddable":true,"href":"http:\/\/eventos.coc.pt\/piom2018\/wp-json\/wp\/v2\/comments?post=400"}],"version-history":[{"count":10,"href":"http:\/\/eventos.coc.pt\/piom2018\/wp-json\/wp\/v2\/pages\/400\/revisions"}],"predecessor-version":[{"id":794,"href":"http:\/\/eventos.coc.pt\/piom2018\/wp-json\/wp\/v2\/pages\/400\/revisions\/794"}],"wp:attachment":[{"href":"http:\/\/eventos.coc.pt\/piom2018\/wp-json\/wp\/v2\/media?parent=400"}],"curies":[{"name":"wp","href":"https:\/\/api.w.org\/{rel}","templated":true}]}}