{"id":456,"date":"2017-03-11T23:26:46","date_gmt":"2017-03-11T23:26:46","guid":{"rendered":"http:\/\/eventos.coc.pt\/piom2018\/?page_id=456"},"modified":"2017-11-21T21:50:00","modified_gmt":"2017-11-21T21:50:00","slug":"dia-2-distancia-longa-wre-dongalinho","status":"publish","type":"page","link":"http:\/\/eventos.coc.pt\/piom2018\/dia-2-distancia-longa-wre-dongalinho\/","title":{"rendered":"Etapa 3 &#8211; Dist\u00e2ncia Longa (WRE) &#8211; Dongalinho"},"content":{"rendered":"<p><strong>Mapa<\/strong>: Dongalinho (Mapa de 2015 com revis\u00e3o em 2017 + 2.6 Km2 \u00e1rea nova cartografada em 2017)<br \/>\n<strong>Cart\u00f3grafo<\/strong>: Rui Antunes<br \/>\n<strong>Tra\u00e7ador de percursos:<\/strong>\u00a0Rui Antunes<br \/>\n<strong>Supervisor IOF<\/strong>: Crispim Junior<\/p>\n<p><strong>Excertos Mapa: <\/strong><br \/>\n<div id=\"metaslider-id-679\" style=\"max-width: 480px; margin: 0 auto;\" class=\"ml-slider-3-103-0 metaslider metaslider-flex metaslider-679 ml-slider ms-theme-default nav-hidden\" role=\"region\" aria-label=\"Etapa 3 - Excertos\" data-height=\"320\" data-width=\"480\">\n    <div id=\"metaslider_container_679\">\n        <div id=\"metaslider_679\">\n            <ul class='slides'>\n                <li style=\"display: block; width: 100%;\" class=\"slide-680 ms-image \" aria-roledescription=\"slide\" data-date=\"2017-08-26 12:54:03\" data-slide-type=\"image\"><img loading=\"lazy\" decoding=\"async\" width=\"246\" height=\"229\" src=\"http:\/\/eventos.coc.pt\/piom2018\/wp-content\/uploads\/sites\/8\/2017\/08\/Day2SouthAreaNotUsed2016.jpg\" class=\"slider-679 slide-680 msDefaultImage\" alt=\"\" rel=\"\" title=\"\" \/><\/li>\n                <li style=\"display: none; width: 100%;\" class=\"slide-681 ms-image \" aria-roledescription=\"slide\" data-date=\"2017-08-26 12:54:03\" data-slide-type=\"image\"><img loading=\"lazy\" decoding=\"async\" width=\"283\" height=\"262\" src=\"http:\/\/eventos.coc.pt\/piom2018\/wp-content\/uploads\/sites\/8\/2017\/08\/Day2DongalinhoRemaping.jpg\" class=\"slider-679 slide-681 msDefaultImage\" alt=\"\" rel=\"\" title=\"\" \/><\/li>\n                <li style=\"display: none; width: 100%;\" class=\"slide-682 ms-image \" aria-roledescription=\"slide\" data-date=\"2017-08-26 12:54:03\" data-slide-type=\"image\"><img loading=\"lazy\" decoding=\"async\" width=\"289\" height=\"238\" src=\"http:\/\/eventos.coc.pt\/piom2018\/wp-content\/uploads\/sites\/8\/2017\/08\/Day2DongalinhoNewArea.jpg\" class=\"slider-679 slide-682 msDefaultImage\" alt=\"\" rel=\"\" title=\"\" \/><\/li>\n                <li style=\"display: none; width: 100%;\" class=\"slide-683 ms-image \" aria-roledescription=\"slide\" data-date=\"2017-08-26 12:54:03\" data-slide-type=\"image\"><img loading=\"lazy\" decoding=\"async\" width=\"274\" height=\"189\" src=\"http:\/\/eventos.coc.pt\/piom2018\/wp-content\/uploads\/sites\/8\/2017\/08\/Day2DongalinhoNewArea2.jpg\" class=\"slider-679 slide-683 msDefaultImage\" alt=\"\" rel=\"\" title=\"\" \/><\/li>\n            <\/ul>\n        <\/div>\n        \n    <\/div>\n<\/div><br \/>\n<strong>Fotos:<\/strong><br \/>\n<div id=\"metaslider-id-684\" style=\"max-width: 480px; margin: 0 auto;\" class=\"ml-slider-3-103-0 metaslider metaslider-flex metaslider-684 ml-slider ms-theme-default nav-hidden nav-hidden\" role=\"region\" aria-label=\"Etapa 3 - Fotos\" data-height=\"320\" data-width=\"480\">\n    <div id=\"metaslider_container_684\">\n        <div id=\"metaslider_684\">\n            <ul class='slides'>\n                <li style=\"display: block; width: 100%;\" class=\"slide-685 ms-image \" aria-roledescription=\"slide\" data-date=\"2017-08-26 12:54:24\" data-slide-type=\"image\"><img loading=\"lazy\" decoding=\"async\" width=\"2041\" height=\"1217\" src=\"http:\/\/eventos.coc.pt\/piom2018\/wp-content\/uploads\/sites\/8\/2017\/08\/Dongalinho_4AreaNova.jpg\" class=\"slider-684 slide-685 msDefaultImage\" alt=\"\" rel=\"\" title=\"\" srcset=\"http:\/\/eventos.coc.pt\/piom2018\/wp-content\/uploads\/sites\/8\/2017\/08\/Dongalinho_4AreaNova.jpg 2041w, http:\/\/eventos.coc.pt\/piom2018\/wp-content\/uploads\/sites\/8\/2017\/08\/Dongalinho_4AreaNova-300x179.jpg 300w, http:\/\/eventos.coc.pt\/piom2018\/wp-content\/uploads\/sites\/8\/2017\/08\/Dongalinho_4AreaNova-768x458.jpg 768w, http:\/\/eventos.coc.pt\/piom2018\/wp-content\/uploads\/sites\/8\/2017\/08\/Dongalinho_4AreaNova-1024x611.jpg 1024w, http:\/\/eventos.coc.pt\/piom2018\/wp-content\/uploads\/sites\/8\/2017\/08\/Dongalinho_4AreaNova-600x358.jpg 600w\" sizes=\"auto, (max-width: 2041px) 100vw, 2041px\" \/><\/li>\n                <li style=\"display: none; width: 100%;\" class=\"slide-686 ms-image \" aria-roledescription=\"slide\" data-date=\"2017-08-26 12:54:24\" data-slide-type=\"image\"><img loading=\"lazy\" decoding=\"async\" width=\"3264\" height=\"1836\" src=\"http:\/\/eventos.coc.pt\/piom2018\/wp-content\/uploads\/sites\/8\/2017\/08\/Dongalinho_Calhau.jpg\" class=\"slider-684 slide-686 msDefaultImage\" alt=\"\" rel=\"\" title=\"\" srcset=\"http:\/\/eventos.coc.pt\/piom2018\/wp-content\/uploads\/sites\/8\/2017\/08\/Dongalinho_Calhau.jpg 3264w, http:\/\/eventos.coc.pt\/piom2018\/wp-content\/uploads\/sites\/8\/2017\/08\/Dongalinho_Calhau-300x169.jpg 300w, http:\/\/eventos.coc.pt\/piom2018\/wp-content\/uploads\/sites\/8\/2017\/08\/Dongalinho_Calhau-768x432.jpg 768w, http:\/\/eventos.coc.pt\/piom2018\/wp-content\/uploads\/sites\/8\/2017\/08\/Dongalinho_Calhau-1024x576.jpg 1024w, http:\/\/eventos.coc.pt\/piom2018\/wp-content\/uploads\/sites\/8\/2017\/08\/Dongalinho_Calhau-600x338.jpg 600w\" sizes=\"auto, (max-width: 3264px) 100vw, 3264px\" \/><\/li>\n                <li style=\"display: none; width: 100%;\" class=\"slide-687 ms-image \" aria-roledescription=\"slide\" data-date=\"2017-08-26 12:54:24\" data-slide-type=\"image\"><img loading=\"lazy\" decoding=\"async\" width=\"3264\" height=\"1836\" src=\"http:\/\/eventos.coc.pt\/piom2018\/wp-content\/uploads\/sites\/8\/2017\/08\/Dongalinho_Day4POM2016.jpg\" class=\"slider-684 slide-687 msDefaultImage\" alt=\"\" rel=\"\" title=\"\" srcset=\"http:\/\/eventos.coc.pt\/piom2018\/wp-content\/uploads\/sites\/8\/2017\/08\/Dongalinho_Day4POM2016.jpg 3264w, http:\/\/eventos.coc.pt\/piom2018\/wp-content\/uploads\/sites\/8\/2017\/08\/Dongalinho_Day4POM2016-300x169.jpg 300w, http:\/\/eventos.coc.pt\/piom2018\/wp-content\/uploads\/sites\/8\/2017\/08\/Dongalinho_Day4POM2016-768x432.jpg 768w, http:\/\/eventos.coc.pt\/piom2018\/wp-content\/uploads\/sites\/8\/2017\/08\/Dongalinho_Day4POM2016-1024x576.jpg 1024w, http:\/\/eventos.coc.pt\/piom2018\/wp-content\/uploads\/sites\/8\/2017\/08\/Dongalinho_Day4POM2016-600x338.jpg 600w\" sizes=\"auto, (max-width: 3264px) 100vw, 3264px\" \/><\/li>\n                <li style=\"display: none; width: 100%;\" class=\"slide-688 ms-image \" aria-roledescription=\"slide\" data-date=\"2017-08-26 12:54:24\" data-slide-type=\"image\"><img loading=\"lazy\" decoding=\"async\" width=\"3264\" height=\"1836\" src=\"http:\/\/eventos.coc.pt\/piom2018\/wp-content\/uploads\/sites\/8\/2017\/08\/Dongalinho_ImagemdeMarcada-zona.jpg\" class=\"slider-684 slide-688 msDefaultImage\" alt=\"\" rel=\"\" title=\"\" srcset=\"http:\/\/eventos.coc.pt\/piom2018\/wp-content\/uploads\/sites\/8\/2017\/08\/Dongalinho_ImagemdeMarcada-zona.jpg 3264w, http:\/\/eventos.coc.pt\/piom2018\/wp-content\/uploads\/sites\/8\/2017\/08\/Dongalinho_ImagemdeMarcada-zona-300x169.jpg 300w, http:\/\/eventos.coc.pt\/piom2018\/wp-content\/uploads\/sites\/8\/2017\/08\/Dongalinho_ImagemdeMarcada-zona-768x432.jpg 768w, http:\/\/eventos.coc.pt\/piom2018\/wp-content\/uploads\/sites\/8\/2017\/08\/Dongalinho_ImagemdeMarcada-zona-1024x576.jpg 1024w, http:\/\/eventos.coc.pt\/piom2018\/wp-content\/uploads\/sites\/8\/2017\/08\/Dongalinho_ImagemdeMarcada-zona-600x338.jpg 600w\" sizes=\"auto, (max-width: 3264px) 100vw, 3264px\" \/><\/li>\n                <li style=\"display: none; width: 100%;\" class=\"slide-689 ms-image \" aria-roledescription=\"slide\" data-date=\"2017-08-26 12:54:24\" data-slide-type=\"image\"><img loading=\"lazy\" decoding=\"async\" width=\"2048\" height=\"1536\" src=\"http:\/\/eventos.coc.pt\/piom2018\/wp-content\/uploads\/sites\/8\/2017\/08\/Dongalinho_1.jpg\" class=\"slider-684 slide-689 msDefaultImage\" alt=\"\" rel=\"\" title=\"\" srcset=\"http:\/\/eventos.coc.pt\/piom2018\/wp-content\/uploads\/sites\/8\/2017\/08\/Dongalinho_1.jpg 2048w, http:\/\/eventos.coc.pt\/piom2018\/wp-content\/uploads\/sites\/8\/2017\/08\/Dongalinho_1-300x225.jpg 300w, http:\/\/eventos.coc.pt\/piom2018\/wp-content\/uploads\/sites\/8\/2017\/08\/Dongalinho_1-768x576.jpg 768w, http:\/\/eventos.coc.pt\/piom2018\/wp-content\/uploads\/sites\/8\/2017\/08\/Dongalinho_1-1024x768.jpg 1024w, http:\/\/eventos.coc.pt\/piom2018\/wp-content\/uploads\/sites\/8\/2017\/08\/Dongalinho_1-600x450.jpg 600w\" sizes=\"auto, (max-width: 2048px) 100vw, 2048px\" \/><\/li>\n                <li style=\"display: none; width: 100%;\" class=\"slide-690 ms-image \" aria-roledescription=\"slide\" data-date=\"2017-08-26 12:54:24\" data-slide-type=\"image\"><img loading=\"lazy\" decoding=\"async\" width=\"2048\" height=\"1536\" src=\"http:\/\/eventos.coc.pt\/piom2018\/wp-content\/uploads\/sites\/8\/2017\/08\/Dongalinho_2.jpg\" class=\"slider-684 slide-690 msDefaultImage\" alt=\"\" rel=\"\" title=\"\" srcset=\"http:\/\/eventos.coc.pt\/piom2018\/wp-content\/uploads\/sites\/8\/2017\/08\/Dongalinho_2.jpg 2048w, http:\/\/eventos.coc.pt\/piom2018\/wp-content\/uploads\/sites\/8\/2017\/08\/Dongalinho_2-300x225.jpg 300w, http:\/\/eventos.coc.pt\/piom2018\/wp-content\/uploads\/sites\/8\/2017\/08\/Dongalinho_2-768x576.jpg 768w, http:\/\/eventos.coc.pt\/piom2018\/wp-content\/uploads\/sites\/8\/2017\/08\/Dongalinho_2-1024x768.jpg 1024w, http:\/\/eventos.coc.pt\/piom2018\/wp-content\/uploads\/sites\/8\/2017\/08\/Dongalinho_2-600x450.jpg 600w\" sizes=\"auto, (max-width: 2048px) 100vw, 2048px\" \/><\/li>\n                <li style=\"display: none; width: 100%;\" class=\"slide-691 ms-image \" aria-roledescription=\"slide\" data-date=\"2017-08-26 12:54:24\" data-slide-type=\"image\"><img loading=\"lazy\" decoding=\"async\" width=\"2048\" height=\"1536\" src=\"http:\/\/eventos.coc.pt\/piom2018\/wp-content\/uploads\/sites\/8\/2017\/08\/Dongalinho_3.jpg\" class=\"slider-684 slide-691 msDefaultImage\" alt=\"\" rel=\"\" title=\"\" srcset=\"http:\/\/eventos.coc.pt\/piom2018\/wp-content\/uploads\/sites\/8\/2017\/08\/Dongalinho_3.jpg 2048w, http:\/\/eventos.coc.pt\/piom2018\/wp-content\/uploads\/sites\/8\/2017\/08\/Dongalinho_3-300x225.jpg 300w, http:\/\/eventos.coc.pt\/piom2018\/wp-content\/uploads\/sites\/8\/2017\/08\/Dongalinho_3-768x576.jpg 768w, http:\/\/eventos.coc.pt\/piom2018\/wp-content\/uploads\/sites\/8\/2017\/08\/Dongalinho_3-1024x768.jpg 1024w, http:\/\/eventos.coc.pt\/piom2018\/wp-content\/uploads\/sites\/8\/2017\/08\/Dongalinho_3-600x450.jpg 600w\" sizes=\"auto, (max-width: 2048px) 100vw, 2048px\" \/><\/li>\n            <\/ul>\n        <\/div>\n        \n    <\/div>\n<\/div><br \/>\n<strong>Informa\u00e7\u00e3o dos percursos:<\/strong><\/p>\n<table width=\"517\">\n<tbody>\n<tr>\n<td style=\"text-align: center;\" width=\"143\"><strong>Escal\u00e3o<\/strong><\/td>\n<td style=\"text-align: center;\" width=\"98\"><strong>Dist\u00e2ncia (km)<\/strong><\/td>\n<td style=\"text-align: center;\" width=\"75\"><strong>N\u00ba Pontos<\/strong><\/td>\n<td style=\"text-align: center;\" width=\"97\"><strong>Desn\u00edvel (mts)<\/strong><\/td>\n<td style=\"text-align: center;\" width=\"97\"><b>Espectadores<\/b><\/td>\n<td style=\"text-align: center;\" width=\"104\"><strong>Escala do mapa<\/strong><\/td>\n<\/tr>\n<tr>\n<td style=\"text-align: center;\">M10<\/td>\n<td style=\"text-align: center;\">3,0<\/td>\n<td style=\"text-align: center;\">16<\/td>\n<td style=\"text-align: center;\">85<\/td>\n<td style=\"text-align: center;\"><\/td>\n<td style=\"text-align: center;\" rowspan=\"2\">1:7500<\/td>\n<\/tr>\n<tr>\n<td style=\"text-align: center;\">M12<\/td>\n<td style=\"text-align: center;\">3,5<\/td>\n<td style=\"text-align: center;\">16<\/td>\n<td style=\"text-align: center;\">95<\/td>\n<td style=\"text-align: center;\"><\/td>\n<\/tr>\n<tr>\n<td style=\"text-align: center;\">M14<\/td>\n<td style=\"text-align: center;\">4,2<\/td>\n<td style=\"text-align: center;\">13<\/td>\n<td style=\"text-align: center;\">165<\/td>\n<td style=\"text-align: center;\"><\/td>\n<td style=\"text-align: center;\" rowspan=\"2\">1:10000<\/td>\n<\/tr>\n<tr>\n<td style=\"text-align: center;\">M16<\/td>\n<td style=\"text-align: center;\">5,6<\/td>\n<td style=\"text-align: center;\">11<\/td>\n<td style=\"text-align: center;\">190<\/td>\n<td style=\"text-align: center;\"><\/td>\n<\/tr>\n<tr>\n<td style=\"text-align: center;\">M18<\/td>\n<td style=\"text-align: center;\">7,1<\/td>\n<td style=\"text-align: center;\">15<\/td>\n<td style=\"text-align: center;\">285<\/td>\n<td style=\"text-align: center;\">Ponto Controlo<\/td>\n<td style=\"text-align: center;\" rowspan=\"4\">1:15000<\/td>\n<\/tr>\n<tr>\n<td style=\"text-align: center;\">M20<\/td>\n<td style=\"text-align: center;\">8,7<\/td>\n<td style=\"text-align: center;\">15<\/td>\n<td style=\"text-align: center;\">335<\/td>\n<td style=\"text-align: center;\">Corredor<\/td>\n<\/tr>\n<tr>\n<td style=\"text-align: center;\">SE \/ ME<\/td>\n<td style=\"text-align: center;\">12,7<\/td>\n<td style=\"text-align: center;\">19<\/td>\n<td style=\"text-align: center;\">395<\/td>\n<td style=\"text-align: center;\">Corredor<\/td>\n<\/tr>\n<tr>\n<td style=\"text-align: center;\">M21A<\/td>\n<td style=\"text-align: center;\">7,9<\/td>\n<td style=\"text-align: center;\">16<\/td>\n<td style=\"text-align: center;\">255<\/td>\n<td style=\"text-align: center;\">Ponto Controlo<\/td>\n<\/tr>\n<tr>\n<td style=\"text-align: center;\">M21B<\/td>\n<td style=\"text-align: center;\">5,3<\/td>\n<td style=\"text-align: center;\">16<\/td>\n<td style=\"text-align: center;\">175<\/td>\n<td style=\"text-align: center;\"><\/td>\n<td style=\"text-align: center;\">1:10000<\/td>\n<\/tr>\n<tr>\n<td style=\"text-align: center;\">M35<\/td>\n<td style=\"text-align: center;\">8,2<\/td>\n<td style=\"text-align: center;\">15<\/td>\n<td style=\"text-align: center;\">235<\/td>\n<td style=\"text-align: center;\">Corredor<\/td>\n<td style=\"text-align: center;\" rowspan=\"2\">1:10000<\/td>\n<\/tr>\n<tr>\n<td style=\"text-align: center;\">M40<\/td>\n<td style=\"text-align: center;\">7,3<\/td>\n<td style=\"text-align: center;\">15<\/td>\n<td style=\"text-align: center;\">275<\/td>\n<td style=\"text-align: center;\">Ponto Controlo<\/td>\n<\/tr>\n<tr>\n<td style=\"text-align: center;\">M45<\/td>\n<td style=\"text-align: center;\">6,4<\/td>\n<td style=\"text-align: center;\">14<\/td>\n<td style=\"text-align: center;\">275<\/td>\n<td style=\"text-align: center;\"><\/td>\n<td style=\"text-align: center;\" rowspan=\"4\">1:10000<\/td>\n<\/tr>\n<tr>\n<td style=\"text-align: center;\">M50<\/td>\n<td style=\"text-align: center;\">6,2<\/td>\n<td style=\"text-align: center;\">12<\/td>\n<td style=\"text-align: center;\">230<\/td>\n<td style=\"text-align: center;\"><\/td>\n<\/tr>\n<tr>\n<td style=\"text-align: center;\">M55<\/td>\n<td style=\"text-align: center;\">5,6<\/td>\n<td style=\"text-align: center;\">12<\/td>\n<td style=\"text-align: center;\">200<\/td>\n<td style=\"text-align: center;\"><\/td>\n<\/tr>\n<tr>\n<td style=\"text-align: center;\">M60<\/td>\n<td style=\"text-align: center;\">5,3<\/td>\n<td style=\"text-align: center;\">11<\/td>\n<td style=\"text-align: center;\">205<\/td>\n<td style=\"text-align: center;\"><\/td>\n<\/tr>\n<tr>\n<td style=\"text-align: center;\">M65<\/td>\n<td style=\"text-align: center;\">4,9<\/td>\n<td style=\"text-align: center;\">11<\/td>\n<td style=\"text-align: center;\">170<\/td>\n<td style=\"text-align: center;\"><\/td>\n<td style=\"text-align: center;\" rowspan=\"5\">1:7500<\/td>\n<\/tr>\n<tr>\n<td style=\"text-align: center;\">M70<\/td>\n<td style=\"text-align: center;\">4,2<\/td>\n<td style=\"text-align: center;\">11<\/td>\n<td style=\"text-align: center;\">195<\/td>\n<td style=\"text-align: center;\"><\/td>\n<\/tr>\n<tr>\n<td style=\"text-align: center;\">M75<\/td>\n<td style=\"text-align: center;\">3,1<\/td>\n<td style=\"text-align: center;\">8<\/td>\n<td style=\"text-align: center;\">130<\/td>\n<td style=\"text-align: center;\"><\/td>\n<\/tr>\n<tr>\n<td style=\"text-align: center;\">M80<\/td>\n<td style=\"text-align: center;\">2,7<\/td>\n<td style=\"text-align: center;\">10<\/td>\n<td style=\"text-align: center;\">85<\/td>\n<td style=\"text-align: center;\"><\/td>\n<\/tr>\n<tr>\n<td style=\"text-align: center;\">M85<\/td>\n<td style=\"text-align: center;\">2,7<\/td>\n<td style=\"text-align: center;\">10<\/td>\n<td style=\"text-align: center;\">85<\/td>\n<td style=\"text-align: center;\"><\/td>\n<\/tr>\n<tr>\n<td style=\"text-align: center;\">W10<\/td>\n<td style=\"text-align: center;\">3,0<\/td>\n<td style=\"text-align: center;\">16<\/td>\n<td style=\"text-align: center;\">85<\/td>\n<td style=\"text-align: center;\"><\/td>\n<td style=\"text-align: center;\" rowspan=\"2\">1:7500<\/td>\n<\/tr>\n<tr>\n<td style=\"text-align: center;\">W12<\/td>\n<td style=\"text-align: center;\">3,5<\/td>\n<td style=\"text-align: center;\">16<\/td>\n<td style=\"text-align: center;\">95<\/td>\n<td style=\"text-align: center;\"><\/td>\n<\/tr>\n<tr>\n<td style=\"text-align: center;\">W14<\/td>\n<td style=\"text-align: center;\">3,5<\/td>\n<td style=\"text-align: center;\">11<\/td>\n<td style=\"text-align: center;\">120<\/td>\n<td style=\"text-align: center;\"><\/td>\n<td style=\"text-align: center;\" rowspan=\"2\">1:10000<\/td>\n<\/tr>\n<tr>\n<td style=\"text-align: center;\">W16<\/td>\n<td style=\"text-align: center;\">4,6<\/td>\n<td style=\"text-align: center;\">9<\/td>\n<td style=\"text-align: center;\">145<\/td>\n<td style=\"text-align: center;\"><\/td>\n<\/tr>\n<tr>\n<td style=\"text-align: center;\">W18<\/td>\n<td style=\"text-align: center;\">5,3<\/td>\n<td style=\"text-align: center;\">10<\/td>\n<td style=\"text-align: center;\">155<\/td>\n<td style=\"text-align: center;\"><\/td>\n<td style=\"text-align: center;\" rowspan=\"4\">1:15000<\/td>\n<\/tr>\n<tr>\n<td style=\"text-align: center;\">W20<\/td>\n<td style=\"text-align: center;\">5,9<\/td>\n<td style=\"text-align: center;\">13<\/td>\n<td style=\"text-align: center;\">200<\/td>\n<td style=\"text-align: center;\"><\/td>\n<\/tr>\n<tr>\n<td style=\"text-align: center;\">WE<\/td>\n<td style=\"text-align: center;\">8,6<\/td>\n<td style=\"text-align: center;\">15<\/td>\n<td style=\"text-align: center;\">285<\/td>\n<td style=\"text-align: center;\">Corredor<\/td>\n<\/tr>\n<tr>\n<td style=\"text-align: center;\">W21A<\/td>\n<td style=\"text-align: center;\">4,7<\/td>\n<td style=\"text-align: center;\">8<\/td>\n<td style=\"text-align: center;\">150<\/td>\n<td style=\"text-align: center;\"><\/td>\n<\/tr>\n<tr>\n<td style=\"text-align: center;\">W21B<\/td>\n<td style=\"text-align: center;\">3,8<\/td>\n<td style=\"text-align: center;\">11<\/td>\n<td style=\"text-align: center;\">125<\/td>\n<td style=\"text-align: center;\"><\/td>\n<td style=\"text-align: center;\">1:10000<\/td>\n<\/tr>\n<tr>\n<td style=\"text-align: center;\">W35<\/td>\n<td style=\"text-align: center;\">4,8<\/td>\n<td style=\"text-align: center;\">9<\/td>\n<td style=\"text-align: center;\">170<\/td>\n<td style=\"text-align: center;\"><\/td>\n<td style=\"text-align: center;\" rowspan=\"2\">1:10000<\/td>\n<\/tr>\n<tr>\n<td style=\"text-align: center;\">W40<\/td>\n<td style=\"text-align: center;\">4,8<\/td>\n<td style=\"text-align: center;\">9<\/td>\n<td style=\"text-align: center;\">170<\/td>\n<td style=\"text-align: center;\"><\/td>\n<\/tr>\n<tr>\n<td style=\"text-align: center;\">W45<\/td>\n<td style=\"text-align: center;\">4,7<\/td>\n<td style=\"text-align: center;\">9<\/td>\n<td style=\"text-align: center;\">170<\/td>\n<td style=\"text-align: center;\"><\/td>\n<td style=\"text-align: center;\" rowspan=\"4\">1:10000<\/td>\n<\/tr>\n<tr>\n<td style=\"text-align: center;\">W50<\/td>\n<td style=\"text-align: center;\">4,5<\/td>\n<td style=\"text-align: center;\">9<\/td>\n<td style=\"text-align: center;\">160<\/td>\n<td style=\"text-align: center;\"><\/td>\n<\/tr>\n<tr>\n<td style=\"text-align: center;\">W55<\/td>\n<td style=\"text-align: center;\">4,2<\/td>\n<td style=\"text-align: center;\">9<\/td>\n<td style=\"text-align: center;\">155<\/td>\n<td style=\"text-align: center;\"><\/td>\n<\/tr>\n<tr>\n<td style=\"text-align: center;\">W60<\/td>\n<td style=\"text-align: center;\">4,2<\/td>\n<td style=\"text-align: center;\">9<\/td>\n<td style=\"text-align: center;\">155<\/td>\n<td style=\"text-align: center;\"><\/td>\n<\/tr>\n<tr>\n<td style=\"text-align: center;\">W65<\/td>\n<td style=\"text-align: center;\">3,1<\/td>\n<td style=\"text-align: center;\">8<\/td>\n<td style=\"text-align: center;\">130<\/td>\n<td style=\"text-align: center;\"><\/td>\n<td style=\"text-align: center;\" rowspan=\"4\">1:7500<\/td>\n<\/tr>\n<tr>\n<td style=\"text-align: center;\">W70<\/td>\n<td style=\"text-align: center;\">2,7<\/td>\n<td style=\"text-align: center;\">10<\/td>\n<td style=\"text-align: center;\">85<\/td>\n<td style=\"text-align: center;\"><\/td>\n<\/tr>\n<tr>\n<td style=\"text-align: center;\">W75<\/td>\n<td style=\"text-align: center;\">2,0<\/td>\n<td style=\"text-align: center;\">7<\/td>\n<td style=\"text-align: center;\">65<\/td>\n<td style=\"text-align: center;\"><\/td>\n<\/tr>\n<tr>\n<td style=\"text-align: center;\">W80<\/td>\n<td style=\"text-align: center;\">2,0<\/td>\n<td style=\"text-align: center;\">7<\/td>\n<td style=\"text-align: center;\">65<\/td>\n<td style=\"text-align: center;\"><\/td>\n<\/tr>\n<tr>\n<td style=\"text-align: center;\">EASY SHORT<\/td>\n<td style=\"text-align: center;\">3,5<\/td>\n<td style=\"text-align: center;\">18<\/td>\n<td style=\"text-align: center;\">105<\/td>\n<td style=\"text-align: center;\"><\/td>\n<td style=\"text-align: center;\">1:7500<\/td>\n<\/tr>\n<tr>\n<td style=\"text-align: center;\">EASY LONG<\/td>\n<td style=\"text-align: center;\">4,7<\/td>\n<td style=\"text-align: center;\">19<\/td>\n<td style=\"text-align: center;\">135<\/td>\n<td style=\"text-align: center;\"><\/td>\n<td style=\"text-align: center;\" rowspan=\"3\">1:10000<\/td>\n<\/tr>\n<tr>\n<td style=\"text-align: center;\">DIFFICULT SHORT<\/td>\n<td style=\"text-align: center;\">4,0<\/td>\n<td style=\"text-align: center;\">10<\/td>\n<td style=\"text-align: center;\">165<\/td>\n<td style=\"text-align: center;\"><\/td>\n<\/tr>\n<tr>\n<td style=\"text-align: center;\">DIFFICULT LONG<\/td>\n<td style=\"text-align: center;\">5,8<\/td>\n<td style=\"text-align: center;\">12<\/td>\n<td style=\"text-align: center;\">235<\/td>\n<td style=\"text-align: center;\"><\/td>\n<\/tr>\n<\/tbody>\n<\/table>\n<p><\/p>","protected":false},"excerpt":{"rendered":"<p>Mapa: Dongalinho (Mapa de 2015 com revis\u00e3o em 2017 + 2.6 Km2 \u00e1rea nova cartografada em 2017) Cart\u00f3grafo: Rui Antunes Tra\u00e7ador de percursos:\u00a0Rui Antunes Supervisor IOF: Crispim Junior Excertos Mapa: Fotos: Informa\u00e7\u00e3o dos percursos: Escal\u00e3o Dist\u00e2ncia (km) N\u00ba Pontos Desn\u00edvel (mts) Espectadores Escala do mapa M10 3,0 16 85 1:7500 M12 3,5 16 95 M14 &hellip; <a href=\"http:\/\/eventos.coc.pt\/piom2018\/dia-2-distancia-longa-wre-dongalinho\/\" class=\"more-link\">Continuar a ler <span class=\"screen-reader-text\">Etapa 3 &#8211; Dist\u00e2ncia Longa (WRE) &#8211; Dongalinho<\/span><\/a><\/p>\n","protected":false},"author":1,"featured_media":0,"parent":0,"menu_order":0,"comment_status":"closed","ping_status":"closed","template":"","meta":{"footnotes":""},"class_list":["post-456","page","type-page","status-publish","hentry"],"_links":{"self":[{"href":"http:\/\/eventos.coc.pt\/piom2018\/wp-json\/wp\/v2\/pages\/456","targetHints":{"allow":["GET"]}}],"collection":[{"href":"http:\/\/eventos.coc.pt\/piom2018\/wp-json\/wp\/v2\/pages"}],"about":[{"href":"http:\/\/eventos.coc.pt\/piom2018\/wp-json\/wp\/v2\/types\/page"}],"author":[{"embeddable":true,"href":"http:\/\/eventos.coc.pt\/piom2018\/wp-json\/wp\/v2\/users\/1"}],"replies":[{"embeddable":true,"href":"http:\/\/eventos.coc.pt\/piom2018\/wp-json\/wp\/v2\/comments?post=456"}],"version-history":[{"count":18,"href":"http:\/\/eventos.coc.pt\/piom2018\/wp-json\/wp\/v2\/pages\/456\/revisions"}],"predecessor-version":[{"id":743,"href":"http:\/\/eventos.coc.pt\/piom2018\/wp-json\/wp\/v2\/pages\/456\/revisions\/743"}],"wp:attachment":[{"href":"http:\/\/eventos.coc.pt\/piom2018\/wp-json\/wp\/v2\/media?parent=456"}],"curies":[{"name":"wp","href":"https:\/\/api.w.org\/{rel}","templated":true}]}}