{"id":576,"date":"2017-07-02T11:16:38","date_gmt":"2017-07-02T11:16:38","guid":{"rendered":"http:\/\/eventos.coc.pt\/piom2018\/?page_id=576"},"modified":"2017-10-28T19:50:33","modified_gmt":"2017-10-28T19:50:33","slug":"boas-vindas","status":"publish","type":"page","link":"http:\/\/eventos.coc.pt\/piom2018\/boas-vindas\/","title":{"rendered":"Boas Vindas"},"content":{"rendered":"<p><span style=\"font-family: helvetica, arial, sans-serif; font-size: 14pt;\"><strong>Mensagem do Presidente de Penamacor<\/strong><\/span><\/p>\n<p><img loading=\"lazy\" decoding=\"async\" class=\"wp-image-579 size-medium alignleft\" src=\"http:\/\/eventos.coc.pt\/piom2018\/wp-content\/uploads\/sites\/8\/2017\/07\/presidente2-252x300.jpg\" alt=\"\" width=\"252\" height=\"300\" srcset=\"http:\/\/eventos.coc.pt\/piom2018\/wp-content\/uploads\/sites\/8\/2017\/07\/presidente2-252x300.jpg 252w, http:\/\/eventos.coc.pt\/piom2018\/wp-content\/uploads\/sites\/8\/2017\/07\/presidente2-768x913.jpg 768w, http:\/\/eventos.coc.pt\/piom2018\/wp-content\/uploads\/sites\/8\/2017\/07\/presidente2-862x1024.jpg 862w, http:\/\/eventos.coc.pt\/piom2018\/wp-content\/uploads\/sites\/8\/2017\/07\/presidente2.jpg 1800w\" sizes=\"auto, (max-width: 252px) 100vw, 252px\" \/><span style=\"font-family: helvetica, arial, sans-serif; font-size: 12pt;\">Em Portugal costumamos dizer que equipa que ganha n\u00e3o mexe. Tal \u00e9 exactamente o que vem acontecendo com a parceria formada pela C\u00e2mara Municipal de Penamacor e o COC &#8211; Clube de Orienta\u00e7\u00e3o do Centro &#8211;\u00a0 desde h\u00e1 cerca de quatro anos, quando tomamos a decis\u00e3o de organizar em conjunto o <em>PORTUGAL\u00a0 \u201cO\u201d MEETING 2016<\/em>.\u00a0Como disse na altura, tendo em conta a magnitude desse evento, quer do ponto de vista do n\u00famero de participantes, quer, sobretudo, da sua qualidade, \u00a0como Presidente da C\u00e2mara n\u00e3o hesitei em embarcar nessa aventura.\u00a0 E a verdade \u00e9 que valeu a pena! Correu bem a prova e vem correndo bem todo o processo de aprofundamento e consolida\u00e7\u00e3o desta parceria, que visa fazer de Penamacor um destino de refer\u00eancia para os praticantes da modalidade, nacionais e internacionais, que aqui encontram excelentes condi\u00e7\u00f5es para competir e treinar durante todo o ano.<\/span><\/p>\n<p><span style=\"font-family: helvetica, arial, sans-serif; font-size: 12pt;\">A realiza\u00e7\u00e3o do PIOM vem nesse mesmo esp\u00edrito de coopera\u00e7\u00e3o entre parceiros e de refor\u00e7o da posi\u00e7\u00e3o de Penamacor no campo da Orienta\u00e7\u00e3o no contexto europeu. Quanto ao resto, n\u00e3o tenho d\u00favidas em repetir que o concelho de Penamacor, situado no centro interior de Portugal, \u00e9 uma terra de gente boa\u00a0 e hospitaleira. As suas aldeias, notas coloridas na paisagem natural, preservam muito do pitoresco e encanto que o tempo e a hist\u00f3ria conferem aos lugares. A vila de Penamacor, com mais de oito s\u00e9culos de exist\u00eancia, \u00e9 quase t\u00e3o antiga quanto a pr\u00f3pria na\u00e7\u00e3o portuguesa. O seu castelo medieval e as suas igrejas, as suas ruelas e casario estendido pelas encostas parecem sa\u00eddos de um aut\u00eantico postal ilustrado. O cen\u00e1rio \u00e9 fant\u00e1stico! Aguardamo-vos para o PIOM \u2013 Penamacor International Orienteering Meeting!<\/span><\/p>\n<p><span style=\"font-family: helvetica, arial, sans-serif; font-size: 12pt;\">O presidente:<\/span><\/p>\n<p><span style=\"font-family: helvetica, arial, sans-serif; font-size: 12pt;\">Ant\u00f3nio Lu\u00eds Beites Soares<\/span><\/p>\n<p>&nbsp;<\/p>","protected":false},"excerpt":{"rendered":"<p>Mensagem do Presidente de Penamacor Em Portugal costumamos dizer que equipa que ganha n\u00e3o mexe. Tal \u00e9 exactamente o que vem acontecendo com a parceria formada pela C\u00e2mara Municipal de Penamacor e o COC &#8211; Clube de Orienta\u00e7\u00e3o do Centro &#8211;\u00a0 desde h\u00e1 cerca de quatro anos, quando tomamos a decis\u00e3o de organizar em conjunto &hellip; <a href=\"http:\/\/eventos.coc.pt\/piom2018\/boas-vindas\/\" class=\"more-link\">Continuar a ler <span class=\"screen-reader-text\">Boas Vindas<\/span><\/a><\/p>\n","protected":false},"author":1,"featured_media":0,"parent":0,"menu_order":0,"comment_status":"closed","ping_status":"closed","template":"","meta":{"footnotes":""},"class_list":["post-576","page","type-page","status-publish","hentry"],"_links":{"self":[{"href":"http:\/\/eventos.coc.pt\/piom2018\/wp-json\/wp\/v2\/pages\/576","targetHints":{"allow":["GET"]}}],"collection":[{"href":"http:\/\/eventos.coc.pt\/piom2018\/wp-json\/wp\/v2\/pages"}],"about":[{"href":"http:\/\/eventos.coc.pt\/piom2018\/wp-json\/wp\/v2\/types\/page"}],"author":[{"embeddable":true,"href":"http:\/\/eventos.coc.pt\/piom2018\/wp-json\/wp\/v2\/users\/1"}],"replies":[{"embeddable":true,"href":"http:\/\/eventos.coc.pt\/piom2018\/wp-json\/wp\/v2\/comments?post=576"}],"version-history":[{"count":6,"href":"http:\/\/eventos.coc.pt\/piom2018\/wp-json\/wp\/v2\/pages\/576\/revisions"}],"predecessor-version":[{"id":727,"href":"http:\/\/eventos.coc.pt\/piom2018\/wp-json\/wp\/v2\/pages\/576\/revisions\/727"}],"wp:attachment":[{"href":"http:\/\/eventos.coc.pt\/piom2018\/wp-json\/wp\/v2\/media?parent=576"}],"curies":[{"name":"wp","href":"https:\/\/api.w.org\/{rel}","templated":true}]}}