{"id":11,"date":"2016-09-02T15:31:27","date_gmt":"2016-09-02T15:31:27","guid":{"rendered":"http:\/\/eventos.coc.pt\/piom2018\/?page_id=11"},"modified":"2019-09-11T12:49:35","modified_gmt":"2019-09-11T12:49:35","slug":"informacoes-gerais","status":"publish","type":"page","link":"http:\/\/eventos.coc.pt\/piom2019cim\/es\/informacoes-gerais\/","title":{"rendered":"Informaci\u00f3n General"},"content":{"rendered":"<p><a href=\"http:\/\/eventos.coc.pt\/archive\/piom2019\/boletim_piom_2019_09_11.pdf\" target=\"_blank\" rel=\"noopener\"><img loading=\"lazy\" decoding=\"async\" class=\"aligncenter wp-image-674 size-full\" src=\"http:\/\/eventos.coc.pt\/piom2019cim\/wp-content\/uploads\/sites\/15\/2019\/09\/boletim.jpg\" alt=\"\" width=\"669\" height=\"949\" srcset=\"http:\/\/eventos.coc.pt\/piom2019cim\/wp-content\/uploads\/sites\/15\/2019\/09\/boletim.jpg 669w, http:\/\/eventos.coc.pt\/piom2019cim\/wp-content\/uploads\/sites\/15\/2019\/09\/boletim-211x300.jpg 211w\" sizes=\"auto, (max-width: 669px) 100vw, 669px\" \/><\/a><\/p>\n<p>O PIOM\/CIMO 2019 \u00e9 um evento de Orienta\u00e7\u00e3o pedestre, pontu\u00e1vel para as Ta\u00e7as de Portugal, floresta e sprint, e para a Liga espanhola. O evento \u00e9 aberto a pessoas de qualquer idade, podendo participar nos escal\u00f5es de competi\u00e7\u00e3o ou nos escal\u00f5es abertos, individualmente, ou em grupo.<\/p>\n<p>Al mismo tiempo, el CIMO se jugar\u00e1 en las categorias: H14, H16, H18, H20, H21E, H35, H40, H45, H50, H55, H60, H65, H70, H75.<\/p>\n<p>Los ganadores de PIOM y CIMO ser\u00e1n contados y premiados por la suma de los puntos de las tres etapas.<\/p>\n<p><strong>REGULAMENTOS Y NORMAS<\/strong><\/p>\n<p>Las categor\u00edas MF\/35B no existen en Portugal, por lo que, los que quieran puntuar en el ranking de la LEO 2019 deben inscribirse en MF\/21B<\/p>\n<p>La orientaci\u00f3n masculino Ib\u00e9rico Campeonato 2019 en cuanto a niveles de competencia y asignaci\u00f3n de valores se rige por el protocolo de FPO\/FEDO disponible\u00a0<strong><a href=\"http:\/\/www.fpo.pt\/www\/images\/fpo\/Protocolos\/protocolo%20fedo%202019.pdf\" target=\"_blank\" rel=\"noopener\">AQU\u00cd<\/a>. <\/strong><\/p>\n<p>Se asignan los t\u00edtulos ib\u00e9ricos en los siguientes rangos:<\/p>\n<p>H14, H16, H18, H20, H21Elite, H35, H40, H45, H50, H55, H60 H65, H70, H75.<\/p>\n<p>La competencia se rige por el Reglamento de competiciones de FPO 2019, que puede consultarse AQUI.<\/p>\n<p><strong>Ba\u00f1os y suelo duro<\/strong><\/p>\n<p>Pabell\u00f3n Gimnodeportivo de Penamacor<\/p>\n<p>Apertura: Viernes \u2013 18h00 \/\/\/ Encerramiento: domingo \u2013 16h<\/p>\n<p><u>Notas:<\/u><\/p>\n<p>Prohibido la utilizaci\u00f3n de zapatos de bicos en el interior de los recintos \/\/\/ Prohibido cocinar e comer en interior de los pabellones.<\/p>\n<p><strong>Model Event<\/strong><\/p>\n<p>Mapa de Rach\u00e3 &amp; Dongalinho (M\u00e9dia &amp; Longa)<\/p>\n<p>Estes mapas se utilizaron en PIOM 2016 y PIOM 2018, siendo territorios mucho similares a que los atletas encontraran en las pruebas que integran el Campeonato Ib\u00e9rico.<\/p>\n<p>Mapas disponibles en la secretaria del Model Event en d\u00eda 20 de Septiembre, viernes.<\/p>\n<p>Precio por Mapa: 3\u20ac.<\/p>\n<p><strong>Coraza CIMO 2019<\/strong><\/p>\n<p>En la Coraza oficial de CIMO 2019 ser\u00e1 imprimido el n\u00famero, nombre, escal\u00f3n, ID del SI Card, Club e el pa\u00eds del atleta;<\/p>\n<p>Las corazas del CIMO 2019 han que levantar-se en la secretaria, antes de la actividad empezar, siendo prohibido la partida sin lo mismo.<\/p>\n<p><strong>Sprint<\/strong><\/p>\n<p>Existir\u00e1 una cuarentena antes de la prueba de sprint, en lugar a se\u00f1alar.<\/p>\n<p>La cuarentena abre a las 16h00 y cierra a las 16h30.<\/p>\n<p>No ser\u00e1 permitida la entrada de ning\u00fan atleta despu\u00e9s de la hora indicada de cierro para participaci\u00f3n en la competici\u00f3n<\/p>\n<p>El estacionamiento junto a la cuarentena ser\u00e1 en el campo de f\u00fatbol Meimoa;<\/p>\n<p>Desde el estacionamiento hasta el ARENA hay 1000 m sin desniveles (12 minutos a pie);<\/p>\n<p>Desde ARENA hasta la cuarentena son 1000 m con una diferencia de 50 m (aproximadamente 15 minutos caminando);<\/p>\n<p>Aparatos electr\u00f3nicos como m\u00f3viles, tablets, ordenadores, MP3\/4 no son permitidos en la cuarentena. Su uso debe ser castigado con descalificaci\u00f3n.<\/p>\n<p>Hay servicio de recogida de equipaje en la cuarentena.<\/p>\n<p>Los atletas deben dejar su equipaje en el lugar indicado, quedando-se la organizaci\u00f3n responsable por su transporte para el local de las pruebas.<\/p>\n<p>Nota: La organizaci\u00f3n no se responsabiliza por da\u00f1os de material, aconsejando a los atletas a guardar sus objetos de forma segura.<\/p>\n<p><strong>Alteraciones de SI Card<\/strong><\/p>\n<p>Los cambios de SI Card tienen obligatoriamente de ser solicitados en la secretaria, que se cobran al precio tablado por la FPO (2\u20ac)<\/p>\n<p>No son permitidas partidas de atletas con alteraciones de dados que no tengan sido previamente confirmadas en la secretaria.<\/p>\n<p><strong>Alquiler de SI Card<\/strong><\/p>\n<p>El alquiler de un SI Card tiene un precio de 2.00\u20ac por prueba, en los escalones de Competici\u00f3n e formaci\u00f3n, siendo gratuito para escalones abiertos;<\/p>\n<p>Nota: El extravio o no devoluci\u00f3n del SI Card alquilado se castiga con 50\u20ac.<\/p>\n<p><strong>Seguro<\/strong><\/p>\n<p>Atletas federados en la FPO e atletas no federados pero a residir en Portugal o con nacionalidad portuguesa est\u00e1n cubiertos con el seguro da FPO.<\/p>\n<p>Atletas federados da FEDO estar\u00e1n cubiertos con el seguro de la Federaci\u00f3n Espa\u00f1ola.<\/p>\n<p>Los restantes atletas no est\u00e1n cubiertos por cualquier seguro.<\/p>\n<p><strong>Horas de partida<\/strong><\/p>\n<p>En escalones de competici\u00f3n, no habr\u00e1 alteraciones en la hora de partida en el d\u00eda de la prueba.<\/p>\n<p>Los escalones Abiertos, D\/H10 e D\/H12 no tienen hora de partida. Existir\u00e1 una ventana horaria donde se puede iniciar su prueba utilizando una estaci\u00f3n START.<\/p>\n<p><strong>Tiempo L\u00edmite de prueba<\/strong><\/p>\n<p>Distancia Media \u2013 2 horas<\/p>\n<p>Distancia Sprint \u2013 1 hora<\/p>\n<p>Distancia Longa \u2013 3 horas<\/p>\n<p><strong>Recogida de mapas<\/strong><\/p>\n<p>No habr\u00e1 recogida de mapas en el final de las rutas. Se apela as juego limpio \u00e0 todos los participantes.<\/p>\n<p><strong>Resultados e Premios<\/strong><\/p>\n<p>Campeonato Ib\u00e9rico Masculino 2019<\/p>\n<p>Individual: premios para los 3 atletas en la soma de los puntos de las pruebas (distancia media, longa e sprint) en los escalones de competici\u00f3n. Consultar Reglamentos e normas.<\/p>\n<p>Clasificaci\u00f3n general de la actividad <strong>(PIOM):<\/strong><\/p>\n<p>La clasificaci\u00f3n final (individual e colectiva) de la actividad se obtendr\u00e1 la suma de tres pruebas (distancia media, longa e sprint),<\/p>\n<p>Premio para los tres mejores clubes;<\/p>\n<p>Premio para los 3 primeros clasificados de los escalones de competici\u00f3n (5 primeros en el escal\u00f3n D\/H Elite)\u00a0as\u00ed como los 3 primeros clasificados de los escalones abiertos.<\/p>\n<p>Todos los participantes de los escalones D\/H10 e D\/H12 recibir\u00e1n un recuerdo, independiente de su resultado.<\/p>\n<p><strong>Se\u00f1alizaci\u00f3n<\/strong><\/p>\n<p>La organizaci\u00f3n indicara las coordenadas GPS de los locales importantes del evento, para una correcta llegada de los participantes a los aparcamientos.<\/p>\n<p>Puntualmente estar\u00e1n debidamente se\u00f1alados por la organizaci\u00f3n con flechas naranjas e blancas las direcciones de los aparcamientos para los locales adonde los participantes se tengan de dislocar a pie.<\/p>","protected":false},"excerpt":{"rendered":"<p>O PIOM\/CIMO 2019 \u00e9 um evento de Orienta\u00e7\u00e3o pedestre, pontu\u00e1vel para as Ta\u00e7as de Portugal, floresta e sprint, e para a Liga espanhola. O evento \u00e9 aberto a pessoas de qualquer idade, podendo participar nos escal\u00f5es de competi\u00e7\u00e3o ou nos escal\u00f5es abertos, individualmente, ou em grupo. Al mismo tiempo, el CIMO se jugar\u00e1 en las &hellip; <a href=\"http:\/\/eventos.coc.pt\/piom2019cim\/es\/informacoes-gerais\/\" class=\"more-link\">Sigue leyendo <span class=\"screen-reader-text\">Informaci\u00f3n General<\/span><\/a><\/p>\n","protected":false},"author":1,"featured_media":0,"parent":0,"menu_order":13,"comment_status":"closed","ping_status":"closed","template":"","meta":{"footnotes":""},"class_list":["post-11","page","type-page","status-publish","hentry"],"_links":{"self":[{"href":"http:\/\/eventos.coc.pt\/piom2019cim\/es\/wp-json\/wp\/v2\/pages\/11","targetHints":{"allow":["GET"]}}],"collection":[{"href":"http:\/\/eventos.coc.pt\/piom2019cim\/es\/wp-json\/wp\/v2\/pages"}],"about":[{"href":"http:\/\/eventos.coc.pt\/piom2019cim\/es\/wp-json\/wp\/v2\/types\/page"}],"author":[{"embeddable":true,"href":"http:\/\/eventos.coc.pt\/piom2019cim\/es\/wp-json\/wp\/v2\/users\/1"}],"replies":[{"embeddable":true,"href":"http:\/\/eventos.coc.pt\/piom2019cim\/es\/wp-json\/wp\/v2\/comments?post=11"}],"version-history":[{"count":26,"href":"http:\/\/eventos.coc.pt\/piom2019cim\/es\/wp-json\/wp\/v2\/pages\/11\/revisions"}],"predecessor-version":[{"id":675,"href":"http:\/\/eventos.coc.pt\/piom2019cim\/es\/wp-json\/wp\/v2\/pages\/11\/revisions\/675"}],"wp:attachment":[{"href":"http:\/\/eventos.coc.pt\/piom2019cim\/es\/wp-json\/wp\/v2\/media?parent=11"}],"curies":[{"name":"wp","href":"https:\/\/api.w.org\/{rel}","templated":true}]}}