{"id":143,"date":"2016-09-16T12:54:48","date_gmt":"2016-09-16T12:54:48","guid":{"rendered":"http:\/\/eventos.coc.pt\/piom2018\/?page_id=143"},"modified":"2019-09-12T23:04:14","modified_gmt":"2019-09-12T23:04:14","slug":"mapas","status":"publish","type":"page","link":"http:\/\/eventos.coc.pt\/piom2019cim\/es\/mapas\/","title":{"rendered":"Mapas"},"content":{"rendered":"<p><\/p>\n<table style=\"border-collapse: collapse; width: 100%; height: 284px;\" border=\"1\">\n<tbody>\n<tr style=\"height: 28px;\">\n<td style=\"width: 315px; text-align: center; height: 28px;\"><a href=\"http:\/\/eventos.coc.pt\/piom2019cim\/d10\/\">D10<\/a><\/td>\n<td style=\"width: 314px; text-align: center; height: 28px;\"><a href=\"http:\/\/eventos.coc.pt\/piom2019cim\/h10\/\">H10<\/a><\/td>\n<\/tr>\n<tr style=\"height: 28px;\">\n<td style=\"width: 315px; text-align: center; height: 28px;\"><a href=\"http:\/\/eventos.coc.pt\/piom2019cim\/d12\/\">D12<\/a><\/td>\n<td style=\"width: 314px; text-align: center; height: 28px;\"><a href=\"http:\/\/eventos.coc.pt\/piom2019cim\/h12\/\">H12<\/a><\/td>\n<\/tr>\n<tr style=\"height: 28px;\">\n<td style=\"width: 315px; text-align: center; height: 28px;\"><a href=\"http:\/\/eventos.coc.pt\/piom2019cim\/d14\/\">D14<\/a><\/td>\n<td style=\"width: 314px; text-align: center; height: 28px;\"><a href=\"http:\/\/eventos.coc.pt\/piom2019cim\/h14\/\">H14<\/a><\/td>\n<\/tr>\n<tr style=\"height: 28px;\">\n<td style=\"width: 315px; text-align: center; height: 28px;\"><a href=\"http:\/\/eventos.coc.pt\/piom2019cim\/d16\/\">D16<\/a><\/td>\n<td style=\"width: 314px; text-align: center; height: 28px;\"><a href=\"http:\/\/eventos.coc.pt\/piom2019cim\/h16\/\">H16<\/a><\/td>\n<\/tr>\n<tr style=\"height: 28px;\">\n<td style=\"width: 315px; text-align: center; height: 28px;\"><a href=\"http:\/\/eventos.coc.pt\/piom2019cim\/d18\/\">D18<\/a><\/td>\n<td style=\"width: 314px; text-align: center; height: 28px;\"><a href=\"http:\/\/eventos.coc.pt\/piom2019cim\/h18\/\">H18<\/a><\/td>\n<\/tr>\n<tr style=\"height: 32px;\">\n<td style=\"width: 315px; text-align: center; height: 32px;\"><a href=\"http:\/\/eventos.coc.pt\/piom2019cim\/d20\/\">D20<\/a><\/td>\n<td style=\"width: 314px; text-align: center; height: 32px;\"><a href=\"http:\/\/eventos.coc.pt\/piom2019cim\/h20\/\">H20<\/a><\/td>\n<\/tr>\n<tr style=\"height: 28px;\">\n<td style=\"width: 315px; height: 28px; text-align: center;\"><a href=\"http:\/\/eventos.coc.pt\/piom2019cim\/d21a\/\">D21A<\/a><\/td>\n<td style=\"width: 314px; height: 28px; text-align: center;\"><a href=\"http:\/\/eventos.coc.pt\/piom2019cim\/h21a\/\">H21A<\/a><\/td>\n<\/tr>\n<tr style=\"height: 28px;\">\n<td style=\"width: 315px; height: 28px; text-align: center;\"><a href=\"http:\/\/eventos.coc.pt\/piom2019cim\/d21b\/\">D21B<\/a><\/td>\n<td style=\"width: 314px; height: 28px; text-align: center;\"><a href=\"http:\/\/eventos.coc.pt\/piom2019cim\/h21b\/\">H21B<\/a><\/td>\n<\/tr>\n<tr style=\"height: 28px;\">\n<td style=\"width: 315px; height: 28px; text-align: center;\"><a href=\"http:\/\/eventos.coc.pt\/piom2019cim\/d35\/\">D35<\/a><\/td>\n<td style=\"width: 314px; height: 28px; text-align: center;\"><a href=\"http:\/\/eventos.coc.pt\/piom2019cim\/h35\/\">H35<\/a><\/td>\n<\/tr>\n<tr style=\"height: 28px;\">\n<td style=\"width: 315px; height: 28px; text-align: center;\"><a href=\"http:\/\/eventos.coc.pt\/piom2019cim\/d40\/\">D40<\/a><\/td>\n<td style=\"width: 314px; height: 28px; text-align: center;\"><a href=\"http:\/\/eventos.coc.pt\/piom2019cim\/h40\/\">H40<\/a><\/td>\n<\/tr>\n<tr>\n<td style=\"width: 315px; text-align: center;\"><a href=\"http:\/\/eventos.coc.pt\/piom2019cim\/d45\/\">D45<\/a><\/td>\n<td style=\"width: 314px; text-align: center;\"><a href=\"http:\/\/eventos.coc.pt\/piom2019cim\/h45\/\">H45<\/a><\/td>\n<\/tr>\n<tr>\n<td style=\"width: 315px; text-align: center;\"><a href=\"http:\/\/eventos.coc.pt\/piom2019cim\/d50\/\">D50<\/a><\/td>\n<td style=\"width: 314px; text-align: center;\"><a href=\"http:\/\/eventos.coc.pt\/piom2019cim\/h50\/\">H50<\/a><\/td>\n<\/tr>\n<tr>\n<td style=\"width: 315px; text-align: center;\"><a href=\"http:\/\/eventos.coc.pt\/piom2019cim\/d55\/\">D55<\/a><\/td>\n<td style=\"width: 314px; text-align: center;\"><a href=\"http:\/\/eventos.coc.pt\/piom2019cim\/h55\/\">H55<\/a><\/td>\n<\/tr>\n<tr>\n<td style=\"width: 315px; text-align: center;\"><a href=\"http:\/\/eventos.coc.pt\/piom2019cim\/d60\/\">D60<\/a><\/td>\n<td style=\"width: 314px; text-align: center;\"><a href=\"http:\/\/eventos.coc.pt\/piom2019cim\/h60\/\">H60<\/a><\/td>\n<\/tr>\n<tr>\n<td style=\"width: 315px; text-align: center;\"><a href=\"http:\/\/eventos.coc.pt\/piom2019cim\/d65\/\">D65<\/a><\/td>\n<td style=\"width: 314px; text-align: center;\"><a href=\"http:\/\/eventos.coc.pt\/piom2019cim\/h65\/\">H65<\/a><\/td>\n<\/tr>\n<tr>\n<td style=\"width: 315px; text-align: center;\"><a href=\"http:\/\/eventos.coc.pt\/piom2019cim\/d70\/\">D70<\/a><\/td>\n<td style=\"width: 314px; text-align: center;\"><a href=\"http:\/\/eventos.coc.pt\/piom2019cim\/h70\/\">H70<\/a><\/td>\n<\/tr>\n<tr>\n<td style=\"width: 315px; text-align: center;\"><a href=\"http:\/\/eventos.coc.pt\/piom2019cim\/d75\/\">D75<\/a><\/td>\n<td style=\"width: 314px; text-align: center;\"><a href=\"http:\/\/eventos.coc.pt\/piom2019cim\/h75\/\">H75<\/a><\/td>\n<\/tr>\n<tr>\n<td style=\"width: 315px; text-align: center;\"><\/td>\n<td style=\"width: 314px; text-align: center;\"><a href=\"http:\/\/eventos.coc.pt\/piom2019cim\/h80\/\">H80<\/a><\/td>\n<\/tr>\n<tr>\n<td style=\"width: 315px; text-align: center;\"><a href=\"http:\/\/eventos.coc.pt\/piom2019cim\/de\/\">DE<\/a><\/td>\n<td style=\"width: 314px; text-align: center;\"><a href=\"http:\/\/eventos.coc.pt\/piom2019cim\/he\/\">HE<\/a><\/td>\n<\/tr>\n<tr>\n<td style=\"width: 315px; text-align: center;\"><a href=\"http:\/\/eventos.coc.pt\/piom2019cim\/facil-curto\/\">F\u00e1cil Curto<\/a><\/td>\n<td style=\"width: 314px; text-align: center;\"><a href=\"http:\/\/eventos.coc.pt\/piom2019cim\/facil-longo\/\">F\u00e1cil Longo<\/a><\/td>\n<\/tr>\n<tr>\n<td style=\"width: 315px; text-align: center;\"><a href=\"http:\/\/eventos.coc.pt\/piom2019cim\/dificil-curto\/\">Dif\u00edcil Curto<\/a><\/td>\n<td style=\"width: 314px; text-align: center;\"><a href=\"http:\/\/eventos.coc.pt\/piom2019cim\/dificil-longo\/\">Dif\u00edcil Longo<\/a><\/td>\n<\/tr>\n<\/tbody>\n<\/table>\n<p>&nbsp;<\/p>","protected":false},"excerpt":{"rendered":"<p>D10 H10 D12 H12 D14 H14 D16 H16 D18 H18 D20 H20 D21A H21A D21B H21B D35 H35 D40 H40 D45 H45 D50 H50 D55 H55 D60 H60 D65 H65 D70 H70 D75 H75 H80 DE HE F\u00e1cil Curto F\u00e1cil Longo Dif\u00edcil Curto Dif\u00edcil Longo &nbsp;<\/p>\n","protected":false},"author":1,"featured_media":0,"parent":0,"menu_order":15,"comment_status":"closed","ping_status":"closed","template":"","meta":{"footnotes":""},"class_list":["post-143","page","type-page","status-publish","hentry"],"_links":{"self":[{"href":"http:\/\/eventos.coc.pt\/piom2019cim\/es\/wp-json\/wp\/v2\/pages\/143","targetHints":{"allow":["GET"]}}],"collection":[{"href":"http:\/\/eventos.coc.pt\/piom2019cim\/es\/wp-json\/wp\/v2\/pages"}],"about":[{"href":"http:\/\/eventos.coc.pt\/piom2019cim\/es\/wp-json\/wp\/v2\/types\/page"}],"author":[{"embeddable":true,"href":"http:\/\/eventos.coc.pt\/piom2019cim\/es\/wp-json\/wp\/v2\/users\/1"}],"replies":[{"embeddable":true,"href":"http:\/\/eventos.coc.pt\/piom2019cim\/es\/wp-json\/wp\/v2\/comments?post=143"}],"version-history":[{"count":17,"href":"http:\/\/eventos.coc.pt\/piom2019cim\/es\/wp-json\/wp\/v2\/pages\/143\/revisions"}],"predecessor-version":[{"id":810,"href":"http:\/\/eventos.coc.pt\/piom2019cim\/es\/wp-json\/wp\/v2\/pages\/143\/revisions\/810"}],"wp:attachment":[{"href":"http:\/\/eventos.coc.pt\/piom2019cim\/es\/wp-json\/wp\/v2\/media?parent=143"}],"curies":[{"name":"wp","href":"https:\/\/api.w.org\/{rel}","templated":true}]}}