{"id":15,"date":"2016-09-02T15:32:07","date_gmt":"2016-09-02T15:32:07","guid":{"rendered":"http:\/\/eventos.coc.pt\/piom2018\/?page_id=15"},"modified":"2019-08-27T18:52:20","modified_gmt":"2019-08-27T18:52:20","slug":"escaloes","status":"publish","type":"page","link":"http:\/\/eventos.coc.pt\/piom2019cim\/es\/escaloes\/","title":{"rendered":"Escalones"},"content":{"rendered":"<p>Se asignan los t\u00edtulos ib\u00e9ricos en los siguientes rangos:<\/p>\n<p>H14 H16 H18 H20,,, H21Elite, H35, H40, H45, H50, H55, H60 H65, H70, H75.<\/p>\n<p><strong>Las categor\u00edas MF\/35B no existen en Portugal, por lo que, los que quieran puntuar en el ranking de la LEO 2019 deben inscribirse en MF\/21B<\/strong><\/p>\n<table width=\"662\">\n<tbody>\n<tr>\n<td width=\"236\"><strong>Escalones de Competici\u00f3n<\/strong><\/td>\n<td width=\"425\"><strong>Fecha de Nascimiento<\/strong><\/td>\n<\/tr>\n<tr>\n<td width=\"236\">D\/H 14<\/td>\n<td width=\"425\">2005 e 2006<\/td>\n<\/tr>\n<tr>\n<td width=\"236\">D\/H 16<\/td>\n<td width=\"425\">2003 e 2004<\/td>\n<\/tr>\n<tr>\n<td width=\"236\">D\/H 18<\/td>\n<td width=\"425\">2001 e 2002<\/td>\n<\/tr>\n<tr>\n<td width=\"236\">D\/H 20<\/td>\n<td width=\"425\">1999 e 2000<\/td>\n<\/tr>\n<tr>\n<td width=\"236\">D\/H Elite\/ 21A\/ 21B<\/td>\n<td width=\"425\">1985 a 1998<\/td>\n<\/tr>\n<tr>\n<td width=\"236\">D\/H 35<\/td>\n<td width=\"425\">1980 a 1984<\/td>\n<\/tr>\n<tr>\n<td>D\/H 35B\u00a0(solo atletas FEDO)<\/td>\n<td>1980 a 1984<\/td>\n<\/tr>\n<tr>\n<td width=\"236\">D\/H 40<\/td>\n<td width=\"425\">1975 a 1979<\/td>\n<\/tr>\n<tr>\n<td width=\"236\">D\/H 45<\/td>\n<td width=\"425\">1970 a 1974<\/td>\n<\/tr>\n<tr>\n<td width=\"236\">D\/H 50<\/td>\n<td width=\"425\">1965 a 1969<\/td>\n<\/tr>\n<tr>\n<td width=\"236\">D\/H 55<\/td>\n<td width=\"425\">1960 a 1964<\/td>\n<\/tr>\n<tr>\n<td width=\"236\">D\/H 60<\/td>\n<td width=\"425\">1955 a 1959<\/td>\n<\/tr>\n<tr>\n<td width=\"236\">D\/H 65<\/td>\n<td width=\"425\">1950 a 1954<\/td>\n<\/tr>\n<tr>\n<td width=\"236\">D\/H 70<\/td>\n<td width=\"425\">1945 a 1949<\/td>\n<\/tr>\n<tr>\n<td width=\"236\">H 75<\/td>\n<td width=\"425\">1940 a 1944<\/td>\n<\/tr>\n<tr>\n<td width=\"236\">H 80<\/td>\n<td width=\"425\">1939 ou antes<\/td>\n<\/tr>\n<tr>\n<td width=\"236\"><strong>\u00a0<\/strong><\/td>\n<td width=\"425\"><strong>\u00a0<\/strong><\/td>\n<\/tr>\n<tr>\n<td width=\"236\"><strong>Escalones de formaci\u00f3n<\/strong><\/td>\n<td width=\"425\"><strong>Fecha de nascimiento<\/strong><\/td>\n<\/tr>\n<tr>\n<td width=\"236\">D\/H 10<\/td>\n<td width=\"425\">2009 ou depois<\/td>\n<\/tr>\n<tr>\n<td width=\"236\">D\/H 12<\/td>\n<td width=\"425\">2007 e 2008<\/td>\n<\/tr>\n<tr>\n<td width=\"236\"><strong>\u00a0<\/strong><\/td>\n<td width=\"425\"><strong>\u00a0<\/strong><\/td>\n<\/tr>\n<tr>\n<td width=\"236\"><strong>Escalones Abiertos<\/strong><\/td>\n<td width=\"425\"><strong>Qualquer idade\/sexo, individualmente, una pela o en grupo<\/strong><\/td>\n<\/tr>\n<tr>\n<td width=\"236\"><strong>F\u00e1cil Curto<\/strong><\/td>\n<td width=\"425\">Rutas con 2 a 4 km, hasta 40 minutos de execuci\u00f3n, utilizaci\u00f3n de refer\u00eancias lineares seguram, preferiblemente, sin dificultad t\u00e9cnica. No son necesarios conocimientos ni modo de resistencia f\u00edsica. Esta es una gran oportunidad para un paseo en el bosque. Puesto que solicitaen el registro, monitores estaran disponibles para ense\u00f1arte las t\u00e9cnicas b\u00e1sicas.<\/td>\n<\/tr>\n<tr>\n<td width=\"236\"><strong>Dif\u00edcil Curto<\/strong><\/td>\n<td width=\"425\">De 3 \u00e0 5 km, hasta 60 minutos de ejecuci\u00f3n, que requieren algunas t\u00e9cnicas de orientaci\u00f3n, con dificultad media t\u00e9cnica e de pequ\u00f1a exig\u00eancia f\u00edsica.<\/td>\n<\/tr>\n<tr>\n<td width=\"236\"><strong>F\u00e1cil Longo<\/strong><\/td>\n<td width=\"425\">Cursos con 4 a 6 km, con funcionamiento de tiempo menos de 60 minutos, usando elementos lineales con dificultad t\u00e9cnica baja y nivel f\u00edsico bajo\/medio.<\/td>\n<\/tr>\n<tr>\n<td width=\"236\"><strong>Dif\u00edcil Longo<\/strong><\/td>\n<td width=\"425\">Con 4 a 7 km o tiempo de ejecuci\u00f3n suministrado por menos de 80 minutos, que requieren diferentes t\u00e9cnicas de orientaci\u00f3n, con exigencia f\u00edsica media alta y que tambi\u00e9n tiene el objetivo de la participaci\u00f3n en la competici\u00f3n de los atletas no han entrado federados dentro de la l\u00edmites de tiempo o la posibilidad de realizar rutas m\u00e1s exigentes por parte de los atletas, parejas o grupos, no federados.<\/td>\n<\/tr>\n<\/tbody>\n<\/table>\n<p><\/p>","protected":false},"excerpt":{"rendered":"<p>Se asignan los t\u00edtulos ib\u00e9ricos en los siguientes rangos: H14 H16 H18 H20,,, H21Elite, H35, H40, H45, H50, H55, H60 H65, H70, H75. Las categor\u00edas MF\/35B no existen en Portugal, por lo que, los que quieran puntuar en el ranking de la LEO 2019 deben inscribirse en MF\/21B Escalones de Competici\u00f3n Fecha de Nascimiento D\/H &hellip; <a href=\"http:\/\/eventos.coc.pt\/piom2019cim\/es\/escaloes\/\" class=\"more-link\">Sigue leyendo <span class=\"screen-reader-text\">Escalones<\/span><\/a><\/p>\n","protected":false},"author":1,"featured_media":0,"parent":0,"menu_order":11,"comment_status":"closed","ping_status":"closed","template":"","meta":{"footnotes":""},"class_list":["post-15","page","type-page","status-publish","hentry"],"_links":{"self":[{"href":"http:\/\/eventos.coc.pt\/piom2019cim\/es\/wp-json\/wp\/v2\/pages\/15","targetHints":{"allow":["GET"]}}],"collection":[{"href":"http:\/\/eventos.coc.pt\/piom2019cim\/es\/wp-json\/wp\/v2\/pages"}],"about":[{"href":"http:\/\/eventos.coc.pt\/piom2019cim\/es\/wp-json\/wp\/v2\/types\/page"}],"author":[{"embeddable":true,"href":"http:\/\/eventos.coc.pt\/piom2019cim\/es\/wp-json\/wp\/v2\/users\/1"}],"replies":[{"embeddable":true,"href":"http:\/\/eventos.coc.pt\/piom2019cim\/es\/wp-json\/wp\/v2\/comments?post=15"}],"version-history":[{"count":20,"href":"http:\/\/eventos.coc.pt\/piom2019cim\/es\/wp-json\/wp\/v2\/pages\/15\/revisions"}],"predecessor-version":[{"id":585,"href":"http:\/\/eventos.coc.pt\/piom2019cim\/es\/wp-json\/wp\/v2\/pages\/15\/revisions\/585"}],"wp:attachment":[{"href":"http:\/\/eventos.coc.pt\/piom2019cim\/es\/wp-json\/wp\/v2\/media?parent=15"}],"curies":[{"name":"wp","href":"https:\/\/api.w.org\/{rel}","templated":true}]}}