{"id":17,"date":"2016-09-02T15:32:21","date_gmt":"2016-09-02T15:32:21","guid":{"rendered":"http:\/\/eventos.coc.pt\/piom2018\/?page_id=17"},"modified":"2019-09-09T08:36:49","modified_gmt":"2019-09-09T08:36:49","slug":"inscricoes","status":"publish","type":"page","link":"http:\/\/eventos.coc.pt\/piom2019cim\/es\/inscricoes\/","title":{"rendered":"Inscripciones"},"content":{"rendered":"<p><b>MENSAJE IMPORTANTE PARA TODOS LOS ATLETAS ESPA\u00d1OLES &#8211; CON LICENCIA FEDO<\/b><\/p>\n<p>Para poder tener los precios correctos &#8211; iguales que los corredores portugueses con licencia FPO &#8211; atletas FEDO no pueden enviar sus entradas utilizando las \u00abExpress Entries\u00bb. Para registrar correctamente, primero entrar en ORIOASIS utilizando el mismo nombre de usuario y contrase\u00f1a que se utiliza normalmente en el sistema de inscripci\u00f3n FEDO. Utilice este\u00a0<strong><a href=\"http:\/\/orioasis.pt\/oasis\/fedo\">enlace<\/a><\/strong>\u00a0para hacerlo.<\/p>\n<p><strong><img loading=\"lazy\" decoding=\"async\" class=\"aligncenter wp-image-597\" src=\"http:\/\/eventos.coc.pt\/piom2019cim\/wp-content\/uploads\/sites\/15\/2019\/08\/TShirt.jpg\" alt=\"\" width=\"500\" height=\"458\" srcset=\"http:\/\/eventos.coc.pt\/piom2019cim\/wp-content\/uploads\/sites\/15\/2019\/08\/TShirt.jpg 919w, http:\/\/eventos.coc.pt\/piom2019cim\/wp-content\/uploads\/sites\/15\/2019\/08\/TShirt-300x275.jpg 300w, http:\/\/eventos.coc.pt\/piom2019cim\/wp-content\/uploads\/sites\/15\/2019\/08\/TShirt-768x704.jpg 768w\" sizes=\"auto, (max-width: 500px) 100vw, 500px\" \/><\/strong><\/p>\n<p><span style=\"color: #ff0000; font-size: 14pt;\"><strong>Advertencia<\/strong><\/span><\/p>\n<p class=\"x_MsoNormal\">Con motivo de ser organizado por la Federaci\u00f3n Portuguesa de Orientaci\u00f3n, hay que tener en cuenta lo siguiente:<\/p>\n<p class=\"x_MsoNormal\">1.- Las inscripciones deben hacerse a traves de la\u00a0<b>plataforma Orioasis.\u00a0<\/b>Cualquier duda, consultar con\u00a0<a href=\"mailto:secretaria.fedo@gmail.com\" target=\"_blank\" rel=\"noopener noreferrer\" data-auth=\"NotApplicable\">secretaria.fedo@gmail.com<\/a>.<\/p>\n<p class=\"x_MsoNormal\">2.- Las categor\u00edas MF\/35B no existen en Portugal, por lo que, los que quieran puntuar en el ranking de la LEO 2019 deben inscribirse en MF\/21B<\/p>\n<p class=\"x_MsoNormal\">3.- De acuerdo al Convenio FEDO\/FPO y con el fin de evitar gastos en las transferencias, se podr\u00e1 abonar el importe de las inscripciones en met\u00e1lico, en la recogida de dorsales.<\/p>\n<p class=\"x_MsoNormal\"><span lang=\"ES\"><span style=\"color: #0000ff;\"><a style=\"color: #0000ff;\" href=\"http:\/\/www.orioasis.pt\/oasis\/edit_entry.php?eventid=1986&amp;action=entry_edit&amp;clubid=\">Inscripciones<\/a>\u00a0 \u00a0<\/span> \u00a0 \u00a0 \u00a0 \u00a0 \u00a0 \u00a0 \u00a0\u00a0<\/span><\/p>\n<p><span style=\"color: #ff0000;\">Como pagar:\u00a0<span lang=\"ES\">Los atletas federados en la FPO\/<\/span><span lang=\"ES\">FEDO<\/span><span lang=\"ES\">\u00a0poderan efectuar el pagamiento no Event Center en dinero.<\/span><\/span><\/p>\n<p>____________________________________________________________________________________<\/p>\n<p>Camiseta t\u00e9cnica para atletas que participan en al menos 2 de las 3 etapas del evento y cuya inscripci\u00f3n se realiza dentro del primer plazo de inscripci\u00f3n (9 de septiembre de 2019)<\/p>\n<p><strong>Inscripciones, plazos<\/strong><\/p>\n<p>Las inscripciones deber\u00e1n realizar-se hasta el d\u00eda 9 de septiembre al precio normal, o hasta el d\u00eda 16 de septiembre con aumento de precio.<\/p>\n<p>Despu\u00e9s del 16 de septiembre, solo se aceptaran inscripciones para escalones abiertos, dependientes de disponibilidad de mapas, por lo que aconsejamos que tambi\u00e9n los escalones abiertos hagan sus inscripciones hasta o 16 de septiembre.<\/p>\n<p>Despu\u00e9s del 16 de septiembre no ser\u00e1n aceptes inscripciones para los escalones de competici\u00f3n.<\/p>\n<p>La inscripci\u00f3n en Model Event deber\u00e1 tambi\u00e9n ser efectuada utilizando la misma plataforma, siendo que se cobra por cada mapa 3\u20ac.<\/p>\n<p>Cuando la inscripci\u00f3n debe registrar-se el pedido de dormida en suelo duro o del servicio de Baby sitting en las 3 etapas.<\/p>\n<p>Al registrarse, debe indicar el tama\u00f1o de la camiseta de regalo (XS, S, M, L o XL).<\/p>\n<p>Nota: El Model Event ser\u00e1 un mapa con diversos puntos para ejecuci\u00f3n por ordene libre.<\/p>\n<p><strong>Dados necesarios para realizar una inscripci\u00f3n por correo electr\u00f3nico <\/strong><\/p>\n<p>Nombre de los participantes<\/p>\n<p>Data de Nacimiento<\/p>\n<p>Nombre del club<\/p>\n<p>N\u00ba de filiado<\/p>\n<p>N\u00ba del SI Card, en la ausencia de uno, podr\u00e1 ser atribuido uno, el alquiler tiene un cuesto de 1,00\u20ac por d\u00eda en los escalones de competici\u00f3n e formaci\u00f3n, siendo gratuito para escalones abiertos.<\/p>\n<p>El extravio del SI Card alquilado ter\u00e1 un cuesto de 50\u20ac.<\/p>\n<p>Escalones de participaci\u00f3n;<\/p>\n<p>Actividades \u00e0 participar (deber\u00e1 decir las actividades en que participa)<\/p>\n<p>Las inscripciones para los escalones abiertos deber\u00e1 realizar-se hasta el d\u00eda 16 de septiembre.<\/p>\n<p>Nota: Los atletas que pretendieren participar en grupo (escalones abiertos), deber\u00e1n efectuar solo una inscripci\u00f3n diciendo los dados obligatorios de todos los participantes que lo constituyen.<\/p>\n<p><strong>Taxas de inscri\u00e7\u00e3o:<\/strong><\/p>\n<p>As taxas de inscri\u00e7\u00e3o s\u00e3o iguais para as 3 provas, sendo os pre\u00e7os indicados por prova\/pessoa.<\/p>\n<p><strong>Escalones de competici\u00f3n e formaci\u00f3n (precio por etapa &#8211; m\u00e9dia e longa):<\/strong><\/p>\n<table width=\"584\">\n<tbody>\n<tr>\n<td width=\"192\"><strong>FEDERADOS FPO &amp; FEDO<\/strong><\/td>\n<td width=\"192\"><strong>Hasta 09 de Septiembre<\/strong><\/td>\n<td width=\"200\"><strong>De 10 a 16 de Septiembre<\/strong><\/td>\n<\/tr>\n<tr>\n<td width=\"192\">Hasta los 20 a\u00f1os<\/td>\n<td width=\"192\">3 \u20ac<\/td>\n<td width=\"200\">4,50 \u20ac<\/td>\n<\/tr>\n<tr>\n<td width=\"192\">Mayores de 20 a\u00f1os<\/td>\n<td width=\"192\">6 \u20ac<\/td>\n<td width=\"200\">9,00 \u20ac<\/td>\n<\/tr>\n<tr>\n<td width=\"192\">Escalones\/clases Elite<\/td>\n<td width=\"192\">7 \u20ac<\/td>\n<td width=\"200\">10,50 \u20ac<\/td>\n<\/tr>\n<tr>\n<td width=\"192\"><strong>NO FEDERADOS participantes em escalones de competici\u00f3n *<\/strong><\/td>\n<td width=\"192\"><strong>Hasta 09 de Septiembre<\/strong><\/td>\n<td width=\"200\"><strong>De 10 a 16 de Septiembre<\/strong><\/td>\n<\/tr>\n<tr>\n<td width=\"192\">Hasta los 20 a\u00f1os<\/td>\n<td width=\"192\">5 \u20ac<\/td>\n<td width=\"200\">7,50 \u20ac<\/td>\n<\/tr>\n<tr>\n<td width=\"192\">Mayores de 20 a\u00f1os<\/td>\n<td width=\"192\">10 \u20ac<\/td>\n<td width=\"200\">15,00 \u20ac<\/td>\n<\/tr>\n<tr>\n<td width=\"192\">Escalones\/clases Elite<\/td>\n<td width=\"192\">11 \u20ac<\/td>\n<td width=\"200\">16,50 \u20ac<\/td>\n<\/tr>\n<tr>\n<td width=\"192\"><strong>DESPORTO ESCOLAR<\/strong> **<\/td>\n<td width=\"192\">1.50 \u20ac<\/td>\n<td width=\"200\">2,25 \u20ac<\/td>\n<\/tr>\n<\/tbody>\n<\/table>\n<p><strong> Escalones de competici\u00f3n e formaci\u00f3n (precio por etapa &#8211; sprint):<\/strong><\/p>\n<table width=\"584\">\n<tbody>\n<tr>\n<td width=\"192\"><strong>FEDERADOS FPO &amp; FEDO<\/strong><\/td>\n<td width=\"192\"><strong>Hasta 09 de Septiembre<\/strong><\/td>\n<td width=\"200\"><strong>De 10 a 16 de Septiembre<\/strong><\/td>\n<\/tr>\n<tr>\n<td width=\"192\">Hasta los 20 a\u00f1os<\/td>\n<td width=\"192\">2.5 \u20ac<\/td>\n<td width=\"200\">3.75 \u20ac<\/td>\n<\/tr>\n<tr>\n<td width=\"192\">Mayores de 20 a\u00f1os<\/td>\n<td width=\"192\">5 \u20ac<\/td>\n<td width=\"200\">7.50 \u20ac<\/td>\n<\/tr>\n<tr>\n<td width=\"192\">Escalones\/clases Elite<\/td>\n<td width=\"192\">5 \u20ac<\/td>\n<td width=\"200\">7.50 \u20ac<\/td>\n<\/tr>\n<tr>\n<td width=\"192\"><strong>NO FEDERADOS participantes em escalones de competici\u00f3n *<\/strong><\/td>\n<td width=\"192\"><strong>Hasta 09 de Septiembre<\/strong><\/td>\n<td width=\"200\"><strong>De 10 a 16 de Septiembre<\/strong><\/td>\n<\/tr>\n<tr>\n<td width=\"192\">Hasta los 20 a\u00f1os<\/td>\n<td width=\"192\">4 \u20ac<\/td>\n<td width=\"200\">6 \u20ac<\/td>\n<\/tr>\n<tr>\n<td width=\"192\">Mayores de 20 a\u00f1os<\/td>\n<td width=\"192\">6 \u20ac<\/td>\n<td width=\"200\">9 \u20ac<\/td>\n<\/tr>\n<tr>\n<td width=\"192\">Escalones\/clases Elite<\/td>\n<td width=\"192\">7 \u20ac<\/td>\n<td width=\"200\">10.50 \u20ac<\/td>\n<\/tr>\n<tr>\n<td width=\"192\"><strong>DESPORTO ESCOLAR<\/strong> **<\/td>\n<td width=\"192\">1,50 \u20ac<\/td>\n<td width=\"200\">2,25 \u20ac<\/td>\n<\/tr>\n<\/tbody>\n<\/table>\n<p><strong>\u00a0<\/strong><\/p>\n<p><strong>Escalones Abiertos (precio por etapa &#8211; m\u00e9dia e longa) ***<\/strong><\/p>\n<table>\n<tbody>\n<tr>\n<td width=\"171\"><strong>\u00a0<\/strong><\/td>\n<td width=\"205\"><strong>Federados FPO &amp; Fedo<\/strong><\/td>\n<td width=\"205\"><strong>N\u00e3o Federados<\/strong><\/td>\n<\/tr>\n<tr>\n<td width=\"171\">Hasta los 20 a\u00f1os<\/td>\n<td width=\"205\">3 \u20ac<\/td>\n<td width=\"205\">5 \u20ac<\/td>\n<\/tr>\n<tr>\n<td width=\"171\">Mayores de 20 a\u00f1os<\/td>\n<td width=\"205\">6 \u20ac<\/td>\n<td width=\"205\">6 \u20ac<\/td>\n<\/tr>\n<\/tbody>\n<\/table>\n<p><strong>\u00a0<\/strong><\/p>\n<p><strong>Escalones Abiertos (precio por etapa &#8211; sprint) ***<\/strong><\/p>\n<table>\n<tbody>\n<tr>\n<td width=\"171\"><strong>\u00a0<\/strong><\/td>\n<td width=\"205\"><strong>Federados FPO &amp; Fedo<\/strong><\/td>\n<td width=\"205\"><strong>N\u00e3o Federados<\/strong><\/td>\n<\/tr>\n<tr>\n<td width=\"171\">Hasta los 20 a\u00f1os<\/td>\n<td width=\"205\">2.5 \u20ac<\/td>\n<td width=\"205\">4 \u20ac<\/td>\n<\/tr>\n<tr>\n<td width=\"171\">Mayores de 20 a\u00f1os<\/td>\n<td width=\"205\">5 \u20ac<\/td>\n<td width=\"205\">5 \u20ac<\/td>\n<\/tr>\n<\/tbody>\n<\/table>\n<p><strong>\u00a0<\/strong><\/p>\n<p><strong>*<\/strong>Estas taxas j\u00e1 incluem o seguro desportivo, para residentes em Portugal<\/p>\n<p><strong>**<\/strong>Isen\u00e7\u00e3o de pagamento de Sport Ident e taxa de seguro, desde que enquadrados pelos docentes, sendo obrigat\u00f3ria a apresenta\u00e7\u00e3o do comprovativo do seguro escolar, passado pelo estabelecimento de ensino.<\/p>\n<p><strong>***<\/strong>Estas taxas j\u00e1 incluem o seguro desportivo, para residentes em Portugal, assim como o aluguer do Sport Ident.<\/p>\n<p><strong>OUTRAS TAXAS:<\/strong><\/p>\n<p>1) <strong>Aluguer de Sport Ident<\/strong><\/p>\n<p>Aos atletas participantes em escal\u00f5es de competi\u00e7\u00e3o e forma\u00e7\u00e3o ser\u00e1 cobrada uma taxa de 1 \u20ac caso necessitem de alugar SI Card.<\/p>\n<p>Nos escal\u00f5es abertos n\u00e3o ser\u00e1 cobrada qualquer taxa adicional de aluguer do SI Card, mas ter\u00e3o de deixar no Secretariado uma cau\u00e7\u00e3o de 50\u20ac. No final da prova, os atletas devem dirigir-se ao Secretariado, onde contra a entrega do Sport Ident resgatar\u00e3o a cau\u00e7\u00e3o.<\/p>\n<p>2) <strong>Altera\u00e7\u00f5es de \u00faltima hora e anula\u00e7\u00e3o de inscri\u00e7\u00f5es<\/strong>:<\/p>\n<p>As altera\u00e7\u00f5es efectuadas ap\u00f3s 16 de Setembro (mudan\u00e7as de escal\u00e3o, troca de SI Card, etc) est\u00e3o sujeitas ao pagamento de uma taxa adicional de 2,00\u20ac;<\/p>\n<p><strong>Seguro Desportivo<\/strong><\/p>\n<p>Atletas federados est\u00e3o cobertos pelo seguro da FPO;<\/p>\n<p>Atletas n\u00e3o federados, nacionais e residentes em Portugal, est\u00e3o cobertos pelo seguro FPO;<\/p>\n<p>Atletas estrangeiros, n\u00e3o residentes em Portugal, n\u00e3o est\u00e3o cobertos por qualquer seguro. Assim devem assumir totalmente a sua pr\u00f3pria seguran\u00e7a e riscos de acidentes inerentes.<\/p>\n<p><strong>Proceso de inscripci\u00f3n<\/strong><\/p>\n<p><strong>Formato de inscripci\u00f3n:<\/strong><\/p>\n<ul>\n<li>Las inscripciones de los atletas federados deber\u00e1n ser efectuados directamente por el site OriOASIS (<a href=\"http:\/\/www.orioasis.pt\">orioasis.pt<\/a>).<\/li>\n<\/ul>\n<p>Las inscripciones de los restantes atletas deber\u00e1n realizar-se por email para <a href=\"mailto:info@coc.pt\">info@coc.pt<\/a><\/p>\n<p><strong>Dados obligatorios para la inscripci\u00f3n:<\/strong><\/p>\n<ul>\n<li>Nombres de los participantes<\/li>\n<li>Fecha de nacimiento<\/li>\n<li>Nombre del Club<\/li>\n<li>N\u00ba de Filiado<\/li>\n<li>N\u00ba del SI Card<\/li>\n<li>N\u00ba del tel\u00e9fono o email<\/li>\n<li>Escal\u00f3n de participaci\u00f3n<\/li>\n<li>Los atletas que desean participar en par o en grupo deber\u00e1n efectuar solo una \u00fanica inscripci\u00f3n, diciendo los dados obligatorios de todos los participantes que integren el grupo.<\/li>\n<\/ul>\n<p><strong>Como pagar<\/strong><\/p>\n<p>El pagamiento de las inscripciones podera ser efectuado po tarjeta de cr\u00e9dito o por PayPal, Cajero autom\u00e1tico o por transferencia bancaria. Los atletas federados en la FPO poderan efectuar el pagamiento no Event Center en dinero. Las inscripciones de clubes\/atletas no federados en la FPO solo est\u00e1n inscritas despu\u00e9s del pagamiento.<\/p>\n<p>De forma a facilitar el proceso de acreditaci\u00f3n, la organizaci\u00f3n tiene preferencia que los pagamientos se realicen por pagamento online seguro o Cajero Autom\u00e1tico una vez que el proceso del pagamiento es autom\u00e1tico.<\/p>\n<p><strong>Pagamiento por tarjeta o PayPal \u2013 Pagamiento Online Seguro (POS)<\/strong><\/p>\n<p>Tarjeta o PayPal<\/p>\n<table>\n<tbody>\n<tr>\n<td><span style=\"font-family: helvetica, arial, sans-serif; font-size: 12pt;\">Aceite:<\/span><\/td>\n<td><span style=\"font-family: helvetica, arial, sans-serif; font-size: 12pt;\"><img decoding=\"async\" src=\"http:\/\/pom.pt\/archive\/shared\/payments\/logo_ccMC.gif\" alt=\"\" border=\"0\" \/><\/span><\/td>\n<td><span style=\"font-family: helvetica, arial, sans-serif; font-size: 12pt;\"><img decoding=\"async\" src=\"http:\/\/pom.pt\/archive\/shared\/payments\/logo_ccVisa.gif\" alt=\"\" border=\"0\" \/><\/span><\/td>\n<td><span style=\"font-family: helvetica, arial, sans-serif; font-size: 12pt;\"><img decoding=\"async\" src=\"http:\/\/pom.pt\/archive\/shared\/payments\/logo_ccAmex.gif\" alt=\"\" border=\"0\" \/><\/span><\/td>\n<td><span style=\"font-family: helvetica, arial, sans-serif; font-size: 12pt;\"><img decoding=\"async\" src=\"http:\/\/pom.pt\/archive\/shared\/payments\/logo_cc_jcb.gif\" alt=\"\" border=\"0\" \/><\/span><\/td>\n<td><span style=\"font-family: helvetica, arial, sans-serif; font-size: 12pt;\"><img decoding=\"async\" src=\"http:\/\/pom.pt\/archive\/shared\/payments\/logo_ccSwitch.gif\" alt=\"\" border=\"0\" \/><\/span><\/td>\n<td><span style=\"font-family: helvetica, arial, sans-serif; font-size: 12pt;\"><img decoding=\"async\" src=\"http:\/\/pom.pt\/archive\/shared\/payments\/logo_ccSolo.gif\" alt=\"\" border=\"0\" \/><\/span><\/td>\n<td><span style=\"font-family: helvetica, arial, sans-serif; font-size: 12pt;\"><img decoding=\"async\" src=\"http:\/\/pom.pt\/archive\/shared\/payments\/logo_giropay_55x23.gif\" alt=\"\" border=\"0\" \/><\/span><\/td>\n<td><span style=\"font-family: helvetica, arial, sans-serif; font-size: 12pt;\"><img decoding=\"async\" src=\"http:\/\/pom.pt\/archive\/shared\/payments\/logo_ec_24x23.gif\" alt=\"\" border=\"0\" \/><\/span><\/td>\n<td><span style=\"font-family: helvetica, arial, sans-serif; font-size: 12pt;\"><img decoding=\"async\" src=\"http:\/\/pom.pt\/archive\/shared\/payments\/PayPal_mark_37x23.gif\" alt=\"\" border=\"0\" \/><\/span><\/td>\n<\/tr>\n<\/tbody>\n<\/table>\n<p><strong>Pagamiento por Cajero Autom\u00e1tico<\/strong><\/p>\n<p><img loading=\"lazy\" decoding=\"async\" class=\"alignnone size-full\" src=\"http:\/\/eventos.coc.pt\/archive\/shared\/payments\/payments_mb.gif\" width=\"45\" height=\"53\" \/><\/p>\n<p>Despu\u00e9s de realizar el registro de la inscripci\u00f3n en el OriOasis, deber\u00e1 seleccionar CA como medio de pagamiento e ser\u00e1n creados dos dados para proceder a el pagamiento.<\/p>\n<p><strong>Pagamiento por transferencia bancaria<\/strong><\/p>\n<p>Los pagamientos por transferencia bancaria ser\u00e1n realizados para la siguiente cuenta bancaria:<\/p>\n<p><strong>Nombre de la banca<\/strong>: Caixa Geral de dep\u00f3sitos<\/p>\n<p><strong>Titular de la cuenta<\/strong>: COC \u2013 Clube de Orienta\u00e7\u00e3o do Centro<\/p>\n<p><strong>Agencia<\/strong>: Leiria \u2013 Marqu\u00eas de Pombal<\/p>\n<p><strong>Endere\u00e7o de la Agencia<\/strong>: Avenida Marqu\u00eas de Pombal, 1, 2410 \u2013 152 Leiria<\/p>\n<p><strong>IBAN<\/strong>: PT50 0035 0394 0000400003010<\/p>\n<p><strong>Swift Code Bic<\/strong>: CGDIPTPL<\/p>\n<p>&nbsp;<\/p>\n<p><strong>Proceso de Pagamiento:<\/strong><\/p>\n<p><strong>Pagamiento Online Seguro (POS \u2013 Paypal o tarjeta):<\/strong><\/p>\n<p>El procesamiento del pagamiento es autom\u00e1tico<\/p>\n<p><strong>Pagamiento por CA:<\/strong><\/p>\n<p>El procesamiento del pagamiento es autom\u00e1tico<\/p>\n<p><strong>Pagamiento por transferencia bancaria: \u00a0<\/strong><\/p>\n<p>Para inscripciones Express do OriOasis, por favor coloque o Express Code en el descriptivo del pagamiento.<\/p>\n<p>Para pagamientos totales de clubes, indique siempre el nombre del club.<\/p>\n<p>Para pagamientos parciales de clubes, indique en los comentarios el club e la lista de atletas a que se refiere el pagamiento, o envie por correo electr\u00f3nico (<a href=\"mailto:info@coc.pt\">info@coc.pt<\/a>) \u00e0 la organizaci\u00f3n con la lista de atletas e la prueba de transferencia.<\/p>\n<p>&nbsp;<\/p>\n<p><strong>Notas:<\/strong> Para todas las inscripciones pagas por transferencias bancarias, es necesario enviar la prueba de la operaci\u00f3n para el correo electr\u00f3nico: (<a href=\"mailto:info@coc.pt\">info@coc.pt<\/a>)<\/p>\n<p>Todos los gastos inherentes a las transferencias bancarias deben ser suportados por el ordenante.<\/p>\n<p>Caso tenga dificultad o alguna duda por favor enviar por correo electr\u00f3nico para: <a href=\"mailto:info@coc.pt\">info@coc.pt<\/a><\/p>","protected":false},"excerpt":{"rendered":"<p>MENSAJE IMPORTANTE PARA TODOS LOS ATLETAS ESPA\u00d1OLES &#8211; CON LICENCIA FEDO Para poder tener los precios correctos &#8211; iguales que los corredores portugueses con licencia FPO &#8211; atletas FEDO no pueden enviar sus entradas utilizando las \u00abExpress Entries\u00bb. Para registrar correctamente, primero entrar en ORIOASIS utilizando el mismo nombre de usuario y contrase\u00f1a que se &hellip; <a href=\"http:\/\/eventos.coc.pt\/piom2019cim\/es\/inscricoes\/\" class=\"more-link\">Sigue leyendo <span class=\"screen-reader-text\">Inscripciones<\/span><\/a><\/p>\n","protected":false},"author":1,"featured_media":0,"parent":0,"menu_order":10,"comment_status":"closed","ping_status":"closed","template":"","meta":{"footnotes":""},"class_list":["post-17","page","type-page","status-publish","hentry"],"_links":{"self":[{"href":"http:\/\/eventos.coc.pt\/piom2019cim\/es\/wp-json\/wp\/v2\/pages\/17","targetHints":{"allow":["GET"]}}],"collection":[{"href":"http:\/\/eventos.coc.pt\/piom2019cim\/es\/wp-json\/wp\/v2\/pages"}],"about":[{"href":"http:\/\/eventos.coc.pt\/piom2019cim\/es\/wp-json\/wp\/v2\/types\/page"}],"author":[{"embeddable":true,"href":"http:\/\/eventos.coc.pt\/piom2019cim\/es\/wp-json\/wp\/v2\/users\/1"}],"replies":[{"embeddable":true,"href":"http:\/\/eventos.coc.pt\/piom2019cim\/es\/wp-json\/wp\/v2\/comments?post=17"}],"version-history":[{"count":26,"href":"http:\/\/eventos.coc.pt\/piom2019cim\/es\/wp-json\/wp\/v2\/pages\/17\/revisions"}],"predecessor-version":[{"id":659,"href":"http:\/\/eventos.coc.pt\/piom2019cim\/es\/wp-json\/wp\/v2\/pages\/17\/revisions\/659"}],"wp:attachment":[{"href":"http:\/\/eventos.coc.pt\/piom2019cim\/es\/wp-json\/wp\/v2\/media?parent=17"}],"curies":[{"name":"wp","href":"https:\/\/api.w.org\/{rel}","templated":true}]}}