{"id":21,"date":"2016-09-02T15:32:45","date_gmt":"2016-09-02T15:32:45","guid":{"rendered":"http:\/\/eventos.coc.pt\/piom2018\/?page_id=21"},"modified":"2019-09-09T09:44:54","modified_gmt":"2019-09-09T09:44:54","slug":"organizacao","status":"publish","type":"page","link":"http:\/\/eventos.coc.pt\/piom2019cim\/es\/organizacao\/","title":{"rendered":"Organizacion"},"content":{"rendered":"<p><strong>Clube de Orienta\u00e7\u00e3o do Centro (COC), C\u00e2mara Municipal de Penamacor e\u00a0Federa\u00e7\u00e3o Portuguesa de Orienta\u00e7\u00e3o<\/strong><\/p>\n<p><strong>Director de la Actividad:<\/strong><\/p>\n<p>C\u00e9sar Concei\u00e7\u00e3o<\/p>\n<p><strong>Director adjunto:<\/strong><\/p>\n<p>Jos\u00e9 Bolr\u00e3o<\/p>\n<p><strong>Supervisor FPO:<\/strong><\/p>\n<p>Luis Santos<\/p>\n<p><strong>Cart\u00f3grafo:<\/strong><\/p>\n<p>Rui Antunes<\/p>\n<p><strong>Trazadores de rutas:<\/strong><\/p>\n<p>M\u00e9dia &#8211; Carlos Monteiro<\/p>\n<p>Longa &#8211; Rui Antunes<\/p>\n<p>Sprint &#8211; Rafael Lima e Tom\u00e1s Lima<\/p>\n<p><strong>Inform\u00e1tica<\/strong><\/p>\n<p>Rui Bot\u00e3o<\/p>\n<p><strong>Partidas<\/strong><\/p>\n<p>Ant\u00f3nio Cotovio<\/p>\n<p><strong>Chegadas<\/strong><\/p>\n<p>Nuno Gr\u00e1cio<\/p>\n<p><strong>Secretaria<\/strong><\/p>\n<p>Isabel Monteiro<\/p>","protected":false},"excerpt":{"rendered":"<p>Clube de Orienta\u00e7\u00e3o do Centro (COC), C\u00e2mara Municipal de Penamacor e\u00a0Federa\u00e7\u00e3o Portuguesa de Orienta\u00e7\u00e3o Director de la Actividad: C\u00e9sar Concei\u00e7\u00e3o Director adjunto: Jos\u00e9 Bolr\u00e3o Supervisor FPO: Luis Santos Cart\u00f3grafo: Rui Antunes Trazadores de rutas: M\u00e9dia &#8211; Carlos Monteiro Longa &#8211; Rui Antunes Sprint &#8211; Rafael Lima e Tom\u00e1s Lima Inform\u00e1tica Rui Bot\u00e3o Partidas Ant\u00f3nio Cotovio &hellip; <a href=\"http:\/\/eventos.coc.pt\/piom2019cim\/es\/organizacao\/\" class=\"more-link\">Sigue leyendo <span class=\"screen-reader-text\">Organizacion<\/span><\/a><\/p>\n","protected":false},"author":1,"featured_media":0,"parent":0,"menu_order":8,"comment_status":"closed","ping_status":"closed","template":"","meta":{"footnotes":""},"class_list":["post-21","page","type-page","status-publish","hentry"],"_links":{"self":[{"href":"http:\/\/eventos.coc.pt\/piom2019cim\/es\/wp-json\/wp\/v2\/pages\/21","targetHints":{"allow":["GET"]}}],"collection":[{"href":"http:\/\/eventos.coc.pt\/piom2019cim\/es\/wp-json\/wp\/v2\/pages"}],"about":[{"href":"http:\/\/eventos.coc.pt\/piom2019cim\/es\/wp-json\/wp\/v2\/types\/page"}],"author":[{"embeddable":true,"href":"http:\/\/eventos.coc.pt\/piom2019cim\/es\/wp-json\/wp\/v2\/users\/1"}],"replies":[{"embeddable":true,"href":"http:\/\/eventos.coc.pt\/piom2019cim\/es\/wp-json\/wp\/v2\/comments?post=21"}],"version-history":[{"count":19,"href":"http:\/\/eventos.coc.pt\/piom2019cim\/es\/wp-json\/wp\/v2\/pages\/21\/revisions"}],"predecessor-version":[{"id":661,"href":"http:\/\/eventos.coc.pt\/piom2019cim\/es\/wp-json\/wp\/v2\/pages\/21\/revisions\/661"}],"wp:attachment":[{"href":"http:\/\/eventos.coc.pt\/piom2019cim\/es\/wp-json\/wp\/v2\/media?parent=21"}],"curies":[{"name":"wp","href":"https:\/\/api.w.org\/{rel}","templated":true}]}}