{"id":397,"date":"2018-12-24T15:10:07","date_gmt":"2018-12-24T15:10:07","guid":{"rendered":"http:\/\/eventos.coc.pt\/piom2019cim\/?page_id=397"},"modified":"2019-02-18T08:11:58","modified_gmt":"2019-02-18T08:11:58","slug":"boas-vindas","status":"publish","type":"page","link":"http:\/\/eventos.coc.pt\/piom2019cim\/es\/boas-vindas\/","title":{"rendered":"Bienvenidas"},"content":{"rendered":"<p>Bienvenidos al PIOM \u2013 PENAMACOR INTERNACIONAL ORIEENTERING MEETING que ser\u00e1 tambi\u00e9n CIMO 2019 \u2013 CAMPEONATO IB\u00c9RICO MASCULINO PEDESTRE\u00a0 de 2019.<\/p>\n<p>Es con gran orgullo e sentido de responsabilidad que el COC se candidato para llevar a efecto este gran desaf\u00edo organizativo e traer m\u00e1s una actividad internacional de orientaci\u00f3n a Penamacor.<\/p>\n<p>De esta prueba va a salir los campeones ib\u00e9ricos de 2018, que ser\u00e1n apurados de la suma de puntos conquistados en cada una de las tres etapas que integran es Campeonato Ib\u00e9rico, a saber en las distancias de Sprint, Media e Longa.<\/p>\n<p>Los t\u00edtulos ib\u00e9ricos masculinos se asignar\u00e1n desde el escal\u00f3n Hombres 14 hasta los Hombres 75.<\/p>\n<p>&nbsp;<\/p>\n<p><strong>Presidente de la C\u00e1mara Municipal de Penamacor<\/strong><\/p>\n<p><img loading=\"lazy\" decoding=\"async\" class=\"alignleft wp-image-409\" src=\"http:\/\/eventos.coc.pt\/piom2019cim\/wp-content\/uploads\/sites\/15\/2019\/01\/Antonio-Luis.jpg\" alt=\"\" width=\"198\" height=\"200\" srcset=\"http:\/\/eventos.coc.pt\/piom2019cim\/wp-content\/uploads\/sites\/15\/2019\/01\/Antonio-Luis.jpg 472w, http:\/\/eventos.coc.pt\/piom2019cim\/wp-content\/uploads\/sites\/15\/2019\/01\/Antonio-Luis-297x300.jpg 297w\" sizes=\"auto, (max-width: 198px) 100vw, 198px\" \/><\/p>\n<p>Penamacor recibir\u00e1 una prueba internacional de orientaci\u00f3n. Desde de que fue formalizado el protocolo entre la C\u00e1mara Municipal de Penamacor e el COC \u2013 \u201cClube de Orienta\u00e7\u00e3o do Centro\u201d, hace circa de cuatro a\u00f1os, con la organizaci\u00f3n del PORTUGAL \u201cO\u201d MEETING 2016, que tenemos procurado afirmar Penamacor como un destino europeo de la modalidad. Teniendo en cuenta la dimensi\u00f3n e la calidad de las actividades organizadas y el n\u00famero de participantes, que ascendi\u00f3 a siete centenas, en el PIOM 2018 \u2013 PENAMACOR INTERNACIONAL ORIENTEERING MEETING, no hesitamos en reforzar e consolidar esta asociaci\u00f3n. Con la organizaci\u00f3n conjunta del Municipio con el COC del CAMPEONATO MASCULINO DE ORIENTA\u00c7\u00c3O PEDESTRE \u201cTERRAS DO LINCE\u201d, pretendemos poner cada vez m\u00e1s Penamacor en el mapa de la modalidad e reforzar-lo como un destino de referencia para los atletas nacionales e internacionales, que aqu\u00ed encuentran excelentes condiciones para competir e entrenar durante todo el a\u00f1o. Estando Penamacor en la zona de frontera con Espa\u00f1a, la organizaci\u00f3n del CAMPEONATO IBERICO MASCULINO tiende a ganar redoblada importancia, presentando-se la prueba como un notable cart\u00f3n de visita del pueblo e de su territorio.<\/p>\n<p>En cuanto al resto, no tengo dudas en repetir que el Concelho de Penamacor, situado en el centro rayano de Portugal, es una tierra de buenas personas e excelentes anfitriones. Sus pueblos, notas de color inseridas en el patrimonio natural, conservan mucho del encanto que el tiempo e la historia nos dejan. El pueblo de Penamacor, con m\u00e1s de ocho siglos, es cuasi tan antigua como la naci\u00f3n portuguesa. El castillo medieval e sus iglesias, sus calles e casas colocadas en las pendientes parecen salidos de un postal ilustrado. El escenario es fant\u00e1stico! Esperamos por ustedes para el \u201cCAMPEONATO IB\u00c9RICO MASCULINO DE ORIENTA\u00c7\u00c3O PEDESTRE TERRAS DO LINCE\u201d<\/p>\n<p>Ant\u00f3nio Luis Beites<\/p>\n<p>Presidente de la C\u00e1mara Municipal de Penamacor<\/p>\n<p>&nbsp;<\/p>\n<p><strong>Presidente do COC<\/strong><\/p>\n<p><img loading=\"lazy\" decoding=\"async\" class=\"alignleft wp-image-411\" src=\"http:\/\/eventos.coc.pt\/piom2019cim\/wp-content\/uploads\/sites\/15\/2019\/01\/JB.jpg\" alt=\"\" width=\"177\" height=\"200\" srcset=\"http:\/\/eventos.coc.pt\/piom2019cim\/wp-content\/uploads\/sites\/15\/2019\/01\/JB.jpg 362w, http:\/\/eventos.coc.pt\/piom2019cim\/wp-content\/uploads\/sites\/15\/2019\/01\/JB-266x300.jpg 266w\" sizes=\"auto, (max-width: 177px) 100vw, 177px\" \/><\/p>\n<p>Despu\u00e9s del PIOM 2016 e del PIOM-WRE 2018, el COC retorna a Penamacor en 2019 para la realizaci\u00f3n de m\u00e1s una grande actividad internacional de Orientaci\u00f3n Pedestre, el CAMPEONATO IB\u00c9RICO MASCULINO \u2013 PIOM-CIMO2019.<\/p>\n<p>El excelente protocolo con la C\u00e1mara Municipal, el apoyo de la Federa\u00e7\u00e3o Portuguesa de Orienta\u00e7\u00e3o e la voluntad del COC de querer siempre hacer m\u00e1s e mejor permiti\u00f3 criar m\u00e1s una competici\u00f3n de calidad. El COC ya est\u00e1 trabajando la cartograf\u00eda, la estrategia e planeando para que la actividad corra sobre lo mejor en Septiembre de 2019. Toda la familia de la orientaci\u00f3n, deportistas e populaci\u00f3n en general, est\u00e1n invitadas a participar, competiendo o simplemente disfrutando de la tierra de su naturaleza.<\/p>\n<p>Contamos con ustedes.<\/p>\n<p>Jos\u00e9 Bolr\u00e3o<\/p>\n<p>Presidente do Clube de Orienta\u00e7\u00e3o do Centro<\/p>\n<p>&nbsp;<\/p>\n<p><strong>Presidente da FPO<\/strong><\/p>\n<p><img loading=\"lazy\" decoding=\"async\" class=\"alignleft wp-image-407\" src=\"http:\/\/eventos.coc.pt\/piom2019cim\/wp-content\/uploads\/sites\/15\/2019\/01\/fotoAA.jpg\" alt=\"\" width=\"225\" height=\"200\" srcset=\"http:\/\/eventos.coc.pt\/piom2019cim\/wp-content\/uploads\/sites\/15\/2019\/01\/fotoAA.jpg 456w, http:\/\/eventos.coc.pt\/piom2019cim\/wp-content\/uploads\/sites\/15\/2019\/01\/fotoAA-300x267.jpg 300w\" sizes=\"auto, (max-width: 225px) 100vw, 225px\" \/><\/p>\n<p>Despu\u00e9s de los \u00e9xitos organizativos de 2016, con el PORTUGAL \u201cO\u201d MEETING, e en 2018 con el PIOM 218, retorna el COC a Penamacor para m\u00e1s una prueba que ciertamente ser\u00e1 de \u00e9xito \u2013 CAMPEONATO IBERICO MASCULINO DE ORIENTA\u00c7\u00c3O PEDESTRE.<\/p>\n<p>La calidad t\u00e9cnica organizativa que el COC siempre demostr\u00f3 aliada a la calidad t\u00e9cnica natural de los territorios de Penamacor cr\u00edan desde principio un evento que ir\u00e1 satisfacer las mayores exigencias en esta modalidad.<\/p>\n<p>Por otro lado el siempre presiente el apoyo de las entidades locales, el bien recibir de las personas de esto pueblo con m\u00e1s de ocho siglos, con tradiciones culturales, gastron\u00f3micas de excelencia ir\u00e1n tornar esta actividad en m\u00e1s un \u00e9xito que perdurara.<\/p>\n<p>Ant\u00f3nio Amador<\/p>\n<p>Presidente de la Federa\u00e7\u00e3o Portuguesa de Orienta\u00e7\u00e3o<\/p>","protected":false},"excerpt":{"rendered":"<p>Bienvenidos al PIOM \u2013 PENAMACOR INTERNACIONAL ORIEENTERING MEETING que ser\u00e1 tambi\u00e9n CIMO 2019 \u2013 CAMPEONATO IB\u00c9RICO MASCULINO PEDESTRE\u00a0 de 2019. Es con gran orgullo e sentido de responsabilidad que el COC se candidato para llevar a efecto este gran desaf\u00edo organizativo e traer m\u00e1s una actividad internacional de orientaci\u00f3n a Penamacor. De esta prueba va &hellip; <a href=\"http:\/\/eventos.coc.pt\/piom2019cim\/es\/boas-vindas\/\" class=\"more-link\">Sigue leyendo <span class=\"screen-reader-text\">Bienvenidas<\/span><\/a><\/p>\n","protected":false},"author":1,"featured_media":0,"parent":0,"menu_order":0,"comment_status":"closed","ping_status":"closed","template":"","meta":{"footnotes":""},"class_list":["post-397","page","type-page","status-publish","hentry"],"_links":{"self":[{"href":"http:\/\/eventos.coc.pt\/piom2019cim\/es\/wp-json\/wp\/v2\/pages\/397","targetHints":{"allow":["GET"]}}],"collection":[{"href":"http:\/\/eventos.coc.pt\/piom2019cim\/es\/wp-json\/wp\/v2\/pages"}],"about":[{"href":"http:\/\/eventos.coc.pt\/piom2019cim\/es\/wp-json\/wp\/v2\/types\/page"}],"author":[{"embeddable":true,"href":"http:\/\/eventos.coc.pt\/piom2019cim\/es\/wp-json\/wp\/v2\/users\/1"}],"replies":[{"embeddable":true,"href":"http:\/\/eventos.coc.pt\/piom2019cim\/es\/wp-json\/wp\/v2\/comments?post=397"}],"version-history":[{"count":9,"href":"http:\/\/eventos.coc.pt\/piom2019cim\/es\/wp-json\/wp\/v2\/pages\/397\/revisions"}],"predecessor-version":[{"id":533,"href":"http:\/\/eventos.coc.pt\/piom2019cim\/es\/wp-json\/wp\/v2\/pages\/397\/revisions\/533"}],"wp:attachment":[{"href":"http:\/\/eventos.coc.pt\/piom2019cim\/es\/wp-json\/wp\/v2\/media?parent=397"}],"curies":[{"name":"wp","href":"https:\/\/api.w.org\/{rel}","templated":true}]}}