{"id":4,"date":"2016-08-29T23:31:01","date_gmt":"2016-08-29T23:31:01","guid":{"rendered":"http:\/\/eventos.coc.pt\/piom2018\/?page_id=4"},"modified":"2019-09-11T08:46:25","modified_gmt":"2019-09-11T08:46:25","slug":"programa","status":"publish","type":"page","link":"http:\/\/eventos.coc.pt\/piom2019cim\/es\/programa\/","title":{"rendered":"Programa"},"content":{"rendered":"<p><strong>09 de Septiembre (lunes)<\/strong><\/p>\n<p>Fecha l\u00edmite de inscripciones a precios con descuento<\/p>\n<p><strong>16 de Septiembre (lunes)\u00a0 <\/strong><\/p>\n<p>Fecha l\u00edmite de inscripciones en escalones de competici\u00f3n<\/p>\n<p>Nota: Las inscripciones en escalones abiertos deber\u00e1n realizar-se tambi\u00e9n hasta el 16 de Septiembre.<\/p>\n<p><strong>20 de Septiembre (viernes \u2013 D\u00eda 0) <\/strong><\/p>\n<p>13h00 \u2013 Apertura de la secretar\u00eda \u2013 Casa do Povo de Penamacor<\/p>\n<p>13h00 \u2013 Apertura de Model Event \u2013 Rach\u00e3 &amp; Dongalinho (m\u00e9dia &amp; longa) escala 1:10 000 e 1:15 000<\/p>\n<p>18h00 \u2013 Encerramento de Model Event<\/p>\n<p>18h00 \u2013 Apertura del suelo duro \u2013 Pabell\u00f3n gimnodesportivo de Penamacor<\/p>\n<p>20h00 \u2013 Cierre de la secretar\u00eda<\/p>\n<p><strong>21 de Septiembre (s\u00e1bado \u2013 d\u00eda 1)<\/strong><\/p>\n<p>Ma\u00f1ana<\/p>\n<p>08h30 \u2013 Apertura de la secretar\u00eda en la arena \u2013 mapa de Carvalhal<\/p>\n<p>09h00 &#8211; Apertura del Baby Sitting<\/p>\n<p>10h00 \u2013 Inicio de las pruebas \u2013 Distancia media \u2013 Carvalhal<\/p>\n<p>10h10 \/ 11h10 \u2013 Partidas de los escalones abiertos, D\/H10 e D\/H12<\/p>\n<p><strong>11h00 &#8211; L\u00edmite de tiempo para ingresar al estacionamiento (al lado de la Arena) debido a restricciones de tr\u00e1fico de Aldeia de Jo\u00e3o Pires.<\/strong><\/p>\n<p><strong>11h10 &#8211; Hora a partir de la cual los veh\u00edculos pueden salir del estacionamiento.<\/strong><\/p>\n<p>12h30 &#8211; Cierre del Baby Sitting<\/p>\n<p>Tarde<\/p>\n<p>15h30 \u2013 Apertura de la Secretar\u00eda \u2013 Parking de ocio de Meimoa<\/p>\n<p>15h45 &#8211; Apertura del Baby Sitting<\/p>\n<p>16h00 \u2013 Apertura de Cuarentena del Sprint &#8211; En se\u00f1alizado desde Arena y Parking<\/p>\n<p>16h30 \u2013 Cierre de la cuarentena del Sprint<\/p>\n<p>16h45 \u2013Inicio de la prueba \u2013 Sprint &#8211; Meimoa<\/p>\n<p>16h55 \/ 17h55 \u2013 Inicio de los escalones abiertos, D\/H10 e D\/H12<\/p>\n<p>19h00 &#8211; Cierra del baby Sitting<\/p>\n<p>&nbsp;<\/p>\n<p><strong>22 de Septiembre (Domingo \u2013 D\u00eda 2)<\/strong><\/p>\n<p>08h00 \u2013 Apertura de la Secretar\u00eda en Arena \u2013 Mapa do Carvalhal<\/p>\n<p>08h30\u00a0&#8211; Apertura de la Baby Sitting<\/p>\n<p>09h00 \u2013 Inicio de las pruebas \u2013 distancia longa &#8211; Carvalhal<\/p>\n<p>09h10 \/ 10h10 \u2013 Partida de los escalones abiertos, D\/H10 e D\/H12<\/p>\n<p><strong>10h30 &#8211; L\u00edmite de tiempo para ingresar al estacionamiento (al lado de la Arena) debido a restricciones de tr\u00e1fico de Aldeia de Jo\u00e3o Pires.<\/strong><\/p>\n<p><strong>10h40 &#8211; Hora a partir de la cual los veh\u00edculos pueden salir del estacionamiento.<\/strong><\/p>\n<p>12h30 &#8211; Cierre del Baby Sitting<\/p>\n<p>13h30 \u2013 Cerimonia de entrega de pr\u00e9mios<\/p>\n<p>16h00 \u2013 Cierre del suelo duro<\/p>","protected":false},"excerpt":{"rendered":"<p>09 de Septiembre (lunes) Fecha l\u00edmite de inscripciones a precios con descuento 16 de Septiembre (lunes)\u00a0 Fecha l\u00edmite de inscripciones en escalones de competici\u00f3n Nota: Las inscripciones en escalones abiertos deber\u00e1n realizar-se tambi\u00e9n hasta el 16 de Septiembre. 20 de Septiembre (viernes \u2013 D\u00eda 0) 13h00 \u2013 Apertura de la secretar\u00eda \u2013 Casa do Povo &hellip; <a href=\"http:\/\/eventos.coc.pt\/piom2019cim\/es\/programa\/\" class=\"more-link\">Sigue leyendo <span class=\"screen-reader-text\">Programa<\/span><\/a><\/p>\n","protected":false},"author":1,"featured_media":0,"parent":0,"menu_order":14,"comment_status":"closed","ping_status":"closed","template":"","meta":{"footnotes":""},"class_list":["post-4","page","type-page","status-publish","hentry"],"_links":{"self":[{"href":"http:\/\/eventos.coc.pt\/piom2019cim\/es\/wp-json\/wp\/v2\/pages\/4","targetHints":{"allow":["GET"]}}],"collection":[{"href":"http:\/\/eventos.coc.pt\/piom2019cim\/es\/wp-json\/wp\/v2\/pages"}],"about":[{"href":"http:\/\/eventos.coc.pt\/piom2019cim\/es\/wp-json\/wp\/v2\/types\/page"}],"author":[{"embeddable":true,"href":"http:\/\/eventos.coc.pt\/piom2019cim\/es\/wp-json\/wp\/v2\/users\/1"}],"replies":[{"embeddable":true,"href":"http:\/\/eventos.coc.pt\/piom2019cim\/es\/wp-json\/wp\/v2\/comments?post=4"}],"version-history":[{"count":12,"href":"http:\/\/eventos.coc.pt\/piom2019cim\/es\/wp-json\/wp\/v2\/pages\/4\/revisions"}],"predecessor-version":[{"id":673,"href":"http:\/\/eventos.coc.pt\/piom2019cim\/es\/wp-json\/wp\/v2\/pages\/4\/revisions\/673"}],"wp:attachment":[{"href":"http:\/\/eventos.coc.pt\/piom2019cim\/es\/wp-json\/wp\/v2\/media?parent=4"}],"curies":[{"name":"wp","href":"https:\/\/api.w.org\/{rel}","templated":true}]}}