{"id":624,"date":"2019-08-27T21:10:05","date_gmt":"2019-08-27T21:10:05","guid":{"rendered":"http:\/\/eventos.coc.pt\/piom2019cim\/?page_id=624"},"modified":"2019-08-27T21:21:24","modified_gmt":"2019-08-27T21:21:24","slug":"turismo-e-lazer","status":"publish","type":"page","link":"http:\/\/eventos.coc.pt\/piom2019cim\/es\/turismo-e-lazer\/","title":{"rendered":"Turismo"},"content":{"rendered":"<p><a href=\"http:\/\/www.cm-penamacor.pt\/cmp\/index.php\/turismo-lazer\/turismo-e-lazer\">Turismo e Lazer<\/a><\/p>\n<p><a href=\"http:\/\/www.cm-penamacor.pt\/cmp\/index.php\/turismo-lazer\/guia-concelho\">Guia Tur\u00edstico do Concelho<\/a><\/p>\n<p><a href=\"http:\/\/www.cm-penamacor.pt\/cmp\/index.php\/turismo-lazer\/carta-vila\">Mapa Tur\u00edstico<\/a><\/p>\n<p><a href=\"http:\/\/www.cm-penamacor.pt\/cmp\/index.php\/turismo-lazer\/cimo-vila\">Cimo de Vila<\/a><\/p>\n<p><a href=\"http:\/\/www.cm-penamacor.pt\/cmp\/index.php\/turismo-lazer\/geossitios-de-penamacor\">Geoss\u00edtios de Penamacor<\/a><\/p>\n<p><a href=\"http:\/\/www.cm-penamacor.pt\/cmp\/index.php\/turismo-lazer\/rede-de-percursos-pedestres\">Rede de Percursos Pedestres<\/a><\/p>\n<p><a href=\"http:\/\/www.cm-penamacor.pt\/cmp\/index.php\/turismo-lazer\/campismo\">Campismo<\/a><\/p>\n<p><a href=\"http:\/\/www.cm-penamacor.pt\/cmp\/index.php\/turismo-lazer\/zlazer\">Zonas de Lazer<\/a><\/p>\n<p><a href=\"http:\/\/www.cm-penamacor.pt\/cmp\/index.php\/turismo-lazer\/pinformacao\">Posto de Informa\u00e7\u00e3o Tur\u00edstica<\/a><\/p>\n<p><a href=\"http:\/\/www.cm-penamacor.pt\/cmp\/index.php\/turismo-lazer\/alojamento\">Alojamento<\/a><\/p>\n<p><a href=\"http:\/\/www.cm-penamacor.pt\/cmp\/index.php\/turismo-lazer\/restauracao\">Restaura\u00e7\u00e3o<\/a><\/p>\n<p><a href=\"http:\/\/www.cm-penamacor.pt\/cmp\/index.php\/turismo-lazer\/gata\">Gata Malcata<\/a><\/p>","protected":false},"excerpt":{"rendered":"<p>Turismo e Lazer Guia Tur\u00edstico do Concelho Mapa Tur\u00edstico Cimo de Vila Geoss\u00edtios de Penamacor Rede de Percursos Pedestres Campismo Zonas de Lazer Posto de Informa\u00e7\u00e3o Tur\u00edstica Alojamento Restaura\u00e7\u00e3o Gata Malcata<\/p>\n","protected":false},"author":1,"featured_media":0,"parent":0,"menu_order":0,"comment_status":"closed","ping_status":"closed","template":"","meta":{"footnotes":""},"class_list":["post-624","page","type-page","status-publish","hentry"],"_links":{"self":[{"href":"http:\/\/eventos.coc.pt\/piom2019cim\/es\/wp-json\/wp\/v2\/pages\/624","targetHints":{"allow":["GET"]}}],"collection":[{"href":"http:\/\/eventos.coc.pt\/piom2019cim\/es\/wp-json\/wp\/v2\/pages"}],"about":[{"href":"http:\/\/eventos.coc.pt\/piom2019cim\/es\/wp-json\/wp\/v2\/types\/page"}],"author":[{"embeddable":true,"href":"http:\/\/eventos.coc.pt\/piom2019cim\/es\/wp-json\/wp\/v2\/users\/1"}],"replies":[{"embeddable":true,"href":"http:\/\/eventos.coc.pt\/piom2019cim\/es\/wp-json\/wp\/v2\/comments?post=624"}],"version-history":[{"count":3,"href":"http:\/\/eventos.coc.pt\/piom2019cim\/es\/wp-json\/wp\/v2\/pages\/624\/revisions"}],"predecessor-version":[{"id":628,"href":"http:\/\/eventos.coc.pt\/piom2019cim\/es\/wp-json\/wp\/v2\/pages\/624\/revisions\/628"}],"wp:attachment":[{"href":"http:\/\/eventos.coc.pt\/piom2019cim\/es\/wp-json\/wp\/v2\/media?parent=624"}],"curies":[{"name":"wp","href":"https:\/\/api.w.org\/{rel}","templated":true}]}}