{"id":11,"date":"2016-09-02T15:31:27","date_gmt":"2016-09-02T15:31:27","guid":{"rendered":"http:\/\/eventos.coc.pt\/piom2018\/?page_id=11"},"modified":"2019-09-11T12:49:35","modified_gmt":"2019-09-11T12:49:35","slug":"informacoes-gerais","status":"publish","type":"page","link":"http:\/\/eventos.coc.pt\/piom2019cim\/informacoes-gerais\/","title":{"rendered":"Informa\u00e7\u00f5es Gerais"},"content":{"rendered":"<p><a href=\"http:\/\/eventos.coc.pt\/archive\/piom2019\/boletim_piom_2019_09_11.pdf\" target=\"_blank\" rel=\"noopener\"><img loading=\"lazy\" decoding=\"async\" class=\"aligncenter wp-image-674 size-full\" src=\"http:\/\/eventos.coc.pt\/piom2019cim\/wp-content\/uploads\/sites\/15\/2019\/09\/boletim.jpg\" alt=\"\" width=\"669\" height=\"949\" srcset=\"http:\/\/eventos.coc.pt\/piom2019cim\/wp-content\/uploads\/sites\/15\/2019\/09\/boletim.jpg 669w, http:\/\/eventos.coc.pt\/piom2019cim\/wp-content\/uploads\/sites\/15\/2019\/09\/boletim-211x300.jpg 211w\" sizes=\"auto, (max-width: 669px) 100vw, 669px\" \/><\/a><\/p>\n<p>O PIOM\/CIMO 2019 \u00e9 um evento de Orienta\u00e7\u00e3o pedestre, pontu\u00e1vel para as Ta\u00e7as de Portugal, floresta e sprint, e para a Liga espanhola. O evento \u00e9 aberto a pessoas de qualquer idade, podendo participar nos escal\u00f5es de competi\u00e7\u00e3o ou nos escal\u00f5es abertos, individualmente, ou em grupo.<\/p>\n<p>Simultaneamente ser\u00e1 disputado o CIMO nos escal\u00f5es: H14, H16, H18, H20, H21Elite, H35, H40, H45, H50, H55, H60, H65, H70, H75.<\/p>\n<p>Ser\u00e3o apurados e premiados os vencedores do PIOM e os vencedores do CIMO, pelo somat\u00f3rio dos pontos das tr\u00eas etapas.<\/p>\n<p><strong>REGULAMENTOS E REGRAS<\/strong><\/p>\n<p>O Campeonato Ib\u00e9rico Masculino de Orienta\u00e7\u00e3o 2019, no que respeita aos escal\u00f5es de competi\u00e7\u00e3o e atribui\u00e7\u00e3o de t\u00edtulos, rege-se pelo Protocolo FPO\/FEDO dispon\u00edvel <strong><a href=\"http:\/\/www.fpo.pt\/www\/images\/fpo\/Protocolos\/protocolo%20fedo%202019.pdf\" target=\"_blank\" rel=\"noopener\">AQUI<\/a>. <\/strong><\/p>\n<p>Os t\u00edtulos Ib\u00e9ricos s\u00e3o atribu\u00eddos nos seguintes escal\u00f5es:<\/p>\n<p>H14,H16,H18,H20,H21Elite,H35,H40,H45,H50,H55,H60,H65,H70,H75<\/p>\n<p>A competi\u00e7\u00e3o rege-se pelo Regulamento de Competi\u00e7\u00f5es da FPO 2019, que pode ser \u00a0consultado <strong>AQUI<\/strong>. Em casos omissos ser\u00e1 aplicado o regulamento da IOF.<\/p>\n<p><strong>Solo Duro e Banhos<\/strong><\/p>\n<p>Pavilh\u00e3o Gimnodesportivo de Penamacor<\/p>\n<p>Abertura: 6\u00aa feira \u00bb\u00bb 18h\u00a0 \/\/\/ Fecho: domingo \u00bb\u00bb 16h<\/p>\n<p><u>Notas:<\/u><\/p>\n<p>\u00c9 proibido utilizar sapatos de bicos no interior dos recintos \/\/\/ \u00c9 proibido cozinhar e comer no interior dos pavilh\u00f5es.<\/p>\n<p><strong>Model Event<\/strong><\/p>\n<p>Mapa de Rach\u00e3 &amp; Dongalinho (M\u00e9dia &amp; Longa)<\/p>\n<p>Estes mapas foram utilizados no POM 2016 e PIOM 2018, sendo terrenos muito similares ao que os atletas encontrar\u00e3o nas 3 provas que constituem o Campeonato Ib\u00e9rico.<\/p>\n<p>Mapas dispon\u00edveis no secretariado do Model Event no dia 20 de Setembro sexta-feira<\/p>\n<p>Pre\u00e7o por mapa: 3\u20ac.<\/p>\n<p><strong>Peitoral CIMO 2019<\/strong><\/p>\n<p>O peitoral oficial do CIMO 2019 ter\u00e1 imprimido o n\u00famero, o nome, o escal\u00e3o, o ID do SI Card, o Clube e o Pa\u00eds do atleta;<\/p>\n<p>Os peitorais do CIMO 2019 ter\u00e3o que ser levantados no secretariado, antes do evento, n\u00e3o sendo autorizada a partida de nenhum atleta sem o mesmo.<\/p>\n<p><strong>Sprint<\/strong><\/p>\n<p>Existir\u00e1 uma quarentena antes da prova do Sprint, em local a Definir<\/p>\n<p>A quarentena abre \u00e0s 16:00 e encerra \u00e0s 16:30.<\/p>\n<p>N\u00e3o ser\u00e1 permitida a entrada de nenhum atleta ap\u00f3s a hora indicada de fecho para participa\u00e7\u00e3o na competi\u00e7\u00e3o; Caso entrem depois da hora do fecho, poder\u00e3o participar na prova, mas extra competi\u00e7\u00e3o (n\u00e3o ser\u00e1 considerado o resultado para a classifica\u00e7\u00e3o geral no CIMO)<\/p>\n<p>O estacionamento junto \u00e0 quarentena ser\u00e1 no campo de futebol da Meimoa;<\/p>\n<p>Do estacionamento \u00e0 ARENA s\u00e3o 1000 m sem desn\u00edvel (12 minutos a p\u00e9);<\/p>\n<p>Da ARENA \u00e0 quarentena s\u00e3o 1000 m com desn\u00edvel de 50 m (cerca de 15 minutos a p\u00e9);<\/p>\n<p>Aparelhos electr\u00f3nicos como telem\u00f3veis, tablets, computadores; MP3\/4 com ecr\u00e3, ou similares, n\u00e3o s\u00e3o permitidos na Quarentena. O seu uso ser\u00e1 punido com a desqualifica\u00e7\u00e3o;<\/p>\n<p>Haver\u00e1 servi\u00e7o de recolha de malas\/ mochilas\/ sacos na quarentena<\/p>\n<p>Os atletas devem deixar as suas malas\/ mochilas\/ sacos no local indicado, ficando a organiza\u00e7\u00e3o respons\u00e1vel pelo seu transporte para a arena.<\/p>\n<p>Nota: A Organiza\u00e7\u00e3o n\u00e3o se responsabiliza por danos\/perdas de material, aconselhando os atletas a guardarem os seus objetos de forma segura;<\/p>\n<p><strong>Altera\u00e7\u00f5es de SI Card<\/strong><\/p>\n<p>As altera\u00e7\u00f5es de SI Card tem obrigatoriamente de ser solicitadas no secretariado, as quais est\u00e3o sujeitas \u00e0 taxa em vigor conforme regulamento da FPO (2 \u20ac por altera\u00e7\u00e3o)<\/p>\n<p>N\u00e3o ser\u00e3o autorizadas partidas de atletas com altera\u00e7\u00f5es de dados que n\u00e3o tenham sido previamente validadas no secretariado.<\/p>\n<p><strong>Aluguer de SI Card<\/strong><\/p>\n<p>O aluguer de um SI Card custa 2,00 \u20ac por prova, nos escal\u00f5es de Competi\u00e7\u00e3o e Forma\u00e7\u00e3o, sendo gratuito para escal\u00f5es Abertos;<\/p>\n<p>Nota: A perda ou n\u00e3o devolu\u00e7\u00e3o do SI Card alugado implica o pagamento de 50\u20ac.<\/p>\n<p><strong>Seguro<\/strong><\/p>\n<p>Atletas federados na Federa\u00e7\u00e3o Portuguesa de Orienta\u00e7\u00e3o (FPO) e atletas n\u00e3o federados mas residentes em Portugal ou com nacionalidade portuguesa est\u00e3o cobertos pelo seguro da FPO.<\/p>\n<p>Atletas federados na FEDO estar\u00e3o ao abrigo do seguro da Federa\u00e7\u00e3o Espanhola.<\/p>\n<p>Os restantes atletas n\u00e3o est\u00e3o cobertos por qualquer seguro.<\/p>\n<p><strong>Horas de partida<\/strong><\/p>\n<p>Em escal\u00f5es de competi\u00e7\u00e3o, n\u00e3o haver\u00e1 altera\u00e7\u00f5es na hora de partida no dia da prova.<\/p>\n<p>Os Escal\u00f5es Abertos, D\/H10 e D\/H12 n\u00e3o t\u00eam hora de partida. Haver\u00e1 uma janela de tempo onde podem iniciar a sua prova utilizando uma esta\u00e7\u00e3o \u201cSTART\u201d.<\/p>\n<p><strong>Tempo limite de prova<\/strong><\/p>\n<p>Dist\u00e2ncia M\u00e9dia \u2013 2 horas<\/p>\n<p>Dist\u00e2ncia Sprint \u2013 1 hora<\/p>\n<p>Dist\u00e2ncia Longa \u2013 3 horas<\/p>\n<p><strong>Recolha de mapas<\/strong><\/p>\n<p>N\u00e3o haver\u00e1 recolha de mapas no final dos percursos. Apela-se ao Fair-Play de todos os participantes.<\/p>\n<p><strong>Resultados e Pr\u00e9mios<\/strong><\/p>\n<p>Campeonato Ib\u00e9rico Masculino 2019<\/p>\n<p>Individual: Pr\u00e9mios para as 3 melhores atletas na soma dos pontos das tr\u00eas provas (dist\u00e2ncia M\u00e9dia, Longa e Sprint), nos escal\u00f5es de competi\u00e7\u00e3o. Ver Regulamentos e Regras.<\/p>\n<p>Classifica\u00e7\u00e3o geral do evento <strong>(PIOM)<\/strong>:<\/p>\n<p>A classifica\u00e7\u00e3o final (individual e colectiva) do evento ser\u00e1 obtida pela soma dos pontos das tr\u00eas provas (dist\u00e2ncia M\u00e9dia, Longa e Sprint);<\/p>\n<p>Pr\u00e9mio para os 3 melhores clubes;<\/p>\n<p>Pr\u00e9mio para os 3 primeiros classificados dos escal\u00f5es de competi\u00e7\u00e3o (5 primeiros no escal\u00e3o D\/H Elite) assim como para os 3 primeiros classificados dos escal\u00f5es abertos.<\/p>\n<p>Todos os participantes dos escal\u00f5es D\/H10 e D\/H12 receber\u00e3o uma lembran\u00e7a, independentemente do seu resultado.<\/p>\n<p><strong>Sinaliza\u00e7\u00e3o<\/strong><\/p>\n<p>A organiza\u00e7\u00e3o indicar\u00e1 as coordenadas GPS dos locais importantes do evento, para uma correcta chegada dos participantes aos estacionamentos.<\/p>\n<p>Pontualmente estar\u00e3o devidamente assinalados pela Organiza\u00e7\u00e3o com setas laranja e brancas as direc\u00e7\u00f5es dos Estacionamentos para os locais onde os participantes se tenham que deslocar a p\u00e9.<\/p>","protected":false},"excerpt":{"rendered":"<p>O PIOM\/CIMO 2019 \u00e9 um evento de Orienta\u00e7\u00e3o pedestre, pontu\u00e1vel para as Ta\u00e7as de Portugal, floresta e sprint, e para a Liga espanhola. O evento \u00e9 aberto a pessoas de qualquer idade, podendo participar nos escal\u00f5es de competi\u00e7\u00e3o ou nos escal\u00f5es abertos, individualmente, ou em grupo. Simultaneamente ser\u00e1 disputado o CIMO nos escal\u00f5es: H14, H16, &hellip; <a href=\"http:\/\/eventos.coc.pt\/piom2019cim\/informacoes-gerais\/\" class=\"more-link\">Continuar a ler <span class=\"screen-reader-text\">Informa\u00e7\u00f5es Gerais<\/span><\/a><\/p>\n","protected":false},"author":1,"featured_media":0,"parent":0,"menu_order":13,"comment_status":"closed","ping_status":"closed","template":"","meta":{"footnotes":""},"class_list":["post-11","page","type-page","status-publish","hentry"],"_links":{"self":[{"href":"http:\/\/eventos.coc.pt\/piom2019cim\/wp-json\/wp\/v2\/pages\/11","targetHints":{"allow":["GET"]}}],"collection":[{"href":"http:\/\/eventos.coc.pt\/piom2019cim\/wp-json\/wp\/v2\/pages"}],"about":[{"href":"http:\/\/eventos.coc.pt\/piom2019cim\/wp-json\/wp\/v2\/types\/page"}],"author":[{"embeddable":true,"href":"http:\/\/eventos.coc.pt\/piom2019cim\/wp-json\/wp\/v2\/users\/1"}],"replies":[{"embeddable":true,"href":"http:\/\/eventos.coc.pt\/piom2019cim\/wp-json\/wp\/v2\/comments?post=11"}],"version-history":[{"count":26,"href":"http:\/\/eventos.coc.pt\/piom2019cim\/wp-json\/wp\/v2\/pages\/11\/revisions"}],"predecessor-version":[{"id":675,"href":"http:\/\/eventos.coc.pt\/piom2019cim\/wp-json\/wp\/v2\/pages\/11\/revisions\/675"}],"wp:attachment":[{"href":"http:\/\/eventos.coc.pt\/piom2019cim\/wp-json\/wp\/v2\/media?parent=11"}],"curies":[{"name":"wp","href":"https:\/\/api.w.org\/{rel}","templated":true}]}}