{"id":123,"date":"2016-09-10T06:38:22","date_gmt":"2016-09-10T06:38:22","guid":{"rendered":"http:\/\/eventos.coc.pt\/piom2018\/?page_id=123"},"modified":"2019-09-25T09:32:11","modified_gmt":"2019-09-25T09:32:11","slug":"videos","status":"publish","type":"page","link":"http:\/\/eventos.coc.pt\/piom2019cim\/videos\/","title":{"rendered":"V\u00eddeos"},"content":{"rendered":"<p>https:\/\/youtu.be\/FbHfevvOAOI<\/p>\n<p><iframe loading=\"lazy\" title=\"Campeonato Ib\u00e9rico Masculino de Orienta\u00e7\u00e3o Pedestre 2019\" width=\"660\" height=\"371\" src=\"https:\/\/www.youtube.com\/embed\/dRg_Yd6IjoA?feature=oembed\" frameborder=\"0\" allow=\"accelerometer; autoplay; clipboard-write; encrypted-media; gyroscope; picture-in-picture; web-share\" referrerpolicy=\"strict-origin-when-cross-origin\" allowfullscreen><\/iframe><\/p>\n<p>https:\/\/youtu.be\/t0AwtvqaFRA<\/p>","protected":false},"excerpt":{"rendered":"<p>https:\/\/youtu.be\/FbHfevvOAOI https:\/\/youtu.be\/t0AwtvqaFRA<\/p>\n","protected":false},"author":1,"featured_media":0,"parent":0,"menu_order":3,"comment_status":"closed","ping_status":"closed","template":"","meta":{"footnotes":""},"class_list":["post-123","page","type-page","status-publish","hentry"],"_links":{"self":[{"href":"http:\/\/eventos.coc.pt\/piom2019cim\/wp-json\/wp\/v2\/pages\/123","targetHints":{"allow":["GET"]}}],"collection":[{"href":"http:\/\/eventos.coc.pt\/piom2019cim\/wp-json\/wp\/v2\/pages"}],"about":[{"href":"http:\/\/eventos.coc.pt\/piom2019cim\/wp-json\/wp\/v2\/types\/page"}],"author":[{"embeddable":true,"href":"http:\/\/eventos.coc.pt\/piom2019cim\/wp-json\/wp\/v2\/users\/1"}],"replies":[{"embeddable":true,"href":"http:\/\/eventos.coc.pt\/piom2019cim\/wp-json\/wp\/v2\/comments?post=123"}],"version-history":[{"count":11,"href":"http:\/\/eventos.coc.pt\/piom2019cim\/wp-json\/wp\/v2\/pages\/123\/revisions"}],"predecessor-version":[{"id":1021,"href":"http:\/\/eventos.coc.pt\/piom2019cim\/wp-json\/wp\/v2\/pages\/123\/revisions\/1021"}],"wp:attachment":[{"href":"http:\/\/eventos.coc.pt\/piom2019cim\/wp-json\/wp\/v2\/media?parent=123"}],"curies":[{"name":"wp","href":"https:\/\/api.w.org\/{rel}","templated":true}]}}