{"id":17,"date":"2016-09-02T15:32:21","date_gmt":"2016-09-02T15:32:21","guid":{"rendered":"http:\/\/eventos.coc.pt\/piom2018\/?page_id=17"},"modified":"2019-09-09T08:36:49","modified_gmt":"2019-09-09T08:36:49","slug":"inscricoes","status":"publish","type":"page","link":"http:\/\/eventos.coc.pt\/piom2019cim\/inscricoes\/","title":{"rendered":"Inscri\u00e7\u00f5es"},"content":{"rendered":"<p><b>MENSAGEM IMPORTANTE PARA ATLETAS ESPANHOIS &#8211; COM LICEN\u00c7A FEDO:<\/b><\/p>\n<p>Para que as inscri\u00e7\u00f5es do atletas com licen\u00e7a FEDO tenha os pre\u00e7os corretos &#8211; mesmos pre\u00e7os dos atletas com licen\u00e7a FPO, os atletas FEDO n\u00e3o podem submeter as inscri\u00e7\u00f5es atrav\u00e9s de &#8220;Inscri\u00e7\u00e3o Express&#8221;. Para se registarem corretamente dever\u00e3o primeiro fazer login no OriOasis usando os dados de acesso (nome de utilizador e senha) que normalmente usam para iniciar sess\u00e3o no sistema de inscri\u00e7\u00f5es SICO da FEDO. Para iniciar sess\u00e3o no OriOasis usando os dados de acesso do SICO use este <a href=\"http:\/\/orioasis.pt\/oasis\/fedo\">link<\/a>\u00a0.<\/p>\n<p><strong><img loading=\"lazy\" decoding=\"async\" class=\"aligncenter wp-image-597\" src=\"http:\/\/eventos.coc.pt\/piom2019cim\/wp-content\/uploads\/sites\/15\/2019\/08\/TShirt.jpg\" alt=\"\" width=\"500\" height=\"458\" srcset=\"http:\/\/eventos.coc.pt\/piom2019cim\/wp-content\/uploads\/sites\/15\/2019\/08\/TShirt.jpg 919w, http:\/\/eventos.coc.pt\/piom2019cim\/wp-content\/uploads\/sites\/15\/2019\/08\/TShirt-300x275.jpg 300w, http:\/\/eventos.coc.pt\/piom2019cim\/wp-content\/uploads\/sites\/15\/2019\/08\/TShirt-768x704.jpg 768w\" sizes=\"auto, (max-width: 500px) 100vw, 500px\" \/><\/strong><\/p>\n<p>T&#8217;Shirt t\u00e9cnica para os atletas que participem pelo menos em 2 das 3 etapas do evento e cuja inscri\u00e7\u00e3o seja efectuada dentro do primeiro prazo de inscri\u00e7\u00f5es (9 de setembro de 2019)<\/p>\n<p><strong>INSCRI\u00c7\u00d5ES, PRAZOS E TAXAS<\/strong><\/p>\n<p>As inscri\u00e7\u00f5es devem ser efectuadas at\u00e9 ao dia 09 de Setembro (inclusive) a pre\u00e7o normal, ou at\u00e9 16 de Setembro (inclusive) com agravamento de pre\u00e7o.<\/p>\n<p>Ap\u00f3s 16 de Setembro, apenas ser\u00e3o aceites inscri\u00e7\u00f5es para escal\u00f5es abertos, dependentes de disponibilidade de mapas, pelo que aconselhamos que tamb\u00e9m os escal\u00f5es abertos fa\u00e7am as suas inscri\u00e7\u00f5es at\u00e9 16 de Setembro.<\/p>\n<p>Ap\u00f3s 16 de Setembro n\u00e3o ser\u00e3o aceites inscri\u00e7\u00f5es para os escal\u00f5es de competi\u00e7\u00e3o.<\/p>\n<p>A inscri\u00e7\u00e3o no Model Event deve tamb\u00e9m ser efectuada usando a mesma plataforma, sendo o custo de cada mapa de 3\u20ac.<\/p>\n<p>Quando da inscri\u00e7\u00e3o, se for o caso, deve ser registado o pedido de dormida em solo duro e\/ou o servi\u00e7o de baby sitting nas 3 etapas.<\/p>\n<p>Quando da inscri\u00e7\u00e3o ser\u00e1 obrigat\u00f3rio indicar o tamanho da T-Shirt de oferta (XS, S, M, L ou XL).<\/p>\n<p><strong>Nota<\/strong>: O Model Event ser\u00e1, como habitual, um mapa com diversos pontos para execu\u00e7\u00e3o por ordem livre.<\/p>\n<p><strong>Dados necess\u00e1rios para efetivar uma inscri\u00e7\u00e3o por e-mail:<\/strong><\/p>\n<p>Nome(s) do(s) participante(s);<\/p>\n<p>Data(s) de nascimento;<\/p>\n<p>Nome do Clube;<\/p>\n<p>N\u00ba de filiado na FPO ou FEDO (caso n\u00e3o seja filiado na FPO ou FEDO, o n\u00ba de Bilhete de Identidade ou DNI);<\/p>\n<p>N\u00ba do SI Card, caso tenha um. Na aus\u00eancia deste, ser-lhe-\u00e1 alugado um.<\/p>\n<p>O aluguer de um SIcard custa 1,00 \u20ac por dia nos escal\u00f5es de Competi\u00e7\u00e3o e Forma\u00e7\u00e3o, sendo gratuito para escal\u00f5es Abertos.<\/p>\n<p>A perda ou n\u00e3o devolu\u00e7\u00e3o do SI Card alugado implica o pagamento de 50\u20ac.<\/p>\n<p>Escal\u00e3o de participa\u00e7\u00e3o;<\/p>\n<p>Eventos a participar (na eventualidade de n\u00e3o participar em todos os eventos, mencionar qual ou quais)<\/p>\n<p>As inscri\u00e7\u00f5es para os escal\u00f5es abertos devem ser feitas at\u00e9 ao dia 16 Setembro. Contudo e sempre dependendo da disponibilidade de mapas, podem ser efectuadas at\u00e9 ao dia de prova.<\/p>\n<p>Nota: Os atletas que pretenderem participar em grupo (escal\u00f5es abertos), devem efectuar apenas uma \u00fanica inscri\u00e7\u00e3o mencionando os dados obrigat\u00f3rios de todos os participantes que o constituem.<\/p>\n<p><strong>Taxas de inscri\u00e7\u00e3o:<\/strong><\/p>\n<p>As taxas de inscri\u00e7\u00e3o s\u00e3o iguais para as 3 provas, sendo os pre\u00e7os indicados por prova\/pessoa.<\/p>\n<p><strong>Escal\u00f5es de Competi\u00e7\u00e3o e Forma\u00e7\u00e3o (pre\u00e7o por etapa &#8211; m\u00e9dia e longa):<\/strong><\/p>\n<table width=\"584\">\n<tbody>\n<tr>\n<td width=\"192\"><strong>FEDERADOS FPO &amp; FEDO<\/strong><\/td>\n<td width=\"192\"><strong>At\u00e9 09 de Setembro<\/strong><\/td>\n<td width=\"200\"><strong>De 10 a 16 de Setembro<\/strong><\/td>\n<\/tr>\n<tr>\n<td width=\"192\">At\u00e9 aos 20 anos<\/td>\n<td width=\"192\">3 \u20ac<\/td>\n<td width=\"200\">4,50 \u20ac<\/td>\n<\/tr>\n<tr>\n<td width=\"192\">Maiores que 20 anos<\/td>\n<td width=\"192\">6 \u20ac<\/td>\n<td width=\"200\">9,00 \u20ac<\/td>\n<\/tr>\n<tr>\n<td width=\"192\">Escal\u00f5es\/classes Elite<\/td>\n<td width=\"192\">7 \u20ac<\/td>\n<td width=\"200\">10,50 \u20ac<\/td>\n<\/tr>\n<tr>\n<td width=\"192\"><strong>N\u00c3O FEDERADOS participantes em escal\u00f5es de competi\u00e7\u00e3o *<\/strong><\/td>\n<td width=\"192\"><strong>At\u00e9 09 de Setembro<\/strong><\/td>\n<td width=\"200\"><strong>De 10 a 16 de Setembro<\/strong><\/td>\n<\/tr>\n<tr>\n<td width=\"192\">At\u00e9 aos 20 anos<\/td>\n<td width=\"192\">5 \u20ac<\/td>\n<td width=\"200\">7,50 \u20ac<\/td>\n<\/tr>\n<tr>\n<td width=\"192\">Maiores que 20 anos<\/td>\n<td width=\"192\">10 \u20ac<\/td>\n<td width=\"200\">15,00 \u20ac<\/td>\n<\/tr>\n<tr>\n<td width=\"192\">Escal\u00f5es\/classes Elite<\/td>\n<td width=\"192\">11 \u20ac<\/td>\n<td width=\"200\">16,50 \u20ac<\/td>\n<\/tr>\n<tr>\n<td width=\"192\"><strong>DESPORTO ESCOLAR<\/strong> **<\/td>\n<td width=\"192\">1.50 \u20ac<\/td>\n<td width=\"200\">2,25 \u20ac<\/td>\n<\/tr>\n<\/tbody>\n<\/table>\n<p><strong>\u00a0<\/strong><strong>Escal\u00f5es de Competi\u00e7\u00e3o e Forma\u00e7\u00e3o (pre\u00e7o por etapa &#8211; sprint):<\/strong><\/p>\n<table width=\"584\">\n<tbody>\n<tr>\n<td width=\"192\"><strong>FEDERADOS FPO &amp; FEDO<\/strong><\/td>\n<td width=\"192\"><strong>At\u00e9 09 de Setembro<\/strong><\/td>\n<td width=\"200\"><strong>De 10 a 16 de Setembro<\/strong><\/td>\n<\/tr>\n<tr>\n<td width=\"192\">At\u00e9 aos 20 anos<\/td>\n<td width=\"192\">2.5 \u20ac<\/td>\n<td width=\"200\">3.75 \u20ac<\/td>\n<\/tr>\n<tr>\n<td width=\"192\">Maiores que 20 anos<\/td>\n<td width=\"192\">5 \u20ac<\/td>\n<td width=\"200\">7.50 \u20ac<\/td>\n<\/tr>\n<tr>\n<td width=\"192\">Escal\u00f5es\/classes Elite<\/td>\n<td width=\"192\">5 \u20ac<\/td>\n<td width=\"200\">7.50 \u20ac<\/td>\n<\/tr>\n<tr>\n<td width=\"192\"><strong>N\u00c3O FEDERADOS participantes em escal\u00f5es de competi\u00e7\u00e3o *<\/strong><\/td>\n<td width=\"192\"><strong>At\u00e9 09 de Setembro<\/strong><\/td>\n<td width=\"200\"><strong>De 10 a 16 de Setembro<\/strong><\/td>\n<\/tr>\n<tr>\n<td width=\"192\">At\u00e9 aos 20 anos<\/td>\n<td width=\"192\">4 \u20ac<\/td>\n<td width=\"200\">6 \u20ac<\/td>\n<\/tr>\n<tr>\n<td width=\"192\">Maiores que 20 anos<\/td>\n<td width=\"192\">6 \u20ac<\/td>\n<td width=\"200\">9 \u20ac<\/td>\n<\/tr>\n<tr>\n<td width=\"192\">Escal\u00f5es\/classes Elite<\/td>\n<td width=\"192\">7 \u20ac<\/td>\n<td width=\"200\">10.50 \u20ac<\/td>\n<\/tr>\n<tr>\n<td width=\"192\"><strong>DESPORTO ESCOLAR<\/strong> **<\/td>\n<td width=\"192\">1,50 \u20ac<\/td>\n<td width=\"200\">2,25 \u20ac<\/td>\n<\/tr>\n<\/tbody>\n<\/table>\n<p><strong>\u00a0<\/strong><\/p>\n<p><strong>Escal\u00f5es Abertos (pre\u00e7o por etapa &#8211; m\u00e9dia e longa) ***<\/strong><\/p>\n<table>\n<tbody>\n<tr>\n<td width=\"171\"><strong>\u00a0<\/strong><\/td>\n<td width=\"205\"><strong>Federados FPO &amp; Fedo<\/strong><\/td>\n<td width=\"205\"><strong>N\u00e3o Federados<\/strong><\/td>\n<\/tr>\n<tr>\n<td width=\"171\">At\u00e9 20 anos<\/td>\n<td width=\"205\">3 \u20ac<\/td>\n<td width=\"205\">5 \u20ac<\/td>\n<\/tr>\n<tr>\n<td width=\"171\">Maior que 20 anos<\/td>\n<td width=\"205\">6 \u20ac<\/td>\n<td width=\"205\">6 \u20ac<\/td>\n<\/tr>\n<\/tbody>\n<\/table>\n<p><strong>\u00a0<\/strong><\/p>\n<p><strong>Escal\u00f5es Abertos (pre\u00e7o por etapa &#8211; sprint) ***<\/strong><\/p>\n<table>\n<tbody>\n<tr>\n<td width=\"171\"><strong>\u00a0<\/strong><\/td>\n<td width=\"205\"><strong>Federados FPO &amp; Fedo<\/strong><\/td>\n<td width=\"205\"><strong>N\u00e3o Federados<\/strong><\/td>\n<\/tr>\n<tr>\n<td width=\"171\">At\u00e9 20 anos<\/td>\n<td width=\"205\">2.5 \u20ac<\/td>\n<td width=\"205\">4 \u20ac<\/td>\n<\/tr>\n<tr>\n<td width=\"171\">Maior que 20 anos<\/td>\n<td width=\"205\">5 \u20ac<\/td>\n<td width=\"205\">5 \u20ac<\/td>\n<\/tr>\n<\/tbody>\n<\/table>\n<p><strong>\u00a0<\/strong><\/p>\n<p><strong>*<\/strong>Estas taxas j\u00e1 incluem o seguro desportivo, para residentes em Portugal<\/p>\n<p><strong>**<\/strong>Isen\u00e7\u00e3o de pagamento de Sport Ident e taxa de seguro, desde que enquadrados pelos docentes, sendo obrigat\u00f3ria a apresenta\u00e7\u00e3o do comprovativo do seguro escolar, passado pelo estabelecimento de ensino.<\/p>\n<p><strong>***<\/strong>Estas taxas j\u00e1 incluem o seguro desportivo, para residentes em Portugal, assim como o aluguer do Sport Ident.<\/p>\n<p><strong>OUTRAS TAXAS:<\/strong><\/p>\n<p>1) <strong>Aluguer de Sport Ident<\/strong><\/p>\n<p>Aos atletas participantes em escal\u00f5es de competi\u00e7\u00e3o e forma\u00e7\u00e3o ser\u00e1 cobrada uma taxa de 1 \u20ac caso necessitem de alugar SI Card.<\/p>\n<p>Nos escal\u00f5es abertos n\u00e3o ser\u00e1 cobrada qualquer taxa adicional de aluguer do SI Card, mas ter\u00e3o de deixar no Secretariado uma cau\u00e7\u00e3o de 50\u20ac. No final da prova, os atletas devem dirigir-se ao Secretariado, onde contra a entrega do Sport Ident resgatar\u00e3o a cau\u00e7\u00e3o.<\/p>\n<p>2) <strong>Altera\u00e7\u00f5es de \u00faltima hora e anula\u00e7\u00e3o de inscri\u00e7\u00f5es<\/strong>:<\/p>\n<p>As altera\u00e7\u00f5es efectuadas ap\u00f3s 16 de Setembro (mudan\u00e7as de escal\u00e3o, troca de SI Card, etc) est\u00e3o sujeitas ao pagamento de uma taxa adicional de 2,00\u20ac;<\/p>\n<p><strong>Seguro Desportivo<\/strong><\/p>\n<p>Atletas federados est\u00e3o cobertos pelo seguro da FPO;<\/p>\n<p>Atletas n\u00e3o federados, nacionais e residentes em Portugal, est\u00e3o cobertos pelo seguro FPO;<\/p>\n<p>Atletas estrangeiros, n\u00e3o residentes em Portugal, n\u00e3o est\u00e3o cobertos por qualquer seguro. Assim devem assumir totalmente a sua pr\u00f3pria seguran\u00e7a e riscos de acidentes inerentes.<\/p>\n<p><strong>PROCESSO DE INSCRI\u00c7\u00c3O<\/strong><\/p>\n<p><strong>Forma de Inscri\u00e7\u00e3o:<\/strong><\/p>\n<p>\u2013 As inscri\u00e7\u00f5es dos atletas federados ou pertencentes a clubes filiados na FPO devem ser efectuadas directamente pelo OriOASIS (www.orioasis.pt).<\/p>\n<p>\u2013 As inscri\u00e7\u00f5es dos restantes atletas devem ser efectuadas por e-mail para <span style=\"color: #000080;\"><a style=\"color: #000080;\" href=\"mailto:info@coc.pt\">info@coc.pt<\/a><\/span><\/p>\n<p>Dados obrigat\u00f3rios para a inscri\u00e7\u00e3o (individual, a pares ou em grupo):<\/p>\n<p>\u2013 Nome(s) do(s) participante(s);<\/p>\n<p>\u2013 Data(s) de nascimento;<\/p>\n<p>\u2013 Nome do clube;<\/p>\n<p>\u2013 N\u00ba de filiado na FPO (caso n\u00e3o seja filiado na FPO deve indicar o n\u00ba cart\u00e3o de cidad\u00e3o ou BI);<\/p>\n<p>\u2013 N\u00ba do SI card, caso tenha um. Caso n\u00e3o tenha, ser-lhe-\u00e1 alugado um (a perda ou n\u00e3o devolu\u00e7\u00e3o do SI Card alugado implica o pagamento de 50\u20ac);<\/p>\n<p>\u2013 N\u00ba de telem\u00f3vel ou e-mail;<\/p>\n<p>\u2013 Escal\u00e3o de participa\u00e7\u00e3o;<\/p>\n<p>\u2013 Os atletas que pretendam participar em par grupo devem efectuar apenas uma \u00fanica inscri\u00e7\u00e3o, mencionando os dados obrigat\u00f3rios de todos os participantes que constituem o grupo.<\/p>\n<p><strong>Como pagar<\/strong><\/p>\n<p>O pagamento das inscri\u00e7\u00f5es poder\u00e1 ser efectuado por Cart\u00e3o de Cr\u00e9dito ou Paypal (Pagamento Online Seguro \u2013 POS, atrav\u00e9s do OriOasis), Multibanco (MB) ou transfer\u00eancia banc\u00e1ria. Os clubes\/atletas federados na FPO (e apenas estes) poder\u00e3o proceder ao pagamento das inscri\u00e7\u00f5es no Event Center em dinheiro. As inscri\u00e7\u00f5es de clubes\/atletas n\u00e3o federados na FPO apenas ser\u00e3o consideradas v\u00e1lidas ap\u00f3s pagamento.<\/p>\n<p>De forma a facilitar o processo de acredita\u00e7\u00e3o, a Organiza\u00e7\u00e3o tem prefer\u00eancia que os pagamentos sejam feitos por pagamento online seguro ou MB uma vez que o processamento do pagamento \u00e9 autom\u00e1tico<\/p>\n<p><strong>Pagamento por Cart\u00e3o de Cr\u00e9dito ou Paypal \u2013 Pagamento Online Seguro (POS)<\/strong><\/p>\n<p>Cart\u00e3o de cr\u00e9dito ou Paypal<\/p>\n<table>\n<tbody>\n<tr>\n<td><span style=\"font-family: helvetica, arial, sans-serif; font-size: 12pt;\">Aceite:<\/span><\/td>\n<td><span style=\"font-family: helvetica, arial, sans-serif; font-size: 12pt;\"><img decoding=\"async\" src=\"http:\/\/pom.pt\/archive\/shared\/payments\/logo_ccMC.gif\" alt=\"\" border=\"0\" \/><\/span><\/td>\n<td><span style=\"font-family: helvetica, arial, sans-serif; font-size: 12pt;\"><img decoding=\"async\" src=\"http:\/\/pom.pt\/archive\/shared\/payments\/logo_ccVisa.gif\" alt=\"\" border=\"0\" \/><\/span><\/td>\n<td><span style=\"font-family: helvetica, arial, sans-serif; font-size: 12pt;\"><img decoding=\"async\" src=\"http:\/\/pom.pt\/archive\/shared\/payments\/logo_ccAmex.gif\" alt=\"\" border=\"0\" \/><\/span><\/td>\n<td><span style=\"font-family: helvetica, arial, sans-serif; font-size: 12pt;\"><img decoding=\"async\" src=\"http:\/\/pom.pt\/archive\/shared\/payments\/logo_cc_jcb.gif\" alt=\"\" border=\"0\" \/><\/span><\/td>\n<td><span style=\"font-family: helvetica, arial, sans-serif; font-size: 12pt;\"><img decoding=\"async\" src=\"http:\/\/pom.pt\/archive\/shared\/payments\/logo_ccSwitch.gif\" alt=\"\" border=\"0\" \/><\/span><\/td>\n<td><span style=\"font-family: helvetica, arial, sans-serif; font-size: 12pt;\"><img decoding=\"async\" src=\"http:\/\/pom.pt\/archive\/shared\/payments\/logo_ccSolo.gif\" alt=\"\" border=\"0\" \/><\/span><\/td>\n<td><span style=\"font-family: helvetica, arial, sans-serif; font-size: 12pt;\"><img decoding=\"async\" src=\"http:\/\/pom.pt\/archive\/shared\/payments\/logo_giropay_55x23.gif\" alt=\"\" border=\"0\" \/><\/span><\/td>\n<td><span style=\"font-family: helvetica, arial, sans-serif; font-size: 12pt;\"><img decoding=\"async\" src=\"http:\/\/pom.pt\/archive\/shared\/payments\/logo_ec_24x23.gif\" alt=\"\" border=\"0\" \/><\/span><\/td>\n<td><span style=\"font-family: helvetica, arial, sans-serif; font-size: 12pt;\"><img decoding=\"async\" src=\"http:\/\/pom.pt\/archive\/shared\/payments\/PayPal_mark_37x23.gif\" alt=\"\" border=\"0\" \/><\/span><\/td>\n<\/tr>\n<\/tbody>\n<\/table>\n<p><strong>Pagamento por Multibanco (MB)<\/strong><\/p>\n<p><img loading=\"lazy\" decoding=\"async\" class=\"alignnone size-full\" src=\"http:\/\/eventos.coc.pt\/archive\/shared\/payments\/payments_mb.gif\" width=\"45\" height=\"53\" \/><\/p>\n<p>Ap\u00f3s registo da inscri\u00e7\u00e3o no OriOasis, dever\u00e1 selecionar MB como meio de pagamento e ser\u00e1 gerada a refer\u00eancia e entidade MB para proceder ao pagamento.<\/p>\n<p><strong>Pagamento por transfer\u00eancia banc\u00e1ria<\/strong><\/p>\n<p>Os pagamentos por transfer\u00eancia bancaria devem ser feitos para a seguinte conta banc\u00e1ria:<\/p>\n<p><strong>Nome do banco<\/strong>: Caixa Geral de Dep\u00f3sitos<\/p>\n<p><strong>Titular da conta<\/strong>: COC \u2013 Clube Orienta\u00e7\u00e3o do Centro<\/p>\n<p><strong>Ag\u00eancia<\/strong>: Leiria \u2013 Marqu\u00eas de Pombal<\/p>\n<p><strong>Morada da Ag\u00eancia<\/strong>: Avenida Marqu\u00eas de Pombal, 1, 2410 \u2013 152 Leiria<\/p>\n<p><strong>IBAN<\/strong>: PT50 0035 0394 00004000030 10<\/p>\n<p><strong>SWIFT CODE BIC<\/strong>: CGDIPTPL<\/p>\n<p>&nbsp;<\/p>\n<p><strong>Processamento do pagamento<\/strong><\/p>\n<p><strong>Pagamento Online Seguro (POS \u2013 Paypal ou cart\u00e3o cr\u00e9dito):<\/strong><\/p>\n<p>O processamento do pagamento \u00e9 autom\u00e1tico.<\/p>\n<p><strong>Pagamento com MB<\/strong>:<\/p>\n<p>O processamento do pagamento \u00e9 autom\u00e1tico.<\/p>\n<p><strong>Pagamento por transfer\u00eancia banc\u00e1ria<\/strong><\/p>\n<p><strong>\u00a0<\/strong><\/p>\n<p>Para Inscri\u00e7\u00f5es Express do OriOasis, por favor coloque o Express Code no descritivo do pagamento.<\/p>\n<p>Para <strong>pagamentos totais de clubes<\/strong>, indique sempre o nome clube no descritivo.<\/p>\n<p>Para <strong>pagamentos parciais de clubes<\/strong>, indique nos coment\u00e1rios o clube e a lista de atletas a que se refere o pagamento, ou envie um email (<span style=\"color: #000080;\">info@coc.pt<\/span>)\u00a0 \u00e0 organiza\u00e7\u00e3o com a lista de atletas e o comprovativo da transfer\u00eancia.<\/p>\n<p>&nbsp;<\/p>\n<p>Notas: Para todas as inscri\u00e7\u00f5es pagas por transfer\u00eancia banc\u00e1ria, \u00e9 necess\u00e1rio enviar comprovativo da opera\u00e7\u00e3o para o email: (<span style=\"color: #000080;\">info@coc.pt<\/span>).<\/p>\n<p>Todas as despesas inerentes \u00e0s transfer\u00eancias banc\u00e1rias devem ser suportadas pelo ordenante. Se alguma despesa referente \u00e0s transfer\u00eancias banc\u00e1rias for indevidamente cobrada \u00e0 Organiza\u00e7\u00e3o, as mesmas ser\u00e3o pagas posteriormente pelos clubes ou atletas.<\/p>\n<p>Caso tenha dificuldades ou alguma d\u00favida por favor enviar e-mail para: <span style=\"color: #000080;\"><a style=\"color: #000080;\" href=\"mailto:info@coc.pt\">info@coc.pt<\/a><\/span><\/p>","protected":false},"excerpt":{"rendered":"<p>MENSAGEM IMPORTANTE PARA ATLETAS ESPANHOIS &#8211; COM LICEN\u00c7A FEDO: Para que as inscri\u00e7\u00f5es do atletas com licen\u00e7a FEDO tenha os pre\u00e7os corretos &#8211; mesmos pre\u00e7os dos atletas com licen\u00e7a FPO, os atletas FEDO n\u00e3o podem submeter as inscri\u00e7\u00f5es atrav\u00e9s de &#8220;Inscri\u00e7\u00e3o Express&#8221;. Para se registarem corretamente dever\u00e3o primeiro fazer login no OriOasis usando os dados &hellip; <a href=\"http:\/\/eventos.coc.pt\/piom2019cim\/inscricoes\/\" class=\"more-link\">Continuar a ler <span class=\"screen-reader-text\">Inscri\u00e7\u00f5es<\/span><\/a><\/p>\n","protected":false},"author":1,"featured_media":0,"parent":0,"menu_order":10,"comment_status":"closed","ping_status":"closed","template":"","meta":{"footnotes":""},"class_list":["post-17","page","type-page","status-publish","hentry"],"_links":{"self":[{"href":"http:\/\/eventos.coc.pt\/piom2019cim\/wp-json\/wp\/v2\/pages\/17","targetHints":{"allow":["GET"]}}],"collection":[{"href":"http:\/\/eventos.coc.pt\/piom2019cim\/wp-json\/wp\/v2\/pages"}],"about":[{"href":"http:\/\/eventos.coc.pt\/piom2019cim\/wp-json\/wp\/v2\/types\/page"}],"author":[{"embeddable":true,"href":"http:\/\/eventos.coc.pt\/piom2019cim\/wp-json\/wp\/v2\/users\/1"}],"replies":[{"embeddable":true,"href":"http:\/\/eventos.coc.pt\/piom2019cim\/wp-json\/wp\/v2\/comments?post=17"}],"version-history":[{"count":26,"href":"http:\/\/eventos.coc.pt\/piom2019cim\/wp-json\/wp\/v2\/pages\/17\/revisions"}],"predecessor-version":[{"id":659,"href":"http:\/\/eventos.coc.pt\/piom2019cim\/wp-json\/wp\/v2\/pages\/17\/revisions\/659"}],"wp:attachment":[{"href":"http:\/\/eventos.coc.pt\/piom2019cim\/wp-json\/wp\/v2\/media?parent=17"}],"curies":[{"name":"wp","href":"https:\/\/api.w.org\/{rel}","templated":true}]}}