{"id":240,"date":"2017-01-10T11:34:55","date_gmt":"2017-01-10T11:34:55","guid":{"rendered":"http:\/\/eventos.coc.pt\/piom2018\/?page_id=240"},"modified":"2019-09-21T21:35:50","modified_gmt":"2019-09-21T21:35:50","slug":"partidas","status":"publish","type":"page","link":"http:\/\/eventos.coc.pt\/piom2019cim\/partidas\/","title":{"rendered":"Partidas"},"content":{"rendered":"<p><a href=\"http:\/\/eventos.coc.pt\/archive\/piom2019\/partidas\/PartidasClubes.pdf\" target=\"_blank\" rel=\"noopener\">Por Clubes<\/a><\/p>\n<p><a href=\"http:\/\/eventos.coc.pt\/archive\/piom2019\/partidas\/PartidasMedia.pdf\" target=\"_blank\" rel=\"noopener\">M\u00e9dia &#8211; Por Escal\u00e3o<\/a><\/p>\n<p><a href=\"http:\/\/eventos.coc.pt\/archive\/piom2019\/partidas\/PartidasSprint.pdf\" target=\"_blank\" rel=\"noopener\">Sprint &#8211; Por Escal\u00e3o<\/a><\/p>\n<p><a href=\"http:\/\/eventos.coc.pt\/archive\/piom2019\/partidas\/starts3.html\" target=\"_blank\" rel=\"noopener\">Longa &#8211; Por Escal\u00e3o (novas 2019-09-21 21:18)<\/a><\/p>","protected":false},"excerpt":{"rendered":"<p>Por Clubes M\u00e9dia &#8211; Por Escal\u00e3o Sprint &#8211; Por Escal\u00e3o Longa &#8211; Por Escal\u00e3o (novas 2019-09-21 21:18)<\/p>\n","protected":false},"author":1,"featured_media":0,"parent":0,"menu_order":0,"comment_status":"closed","ping_status":"closed","template":"","meta":{"footnotes":""},"class_list":["post-240","page","type-page","status-publish","hentry"],"_links":{"self":[{"href":"http:\/\/eventos.coc.pt\/piom2019cim\/wp-json\/wp\/v2\/pages\/240","targetHints":{"allow":["GET"]}}],"collection":[{"href":"http:\/\/eventos.coc.pt\/piom2019cim\/wp-json\/wp\/v2\/pages"}],"about":[{"href":"http:\/\/eventos.coc.pt\/piom2019cim\/wp-json\/wp\/v2\/types\/page"}],"author":[{"embeddable":true,"href":"http:\/\/eventos.coc.pt\/piom2019cim\/wp-json\/wp\/v2\/users\/1"}],"replies":[{"embeddable":true,"href":"http:\/\/eventos.coc.pt\/piom2019cim\/wp-json\/wp\/v2\/comments?post=240"}],"version-history":[{"count":12,"href":"http:\/\/eventos.coc.pt\/piom2019cim\/wp-json\/wp\/v2\/pages\/240\/revisions"}],"predecessor-version":[{"id":837,"href":"http:\/\/eventos.coc.pt\/piom2019cim\/wp-json\/wp\/v2\/pages\/240\/revisions\/837"}],"wp:attachment":[{"href":"http:\/\/eventos.coc.pt\/piom2019cim\/wp-json\/wp\/v2\/media?parent=240"}],"curies":[{"name":"wp","href":"https:\/\/api.w.org\/{rel}","templated":true}]}}