{"id":397,"date":"2018-12-24T15:10:07","date_gmt":"2018-12-24T15:10:07","guid":{"rendered":"http:\/\/eventos.coc.pt\/piom2019cim\/?page_id=397"},"modified":"2019-02-18T08:11:58","modified_gmt":"2019-02-18T08:11:58","slug":"boas-vindas","status":"publish","type":"page","link":"http:\/\/eventos.coc.pt\/piom2019cim\/boas-vindas\/","title":{"rendered":"Boas Vindas"},"content":{"rendered":"<p>Sejam bem-vindos ao PIOM \u2013 Penamacor Internacional Orieentering Meeting desta feita ser\u00e1 tamb\u00e9m CIMO 2019, Campeonato Ib\u00e9rico Masculino de Orienta\u00e7\u00e3o Pedestre de 2019.<\/p>\n<p>\u00c9 com grande empenho, orgulho e sentido de responsabilidade que o COC \u2013 Clube de Orienta\u00e7\u00e3o do Centro se candidatou para levar a cabo este grande desafio organizativo e trazer mais um evento internacional de Orienta\u00e7\u00e3o a Penamacor.<\/p>\n<p>Daqui sair\u00e3o os Campe\u00f5es Ib\u00e9ricos de 2019, que ser\u00e3o apurados pela soma de pontos conquistados em cada uma das 3 etapas que constituem o Campeonato Ib\u00e9rico, nomeadamente nas dist\u00e2ncias de Sprint, M\u00e9dia e Longa.<\/p>\n<p>Os t\u00edtulos ib\u00e9ricos masculinos ser\u00e3o atribu\u00eddos desde o escal\u00e3o Homens 14 ao Homens 75.<\/p>\n<p>&nbsp;<\/p>\n<p><strong>Presidente da Camara Municipal de Penamacor<\/strong><\/p>\n<p><img loading=\"lazy\" decoding=\"async\" class=\"alignleft wp-image-409\" src=\"http:\/\/eventos.coc.pt\/piom2019cim\/wp-content\/uploads\/sites\/15\/2019\/01\/Antonio-Luis.jpg\" alt=\"\" width=\"198\" height=\"200\" srcset=\"http:\/\/eventos.coc.pt\/piom2019cim\/wp-content\/uploads\/sites\/15\/2019\/01\/Antonio-Luis.jpg 472w, http:\/\/eventos.coc.pt\/piom2019cim\/wp-content\/uploads\/sites\/15\/2019\/01\/Antonio-Luis-297x300.jpg 297w\" sizes=\"auto, (max-width: 198px) 100vw, 198px\" \/><\/p>\n<p>Penamacor vai voltar a receber uma prova internacional de orienta\u00e7\u00e3o. Desde que foi formalizada a parceria entre a C\u00e2mara Municipal e o COC &#8211; Clube de Orienta\u00e7\u00e3o do Centro, h\u00e1 cerca de quatro anos, com a organiza\u00e7\u00e3o do PORTUGAL \u201cO\u201d MEETING 2016, que temos procurado afirmar Penamacor como um destino europeu da modalidade. Tendo em conta a dimens\u00e3o e a qualidade dos eventos em causa e o n\u00famero de participantes inscritos, que ascendeu a sete centenas, no PIOM 2018 \u2013 Penamacor International Orienteering Meeting, n\u00e3o hesitamos em refor\u00e7ar e consolidar esta parceria. Com a organiza\u00e7\u00e3o conjunta do Munic\u00edpio com o COC do Campeonato Ib\u00e9rico Masculino de Orienta\u00e7\u00e3o Pedestre \u201cTerras do Lince\u201d, pretendemos colocar cada vez mais Penamacor no mapa da modalidade e refor\u00e7\u00e1-lo como um destino de refer\u00eancia para atletas nacionais e internacionais, que aqui encontram excelentes condi\u00e7\u00f5es para competir e treinar durante todo o ano. Estando Penamacor na zona fronteiri\u00e7a com Espanha, a organiza\u00e7\u00e3o deste Campeonato Ib\u00e9rico Masculino ganha redobrada import\u00e2ncia, apresentando-se a prova como um not\u00e1vel cart\u00e3o de visita do concelho.<\/p>\n<p>Quanto ao resto, n\u00e3o tenho d\u00favidas em repetir que o concelho de Penamacor, situado no centro raiano de Portugal, \u00e9 uma terra de gente boa e hospitaleira. As suas aldeias, notas coloridas inseridas no patrim\u00f3nio natural, preservam muito do pitoresco e encanto que o tempo e a hist\u00f3ria conferem aos lugares. A vila de Penamacor, com mais de oito s\u00e9culos de exist\u00eancia, \u00e9 quase t\u00e3o antiga quanto a pr\u00f3pria na\u00e7\u00e3o portuguesa. O seu castelo medieval e as suas igrejas, as suas ruelas e casario estendido pelas encostas parecem sa\u00eddos de um aut\u00eantico postal ilustrado. O cen\u00e1rio \u00e9 fant\u00e1stico! Aguardamos-vos para o Campeonato Ib\u00e9rico Masculino de Orienta\u00e7\u00e3o Pedestre \u201cTerras do Lince\u201d!<\/p>\n<p>Ant\u00f3nio Luis Beites<\/p>\n<p>Presidente da C\u00e2mara Municipal de Penamacor<\/p>\n<p>&nbsp;<\/p>\n<p><strong>Presidente do COC<\/strong><\/p>\n<p><img loading=\"lazy\" decoding=\"async\" class=\"alignleft wp-image-411\" src=\"http:\/\/eventos.coc.pt\/piom2019cim\/wp-content\/uploads\/sites\/15\/2019\/01\/JB.jpg\" alt=\"\" width=\"177\" height=\"200\" srcset=\"http:\/\/eventos.coc.pt\/piom2019cim\/wp-content\/uploads\/sites\/15\/2019\/01\/JB.jpg 362w, http:\/\/eventos.coc.pt\/piom2019cim\/wp-content\/uploads\/sites\/15\/2019\/01\/JB-266x300.jpg 266w\" sizes=\"auto, (max-width: 177px) 100vw, 177px\" \/>Depois do POM 2016 e do PIOM-WRE 2018, o COC volta a Penamacor em 2019 para a realiza\u00e7\u00e3o de mais um grande evento internacional de Orienta\u00e7\u00e3o Pedestre, desta feita o Campeonato Ib\u00e9rico Masculino, PIOM-CIMO2019.<\/p>\n<p>A excelente parceria com a C\u00e2mara Municipal, o apoio da Federa\u00e7\u00e3o Portuguesa de Orienta\u00e7\u00e3o e a vontade do COC querer sempre fazer mais e melhor permite-nos perspectivar mais uma competi\u00e7\u00e3o de qualidade. O COC j\u00e1 est\u00e1 a trabalhar a n\u00edvel da cartografia, da estrat\u00e9gia e do planeamento do evento para garantir que tudo estar\u00e1 perfeitamente alinhado em Setembro de 2019. Toda a fam\u00edlia orientista, desportistas e popula\u00e7\u00e3o em geral, est\u00e3o convidados a participar, competindo ou simplesmente desfrutando da beleza desta terra e do saber bem receber das gentes de Penamacor. Contamos convosco.<\/p>\n<p>Bem hajam<\/p>\n<p>Jos\u00e9 Bolr\u00e3o<\/p>\n<p>Presidente do Clube de Orienta\u00e7\u00e3o do Centro<\/p>\n<p>&nbsp;<\/p>\n<p><strong>Presidente da FPO<\/strong><\/p>\n<p><img loading=\"lazy\" decoding=\"async\" class=\"alignleft wp-image-407\" src=\"http:\/\/eventos.coc.pt\/piom2019cim\/wp-content\/uploads\/sites\/15\/2019\/01\/fotoAA.jpg\" alt=\"\" width=\"225\" height=\"200\" srcset=\"http:\/\/eventos.coc.pt\/piom2019cim\/wp-content\/uploads\/sites\/15\/2019\/01\/fotoAA.jpg 456w, http:\/\/eventos.coc.pt\/piom2019cim\/wp-content\/uploads\/sites\/15\/2019\/01\/fotoAA-300x267.jpg 300w\" sizes=\"auto, (max-width: 225px) 100vw, 225px\" \/>Ap\u00f3s os sucessos organizativos em 2016, com o Portugal \u2018O\u2019 Meeting, e em 2018 com um evento a contar para o Ranking Mundial, volta o Clube de Orienta\u00e7\u00e3o do Centro a Penamacor para mais uma organiza\u00e7\u00e3o que certamente ser\u00e1 de sucesso &#8211; Campeonato Ib\u00e9rico Masculino de Orienta\u00e7\u00e3o Pedestre.<\/p>\n<p>De facto, a qualidade organizativa que o COC sempre demonstrou aliada \u00e0 qualidade t\u00e9cnica natural dos terrenos de Penamacor garantem desde logo um evento que ir\u00e1 ao encontro das maiores exig\u00eancias nesta modalidade sejam elas de \u00edndole competitiva ou de lazer.<\/p>\n<p>Por outro lado o sempre presente apoio das entidades locais, o bem receber das gentes desta vila com mais de oito s\u00e9culos de exist\u00eancia com tradi\u00e7\u00f5es quer culturais quer gastron\u00f3micas de excel\u00eancia ir\u00e3o tornar este evento em mais um sucesso que certamente perdurar\u00e1.<\/p>\n<p>Ant\u00f3nio Amador<\/p>\n<p>Presidente da Federa\u00e7\u00e3o Portuguesa de Orienta\u00e7\u00e3o<\/p>\n<p>&nbsp;<\/p>","protected":false},"excerpt":{"rendered":"<p>Sejam bem-vindos ao PIOM \u2013 Penamacor Internacional Orieentering Meeting desta feita ser\u00e1 tamb\u00e9m CIMO 2019, Campeonato Ib\u00e9rico Masculino de Orienta\u00e7\u00e3o Pedestre de 2019. \u00c9 com grande empenho, orgulho e sentido de responsabilidade que o COC \u2013 Clube de Orienta\u00e7\u00e3o do Centro se candidatou para levar a cabo este grande desafio organizativo e trazer mais um &hellip; <a href=\"http:\/\/eventos.coc.pt\/piom2019cim\/boas-vindas\/\" class=\"more-link\">Continuar a ler <span class=\"screen-reader-text\">Boas Vindas<\/span><\/a><\/p>\n","protected":false},"author":1,"featured_media":0,"parent":0,"menu_order":0,"comment_status":"closed","ping_status":"closed","template":"","meta":{"footnotes":""},"class_list":["post-397","page","type-page","status-publish","hentry"],"_links":{"self":[{"href":"http:\/\/eventos.coc.pt\/piom2019cim\/wp-json\/wp\/v2\/pages\/397","targetHints":{"allow":["GET"]}}],"collection":[{"href":"http:\/\/eventos.coc.pt\/piom2019cim\/wp-json\/wp\/v2\/pages"}],"about":[{"href":"http:\/\/eventos.coc.pt\/piom2019cim\/wp-json\/wp\/v2\/types\/page"}],"author":[{"embeddable":true,"href":"http:\/\/eventos.coc.pt\/piom2019cim\/wp-json\/wp\/v2\/users\/1"}],"replies":[{"embeddable":true,"href":"http:\/\/eventos.coc.pt\/piom2019cim\/wp-json\/wp\/v2\/comments?post=397"}],"version-history":[{"count":9,"href":"http:\/\/eventos.coc.pt\/piom2019cim\/wp-json\/wp\/v2\/pages\/397\/revisions"}],"predecessor-version":[{"id":533,"href":"http:\/\/eventos.coc.pt\/piom2019cim\/wp-json\/wp\/v2\/pages\/397\/revisions\/533"}],"wp:attachment":[{"href":"http:\/\/eventos.coc.pt\/piom2019cim\/wp-json\/wp\/v2\/media?parent=397"}],"curies":[{"name":"wp","href":"https:\/\/api.w.org\/{rel}","templated":true}]}}