{"id":4,"date":"2016-08-29T23:31:01","date_gmt":"2016-08-29T23:31:01","guid":{"rendered":"http:\/\/eventos.coc.pt\/piom2018\/?page_id=4"},"modified":"2019-09-11T08:46:25","modified_gmt":"2019-09-11T08:46:25","slug":"programa","status":"publish","type":"page","link":"http:\/\/eventos.coc.pt\/piom2019cim\/programa\/","title":{"rendered":"Programa"},"content":{"rendered":"<p><strong>09 de Setembro (segunda feira)<\/strong><\/p>\n<p>Data limite para inscri\u00e7\u00f5es a pre\u00e7os com desconto<\/p>\n<p><strong>16 de Setembro (segunda feira<\/strong>)<\/p>\n<p>Data limite para inscri\u00e7\u00f5es em Escal\u00f5es de Competi\u00e7\u00e3o<\/p>\n<p>Nota: As inscri\u00e7\u00f5es em Escal\u00f5es Abertos devem ser feitas tamb\u00e9m at\u00e9 16 de Setembro, podendo ser aceites at\u00e9 \u00e0 data da prova, mas ficando sempre dependentes da disponibilidade de mapas.<\/p>\n<p><strong>20 de Setembro (sexta feira \u2013 Dia 0)<\/strong><\/p>\n<p>13h00 \u2013 Abertura do Secretariado \u2013 Casa do Povo de Penamacor<\/p>\n<p>13h00 \u2013 Abertura do Model Event \u2013 Rach\u00e3 &amp; Dongalinho (m\u00e9dia &amp; longa) Escala 1:10.000 e 1:15.000)<\/p>\n<p>18h00 \u2013 Fecho do Model Event<\/p>\n<p>18h00 \u2013 Abertura do Solo Duro \u2013 Pavilh\u00e3o gimnodesportivo de Penamacor<\/p>\n<p>Banhos no solo duro a partir das 18h00<\/p>\n<p>20h00 \u2013 Encerramento do Secretariado<\/p>\n<p><strong>21 de Setembro (s\u00e1bado \u2013 Dia 1)<\/strong><\/p>\n<p><strong>MANH\u00c3<\/strong><\/p>\n<p>08h30 \u2013 Abertura do Secretariado na Arena \u2013 Mapa de Carvalhal<\/p>\n<p>09h00 &#8211; Abertura do Baby Sitting<\/p>\n<p>10h00 \u2013 In\u00edcio das Partidas \u2013 Dist\u00e2ncia M\u00e9dia \u2013 Carvalhal<\/p>\n<p>10h10 \/ 11h10 \u2013 Partidas dos Escal\u00f5es Abertos, D\/H10 e D\/H12<\/p>\n<p><strong>11h00 &#8211; Hora limite de entrada no estacionamento (junto \u00e0 Arena) devido \u00e0s condicionantes de circula\u00e7\u00e3o a partir da Aldeia de Jo\u00e3o Pires.<\/strong><\/p>\n<p><strong>11h10 &#8211; Hora a partir da qual \u00e9 permitida a sa\u00edda das viaturas do estacionamento.<\/strong><\/p>\n<p>12h30\u00a0Fecho do Baby Sitting<\/p>\n<p><strong>TARDE<\/strong><\/p>\n<p>15h30 \u2013 Abertura do Secretariado \u2013 Parque de Lazer da Meimoa<\/p>\n<p>15h45 &#8211;\u00a0Abertura do Baby Sitting<\/p>\n<p>16h00 \u2013 Abertura da Quarentena do Sprint \u2013 Em local sinalizado a partir a Arena e dos Estacionamentos<\/p>\n<p>16h30 \u2013 Fecho da Quarentena do Sprint<\/p>\n<p>16h45 \u2013 In\u00edcio das Partidas \u2013 Sprint \u2013 Meimoa<\/p>\n<p>16h55 \/ 17h55 \u2013 Partidas dos Escal\u00f5es Abertos, D\/H10 e D\/H12<\/p>\n<p>19h00 &#8211;\u00a0Fecho do Baby Sitting<\/p>\n<p><strong>22 de Setembro (domingo \u2013 Dia 2)<\/strong><\/p>\n<p>08h00 \u2013 Abertura do Secretariado na Arena \u2013 Mapa do Carvalhal<\/p>\n<p>08h30 &#8211;\u00a0Abertura do Baby Sitting<\/p>\n<p>09h00 \u2013 In\u00edcio das Partidas \u2013 Dist\u00e2ncia Longa \u2013 Carvalhal<\/p>\n<p>09h10 \/ 10h10 \u2013 Partidas dos Escal\u00f5es Abertos, D\/H10 e D\/H12<\/p>\n<p><strong>10h30 &#8211; Hora limite de entrada no estacionamento (junto \u00e0 Arena) devido \u00e0s condicionantes de circula\u00e7\u00e3o a partir da Aldeia de Jo\u00e3o Pires.<\/strong><\/p>\n<p><strong>10h40 &#8211; Hora a partir da qual \u00e9 permitida a sa\u00edda das viaturas do estacionamento.<\/strong><\/p>\n<p>12h30 &#8211;\u00a0Fecho do Baby Sitting<\/p>\n<p>13h30 \u2013 Cerim\u00f3nia de Entrega de Pr\u00e9mios<\/p>\n<p>16h00 \u2013 Encerramento do Solo Duro<\/p>","protected":false},"excerpt":{"rendered":"<p>09 de Setembro (segunda feira) Data limite para inscri\u00e7\u00f5es a pre\u00e7os com desconto 16 de Setembro (segunda feira) Data limite para inscri\u00e7\u00f5es em Escal\u00f5es de Competi\u00e7\u00e3o Nota: As inscri\u00e7\u00f5es em Escal\u00f5es Abertos devem ser feitas tamb\u00e9m at\u00e9 16 de Setembro, podendo ser aceites at\u00e9 \u00e0 data da prova, mas ficando sempre dependentes da disponibilidade de &hellip; <a href=\"http:\/\/eventos.coc.pt\/piom2019cim\/programa\/\" class=\"more-link\">Continuar a ler <span class=\"screen-reader-text\">Programa<\/span><\/a><\/p>\n","protected":false},"author":1,"featured_media":0,"parent":0,"menu_order":14,"comment_status":"closed","ping_status":"closed","template":"","meta":{"footnotes":""},"class_list":["post-4","page","type-page","status-publish","hentry"],"_links":{"self":[{"href":"http:\/\/eventos.coc.pt\/piom2019cim\/wp-json\/wp\/v2\/pages\/4","targetHints":{"allow":["GET"]}}],"collection":[{"href":"http:\/\/eventos.coc.pt\/piom2019cim\/wp-json\/wp\/v2\/pages"}],"about":[{"href":"http:\/\/eventos.coc.pt\/piom2019cim\/wp-json\/wp\/v2\/types\/page"}],"author":[{"embeddable":true,"href":"http:\/\/eventos.coc.pt\/piom2019cim\/wp-json\/wp\/v2\/users\/1"}],"replies":[{"embeddable":true,"href":"http:\/\/eventos.coc.pt\/piom2019cim\/wp-json\/wp\/v2\/comments?post=4"}],"version-history":[{"count":12,"href":"http:\/\/eventos.coc.pt\/piom2019cim\/wp-json\/wp\/v2\/pages\/4\/revisions"}],"predecessor-version":[{"id":673,"href":"http:\/\/eventos.coc.pt\/piom2019cim\/wp-json\/wp\/v2\/pages\/4\/revisions\/673"}],"wp:attachment":[{"href":"http:\/\/eventos.coc.pt\/piom2019cim\/wp-json\/wp\/v2\/media?parent=4"}],"curies":[{"name":"wp","href":"https:\/\/api.w.org\/{rel}","templated":true}]}}