{"id":13,"date":"2016-09-02T15:31:49","date_gmt":"2016-09-02T15:31:49","guid":{"rendered":"http:\/\/eventos.coc.pt\/piom2018\/?page_id=13"},"modified":"2020-10-14T18:54:38","modified_gmt":"2020-10-14T18:54:38","slug":"informacoes-tecnicas","status":"publish","type":"page","link":"http:\/\/eventos.coc.pt\/piom2021\/en\/informacoes-tecnicas\/","title":{"rendered":"Technical Informations"},"content":{"rendered":"<p><span style=\"font-size: 14pt;\"><strong>MODEL EVENTS<\/strong><\/span><\/p>\n<p>The control points will be materialized on the ground by an orange tape, identified by the number of the control point.<strong>\u00a0<\/strong><\/p>\n<p><span style=\"font-size: 14pt;\"><strong>Model Events Sprint<\/strong><\/span><\/p>\n<p>Mapmaker of 2 maps of sprint: Rui Antunes<\/p>\n<p>Scales: 1:4.000 |Contours: 5 mts<\/p>\n<p><strong>Penamacor Map<\/strong><\/p>\n<p><img loading=\"lazy\" decoding=\"async\" class=\"alignleft wp-image-488\" src=\"http:\/\/eventos.coc.pt\/piom2021\/wp-content\/uploads\/sites\/19\/2020\/05\/PenamacorExcertoMapaI-150x150.jpg\" alt=\"\" width=\"120\" height=\"120\" \/> <img loading=\"lazy\" decoding=\"async\" class=\"alignleft wp-image-489\" src=\"http:\/\/eventos.coc.pt\/piom2021\/wp-content\/uploads\/sites\/19\/2020\/05\/PenamacorExcertoMapaII-150x150.jpg\" alt=\"\" width=\"120\" height=\"120\" \/><\/p>\n<p>&nbsp;<\/p>\n<p>&nbsp;<\/p>\n<p>&nbsp;<\/p>\n<p>&nbsp;<\/p>\n<p>2016 production and update in January 2018<\/p>\n<p>Urban area, mostly paved in parallel, with considerable unevenness, alternating the historic area of \u200b\u200birregular street layout with more recent and more regular areas. Considerable climb.<\/p>\n<p>Parking: At the Santo Ant\u00f3nio terrace next to the Penamacor Municipal Chamber Building. Coordinates: 40.167989 -7.172010<\/p>\n<p><strong>Map of Meimoa<\/strong><\/p>\n<p><img loading=\"lazy\" decoding=\"async\" class=\"alignleft wp-image-501\" src=\"http:\/\/eventos.coc.pt\/piom2021\/wp-content\/uploads\/sites\/19\/2020\/05\/Meimoa-1-150x150.jpg\" alt=\"\" width=\"120\" height=\"120\" \/> <img loading=\"lazy\" decoding=\"async\" class=\"alignleft wp-image-503\" src=\"http:\/\/eventos.coc.pt\/piom2021\/wp-content\/uploads\/sites\/19\/2020\/05\/Meimoa-3-150x150.jpg\" alt=\"\" width=\"120\" height=\"120\" \/> <img loading=\"lazy\" decoding=\"async\" class=\"alignleft wp-image-502\" src=\"http:\/\/eventos.coc.pt\/piom2021\/wp-content\/uploads\/sites\/19\/2020\/05\/Meimoa-2-150x150.jpg\" alt=\"\" width=\"120\" height=\"120\" \/><\/p>\n<p>&nbsp;<\/p>\n<p>&nbsp;<\/p>\n<p>&nbsp;<\/p>\n<p>Production in 2018 updated August 2019<\/p>\n<p>Mixed terrain with open rural area and urban area paved in parallel with some unevenness, narrow streets and stairs.<\/p>\n<p>Parking: Coordinates 40.226022, -7.188425 (Surrounding river beach of Meimoa)<\/p>\n<p><strong><span style=\"font-size: 14pt;\">Model Events Forest<\/span><\/strong><\/p>\n<p><strong>Rach\u00e3 &amp; Dongalinho Map<\/strong><\/p>\n<p>Rach\u00e3<\/p>\n<p><img loading=\"lazy\" decoding=\"async\" class=\"alignleft wp-image-496\" src=\"http:\/\/eventos.coc.pt\/piom2021\/wp-content\/uploads\/sites\/19\/2020\/05\/Rach\u00e3-1-150x150.jpg\" alt=\"\" width=\"120\" height=\"120\" \/> <img loading=\"lazy\" decoding=\"async\" class=\"alignleft wp-image-497\" src=\"http:\/\/eventos.coc.pt\/piom2021\/wp-content\/uploads\/sites\/19\/2020\/05\/Rach\u00e3-2-150x150.jpg\" alt=\"\" width=\"120\" height=\"120\" \/> <img loading=\"lazy\" decoding=\"async\" class=\"alignleft wp-image-498\" src=\"http:\/\/eventos.coc.pt\/piom2021\/wp-content\/uploads\/sites\/19\/2020\/05\/Rach\u00e3-3-150x150.jpg\" alt=\"\" width=\"120\" height=\"120\" \/><\/p>\n<p>&nbsp;<\/p>\n<p>&nbsp;<\/p>\n<p>&nbsp;<\/p>\n<p>&nbsp;<\/p>\n<p>Production in 2015 and updated last quarter of 2017<\/p>\n<p>Dongalinho with a new area of \u200b\u200b2.6 Km2 mapped in 2017<\/p>\n<p>Mapmaker: Rui Antunes<\/p>\n<p>Scales 1: 7.500, 1: 10.000 and 1: 15.000 |\u00a0Contours: 5 mts<\/p>\n<p>Parking: It will take place within the map area. Coordinates 40.090810, -7.207569, which will also appear on the map.<\/p>\n<p>Control points: Control points will be placed on the ground in 2 different areas of the map, which replicate the area of competition.<\/p>\n<p><strong>Anascer Map<\/strong><\/p>\n<p><img loading=\"lazy\" decoding=\"async\" class=\"alignleft wp-image-472\" src=\"http:\/\/eventos.coc.pt\/piom2021\/wp-content\/uploads\/sites\/19\/2020\/03\/Anascer-2-150x150.jpg\" alt=\"\" width=\"120\" height=\"120\" \/> <img loading=\"lazy\" decoding=\"async\" class=\"alignleft wp-image-471\" src=\"http:\/\/eventos.coc.pt\/piom2021\/wp-content\/uploads\/sites\/19\/2020\/03\/Anascer-1-150x150.jpg\" alt=\"\" width=\"120\" height=\"120\" \/> <img loading=\"lazy\" decoding=\"async\" class=\"alignleft wp-image-473\" src=\"http:\/\/eventos.coc.pt\/piom2021\/wp-content\/uploads\/sites\/19\/2020\/03\/Anascer-3-150x150.jpg\" alt=\"\" width=\"120\" height=\"120\" \/><\/p>\n<p>&nbsp;<\/p>\n<p>&nbsp;<\/p>\n<p>&nbsp;<\/p>\n<p>&nbsp;<\/p>\n<p>Production in 2015 and update in 2020 by Rui Antunes<\/p>\n<p>Mapmaler: Rui Antunes &amp; Jos\u00e9 Batista<\/p>\n<p>Map scale: 1: 7.500 and 1:10 000 |Contours: 5m<\/p>\n<p>Bas-relief terrain, reduced undergrowth, mostly open (without trees) and with a lot of rocky details.<\/p>\n<p>Parking: 40.273318, -7.247537<\/p>\n<p><strong>Serrinha &amp; Aldeia do Bispo<\/strong><\/p>\n<p><img loading=\"lazy\" decoding=\"async\" class=\"alignleft wp-image-509\" src=\"http:\/\/eventos.coc.pt\/piom2021\/wp-content\/uploads\/sites\/19\/2020\/05\/Serrinha-3-150x150.jpg\" alt=\"\" width=\"120\" height=\"120\" \/> <img loading=\"lazy\" decoding=\"async\" class=\"alignleft wp-image-510\" src=\"http:\/\/eventos.coc.pt\/piom2021\/wp-content\/uploads\/sites\/19\/2020\/05\/Serrinha-4-150x150.jpg\" alt=\"\" width=\"120\" height=\"120\" \/> <img loading=\"lazy\" decoding=\"async\" class=\"alignleft wp-image-511\" src=\"http:\/\/eventos.coc.pt\/piom2021\/wp-content\/uploads\/sites\/19\/2020\/05\/Serrinha-5-150x150.jpg\" alt=\"\" width=\"120\" height=\"120\" \/><\/p>\n<p>&nbsp;<\/p>\n<p>&nbsp;<\/p>\n<p>&nbsp;<\/p>\n<p>&nbsp;<\/p>\n<p>Production in 2015 and update in 2020<\/p>\n<p>Mapmaker: Rui Antunes<\/p>\n<p>Scales 1: 7.500, 1: 10.000 and 1: 15.000 | Controus: 5 mts<\/p>\n<p>Land with considerable unevenness, rich in rocky details, alternating areas of good progression with others of lesser speed of progression, sometimes due to the unevenness, sometimes due to vegetation. It provides good technical challenges mainly in the choice of options, which is important in a Long Distance.<\/p>\n<p>Parking will be indicated in the near future, but GPS coordinates will be printing on maps.<\/p>\n<p class=\"x_MsoNormal\"><strong><i><span lang=\"EN-GB\">Mem\u00f3ria<\/span><\/i><\/strong><\/p>\n<p><img loading=\"lazy\" decoding=\"async\" class=\"alignleft wp-image-479\" src=\"http:\/\/eventos.coc.pt\/piom2021\/wp-content\/uploads\/sites\/19\/2020\/04\/Mem\u00f3ria-2-150x150.jpg\" alt=\"\" width=\"120\" height=\"120\" \/> <img loading=\"lazy\" decoding=\"async\" class=\"alignleft wp-image-478\" src=\"http:\/\/eventos.coc.pt\/piom2021\/wp-content\/uploads\/sites\/19\/2020\/04\/Mem\u00f3ria-1-150x150.jpg\" alt=\"\" width=\"120\" height=\"120\" \/> <img loading=\"lazy\" decoding=\"async\" class=\"alignleft wp-image-480\" src=\"http:\/\/eventos.coc.pt\/piom2021\/wp-content\/uploads\/sites\/19\/2020\/04\/Mem\u00f3ria-3-150x150.jpg\" alt=\"\" width=\"120\" height=\"120\" \/><\/p>\n<p>&nbsp;<\/p>\n<p>&nbsp;<\/p>\n<p>&nbsp;<\/p>\n<p class=\"x_MsoNormal\"><i><span lang=\"EN-GB\">Production in 2015 and update in 2020 by Rui Antunes<\/span><\/i><\/p>\n<p class=\"x_MsoNormal\"><i>Mapmaker: Rui Antunes<\/i><\/p>\n<p class=\"x_MsoNormal\"><i><span lang=\"EN-GB\">Scale: 1: 7.500 and 1:10 000 |Contours: 5 mts<\/span><\/i><\/p>\n<p class=\"x_MsoNormal\"><i><span lang=\"EN-GB\">Bas-relief terrain, reduced undergrowth, with rocky details.<\/span><\/i><\/p>\n<p class=\"x_MsoNormal\"><i><span lang=\"EN-GB\">Parking<\/span><\/i><span lang=\"EN-GB\">\u00a040.133041, -7.207646<\/span><\/p>\n<p><span style=\"font-size: 14pt;\"><strong>COMPETITION &#8211; MIDDLE DISTANCE &#8211; WRE (stage 1)<\/strong><\/span><\/p>\n<p><strong>Map:<\/strong> Carvalhal<\/p>\n<p><img loading=\"lazy\" decoding=\"async\" class=\"alignleft wp-image-469\" src=\"http:\/\/eventos.coc.pt\/piom2021\/wp-content\/uploads\/sites\/19\/2020\/03\/Carvalhal1-150x150.jpg\" alt=\"\" width=\"121\" height=\"121\" \/> <img loading=\"lazy\" decoding=\"async\" class=\"alignleft wp-image-465\" src=\"http:\/\/eventos.coc.pt\/piom2021\/wp-content\/uploads\/sites\/19\/2020\/03\/Carvalhal-2-150x150.jpg\" alt=\"\" width=\"121\" height=\"121\" \/> <img loading=\"lazy\" decoding=\"async\" class=\"alignleft wp-image-464\" src=\"http:\/\/eventos.coc.pt\/piom2021\/wp-content\/uploads\/sites\/19\/2020\/03\/Carvalhal-1-150x150.jpg\" alt=\"\" width=\"121\" height=\"121\" srcset=\"http:\/\/eventos.coc.pt\/piom2021\/wp-content\/uploads\/sites\/19\/2020\/03\/Carvalhal-1-150x150.jpg 150w, http:\/\/eventos.coc.pt\/piom2021\/wp-content\/uploads\/sites\/19\/2020\/03\/Carvalhal-1-300x298.jpg 300w, http:\/\/eventos.coc.pt\/piom2021\/wp-content\/uploads\/sites\/19\/2020\/03\/Carvalhal-1.jpg 399w\" sizes=\"auto, (max-width: 121px) 100vw, 121px\" \/><\/p>\n<p>&nbsp;<\/p>\n<p>&nbsp;<\/p>\n<p>&nbsp;<\/p>\n<p><strong>Ground:<\/strong> Open and semi-open areas with rocky elements and details of relief. Good progression and visibility.<\/p>\n<p><strong>Mapmaker:<\/strong> Rui Antunes<\/p>\n<p><strong>Scales:<\/strong> 1: 7.500 | 1: 10.000 | Contours: 5 meters<\/p>\n<p><strong>Course planners:<\/strong> Carlos Monteiro \/ Rui Antunes<\/p>\n<p><strong>Parking (for both middle distances):<\/strong> Cars, motorhomes and buses: 40.100591, -7.152407<\/p>\n<p><strong>Starts:<\/strong> To be released in due time<\/p>\n<p><strong>Arena layout<\/strong>: To be released in due time<\/p>\n<p><span style=\"font-size: 14pt;\"><strong>COMPETITION &#8211; SPRINT NIGHT RUN (stage 2)<\/strong><\/span><\/p>\n<p><img loading=\"lazy\" decoding=\"async\" class=\"alignleft wp-image-520\" src=\"http:\/\/eventos.coc.pt\/piom2021\/wp-content\/uploads\/sites\/19\/2020\/05\/P-S-Pedro-1-150x150.jpg\" alt=\"\" width=\"120\" height=\"120\" \/> <img loading=\"lazy\" decoding=\"async\" class=\"alignleft wp-image-522\" src=\"http:\/\/eventos.coc.pt\/piom2021\/wp-content\/uploads\/sites\/19\/2020\/05\/P-S-Pedro-6-150x150.jpg\" alt=\"\" width=\"120\" height=\"120\" \/> <img loading=\"lazy\" decoding=\"async\" class=\"alignleft wp-image-521\" src=\"http:\/\/eventos.coc.pt\/piom2021\/wp-content\/uploads\/sites\/19\/2020\/05\/P-S-Pedro-5-150x150.jpg\" alt=\"\" width=\"120\" height=\"120\" \/><\/p>\n<p>&nbsp;<\/p>\n<p>&nbsp;<\/p>\n<p>&nbsp;<\/p>\n<p>&nbsp;<\/p>\n<p><strong>Map: <\/strong>Pedr\u00f3g\u00e3o de S\u00e3o Pedro &#8211; 2020<\/p>\n<p><strong>Mapmaker: <\/strong>Rui Antunes<\/p>\n<p><strong>Scale: <\/strong>1: 4.000 |<strong>Contours: <\/strong>2,5 meters<\/p>\n<p><strong>Course planners: <\/strong>Tom\u00e1s Lima \/ Rafael Lima<\/p>\n<p><strong>Parking: <\/strong>Rua Tenente Manuel Morais (area surrounding the Football Field) Coordinates 40.091101, -7.238152<\/p>\n<p><strong>Arena layout: <\/strong>To be released in due time<\/p>\n<p><strong><span style=\"font-size: 14pt;\">COMPETITION &#8211; <\/span>MIDDLE DISTANCE (stage 3)<\/strong><\/p>\n<p><strong>Map:<\/strong> Carvalhal<\/p>\n<p><img loading=\"lazy\" decoding=\"async\" class=\"alignleft wp-image-468\" src=\"http:\/\/eventos.coc.pt\/piom2021\/wp-content\/uploads\/sites\/19\/2020\/03\/Cabe\u00e7a-Velho-150x150.jpg\" alt=\"\" width=\"121\" height=\"121\" \/> <img loading=\"lazy\" decoding=\"async\" class=\"alignleft wp-image-467\" src=\"http:\/\/eventos.coc.pt\/piom2021\/wp-content\/uploads\/sites\/19\/2020\/03\/Carvalhal-4-150x150.jpg\" alt=\"\" width=\"120\" height=\"120\" \/> <img loading=\"lazy\" decoding=\"async\" class=\"alignleft wp-image-466\" src=\"http:\/\/eventos.coc.pt\/piom2021\/wp-content\/uploads\/sites\/19\/2020\/03\/Carvalhal-3-150x150.jpg\" alt=\"\" width=\"120\" height=\"120\" \/><\/p>\n<p>&nbsp;<\/p>\n<p>&nbsp;<\/p>\n<p>&nbsp;<\/p>\n<p><strong>Ground: <\/strong>Land with varied vegetation between cork and oak trees, alternating with open and semi-open areas, with some relief and rocky elements. In general, it provides good progression, alternating zones with greater or lesser visibility.<\/p>\n<p><strong>Mapmakers: <\/strong>Rui Antunes<\/p>\n<p><strong>Scales: <\/strong>1: 7,500 | 1: 10,000 | <strong>Contours: <\/strong>5 meters<\/p>\n<p><strong>Course planners: <\/strong>Carlos Monteiro \/ Rui Antunes<\/p>\n<p><strong>Parking (for both middle distances): <\/strong>cars, motorhomes and buses: 40.100591, -7.152407<\/p>\n<p><strong>Starts: <\/strong>To be released in due time<\/p>\n<p><strong>Arena layout: <\/strong>To be released in due time<\/p>","protected":false},"excerpt":{"rendered":"<p>MODEL EVENTS The control points will be materialized on the ground by an orange tape, identified by the number of the control point.\u00a0 Model Events Sprint Mapmaker of 2 maps of sprint: Rui Antunes Scales: 1:4.000 |Contours: 5 mts Penamacor Map &nbsp; &nbsp; &nbsp; &nbsp; 2016 production and update in January 2018 Urban area, mostly &hellip; <a href=\"http:\/\/eventos.coc.pt\/piom2021\/en\/informacoes-tecnicas\/\" class=\"more-link\">Continue reading <span class=\"screen-reader-text\">Technical Informations<\/span><\/a><\/p>\n","protected":false},"author":1,"featured_media":0,"parent":0,"menu_order":12,"comment_status":"closed","ping_status":"closed","template":"","meta":{"footnotes":""},"class_list":["post-13","page","type-page","status-publish","hentry"],"_links":{"self":[{"href":"http:\/\/eventos.coc.pt\/piom2021\/en\/wp-json\/wp\/v2\/pages\/13","targetHints":{"allow":["GET"]}}],"collection":[{"href":"http:\/\/eventos.coc.pt\/piom2021\/en\/wp-json\/wp\/v2\/pages"}],"about":[{"href":"http:\/\/eventos.coc.pt\/piom2021\/en\/wp-json\/wp\/v2\/types\/page"}],"author":[{"embeddable":true,"href":"http:\/\/eventos.coc.pt\/piom2021\/en\/wp-json\/wp\/v2\/users\/1"}],"replies":[{"embeddable":true,"href":"http:\/\/eventos.coc.pt\/piom2021\/en\/wp-json\/wp\/v2\/comments?post=13"}],"version-history":[{"count":55,"href":"http:\/\/eventos.coc.pt\/piom2021\/en\/wp-json\/wp\/v2\/pages\/13\/revisions"}],"predecessor-version":[{"id":553,"href":"http:\/\/eventos.coc.pt\/piom2021\/en\/wp-json\/wp\/v2\/pages\/13\/revisions\/553"}],"wp:attachment":[{"href":"http:\/\/eventos.coc.pt\/piom2021\/en\/wp-json\/wp\/v2\/media?parent=13"}],"curies":[{"name":"wp","href":"https:\/\/api.w.org\/{rel}","templated":true}]}}