{"id":19,"date":"2016-09-02T15:32:36","date_gmt":"2016-09-02T15:32:36","guid":{"rendered":"http:\/\/eventos.coc.pt\/piom2018\/?page_id=19"},"modified":"2020-02-21T09:46:29","modified_gmt":"2020-02-21T09:46:29","slug":"localizacao","status":"publish","type":"page","link":"http:\/\/eventos.coc.pt\/piom2021\/en\/localizacao\/","title":{"rendered":"Location"},"content":{"rendered":"<p><strong>Secretariat<\/strong><\/p>\n<p>Casa do Povo de Penamacor 40.168043, -7.171956 (parking &#8211; 200 mts on foot)<\/p>\n<p><strong>Sleeping floor and Baths<\/strong><\/p>\n<p>Penamacor Sports Pavilion: 40.170371, -7.175081<\/p>\n<p><strong>Model Event<\/strong><\/p>\n<ul>\n<li style=\"list-style-type: none;\">\n<ul>\n<li style=\"list-style-type: none;\">\n<ul>\n<li>Penamacor &#8211; Sprint: 40.168043, -7.171956 (parking)<\/li>\n<li>Meimoa &#8211; Sprint: 40.226754, -7.187591<\/li>\n<li>Rach\u00e3 &amp; Dongalinho \u2013 Middle and Long: 40.090818, -7.207470 (parking)<\/li>\n<li>Anascer &#8211; Middle: 40.269452, -7.249616<\/li>\n<li>Serrinha &amp; Aldeia do Bispo: Middle and Long: To be published in due time<\/li>\n<\/ul>\n<\/li>\n<\/ul>\n<\/li>\n<\/ul>\n<p><strong>Competition<\/strong><\/p>\n<ul>\n<li style=\"list-style-type: none;\">\n<ul>\n<li style=\"list-style-type: none;\">\n<ul>\n<li>Middle distance stages in Carvalhal &#8211; Parking \/ Arena: 40.100591, -7.152407<\/li>\n<li>Night Sprint in Pedr\u00f3g\u00e3o de S\u00e3o Pedro &#8211; Parking \/ Arena: 40.090737, -7.237131 (Soccer field)<\/li>\n<\/ul>\n<\/li>\n<\/ul>\n<\/li>\n<\/ul>\n<p><strong>Event Location Map: <\/strong>soon<\/p>\n<p><strong>Distances between landmarks and the event area:<\/strong><\/p>\n<table>\n<tbody>\n<tr>\n<td width=\"192\"><strong>From<\/strong><\/td>\n<td width=\"222\"><strong>To<\/strong><\/td>\n<td width=\"163\"><strong>Kms \/ Time<\/strong><\/td>\n<\/tr>\n<tr>\n<td width=\"192\">Lisbon (airport)<\/td>\n<td width=\"222\">Penamacor<\/td>\n<td style=\"text-align: center;\" width=\"163\">280 km \/ 3 hours<\/td>\n<\/tr>\n<tr>\n<td width=\"192\">OPorto (airport)<\/td>\n<td width=\"222\">Penamacor<\/td>\n<td style=\"text-align: center;\" width=\"163\">280 km \/ 3 hours<\/td>\n<\/tr>\n<tr>\n<td width=\"192\">Madrid<\/td>\n<td width=\"222\">Penamacor<\/td>\n<td style=\"text-align: center;\" width=\"163\">360 km \/ 4 hours<\/td>\n<\/tr>\n<tr>\n<td width=\"192\">Penamacor<\/td>\n<td width=\"222\">Middle Model Event (Anascer)<\/td>\n<td style=\"text-align: center;\" width=\"163\">22 km \/ 25 minutes<\/td>\n<\/tr>\n<tr>\n<td width=\"192\">Penamacor<\/td>\n<td width=\"222\">Middle &amp; Long Model Event \u00a0(Rach\u00e3 &amp; Dongalinho)<\/td>\n<td style=\"text-align: center;\" width=\"163\">15 km \/ 17 minutes<\/td>\n<\/tr>\n<tr>\n<td width=\"192\">Penamacor<\/td>\n<td width=\"222\">Sprint Model Event (Meimoa)<\/td>\n<td style=\"text-align: center;\" width=\"163\">13 km \/ 15 minutes<\/td>\n<\/tr>\n<tr>\n<td width=\"192\">Penamacor<\/td>\n<td width=\"222\">Middle and Long Serrinha &amp; Aldeia do Bispo<\/td>\n<td style=\"text-align: center;\" width=\"163\">13 km \/ 15 minutes<\/td>\n<\/tr>\n<tr>\n<td width=\"192\">Penamacor<\/td>\n<td width=\"222\">Arena Middle DistanceStage<\/td>\n<td style=\"text-align: center;\" width=\"163\">16 km \/ 18 minutes<\/td>\n<\/tr>\n<tr>\n<td width=\"192\">Penamacor<\/td>\n<td width=\"222\">Parking Sprint Stage<\/td>\n<td style=\"text-align: center;\" width=\"163\">11 km \/ 12 minutes<\/td>\n<\/tr>\n<tr>\n<td width=\"192\">Middle Distance<\/td>\n<td width=\"222\">Parking Sprint<\/td>\n<td style=\"text-align: center;\" width=\"163\">14 Km \/ 15 minutes<\/td>\n<\/tr>\n<\/tbody>\n<\/table>\n<p><\/p>","protected":false},"excerpt":{"rendered":"<p>Secretariat Casa do Povo de Penamacor 40.168043, -7.171956 (parking &#8211; 200 mts on foot) Sleeping floor and Baths Penamacor Sports Pavilion: 40.170371, -7.175081 Model Event Penamacor &#8211; Sprint: 40.168043, -7.171956 (parking) Meimoa &#8211; Sprint: 40.226754, -7.187591 Rach\u00e3 &amp; Dongalinho \u2013 Middle and Long: 40.090818, -7.207470 (parking) Anascer &#8211; Middle: 40.269452, -7.249616 Serrinha &amp; Aldeia do &hellip; <a href=\"http:\/\/eventos.coc.pt\/piom2021\/en\/localizacao\/\" class=\"more-link\">Continue reading <span class=\"screen-reader-text\">Location<\/span><\/a><\/p>\n","protected":false},"author":1,"featured_media":0,"parent":0,"menu_order":9,"comment_status":"closed","ping_status":"closed","template":"","meta":{"footnotes":""},"class_list":["post-19","page","type-page","status-publish","hentry"],"_links":{"self":[{"href":"http:\/\/eventos.coc.pt\/piom2021\/en\/wp-json\/wp\/v2\/pages\/19","targetHints":{"allow":["GET"]}}],"collection":[{"href":"http:\/\/eventos.coc.pt\/piom2021\/en\/wp-json\/wp\/v2\/pages"}],"about":[{"href":"http:\/\/eventos.coc.pt\/piom2021\/en\/wp-json\/wp\/v2\/types\/page"}],"author":[{"embeddable":true,"href":"http:\/\/eventos.coc.pt\/piom2021\/en\/wp-json\/wp\/v2\/users\/1"}],"replies":[{"embeddable":true,"href":"http:\/\/eventos.coc.pt\/piom2021\/en\/wp-json\/wp\/v2\/comments?post=19"}],"version-history":[{"count":27,"href":"http:\/\/eventos.coc.pt\/piom2021\/en\/wp-json\/wp\/v2\/pages\/19\/revisions"}],"predecessor-version":[{"id":453,"href":"http:\/\/eventos.coc.pt\/piom2021\/en\/wp-json\/wp\/v2\/pages\/19\/revisions\/453"}],"wp:attachment":[{"href":"http:\/\/eventos.coc.pt\/piom2021\/en\/wp-json\/wp\/v2\/media?parent=19"}],"curies":[{"name":"wp","href":"https:\/\/api.w.org\/{rel}","templated":true}]}}