{"id":21,"date":"2016-09-02T15:32:45","date_gmt":"2016-09-02T15:32:45","guid":{"rendered":"http:\/\/eventos.coc.pt\/piom2018\/?page_id=21"},"modified":"2020-02-21T09:48:15","modified_gmt":"2020-02-21T09:48:15","slug":"organizacao","status":"publish","type":"page","link":"http:\/\/eventos.coc.pt\/piom2021\/en\/organizacao\/","title":{"rendered":"Organization"},"content":{"rendered":"<p><strong>ORGANIZATION<\/strong><\/p>\n<p><strong>Event Director: <\/strong>Cesar Concei\u00e7\u00e3o<\/p>\n<p><strong>Deputy Director: <\/strong>Jos\u00e9 Bolr\u00e3o<\/p>\n<p><strong>IOF Supervisor: <\/strong>Rui Morais<\/p>\n<p><strong>Mapmaker: <\/strong>Rui Antunes<\/p>\n<p><strong>Course planners:<\/strong><\/p>\n<p style=\"padding-left: 80px;\"><strong>Middle: <\/strong>Carlos Monteiro | Rui Antunes<\/p>\n<p style=\"padding-left: 80px;\"><strong>Sprint: <\/strong>Rafael Lima | Tom\u00e1s Lima<\/p>\n<p><strong>IT Team: <\/strong>Rui Bot\u00e3o<\/p>\n<p><strong>Start: <\/strong>Ant\u00f3nio Cotovio<\/p>\n<p><strong>Finish: <\/strong>Duarte Santo<\/p>\n<p><strong>Secretariat: <\/strong>S\u00edlvia Gon\u00e7alves<\/p>","protected":false},"excerpt":{"rendered":"<p>ORGANIZATION Event Director: Cesar Concei\u00e7\u00e3o Deputy Director: Jos\u00e9 Bolr\u00e3o IOF Supervisor: Rui Morais Mapmaker: Rui Antunes Course planners: Middle: Carlos Monteiro | Rui Antunes Sprint: Rafael Lima | Tom\u00e1s Lima IT Team: Rui Bot\u00e3o Start: Ant\u00f3nio Cotovio Finish: Duarte Santo Secretariat: S\u00edlvia Gon\u00e7alves<\/p>\n","protected":false},"author":1,"featured_media":0,"parent":0,"menu_order":8,"comment_status":"closed","ping_status":"closed","template":"","meta":{"footnotes":""},"class_list":["post-21","page","type-page","status-publish","hentry"],"_links":{"self":[{"href":"http:\/\/eventos.coc.pt\/piom2021\/en\/wp-json\/wp\/v2\/pages\/21","targetHints":{"allow":["GET"]}}],"collection":[{"href":"http:\/\/eventos.coc.pt\/piom2021\/en\/wp-json\/wp\/v2\/pages"}],"about":[{"href":"http:\/\/eventos.coc.pt\/piom2021\/en\/wp-json\/wp\/v2\/types\/page"}],"author":[{"embeddable":true,"href":"http:\/\/eventos.coc.pt\/piom2021\/en\/wp-json\/wp\/v2\/users\/1"}],"replies":[{"embeddable":true,"href":"http:\/\/eventos.coc.pt\/piom2021\/en\/wp-json\/wp\/v2\/comments?post=21"}],"version-history":[{"count":14,"href":"http:\/\/eventos.coc.pt\/piom2021\/en\/wp-json\/wp\/v2\/pages\/21\/revisions"}],"predecessor-version":[{"id":454,"href":"http:\/\/eventos.coc.pt\/piom2021\/en\/wp-json\/wp\/v2\/pages\/21\/revisions\/454"}],"wp:attachment":[{"href":"http:\/\/eventos.coc.pt\/piom2021\/en\/wp-json\/wp\/v2\/media?parent=21"}],"curies":[{"name":"wp","href":"https:\/\/api.w.org\/{rel}","templated":true}]}}