{"id":4,"date":"2016-08-29T23:31:01","date_gmt":"2016-08-29T23:31:01","guid":{"rendered":"http:\/\/eventos.coc.pt\/piom2018\/?page_id=4"},"modified":"2020-10-16T10:45:24","modified_gmt":"2020-10-16T10:45:24","slug":"programa","status":"publish","type":"page","link":"http:\/\/eventos.coc.pt\/piom2021\/en\/programa\/","title":{"rendered":"Programme"},"content":{"rendered":"<p><strong>February 08 (Monday)<\/strong><\/p>\n<p style=\"padding-left: 40px;\">Deadline for registration at discounted prices<\/p>\n<p><strong>February 15th (Monday)<\/strong><\/p>\n<p style=\"padding-left: 40px;\">Deadline for registration in Competition Classes<\/p>\n<p>Note: Registrations in Open Classes must also be made until February 15th, and can be accepted until the date of the race, but always depending on the availability of maps.<\/p>\n<p><span style=\"font-size: 14pt;\"><strong>Day -3 &#8211; Model Events<\/strong><\/span><\/p>\n<p><strong>February 17th (Wednesday )<\/strong><\/p>\n<p style=\"padding-left: 40px;\">09h00 Opening of the Model Event<\/p>\n<p><u>FOREST<\/u><\/p>\n<p style=\"padding-left: 40px;\">Rach\u00e3 &amp; Dongalinho &#8211; Scale 1: 7.500, 1: 10.000 and 1: 15.000<\/p>\n<p style=\"padding-left: 40px;\">Anascer &#8211; Scale 1.7.500 and 1: 10.000<\/p>\n<p style=\"padding-left: 40px;\">\u00a0Serrinha &amp; Aldeia do Bispo &#8211; Scale 1: 7.500, 1:10.000 and 1: 15.000<\/p>\n<p style=\"padding-left: 40px;\">Mem\u00f3ria &#8211; Scala <i>1:7.500 e 1:10 000<\/i><\/p>\n<p><u>SPRINT<\/u><\/p>\n<p style=\"padding-left: 40px;\">Penamacor &#8211; Scale 1: 4.000<\/p>\n<p style=\"padding-left: 40px;\">Meimoa &#8211; Scale 1: 4.000<\/p>\n<p>Maps available for sale \/ delivery during POM 2021<\/p>\n<p><span style=\"font-size: 14pt;\"><strong>Day 0<\/strong><\/span><\/p>\n<p><strong>February 19 (Friday)<\/strong><\/p>\n<p>09h00 Opening of the Secretariat (Casa do Povo de Penamacor)<\/p>\n<p>18h00 Opening of the sleeping floor (Penamacor sports pavilion)<\/p>\n<p>20h00 Closing of the Secretariat<\/p>\n<p><span style=\"font-size: 14pt;\"><strong>Day 1 &#8211; Middle Distance (WRE) and Sprint<\/strong><\/span><\/p>\n<p><strong>February 20 (Saturday)<\/strong><\/p>\n<p><u>MORNING &#8211; Middle distance (Carvalhal)<\/u><\/p>\n<p>08h30 Opening of the Secretariat at the Arena<\/p>\n<p>10h00 Start of Departures<\/p>\n<p>10h10 to 11:10 Departures of the Open Classes, D \/ H10 and D \/ H12<\/p>\n<p><u>AFTERNOON &#8211; Sprint (Pedr\u00f3g\u00e3o de S\u00e3o Pedro)<\/u><\/p>\n<p>17h30 Opening of the Secretariat (Pedr\u00f3g\u00e3o de S\u00e3o Pedro sports area)<\/p>\n<p>18h45 Start of matches<\/p>\n<p>18h50 to 19h50 Departures of Open Classes, D \/ H10 and D \/ H12<\/p>\n<p><span style=\"font-size: 14pt;\"><strong>Day 2 &#8211; Middle Distance<\/strong><\/span><\/p>\n<p><strong>February 21st (Sunday) &#8211; Carvalhal<\/strong><\/p>\n<p>08h00 &#8211; Opening of the Secretariat in the Arena<\/p>\n<p>09h30 &#8211; Start of matches<\/p>\n<p>09h35 to 10h45 &#8211; Departures of Open Classes, D \/ H10 and D \/ H12<\/p>\n<p>13h30 Prize giving Ceremony<\/p>\n<p>16h00 &#8211; Closing of sleeping floor<\/p>","protected":false},"excerpt":{"rendered":"<p>February 08 (Monday) Deadline for registration at discounted prices February 15th (Monday) Deadline for registration in Competition Classes Note: Registrations in Open Classes must also be made until February 15th, and can be accepted until the date of the race, but always depending on the availability of maps. Day -3 &#8211; Model Events February 17th &hellip; <a href=\"http:\/\/eventos.coc.pt\/piom2021\/en\/programa\/\" class=\"more-link\">Continue reading <span class=\"screen-reader-text\">Programme<\/span><\/a><\/p>\n","protected":false},"author":1,"featured_media":0,"parent":0,"menu_order":14,"comment_status":"closed","ping_status":"closed","template":"","meta":{"footnotes":""},"class_list":["post-4","page","type-page","status-publish","hentry"],"_links":{"self":[{"href":"http:\/\/eventos.coc.pt\/piom2021\/en\/wp-json\/wp\/v2\/pages\/4","targetHints":{"allow":["GET"]}}],"collection":[{"href":"http:\/\/eventos.coc.pt\/piom2021\/en\/wp-json\/wp\/v2\/pages"}],"about":[{"href":"http:\/\/eventos.coc.pt\/piom2021\/en\/wp-json\/wp\/v2\/types\/page"}],"author":[{"embeddable":true,"href":"http:\/\/eventos.coc.pt\/piom2021\/en\/wp-json\/wp\/v2\/users\/1"}],"replies":[{"embeddable":true,"href":"http:\/\/eventos.coc.pt\/piom2021\/en\/wp-json\/wp\/v2\/comments?post=4"}],"version-history":[{"count":16,"href":"http:\/\/eventos.coc.pt\/piom2021\/en\/wp-json\/wp\/v2\/pages\/4\/revisions"}],"predecessor-version":[{"id":561,"href":"http:\/\/eventos.coc.pt\/piom2021\/en\/wp-json\/wp\/v2\/pages\/4\/revisions\/561"}],"wp:attachment":[{"href":"http:\/\/eventos.coc.pt\/piom2021\/en\/wp-json\/wp\/v2\/media?parent=4"}],"curies":[{"name":"wp","href":"https:\/\/api.w.org\/{rel}","templated":true}]}}