{"id":11,"date":"2016-09-02T15:31:27","date_gmt":"2016-09-02T15:31:27","guid":{"rendered":"http:\/\/eventos.coc.pt\/piom2018\/?page_id=11"},"modified":"2020-10-14T18:53:08","modified_gmt":"2020-10-14T18:53:08","slug":"informacoes-gerais","status":"publish","type":"page","link":"http:\/\/eventos.coc.pt\/piom2021\/informacoes-gerais\/","title":{"rendered":"Informa\u00e7\u00f5es Gerais"},"content":{"rendered":"<p><strong>Model Event<\/strong><\/p>\n<ul>\n<li style=\"list-style-type: none;\">\n<ul>\n<li style=\"list-style-type: none;\">\n<ul>\n<li>Penamacor e Meimoa &#8211; Sprint*<\/li>\n<li>Rach\u00e3 &amp; Dongalinho &#8211; M\u00e9dia &amp; Longa*<\/li>\n<li>Anascer &#8211; M\u00e9dia*<\/li>\n<li>Serrinha &amp; Aldeia do Bispo &#8211; M\u00e9dia*<\/li>\n<li>Mem\u00f3ria &#8211; M\u00e9dia*<\/li>\n<\/ul>\n<\/li>\n<\/ul>\n<\/li>\n<\/ul>\n<p style=\"text-align: justify;\">Estes mapas foram utilizados no POM 2016, PIOM 2018 e no PIOM_CIMO 2019 (sprint), sendo terrenos muito similares ao que os atletas encontrar\u00e3o nas 3 provas que constituem o PIOM 2021.<\/p>\n<p style=\"text-align: justify;\">Mapas dispon\u00edveis durante o POM 2021 junto da equipa do COC para venda mediante a disponibilidade de mapas impressos, para entrega nos casos de j\u00e1 terem feito a reserva quando da inscri\u00e7\u00e3o em prova. Estar\u00e3o tamb\u00e9m dispon\u00edveis em Penamacor, no secretariado, no dia 19 de Fevereiro sexta-feira a partir das 09h00.<\/p>\n<p style=\"text-align: justify;\">Os pontos de controlo estar\u00e3o materializados no terreno por uma fita de tecido laranja devidamente identificada pelo c\u00f3digo de controlo.<\/p>\n<p style=\"text-align: justify;\"><span style=\"text-decoration-line: underline;\">Pre\u00e7o por mapa: 4\u20ac.<\/span><\/p>\n<p style=\"text-align: justify;\">* Indica\u00e7\u00e3o com coordenadas GPS para o estacionamento impressas no mapa<\/p>\n<p style=\"text-align: justify;\"><strong>World Ranking Event<\/strong><\/p>\n<p style=\"text-align: justify;\">A etapa de dist\u00e2ncia M\u00e9dia no dia 20 de Fevereiro (dia 1) ser\u00e1 Prova do\u00a0 Ranking Mundial (WRE);<\/p>\n<p style=\"text-align: justify;\"><strong>Escal\u00f5es de Elite<\/strong><\/p>\n<p style=\"text-align: justify;\">Se o n\u00famero de inscri\u00e7\u00f5es nos escal\u00f5es de Elite se verificar excessivo para um \u00fanico percurso, a organiza\u00e7\u00e3o poder\u00e1 dividir esses escal\u00f5es em dois, Super Elite e Elite. No escal\u00e3o de Super Elite participar\u00e3o os atletas que tiverem melhor pontua\u00e7\u00e3o no Ranking da IOF divulgado \u00e0 data de 31 de Janeiro\u00a0de 2021 e os restantes participar\u00e3o no escal\u00e3o de Elite.<\/p>\n<p style=\"text-align: justify;\"><strong>Arenas<\/strong><\/p>\n<p style=\"text-align: justify;\">Nas arenas os atletas estar\u00e3o \u00e0 sua disposi\u00e7\u00e3o todas as infra-estruturas necess\u00e1rias (secretariado, inform\u00e1tica, servi\u00e7o de bar, WC, babysitting, primeiros socorros, resultados, speaker, etc).<\/p>\n<p style=\"text-align: justify;\">Nas arenas da prova de Sprint Noturno n\u00e3o existir\u00e1 servi\u00e7o de bar.<\/p>\n<p style=\"text-align: justify;\">Se est\u00e1 a pensar recorrer ao servi\u00e7o babysitting, por favor assinale essa op\u00e7\u00e3o durante o processo de inscri\u00e7\u00e3o no Ori-Oasis.<\/p>\n<p style=\"text-align: justify;\"><strong>Solo Duro e Banhos<\/strong><\/p>\n<p style=\"text-align: justify;\">Pavilh\u00e3o Gimnodesportivo de Penamacor<\/p>\n<p style=\"text-align: justify; padding-left: 40px;\">Abertura &#8211; 6\u00aa feira 19 Fevereiro \u00e0s 18h<\/p>\n<p style=\"text-align: justify; padding-left: 40px;\">Fecho &#8211; domingo 21 Fevereiro \u00e0s 16h<\/p>\n<p style=\"text-align: justify;\"><u>Notas:<\/u><\/p>\n<p style=\"text-align: justify;\">\u00c9 proibido utilizar sapatos de bicos no interior dos recintos<\/p>\n<p style=\"text-align: justify;\">\u00c9 proibido cozinhar e comer no interior dos pavilh\u00f5es.<\/p>\n<p style=\"text-align: justify;\"><strong>Peitoral PIOM 2021<\/strong><\/p>\n<p style=\"text-align: justify;\">O peitoral oficial do PIOM 2021 ter\u00e1 impresso o n\u00famero, o nome, o escal\u00e3o, o ID do SI Card, o Clube e o Pa\u00eds do atleta;<\/p>\n<p style=\"text-align: justify;\">Os peitorais do PIOM 2021 ter\u00e3o que ser levantados no secretariado, antes do evento, n\u00e3o sendo autorizada a partida de nenhum atleta sem o mesmo.<\/p>\n<p><strong>Sistema de controlo<\/strong><\/p>\n<p><img loading=\"lazy\" decoding=\"async\" class=\"alignnone wp-image-535 \" src=\"http:\/\/eventos.coc.pt\/piom2021\/wp-content\/uploads\/sites\/19\/2020\/08\/sportident-logo.png\" alt=\"\" width=\"283\" height=\"58\" srcset=\"http:\/\/eventos.coc.pt\/piom2021\/wp-content\/uploads\/sites\/19\/2020\/08\/sportident-logo.png 1024w, http:\/\/eventos.coc.pt\/piom2021\/wp-content\/uploads\/sites\/19\/2020\/08\/sportident-logo-300x61.png 300w, http:\/\/eventos.coc.pt\/piom2021\/wp-content\/uploads\/sites\/19\/2020\/08\/sportident-logo-768x157.png 768w\" sizes=\"auto, (max-width: 283px) 100vw, 283px\" \/><\/p>\n<p>O sistema de controlo utilizado em todas as etapas ser\u00e1 o SportIdent, estando tamb\u00e9m ativo o modo contactless (SI-ActiveCard &#8211; SIAC).<\/p>\n<p><img loading=\"lazy\" decoding=\"async\" class=\"wp-image-536 aligncenter\" src=\"http:\/\/eventos.coc.pt\/piom2021\/wp-content\/uploads\/sites\/19\/2020\/08\/Capturar.png\" alt=\"\" width=\"220\" height=\"196\" srcset=\"http:\/\/eventos.coc.pt\/piom2021\/wp-content\/uploads\/sites\/19\/2020\/08\/Capturar.png 508w, http:\/\/eventos.coc.pt\/piom2021\/wp-content\/uploads\/sites\/19\/2020\/08\/Capturar-300x267.png 300w\" sizes=\"auto, (max-width: 220px) 100vw, 220px\" \/><\/p>\n<p style=\"text-align: justify;\"><strong>Altera\u00e7\u00f5es de SI Card<\/strong><\/p>\n<p style=\"text-align: justify;\">As altera\u00e7\u00f5es de SI Card tem obrigatoriamente de ser solicitadas no secretariado, as quais est\u00e3o sujeitas \u00e0 taxa em vigor conforme regulamento da FPO (2 \u20ac por altera\u00e7\u00e3o)<\/p>\n<p style=\"text-align: justify;\">N\u00e3o ser\u00e3o autorizadas partidas de atletas com altera\u00e7\u00f5es de dados que n\u00e3o tenham sido previamente validadas no secretariado.<\/p>\n<p style=\"text-align: justify;\"><strong>Aluguer de SI Card<\/strong><\/p>\n<p style=\"text-align: justify;\">O aluguer de um SI Card custa 1,00 \u20ac por prova, nos escal\u00f5es de Competi\u00e7\u00e3o e Forma\u00e7\u00e3o, sendo gratuito para escal\u00f5es Abertos.<\/p>\n<p style=\"text-align: justify;\">Os atletas que alugarem SI Card ter\u00e3o que deixar no secretariado uma cau\u00e7\u00e3o de 50\u20ac que lhes ser\u00e1 devolvida no final do PIOM quando da entrega do SI Card.<\/p>\n<p style=\"text-align: justify;\">Nota: A perda ou n\u00e3o devolu\u00e7\u00e3o do SI Card alugado implica o pagamento\/perda da cau\u00e7\u00e3o de 50\u20ac.<\/p>\n<p style=\"text-align: justify;\"><strong>Seguro<\/strong><\/p>\n<p style=\"text-align: justify;\">Atletas federados na Federa\u00e7\u00e3o Portuguesa de Orienta\u00e7\u00e3o (FPO) e atletas n\u00e3o federados mas residentes em Portugal ou com nacionalidade portuguesa est\u00e3o cobertos pelo seguro da FPO.<\/p>\n<p style=\"text-align: justify;\">Atletas federados na FEDO estar\u00e3o ao abrigo do seguro da Federa\u00e7\u00e3o Espanhola.<\/p>\n<p style=\"text-align: justify;\">Os restantes atletas n\u00e3o est\u00e3o cobertos por qualquer seguro.<\/p>\n<p style=\"text-align: justify;\"><strong>Horas de partida<\/strong><\/p>\n<p style=\"text-align: justify;\">Em escal\u00f5es de competi\u00e7\u00e3o, n\u00e3o haver\u00e1 altera\u00e7\u00f5es na hora de partida no dia da prova.<\/p>\n<p style=\"text-align: justify;\">Os Escal\u00f5es Abertos, D\/H10 e D\/H12 ter\u00e3o uma hora de partida indicativa, para que se distribuam pela janela de tempos de partida. Contudo, caso se atrasem, n\u00e3o ter\u00e3o qualquer penaliza\u00e7\u00e3o, pois as partidas ser\u00e3o sempre com a utiliza\u00e7\u00e3o de uma esta\u00e7\u00e3o \u201cSTART\u201d.<\/p>\n<p style=\"text-align: justify;\"><strong>Tempo limite de prova<\/strong><\/p>\n<p style=\"text-align: justify;\">Dist\u00e2ncia M\u00e9dia \u2013 2 horas<\/p>\n<p style=\"text-align: justify;\">Dist\u00e2ncia Sprint \u2013 1 hora<\/p>\n<p style=\"text-align: justify;\"><strong>Recolha de mapas<\/strong><\/p>\n<p style=\"text-align: justify;\">N\u00e3o haver\u00e1 recolha de mapas no final dos percursos. Apela-se ao Fair-Play de todos os participantes.<\/p>\n<p style=\"text-align: justify;\"><strong>Resultados e Pr\u00e9mios<\/strong><\/p>\n<ul>\n<li style=\"list-style-type: none;\">\n<ul>\n<li style=\"list-style-type: none;\">\n<ul>\n<li style=\"text-align: justify;\">A classifica\u00e7\u00e3o final (individual e colectiva) do evento ser\u00e1 obtida pela soma dos pontos das tr\u00eas provas (duas etapas de dist\u00e2ncias M\u00e9dia e uma de Sprint);<\/li>\n<li style=\"text-align: justify;\">Pr\u00e9mio para os 3 melhores clubes;<\/li>\n<li style=\"text-align: justify;\">Pr\u00e9mio para os 3 primeiros classificados dos escal\u00f5es de competi\u00e7\u00e3o (5 primeiros no escal\u00e3o D\/H Elite);<\/li>\n<li style=\"text-align: justify;\">Pr\u00e9mio para os 5 primeiros Elites Masculinos e Femininos da etapa WRE que se disputar\u00e1 no domingo dia 21;<\/li>\n<li style=\"text-align: justify;\">Todos os participantes dos escal\u00f5es D\/H10 e D\/H12 receber\u00e3o uma lembran\u00e7a, independentemente do seu resultado.<\/li>\n<\/ul>\n<\/li>\n<\/ul>\n<\/li>\n<\/ul>\n<p style=\"text-align: justify;\">Para o ranking da Ta\u00e7a de Portugal (atletas FPO) apenas contar\u00e3o as duas etapas de dist\u00e2ncia m\u00e9dia .<\/p>\n<p style=\"text-align: justify;\"><strong>Sinaliza\u00e7\u00e3o<\/strong><\/p>\n<p style=\"text-align: justify;\">A organiza\u00e7\u00e3o indicar\u00e1 as coordenadas GPS dos locais importantes do evento, para uma correta chegada dos participantes aos estacionamentos.<\/p>\n<p style=\"text-align: justify;\">Pontualmente estar\u00e3o devidamente assinalados pela Organiza\u00e7\u00e3o com setas laranja e brancas as dire\u00e7\u00f5es dos Estacionamentos para os locais onde os participantes se tenham que deslocar a p\u00e9.<\/p>\n<p style=\"text-align: justify;\"><strong>Regras<\/strong><\/p>\n<p style=\"text-align: justify;\">A competi\u00e7\u00e3o rege-se pelo Regulamento de Competi\u00e7\u00f5es da FPO em vigor, que pode ser consultado aqui:<\/p>\n<p style=\"text-align: justify;\"><span style=\"color: #0000ff;\"><a style=\"color: #0000ff;\" href=\"http:\/\/www.fpo.pt\/ficheiros\/Regulamentos\/Regulamento%20Competicoes%20Pedestre%202020.pdf\">http:\/\/www.fpo.pt\/ficheiros\/Regulamentos\/Regulamento%20Competicoes%20Pedestre%202020.pdf<\/a><\/span><\/p>\n<p style=\"text-align: justify;\">Perante qualquer caso omisso no regulamento da FPO ser\u00e1 aplicado o regulamento da IOF.<\/p>\n<p style=\"text-align: justify;\"><strong>Reclama\u00e7\u00f5es<\/strong><\/p>\n<p style=\"text-align: justify;\">O prazo para a apresenta\u00e7\u00e3o das reclama\u00e7\u00f5es expira 15 minutos ap\u00f3s o t\u00e9rmino da prova do atleta.<\/p>\n<p style=\"text-align: justify;\"><strong>Contactos da Organiza\u00e7\u00e3o<\/strong><\/p>\n<p style=\"text-align: justify;\"><span style=\"color: #0000ff;\"><strong><a style=\"color: #0000ff;\" href=\"mailto:info@coc.pt\">info@coc.pt<\/a><\/strong><\/span><\/p>\n<p><\/p>","protected":false},"excerpt":{"rendered":"<p>Model Event Penamacor e Meimoa &#8211; Sprint* Rach\u00e3 &amp; Dongalinho &#8211; M\u00e9dia &amp; Longa* Anascer &#8211; M\u00e9dia* Serrinha &amp; Aldeia do Bispo &#8211; M\u00e9dia* Mem\u00f3ria &#8211; M\u00e9dia* Estes mapas foram utilizados no POM 2016, PIOM 2018 e no PIOM_CIMO 2019 (sprint), sendo terrenos muito similares ao que os atletas encontrar\u00e3o nas 3 provas que constituem &hellip; <a href=\"http:\/\/eventos.coc.pt\/piom2021\/informacoes-gerais\/\" class=\"more-link\">Continuar a ler <span class=\"screen-reader-text\">Informa\u00e7\u00f5es Gerais<\/span><\/a><\/p>\n","protected":false},"author":1,"featured_media":0,"parent":0,"menu_order":13,"comment_status":"closed","ping_status":"closed","template":"","meta":{"footnotes":""},"class_list":["post-11","page","type-page","status-publish","hentry"],"_links":{"self":[{"href":"http:\/\/eventos.coc.pt\/piom2021\/wp-json\/wp\/v2\/pages\/11","targetHints":{"allow":["GET"]}}],"collection":[{"href":"http:\/\/eventos.coc.pt\/piom2021\/wp-json\/wp\/v2\/pages"}],"about":[{"href":"http:\/\/eventos.coc.pt\/piom2021\/wp-json\/wp\/v2\/types\/page"}],"author":[{"embeddable":true,"href":"http:\/\/eventos.coc.pt\/piom2021\/wp-json\/wp\/v2\/users\/1"}],"replies":[{"embeddable":true,"href":"http:\/\/eventos.coc.pt\/piom2021\/wp-json\/wp\/v2\/comments?post=11"}],"version-history":[{"count":25,"href":"http:\/\/eventos.coc.pt\/piom2021\/wp-json\/wp\/v2\/pages\/11\/revisions"}],"predecessor-version":[{"id":552,"href":"http:\/\/eventos.coc.pt\/piom2021\/wp-json\/wp\/v2\/pages\/11\/revisions\/552"}],"wp:attachment":[{"href":"http:\/\/eventos.coc.pt\/piom2021\/wp-json\/wp\/v2\/media?parent=11"}],"curies":[{"name":"wp","href":"https:\/\/api.w.org\/{rel}","templated":true}]}}