{"id":17,"date":"2016-09-02T15:32:21","date_gmt":"2016-09-02T15:32:21","guid":{"rendered":"http:\/\/eventos.coc.pt\/piom2018\/?page_id=17"},"modified":"2020-10-06T14:14:17","modified_gmt":"2020-10-06T14:14:17","slug":"inscricoes","status":"publish","type":"page","link":"http:\/\/eventos.coc.pt\/piom2021\/inscricoes\/","title":{"rendered":"Inscri\u00e7\u00f5es"},"content":{"rendered":"<p><span style=\"font-size: 14pt;\"><strong>INSCRI\u00c7\u00d5ES<\/strong><\/span><\/p>\n<p style=\"text-align: justify;\">As inscri\u00e7\u00f5es devem ser efetuadas at\u00e9 ao dia 08 de Fevereiro (inclusive) a pre\u00e7o normal, ou at\u00e9 15 de Fevereiro (inclusive) com agravamento de pre\u00e7o.<\/p>\n<p style=\"text-align: justify;\">Ap\u00f3s 15 de Fevereiro, apenas ser\u00e3o aceites inscri\u00e7\u00f5es para escal\u00f5es abertos, dependentes de disponibilidade de mapas, pelo que aconselhamos que tamb\u00e9m os escal\u00f5es abertos fa\u00e7am as suas inscri\u00e7\u00f5es at\u00e9 15 de Fevereiro.<\/p>\n<p style=\"text-align: justify;\">Ap\u00f3s 15 de Fevereiro n\u00e3o ser\u00e3o aceites inscri\u00e7\u00f5es para os escal\u00f5es de competi\u00e7\u00e3o.<\/p>\n<p style=\"text-align: justify;\">A inscri\u00e7\u00e3o no Model Event deve tamb\u00e9m ser efetuada usando a mesma plataforma, sendo o custo de cada mapa de 4\u20ac.<\/p>\n<p style=\"text-align: justify;\">Quando da inscri\u00e7\u00e3o, se for o caso, deve ser registado o pedido de dormida em solo duro e\/ou o servi\u00e7o de baby sitting nas 3 etapas.<\/p>\n<p style=\"text-align: justify;\"><strong>Nota<\/strong>: A inscri\u00e7\u00e3o nos Model Events\/Eventos Modelos (ETAPA 4 \u2013 Sprint em Penamacor \/\/\/ ETAPA 5 Sprint em Meimoa \/\/\/ ETAPA 6 M\u00e9dia em Anascer \/\/\/ ETAPA 7 M\u00e9dia &amp; Longa em Rach\u00e3-Dongalinho \/\/\/ ETAPA 8 Serrinha &amp; Aldeia do Bispo) \u00e9 feita no mesmo escal\u00e3o em que participa nas restantes etapas, por motivos de ordem t\u00e9cnica. O Model Event ser\u00e1, como habitual, um mapa com diversos pontos para execu\u00e7\u00e3o por ordem livre.<\/p>\n<p style=\"text-align: justify;\"><span style=\"font-size: 14pt;\"><strong>TAXAS DE INSCRI\u00c7\u00c3O<\/strong><\/span><\/p>\n<p style=\"text-align: justify;\">As taxas de inscri\u00e7\u00e3o indicadas s\u00e3o por prova e por pessoa.<\/p>\n<p><strong><span style=\"text-decoration: underline;\">Etapas 1 e 3 &#8211; Dist\u00e2ncia M\u00e9dia:<\/span><\/strong><\/p>\n<table style=\"width: 108.637%;\" width=\"0\">\n<tbody>\n<tr>\n<td style=\"width: 36.2122%;\" width=\"192\"><strong>FEDERADOS FPO &amp; FEDO<\/strong><\/td>\n<td style=\"width: 33.1613%;\" width=\"192\"><strong>At\u00e9 08 de Fevereiro<\/strong><\/td>\n<td style=\"width: 39.4476%;\" width=\"200\"><strong>De 09 a 15 de Fevereiro<\/strong><\/td>\n<\/tr>\n<tr>\n<td style=\"width: 36.2122%;\" width=\"192\">At\u00e9 aos 20 anos<\/td>\n<td style=\"width: 33.1613%; text-align: center;\" width=\"192\">3 \u20ac<\/td>\n<td style=\"width: 39.4476%; text-align: center;\" width=\"200\">4,50 \u20ac<\/td>\n<\/tr>\n<tr>\n<td style=\"width: 36.2122%;\" width=\"192\">Maiores que 20 anos<\/td>\n<td style=\"width: 33.1613%; text-align: center;\" width=\"192\">6 \u20ac<\/td>\n<td style=\"width: 39.4476%; text-align: center;\" width=\"200\">9,00 \u20ac<\/td>\n<\/tr>\n<tr>\n<td style=\"width: 36.2122%;\" width=\"192\">Escal\u00f5es\/classes Elite<\/td>\n<td style=\"width: 33.1613%; text-align: center;\" width=\"192\">7 \u20ac<\/td>\n<td style=\"width: 39.4476%; text-align: center;\" width=\"200\">10,50 \u20ac<\/td>\n<\/tr>\n<tr>\n<td style=\"width: 36.2122%;\" width=\"192\"><strong>N\u00c3O FEDERADOS participantes em escal\u00f5es de competi\u00e7\u00e3o *<\/strong><\/td>\n<td style=\"width: 33.1613%; text-align: center;\" width=\"192\"><strong>At\u00e9 08 de Fevereiro<\/strong><\/td>\n<td style=\"width: 39.4476%; text-align: center;\" width=\"200\"><strong>De 09 a 15 de Fevereiro<\/strong><\/td>\n<\/tr>\n<tr>\n<td style=\"width: 36.2122%;\" width=\"192\">At\u00e9 aos 20 anos<\/td>\n<td style=\"width: 33.1613%; text-align: center;\" width=\"192\">5 \u20ac<\/td>\n<td style=\"width: 39.4476%; text-align: center;\" width=\"200\">7,50 \u20ac<\/td>\n<\/tr>\n<tr>\n<td style=\"width: 36.2122%;\" width=\"192\">Maiores que 20 anos<\/td>\n<td style=\"width: 33.1613%; text-align: center;\" width=\"192\">12 \u20ac<\/td>\n<td style=\"width: 39.4476%; text-align: center;\" width=\"200\">18,00 \u20ac<\/td>\n<\/tr>\n<tr>\n<td style=\"width: 36.2122%;\" width=\"192\">Escal\u00f5es\/classes Elite<\/td>\n<td style=\"width: 33.1613%; text-align: center;\" width=\"192\">13 \u20ac<\/td>\n<td style=\"width: 39.4476%; text-align: center;\" width=\"200\">19,50 \u20ac<\/td>\n<\/tr>\n<tr>\n<td style=\"width: 36.2122%;\" width=\"192\"><strong>DESPORTO ESCOLAR<\/strong> **<\/td>\n<td style=\"width: 33.1613%; text-align: center;\" width=\"192\">1,50 \u20ac<\/td>\n<td style=\"width: 39.4476%; text-align: center;\" width=\"200\">2,00 \u20ac<\/td>\n<\/tr>\n<tr>\n<td style=\"width: 36.2122%;\"><strong>\u00a0<\/strong><strong>Escal\u00f5es Abertos ***<\/strong><strong><br \/>\n<\/strong><\/td>\n<td style=\"width: 33.1613%;\" width=\"205\"><strong>Federados FPO &amp; Fedo<\/strong><\/td>\n<td style=\"width: 39.4476%;\" width=\"205\"><strong>N\u00e3o Federados<\/strong><\/td>\n<\/tr>\n<tr>\n<td style=\"width: 36.2122%; text-align: center;\" width=\"171\">At\u00e9 20 anos<\/td>\n<td style=\"width: 33.1613%; text-align: center;\" width=\"205\">3 \u20ac<\/td>\n<td style=\"width: 39.4476%; text-align: center;\" width=\"205\">5 \u20ac<\/td>\n<\/tr>\n<tr>\n<td style=\"width: 36.2122%; text-align: center;\" width=\"171\">Maior que 20 anos<\/td>\n<td style=\"width: 33.1613%; text-align: center;\" width=\"205\">6\u20ac<\/td>\n<td style=\"width: 39.4476%; text-align: center;\" width=\"205\">6 \u20ac<\/td>\n<\/tr>\n<\/tbody>\n<\/table>\n<p><strong>Etapa 2 \u2013 Sprint Noturno:<\/strong><\/p>\n<table style=\"width: 108.485%;\" width=\"0\">\n<tbody>\n<tr>\n<td style=\"width: 35.8042%;\" width=\"192\"><strong>FEDERADOS FPO &amp; FEDO<\/strong><\/td>\n<td style=\"width: 33.8522%;\" width=\"192\"><strong>At\u00e9 08 de Fevereiro<\/strong><\/td>\n<td style=\"width: 38.7801%;\" width=\"200\"><strong>De 09 a 15 de Fevereiro<\/strong><\/td>\n<\/tr>\n<tr>\n<td style=\"width: 35.8042%;\" width=\"192\">At\u00e9 aos 20 anos<\/td>\n<td style=\"width: 33.8522%; text-align: center;\" width=\"192\">2,5 \u20ac<\/td>\n<td style=\"width: 38.7801%; text-align: center;\" width=\"200\">3,75 \u20ac<\/td>\n<\/tr>\n<tr>\n<td style=\"width: 35.8042%;\" width=\"192\">Maiores que 20 anos<\/td>\n<td style=\"width: 33.8522%; text-align: center;\" width=\"192\">5 \u20ac<\/td>\n<td style=\"width: 38.7801%; text-align: center;\" width=\"200\">7,50 \u20ac<\/td>\n<\/tr>\n<tr>\n<td style=\"width: 35.8042%;\" width=\"192\">Escal\u00f5es\/classes Elite<\/td>\n<td style=\"width: 33.8522%; text-align: center;\" width=\"192\">5 \u20ac<\/td>\n<td style=\"width: 38.7801%; text-align: center;\" width=\"200\">7,50 \u20ac<\/td>\n<\/tr>\n<tr>\n<td style=\"width: 35.8042%;\" width=\"192\"><strong>N\u00c3O FEDERADOS participantes em escal\u00f5es de competi\u00e7\u00e3o *<\/strong><\/td>\n<td style=\"width: 33.8522%;\" width=\"192\"><strong>At\u00e9 08 de Fevereiro<\/strong><\/td>\n<td style=\"width: 38.7801%;\" width=\"200\"><strong>De 09 a 15 de Fevereiro<\/strong><\/td>\n<\/tr>\n<tr>\n<td style=\"width: 35.8042%;\" width=\"192\">At\u00e9 aos 20 anos<\/td>\n<td style=\"width: 33.8522%; text-align: center;\" width=\"192\">4 \u20ac<\/td>\n<td style=\"width: 38.7801%; text-align: center;\" width=\"200\">6,00 \u20ac<\/td>\n<\/tr>\n<tr>\n<td style=\"width: 35.8042%;\" width=\"192\">Maiores que 20 anos<\/td>\n<td style=\"width: 33.8522%; text-align: center;\" width=\"192\">6 \u20ac<\/td>\n<td style=\"width: 38.7801%; text-align: center;\" width=\"200\">9,00 \u20ac<\/td>\n<\/tr>\n<tr>\n<td style=\"width: 35.8042%;\" width=\"192\">Escal\u00f5es\/classes Elite<\/td>\n<td style=\"width: 33.8522%; text-align: center;\" width=\"192\">7 \u20ac<\/td>\n<td style=\"width: 38.7801%; text-align: center;\" width=\"200\">10,50 \u20ac<\/td>\n<\/tr>\n<tr>\n<td style=\"width: 35.8042%;\" width=\"192\"><strong>DESPORTO ESCOLAR<\/strong> **<\/td>\n<td style=\"width: 33.8522%; text-align: center;\" width=\"192\">1,50 \u20ac<\/td>\n<td style=\"width: 38.7801%; text-align: center;\" width=\"200\">2,25 \u20ac<\/td>\n<\/tr>\n<tr>\n<td style=\"width: 35.8042%;\"><strong>Escal\u00f5es Abertos ***<\/strong><strong><br \/>\n<\/strong><\/td>\n<td style=\"width: 33.8522%;\" width=\"205\"><strong>Federados FPO &amp; Fedo<\/strong><\/td>\n<td style=\"width: 38.7801%;\" width=\"205\"><strong>N\u00e3o Federados<\/strong><\/td>\n<\/tr>\n<tr>\n<td style=\"width: 35.8042%;\" width=\"171\">At\u00e9 20 anos<\/td>\n<td style=\"width: 33.8522%; text-align: center;\" width=\"205\">2,5 \u20ac<\/td>\n<td style=\"width: 38.7801%; text-align: center;\" width=\"205\">4 \u20ac<\/td>\n<\/tr>\n<tr>\n<td style=\"width: 35.8042%;\" width=\"171\">Maior que 20 anos<\/td>\n<td style=\"width: 33.8522%; text-align: center;\" width=\"205\">5 \u20ac<\/td>\n<td style=\"width: 38.7801%; text-align: center;\" width=\"205\">5 \u20ac<\/td>\n<\/tr>\n<\/tbody>\n<\/table>\n<p style=\"text-align: justify;\"><strong>*<\/strong>Estas taxas j\u00e1 incluem o seguro desportivo, para residentes em Portugal<\/p>\n<p style=\"text-align: justify;\"><strong>**<\/strong>Isen\u00e7\u00e3o de pagamento de Sport Ident e taxa de seguro, desde que enquadrados pelos docentes, sendo obrigat\u00f3ria a apresenta\u00e7\u00e3o do comprovativo do seguro escolar, passado pelo estabelecimento de ensino.<\/p>\n<p style=\"text-align: justify;\"><strong>***<\/strong>Estas taxas j\u00e1 incluem o seguro desportivo, para residentes em Portugal, assim como o aluguer do Sport Ident.<\/p>\n<p><strong>OUTRAS TAXAS:<\/strong><\/p>\n<p><strong>1)<\/strong> <strong>Aluguer de Sport Ident<\/strong><\/p>\n<p style=\"padding-left: 40px;\">Aluger de SI Card 1\u20ac por dia (escal\u00f5es de competi\u00e7\u00e3o e forma\u00e7\u00e3o)<\/p>\n<p style=\"padding-left: 40px;\">Isen\u00e7\u00e3o da taxa de aluguer de SI Card nos escal\u00f5es abertos.<\/p>\n<p style=\"padding-left: 40px;\">Cau\u00e7\u00e3o quando do aluguer de SI Card 50 \u20ac.<\/p>\n<p style=\"padding-left: 40px;\">No final da prova, os atletas devem dirigir-se ao Secretariado, onde contra a entrega do Sport Ident resgatar\u00e3o a cau\u00e7\u00e3o.<\/p>\n<p><strong>2) Altera\u00e7\u00f5es de \u00faltima hora e anula\u00e7\u00e3o de inscri\u00e7\u00f5es<\/strong>:<\/p>\n<p style=\"padding-left: 40px;\">As altera\u00e7\u00f5es efetuadas ap\u00f3s 15 de Fevereiro (mudan\u00e7as de escal\u00e3o, troca de SI Card, etc) est\u00e3o sujeitas ao pagamento de uma taxa adicional de 2,00\u20ac;<\/p>\n<p><strong>3) Seguro Desportivo<\/strong><\/p>\n<p style=\"padding-left: 40px;\">Atletas federados est\u00e3o cobertos pelo seguro da FPO;<\/p>\n<p style=\"padding-left: 40px;\">Atletas n\u00e3o federados, nacionais e residentes em Portugal, est\u00e3o cobertos pelo seguro FPO;<\/p>\n<p style=\"padding-left: 40px;\">Atletas estrangeiros, n\u00e3o residentes em Portugal, n\u00e3o est\u00e3o cobertos por qualquer seguro. Assim devem assumir totalmente a sua pr\u00f3pria seguran\u00e7a e riscos de acidentes inerentes.<\/p>\n<p><span style=\"font-size: 14pt;\"><strong>PROCESSO DE INSCRI\u00c7\u00c3O<\/strong><\/span><\/p>\n<p><strong>Forma de Inscri\u00e7\u00e3o:<\/strong><\/p>\n<p>\u2013 As inscri\u00e7\u00f5es dos atletas federados ou pertencentes a clubes filiados na FPO e FEDO devem ser efetuadas diretamente pelo OriOASIS (<span style=\"color: #3366ff;\"><a style=\"color: #3366ff;\" href=\"http:\/\/www.orioasis.pt\/oasis\/entries.php?action=club_class&amp;eventid=2181\">www.orioasis.pt<\/a><\/span>).<\/p>\n<p>\u2013 As inscri\u00e7\u00f5es dos restantes atletas tamb\u00e9m devem ser efetuadas naquela plataforma. Contudo e em caso de impossibilidade\/dificuldade, poder\u00e3o solicitar a inscri\u00e7\u00e3o para o e-mail <a href=\"mailto:info@coc.pt\"><span style=\"color: #3366ff;\">info@coc.pt<\/span><\/a><\/p>\n<p style=\"text-align: justify;\"><b>Dados necess\u00e1rios para efetivar\u00a0inscri\u00e7\u00e3o por e-mail:<\/b><\/p>\n<ul style=\"text-align: justify;\">\n<li style=\"list-style-type: none;\">\n<ul>\n<li style=\"list-style-type: none;\">\n<ul>\n<li>Nome(s) do(s) participante(s);<\/li>\n<li>Data(s) de nascimento;<\/li>\n<li>Nome do Clube;<\/li>\n<li>N\u00ba de filiado na FPO ou FEDO (caso n\u00e3o seja filiado na FPO ou FEDO, o n\u00ba de Bilhete de Identidade ou DNI);<\/li>\n<li>N\u00ba do SI Card, caso tenha um. Na aus\u00eancia deste, ser-lhe-\u00e1 alugado um.<\/li>\n<li>Escal\u00e3o de participa\u00e7\u00e3o*;<\/li>\n<li>Eventos a participar (na eventualidade de n\u00e3o participar em todos os eventos, mencionar qual ou quais).<\/li>\n<\/ul>\n<\/li>\n<\/ul>\n<\/li>\n<\/ul>\n<p style=\"text-align: justify;\">*O aluguer de um SIcard custa 1,00 \u20ac por dia nos escal\u00f5es de Competi\u00e7\u00e3o e Forma\u00e7\u00e3o, sendo gratuito para escal\u00f5es Abertos. A perda ou n\u00e3o devolu\u00e7\u00e3o do SI Card alugado implica o pagamento de 50\u20ac.<\/p>\n<p style=\"text-align: justify;\"><span style=\"text-decoration: underline;\">Notas:<\/span><\/p>\n<p style=\"text-align: justify;\">Os atletas que pretenderem participar em grupo (escal\u00f5es abertos), devem efetuar apenas uma \u00fanica inscri\u00e7\u00e3o mencionando os dados obrigat\u00f3rios de todos os participantes que o constituem.<\/p>\n<p style=\"text-align: justify;\">As inscri\u00e7\u00f5es para os escal\u00f5es abertos devem ser feitas at\u00e9 ao dia 15 de fevereiro. Contudo e sempre dependendo da disponibilidade de mapas, podem ser efetuadas at\u00e9 ao dia de prova.<\/p>\n<p><strong>Como pagar<\/strong><\/p>\n<p>O pagamento das inscri\u00e7\u00f5es poder\u00e1 ser efetuado por Cart\u00e3o de Cr\u00e9dito ou Paypal (Pagamento Online Seguro \u2013 POS, atrav\u00e9s do OriOasis), Multibanco (MB) ou transfer\u00eancia banc\u00e1ria.<\/p>\n<p>As inscri\u00e7\u00f5es de clubes\/atletas apenas ser\u00e3o consideradas v\u00e1lidas ap\u00f3s o seu pagamento.<\/p>\n<p>De forma a facilitar o processo de acredita\u00e7\u00e3o, a Organiza\u00e7\u00e3o tem prefer\u00eancia que os pagamentos sejam feitos por pagamento online seguro ou MB uma vez que o processamento do pagamento \u00e9 autom\u00e1tico.<\/p>\n<p><span style=\"text-decoration: underline;\">1) Pagamento por Cart\u00e3o de Cr\u00e9dito ou Paypal \u2013 Pagamento Online Seguro (POS)<\/span><\/p>\n<p>Cart\u00e3o de cr\u00e9dito ou Paypal<\/p>\n<p>O processamento do pagamento \u00e9 autom\u00e1tico.<\/p>\n<p><span style=\"text-decoration: underline;\">2) Pagamento por Multibanco (MB)<\/span><\/p>\n<p>Ap\u00f3s registo da inscri\u00e7\u00e3o no OriOasis, dever\u00e1 seleccionar MB como meio de pagamento e ser\u00e1 gerada a refer\u00eancia e entidade MB para proceder ao pagamento.<\/p>\n<p>O processamento do pagamento \u00e9 autom\u00e1tico.<\/p>\n<p><span style=\"text-decoration: underline;\">3) Pagamento por transfer\u00eancia banc\u00e1ria<\/span><\/p>\n<p>Os pagamentos por transfer\u00eancia bancaria devem ser feitos para a seguinte conta banc\u00e1ria:<\/p>\n<ul>\n<li style=\"list-style-type: none;\">\n<ul>\n<li style=\"list-style-type: none;\">\n<ul>\n<li style=\"list-style-type: none;\">\n<ul>\n<li><strong>Nome do banco<\/strong>: Caixa Geral de Dep\u00f3sitos<\/li>\n<li><strong>Titular da conta<\/strong>: COC \u2013 Clube Orienta\u00e7\u00e3o do Centro<\/li>\n<li><strong>Ag\u00eancia<\/strong>: Leiria \u2013 Marqu\u00eas de Pombal<\/li>\n<li><strong>Morada da Ag\u00eancia<\/strong>: Avenida Marqu\u00eas de Pombal, 1, 2410 \u2013 152 Leiria<\/li>\n<li><strong>IBAN<\/strong>: PT50 0035 0394 00004000030 10<\/li>\n<li><strong>SWIFT CODE BIC<\/strong>: CGDIPTPL<\/li>\n<\/ul>\n<\/li>\n<\/ul>\n<\/li>\n<\/ul>\n<\/li>\n<\/ul>\n<p>Para Inscri\u00e7\u00f5es Express do OriOasis, por favor coloque o Express Code no descritivo do pagamento.<\/p>\n<p>Para <strong>pagamentos totais de clubes<\/strong>, indique sempre o nome clube no descritivo.<\/p>\n<p>Para <strong>pagamentos parciais de clubes<\/strong>, indique nos coment\u00e1rios o clube e a lista de atletas a que se refere o pagamento, ou envie um email (<a href=\"mailto:info@coc.pt\"><span style=\"color: #3366ff;\">info@coc.pt<\/span><\/a>)\u00a0 \u00e0 organiza\u00e7\u00e3o com a lista de atletas e o comprovativo da transfer\u00eancia.<\/p>\n<p>Notas: Para todas as inscri\u00e7\u00f5es pagas por transfer\u00eancia banc\u00e1ria, \u00e9 necess\u00e1rio enviar comprovativo da opera\u00e7\u00e3o para o email: (<a href=\"mailto:info@coc.pt\"><span style=\"color: #3366ff;\"><strong>info@coc.pt<\/strong><\/span><\/a>).<\/p>\n<p>Todas as despesas inerentes \u00e0s transfer\u00eancias banc\u00e1rias devem ser suportadas pelo ordenante. Se alguma despesa referente \u00e0s transfer\u00eancias banc\u00e1rias for indevidamente cobrada \u00e0 Organiza\u00e7\u00e3o, as mesmas ser\u00e3o pagas posteriormente pelos clubes ou atletas.<\/p>\n<p>Caso tenha dificuldades ou alguma d\u00favida por favor enviar e-mail para: <span style=\"color: #0000ff;\"><strong><u><a style=\"color: #0000ff;\" href=\"mailto:info@coc.pt\">info@coc.pt<\/a><\/u><\/strong><\/span><\/p>","protected":false},"excerpt":{"rendered":"<p>INSCRI\u00c7\u00d5ES As inscri\u00e7\u00f5es devem ser efetuadas at\u00e9 ao dia 08 de Fevereiro (inclusive) a pre\u00e7o normal, ou at\u00e9 15 de Fevereiro (inclusive) com agravamento de pre\u00e7o. Ap\u00f3s 15 de Fevereiro, apenas ser\u00e3o aceites inscri\u00e7\u00f5es para escal\u00f5es abertos, dependentes de disponibilidade de mapas, pelo que aconselhamos que tamb\u00e9m os escal\u00f5es abertos fa\u00e7am as suas inscri\u00e7\u00f5es at\u00e9 &hellip; <a href=\"http:\/\/eventos.coc.pt\/piom2021\/inscricoes\/\" class=\"more-link\">Continuar a ler <span class=\"screen-reader-text\">Inscri\u00e7\u00f5es<\/span><\/a><\/p>\n","protected":false},"author":1,"featured_media":0,"parent":0,"menu_order":10,"comment_status":"closed","ping_status":"closed","template":"","meta":{"footnotes":""},"class_list":["post-17","page","type-page","status-publish","hentry"],"_links":{"self":[{"href":"http:\/\/eventos.coc.pt\/piom2021\/wp-json\/wp\/v2\/pages\/17","targetHints":{"allow":["GET"]}}],"collection":[{"href":"http:\/\/eventos.coc.pt\/piom2021\/wp-json\/wp\/v2\/pages"}],"about":[{"href":"http:\/\/eventos.coc.pt\/piom2021\/wp-json\/wp\/v2\/types\/page"}],"author":[{"embeddable":true,"href":"http:\/\/eventos.coc.pt\/piom2021\/wp-json\/wp\/v2\/users\/1"}],"replies":[{"embeddable":true,"href":"http:\/\/eventos.coc.pt\/piom2021\/wp-json\/wp\/v2\/comments?post=17"}],"version-history":[{"count":25,"href":"http:\/\/eventos.coc.pt\/piom2021\/wp-json\/wp\/v2\/pages\/17\/revisions"}],"predecessor-version":[{"id":548,"href":"http:\/\/eventos.coc.pt\/piom2021\/wp-json\/wp\/v2\/pages\/17\/revisions\/548"}],"wp:attachment":[{"href":"http:\/\/eventos.coc.pt\/piom2021\/wp-json\/wp\/v2\/media?parent=17"}],"curies":[{"name":"wp","href":"https:\/\/api.w.org\/{rel}","templated":true}]}}