{"id":19,"date":"2016-09-02T15:32:36","date_gmt":"2016-09-02T15:32:36","guid":{"rendered":"http:\/\/eventos.coc.pt\/piom2018\/?page_id=19"},"modified":"2020-02-21T09:46:29","modified_gmt":"2020-02-21T09:46:29","slug":"localizacao","status":"publish","type":"page","link":"http:\/\/eventos.coc.pt\/piom2021\/localizacao\/","title":{"rendered":"Localiza\u00e7\u00e3o"},"content":{"rendered":"<p><strong>Secretariado<\/strong><\/p>\n<p>Casa do Povo de Penamacor: 40.168043, -7.171956 (parking \u2013 200 mts a p\u00e9)<\/p>\n<p><strong>Solo Duro e Banhos<\/strong><\/p>\n<p>Pavilh\u00e3o Gimnodesportivo de Penamacor: 40.170371, -7.175081<\/p>\n<p><strong>Model Event <\/strong><\/p>\n<ul>\n<li style=\"list-style-type: none;\">\n<ul>\n<li>Penamacor &#8211; Model Event de Sprint: 40.168043, -7.171956 (parking)<\/li>\n<li>Meimoa \u2013 Model Event de Sprint: 40.226754, -7.187591<\/li>\n<li>Rach\u00e3 &amp; Dongalinho &#8211; Model Event de Media e Longa: 40.090818, -7.207470 (parking)<\/li>\n<li>Anascer &#8211; Model Evente de M\u00e9dia: 40.269452, -7.249616<\/li>\n<li>Serrinha &amp; Aldeia do Bispo: A divulgar oportunamente<\/li>\n<\/ul>\n<\/li>\n<\/ul>\n<p><strong><u>Competi\u00e7\u00e3o<\/u><\/strong><\/p>\n<ul>\n<li style=\"list-style-type: none;\">\n<ul>\n<li>Etapas de M\u00e9dia no Carvalhal \u2013 Parking\/Arena: 40.100591, -7.152407<\/li>\n<li>Sprint Nocturno em Pedr\u00f3g\u00e3o de S\u00e3o Pedro \u2013 Parking\/Arena: 40.090737, -7.237131 (Campo de futebol)<\/li>\n<\/ul>\n<\/li>\n<\/ul>\n<p><strong>Mapa de Localiza\u00e7\u00e3o do evento: <\/strong><span style=\"color: #808080;\">em breve<\/span><\/p>\n<p><strong>Dist\u00e2ncias entre pontos de refer\u00eancia e a \u00e1rea do evento:<\/strong><\/p>\n<table>\n<tbody>\n<tr>\n<td width=\"192\"><strong>De<\/strong><\/td>\n<td width=\"222\"><strong>Para<\/strong><\/td>\n<td width=\"163\"><strong>Kms \/ Tempo<\/strong><\/td>\n<\/tr>\n<tr>\n<td width=\"192\">Lisboa (aeroporto)<\/td>\n<td width=\"222\">Penamacor<\/td>\n<td style=\"text-align: center;\" width=\"163\">280 km \/ 3 horas<\/td>\n<\/tr>\n<tr>\n<td width=\"192\">Porto (aeroporto)<\/td>\n<td width=\"222\">Penamacor<\/td>\n<td style=\"text-align: center;\" width=\"163\">280 km \/ 3 horas<\/td>\n<\/tr>\n<tr>\n<td width=\"192\">Madrid<\/td>\n<td width=\"222\">Penamacor<\/td>\n<td style=\"text-align: center;\" width=\"163\">360 km \/ 4 horas<\/td>\n<\/tr>\n<tr>\n<td width=\"192\">Penamacor<\/td>\n<td width=\"222\">Model Event da M\u00e9dia (Anascer)<\/td>\n<td style=\"text-align: center;\" width=\"163\">22 km \/ 25 minutos<\/td>\n<\/tr>\n<tr>\n<td width=\"192\">Penamacor<\/td>\n<td width=\"222\">Model Event da M\u00e9dia &amp; Longa (Rach\u00e3 &amp; Dongalinho)<\/td>\n<td style=\"text-align: center;\" width=\"163\">15 km \/ 17 minutos<\/td>\n<\/tr>\n<tr>\n<td width=\"192\">Penamacor<\/td>\n<td width=\"222\">Model Event do Sprint (Meimoa)<\/td>\n<td style=\"text-align: center;\" width=\"163\">13 km \/ 15 minutos<\/td>\n<\/tr>\n<tr>\n<td width=\"192\">Penamacor<\/td>\n<td width=\"222\">Model Event da Longa Serrinha &amp; Aldeia do Bispo<\/td>\n<td style=\"text-align: center;\" width=\"163\">13 km \/ 15 minutos<\/td>\n<\/tr>\n<tr>\n<td width=\"192\">Penamacor<\/td>\n<td width=\"222\">Arena M\u00e9dia e Longa<\/td>\n<td style=\"text-align: center;\" width=\"163\">16 km \/ 18 minutos<\/td>\n<\/tr>\n<tr>\n<td width=\"192\">Penamacor<\/td>\n<td width=\"222\">Parking Sprint<\/td>\n<td style=\"text-align: center;\" width=\"163\">11 km \/ 12 minutos<\/td>\n<\/tr>\n<tr>\n<td width=\"192\">Arena M\u00e9dia &amp; Longa<\/td>\n<td width=\"222\">Parking Sprint<\/td>\n<td style=\"text-align: center;\" width=\"163\">14 Km \/ 15 minutos<\/td>\n<\/tr>\n<\/tbody>\n<\/table>\n<p><strong>\u00a0<\/strong><\/p>","protected":false},"excerpt":{"rendered":"<p>Secretariado Casa do Povo de Penamacor: 40.168043, -7.171956 (parking \u2013 200 mts a p\u00e9) Solo Duro e Banhos Pavilh\u00e3o Gimnodesportivo de Penamacor: 40.170371, -7.175081 Model Event Penamacor &#8211; Model Event de Sprint: 40.168043, -7.171956 (parking) Meimoa \u2013 Model Event de Sprint: 40.226754, -7.187591 Rach\u00e3 &amp; Dongalinho &#8211; Model Event de Media e Longa: 40.090818, -7.207470 &hellip; <a href=\"http:\/\/eventos.coc.pt\/piom2021\/localizacao\/\" class=\"more-link\">Continuar a ler <span class=\"screen-reader-text\">Localiza\u00e7\u00e3o<\/span><\/a><\/p>\n","protected":false},"author":1,"featured_media":0,"parent":0,"menu_order":9,"comment_status":"closed","ping_status":"closed","template":"","meta":{"footnotes":""},"class_list":["post-19","page","type-page","status-publish","hentry"],"_links":{"self":[{"href":"http:\/\/eventos.coc.pt\/piom2021\/wp-json\/wp\/v2\/pages\/19","targetHints":{"allow":["GET"]}}],"collection":[{"href":"http:\/\/eventos.coc.pt\/piom2021\/wp-json\/wp\/v2\/pages"}],"about":[{"href":"http:\/\/eventos.coc.pt\/piom2021\/wp-json\/wp\/v2\/types\/page"}],"author":[{"embeddable":true,"href":"http:\/\/eventos.coc.pt\/piom2021\/wp-json\/wp\/v2\/users\/1"}],"replies":[{"embeddable":true,"href":"http:\/\/eventos.coc.pt\/piom2021\/wp-json\/wp\/v2\/comments?post=19"}],"version-history":[{"count":27,"href":"http:\/\/eventos.coc.pt\/piom2021\/wp-json\/wp\/v2\/pages\/19\/revisions"}],"predecessor-version":[{"id":453,"href":"http:\/\/eventos.coc.pt\/piom2021\/wp-json\/wp\/v2\/pages\/19\/revisions\/453"}],"wp:attachment":[{"href":"http:\/\/eventos.coc.pt\/piom2021\/wp-json\/wp\/v2\/media?parent=19"}],"curies":[{"name":"wp","href":"https:\/\/api.w.org\/{rel}","templated":true}]}}