{"id":420,"date":"2020-02-19T09:12:00","date_gmt":"2020-02-19T09:12:00","guid":{"rendered":"http:\/\/eventos.coc.pt\/piom2021\/?page_id=420"},"modified":"2020-10-14T18:50:26","modified_gmt":"2020-10-14T18:50:26","slug":"apresentacao","status":"publish","type":"page","link":"http:\/\/eventos.coc.pt\/piom2021\/apresentacao\/","title":{"rendered":"Apresenta\u00e7\u00e3o"},"content":{"rendered":"<p>\u00c9 com grande empenho, orgulho e sentido de responsabilidade que o COC \u2013 Clube de Orienta\u00e7\u00e3o do Centro se candidatou para levar a cabo este grande desafio organizativo e trazer mais um evento internacional de Orienta\u00e7\u00e3o a Penamacor, Terras de Lince.<br \/>\nO PIOM 2021 \u00e9 um evento de Orienta\u00e7\u00e3o pedestre, que ser\u00e1 constitu\u00eddo por 3 etapas, uma delas a contar para o Ranking Mundial da Federa\u00e7\u00e3o Internacional de Orienta\u00e7\u00e3o (IOF WRE), integrado no ranking da Ta\u00e7a de Portugal da Federa\u00e7\u00e3o Portuguesa de Orienta\u00e7\u00e3o, aberto a pessoas de qualquer idade, podendo participar nos escal\u00f5es de competi\u00e7\u00e3o ou nos escal\u00f5es abertos, individualmente, em pares ou em grupo.<\/p>\n<p>Das suas etapas 2 ser\u00e3o diurnas, disputadas em floresta em dist\u00e2ncia M\u00e9dia, e uma em ambiente urbano, noturna, numa aldeia do Munic\u00edpio, no formato de sprint, que poder\u00e1 ter tempos dos vencedores acima dos tradicionais 15 minutos do sprint.<br \/>\nPara as etapas de floresta escolhemos terrenos com boa progress\u00e3o, com bom recorte t\u00e9cnico decorrente do seu relevo e dos muitos detalhes rochosos. Para a etapa urbana, a aldeia escolhida, com a sua teia de ruas, vielas, escadarias e lajes gran\u00edticas, tem potencialidades para vos proporcionar agrad\u00e1vel e desafiante etapa.<\/p>\n<p>O PIOM ser\u00e1 constitu\u00eddo pelos seguintes eventos:<\/p>\n<p style=\"padding-left: 40px;\">17 a 19 de Fevereiro 2021 \u2013 Provas de treino (Eventos Modelo);<br \/>\n20 de Fevereiro 2021 \u2013 Prova de dist\u00e2ncia M\u00e9dia (WRE) \u2013 Carvalhal;<br \/>\n20 de Fevereiro 2021 \u2013 Prova Sprint Urbano Nocturno \u2013 Pedr\u00f3g\u00e3o de S\u00e3o Pedro;<br \/>\n21 de Fevereiro 2021 \u2013 Prova de dist\u00e2ncia M\u00e9dia \u2013 Carvalhal;<\/p>\n<p>A classifica\u00e7\u00e3o final do PIOM ser\u00e1 definida pela soma dos pontos das 3 etapas de competi\u00e7\u00e3o.<br \/>\nPara o ranking FPO apenas contar\u00e3o as 2 etapas de floresta.<\/p>","protected":false},"excerpt":{"rendered":"<p>\u00c9 com grande empenho, orgulho e sentido de responsabilidade que o COC \u2013 Clube de Orienta\u00e7\u00e3o do Centro se candidatou para levar a cabo este grande desafio organizativo e trazer mais um evento internacional de Orienta\u00e7\u00e3o a Penamacor, Terras de Lince. O PIOM 2021 \u00e9 um evento de Orienta\u00e7\u00e3o pedestre, que ser\u00e1 constitu\u00eddo por 3 &hellip; <a href=\"http:\/\/eventos.coc.pt\/piom2021\/apresentacao\/\" class=\"more-link\">Continuar a ler <span class=\"screen-reader-text\">Apresenta\u00e7\u00e3o<\/span><\/a><\/p>\n","protected":false},"author":1,"featured_media":0,"parent":0,"menu_order":0,"comment_status":"closed","ping_status":"closed","template":"","meta":{"footnotes":""},"class_list":["post-420","page","type-page","status-publish","hentry"],"_links":{"self":[{"href":"http:\/\/eventos.coc.pt\/piom2021\/wp-json\/wp\/v2\/pages\/420","targetHints":{"allow":["GET"]}}],"collection":[{"href":"http:\/\/eventos.coc.pt\/piom2021\/wp-json\/wp\/v2\/pages"}],"about":[{"href":"http:\/\/eventos.coc.pt\/piom2021\/wp-json\/wp\/v2\/types\/page"}],"author":[{"embeddable":true,"href":"http:\/\/eventos.coc.pt\/piom2021\/wp-json\/wp\/v2\/users\/1"}],"replies":[{"embeddable":true,"href":"http:\/\/eventos.coc.pt\/piom2021\/wp-json\/wp\/v2\/comments?post=420"}],"version-history":[{"count":7,"href":"http:\/\/eventos.coc.pt\/piom2021\/wp-json\/wp\/v2\/pages\/420\/revisions"}],"predecessor-version":[{"id":550,"href":"http:\/\/eventos.coc.pt\/piom2021\/wp-json\/wp\/v2\/pages\/420\/revisions\/550"}],"wp:attachment":[{"href":"http:\/\/eventos.coc.pt\/piom2021\/wp-json\/wp\/v2\/media?parent=420"}],"curies":[{"name":"wp","href":"https:\/\/api.w.org\/{rel}","templated":true}]}}