{"id":574,"date":"2020-12-22T19:50:56","date_gmt":"2020-12-22T19:50:56","guid":{"rendered":"http:\/\/eventos.coc.pt\/piom2021\/?page_id=574"},"modified":"2020-12-22T19:50:56","modified_gmt":"2020-12-22T19:50:56","slug":"adiado-nova-data-a-indicar-brevemente","status":"publish","type":"page","link":"http:\/\/eventos.coc.pt\/piom2021\/","title":{"rendered":"ADIADO \u2013 NOVA DATA A INDICAR BREVEMENTE"},"content":{"rendered":"<p><span style=\"font-size: 14pt;\">O COC &#8211; Clube de Orienta\u00e7\u00e3o do Centro, organizador do PIOM 2021 (Penamacor internacional Orienteering Meeting), o co-organizador Munic\u00edpio de Penamacor e a Federa\u00e7\u00e3o Portuguesa de Orienta\u00e7\u00e3o, apesar do evento estar j\u00e1 devidamente preparado, face \u00e0 incerteza sobre a evolu\u00e7\u00e3o da pandemia nos pr\u00f3ximos 2 meses, tomaram a decis\u00e3o de adiar o PIOM 2021 para data ainda a definir e que oportunamente ser\u00e1 divulgada.<\/span><\/p>\n<p><span style=\"font-size: 14pt;\">Contamos convosco num futuro pr\u00f3ximo que desejamos seja breve.<\/span><\/p>\n<p><span style=\"font-size: 14pt;\">Por favor contactem por favor para o email info@coc.pt caso necessitem de mais alguma informa\u00e7\u00e3o.<\/span><\/p>","protected":false},"excerpt":{"rendered":"<p>O COC &#8211; Clube de Orienta\u00e7\u00e3o do Centro, organizador do PIOM 2021 (Penamacor internacional Orienteering Meeting), o co-organizador Munic\u00edpio de Penamacor e a Federa\u00e7\u00e3o Portuguesa de Orienta\u00e7\u00e3o, apesar do evento estar j\u00e1 devidamente preparado, face \u00e0 incerteza sobre a evolu\u00e7\u00e3o da pandemia nos pr\u00f3ximos 2 meses, tomaram a decis\u00e3o de adiar o PIOM 2021 para &hellip; <a href=\"http:\/\/eventos.coc.pt\/piom2021\/\" class=\"more-link\">Continuar a ler <span class=\"screen-reader-text\">ADIADO \u2013 NOVA DATA A INDICAR BREVEMENTE<\/span><\/a><\/p>\n","protected":false},"author":1,"featured_media":0,"parent":0,"menu_order":0,"comment_status":"closed","ping_status":"closed","template":"","meta":{"footnotes":""},"class_list":["post-574","page","type-page","status-publish","hentry"],"_links":{"self":[{"href":"http:\/\/eventos.coc.pt\/piom2021\/wp-json\/wp\/v2\/pages\/574","targetHints":{"allow":["GET"]}}],"collection":[{"href":"http:\/\/eventos.coc.pt\/piom2021\/wp-json\/wp\/v2\/pages"}],"about":[{"href":"http:\/\/eventos.coc.pt\/piom2021\/wp-json\/wp\/v2\/types\/page"}],"author":[{"embeddable":true,"href":"http:\/\/eventos.coc.pt\/piom2021\/wp-json\/wp\/v2\/users\/1"}],"replies":[{"embeddable":true,"href":"http:\/\/eventos.coc.pt\/piom2021\/wp-json\/wp\/v2\/comments?post=574"}],"version-history":[{"count":1,"href":"http:\/\/eventos.coc.pt\/piom2021\/wp-json\/wp\/v2\/pages\/574\/revisions"}],"predecessor-version":[{"id":575,"href":"http:\/\/eventos.coc.pt\/piom2021\/wp-json\/wp\/v2\/pages\/574\/revisions\/575"}],"wp:attachment":[{"href":"http:\/\/eventos.coc.pt\/piom2021\/wp-json\/wp\/v2\/media?parent=574"}],"curies":[{"name":"wp","href":"https:\/\/api.w.org\/{rel}","templated":true}]}}