{"id":11,"date":"2016-09-02T15:31:27","date_gmt":"2016-09-02T15:31:27","guid":{"rendered":"http:\/\/eventos.coc.pt\/piom2018\/?page_id=11"},"modified":"2019-06-20T08:28:53","modified_gmt":"2019-06-20T08:28:53","slug":"informacoes-gerais","status":"publish","type":"page","link":"http:\/\/eventos.coc.pt\/piomtrailo2019\/informacoes-gerais\/","title":{"rendered":"Informa\u00e7\u00f5es Gerais"},"content":{"rendered":"<p><strong>Solo duro:<\/strong><\/p>\n<ul>\n<li>Estar\u00e1 dispon\u00edvel Solo duro no Pavilh\u00e3o Municipal de Penamacor<\/li>\n<li>Abertura: 21 de Junho (sexta-feira) \u2013 18:00<\/li>\n<li>Fecho: 23 de Junho (domingo)<\/li>\n<li>Gratuito<\/li>\n<li>\u00c9 necess\u00e1ria inscri\u00e7\u00e3o pr\u00e9via atrav\u00e9s do e-mail\u00a0 <a href=\"mailto:piomintrailo@gmail.com\">piomintrailo@gmail.com<\/a> ou da p\u00e1gina de facebook do evento<\/li>\n<\/ul>\n<p><strong>Alojamento:<\/strong><\/p>\n<ul>\n<li>Existem v\u00e1rias possibilidades de alojamento na \u00e1rea &#8211; ver separador \u201cAlojamento\u201d<\/li>\n<\/ul>\n<p><strong>Arenas:<\/strong><\/p>\n<ul>\n<li>Em ambas as arenas haver\u00e1 casas-de-banho (normal e adaptada) e bar<\/li>\n<\/ul>\n<p><strong>Peitorais:<\/strong><\/p>\n<ul>\n<li>Todos os atletas t\u00eam de usar os peitorais fornecidos pela organiza\u00e7\u00e3o de modo vis\u00edvel<\/li>\n<\/ul>\n<p><strong>Pr\u00e9mios:<\/strong><\/p>\n<ul>\n<li>PreO: pr\u00e9mios para os 3 primeiros classificados das classes aberta e paral\u00edmpica<\/li>\n<li>TempO: pr\u00e9mios para os 3 primeiros classificados<\/li>\n<\/ul>\n<p><\/p>","protected":false},"excerpt":{"rendered":"<p>Solo duro: Estar\u00e1 dispon\u00edvel Solo duro no Pavilh\u00e3o Municipal de Penamacor Abertura: 21 de Junho (sexta-feira) \u2013 18:00 Fecho: 23 de Junho (domingo) Gratuito \u00c9 necess\u00e1ria inscri\u00e7\u00e3o pr\u00e9via atrav\u00e9s do e-mail\u00a0 piomintrailo@gmail.com ou da p\u00e1gina de facebook do evento Alojamento: Existem v\u00e1rias possibilidades de alojamento na \u00e1rea &#8211; ver separador \u201cAlojamento\u201d Arenas: Em ambas as &hellip; <a href=\"http:\/\/eventos.coc.pt\/piomtrailo2019\/informacoes-gerais\/\" class=\"more-link\">Continuar a ler <span class=\"screen-reader-text\">Informa\u00e7\u00f5es Gerais<\/span><\/a><\/p>\n","protected":false},"author":1,"featured_media":0,"parent":0,"menu_order":13,"comment_status":"closed","ping_status":"closed","template":"","meta":{"footnotes":""},"class_list":["post-11","page","type-page","status-publish","hentry"],"_links":{"self":[{"href":"http:\/\/eventos.coc.pt\/piomtrailo2019\/wp-json\/wp\/v2\/pages\/11","targetHints":{"allow":["GET"]}}],"collection":[{"href":"http:\/\/eventos.coc.pt\/piomtrailo2019\/wp-json\/wp\/v2\/pages"}],"about":[{"href":"http:\/\/eventos.coc.pt\/piomtrailo2019\/wp-json\/wp\/v2\/types\/page"}],"author":[{"embeddable":true,"href":"http:\/\/eventos.coc.pt\/piomtrailo2019\/wp-json\/wp\/v2\/users\/1"}],"replies":[{"embeddable":true,"href":"http:\/\/eventos.coc.pt\/piomtrailo2019\/wp-json\/wp\/v2\/comments?post=11"}],"version-history":[{"count":26,"href":"http:\/\/eventos.coc.pt\/piomtrailo2019\/wp-json\/wp\/v2\/pages\/11\/revisions"}],"predecessor-version":[{"id":532,"href":"http:\/\/eventos.coc.pt\/piomtrailo2019\/wp-json\/wp\/v2\/pages\/11\/revisions\/532"}],"wp:attachment":[{"href":"http:\/\/eventos.coc.pt\/piomtrailo2019\/wp-json\/wp\/v2\/media?parent=11"}],"curies":[{"name":"wp","href":"https:\/\/api.w.org\/{rel}","templated":true}]}}