{"id":143,"date":"2016-09-16T12:54:48","date_gmt":"2016-09-16T12:54:48","guid":{"rendered":"http:\/\/eventos.coc.pt\/piom2018\/?page_id=143"},"modified":"2019-06-24T11:27:10","modified_gmt":"2019-06-24T11:27:10","slug":"mapas","status":"publish","type":"page","link":"http:\/\/eventos.coc.pt\/piomtrailo2019\/mapas\/","title":{"rendered":"Mapas e Solu\u00e7\u00f5es"},"content":{"rendered":"<p>Mapa Pre-O:<br \/>\n<a href=\"http:\/\/eventos.coc.pt\/piomtrailo2019\/wp-content\/uploads\/sites\/16\/2019\/06\/PreO_Map.jpg\" target=\"_blank\" rel=\"noopener\"><img loading=\"lazy\" decoding=\"async\" class=\"aligncenter wp-image-533 size-medium\" src=\"http:\/\/eventos.coc.pt\/piomtrailo2019\/wp-content\/uploads\/sites\/16\/2019\/06\/PreO_Map-209x300.jpg\" alt=\"\" width=\"209\" height=\"300\" srcset=\"http:\/\/eventos.coc.pt\/piomtrailo2019\/wp-content\/uploads\/sites\/16\/2019\/06\/PreO_Map-209x300.jpg 209w, http:\/\/eventos.coc.pt\/piomtrailo2019\/wp-content\/uploads\/sites\/16\/2019\/06\/PreO_Map-768x1102.jpg 768w, http:\/\/eventos.coc.pt\/piomtrailo2019\/wp-content\/uploads\/sites\/16\/2019\/06\/PreO_Map-714x1024.jpg 714w, http:\/\/eventos.coc.pt\/piomtrailo2019\/wp-content\/uploads\/sites\/16\/2019\/06\/PreO_Map-600x861.jpg 600w, http:\/\/eventos.coc.pt\/piomtrailo2019\/wp-content\/uploads\/sites\/16\/2019\/06\/PreO_Map.jpg 1579w\" sizes=\"auto, (max-width: 209px) 100vw, 209px\" \/><\/a><\/p>\n<p>Solu\u00e7\u00f5es Pre-O:<br \/>\n<a href=\"http:\/\/eventos.coc.pt\/piomtrailo2019\/wp-content\/uploads\/sites\/16\/2019\/06\/PreO_Solutions.jpg\" target=\"_blank\" rel=\"noopener\"><img loading=\"lazy\" decoding=\"async\" class=\"aligncenter wp-image-534 size-medium\" src=\"http:\/\/eventos.coc.pt\/piomtrailo2019\/wp-content\/uploads\/sites\/16\/2019\/06\/PreO_Solutions-223x300.jpg\" alt=\"\" width=\"223\" height=\"300\" srcset=\"http:\/\/eventos.coc.pt\/piomtrailo2019\/wp-content\/uploads\/sites\/16\/2019\/06\/PreO_Solutions-223x300.jpg 223w, http:\/\/eventos.coc.pt\/piomtrailo2019\/wp-content\/uploads\/sites\/16\/2019\/06\/PreO_Solutions-768x1034.jpg 768w, http:\/\/eventos.coc.pt\/piomtrailo2019\/wp-content\/uploads\/sites\/16\/2019\/06\/PreO_Solutions-760x1024.jpg 760w, http:\/\/eventos.coc.pt\/piomtrailo2019\/wp-content\/uploads\/sites\/16\/2019\/06\/PreO_Solutions-600x808.jpg 600w\" sizes=\"auto, (max-width: 223px) 100vw, 223px\" \/><\/a><\/p>\n<p>Solu\u00e7\u00f5es Temp-O:<br \/>\n<a href=\"http:\/\/eventos.coc.pt\/piomtrailo2019\/wp-content\/uploads\/sites\/16\/2019\/06\/TempO_Solutions.jpg\" target=\"_blank\" rel=\"noopener\"><img loading=\"lazy\" decoding=\"async\" class=\"aligncenter wp-image-535 size-medium\" src=\"http:\/\/eventos.coc.pt\/piomtrailo2019\/wp-content\/uploads\/sites\/16\/2019\/06\/TempO_Solutions-209x300.jpg\" alt=\"\" width=\"209\" height=\"300\" srcset=\"http:\/\/eventos.coc.pt\/piomtrailo2019\/wp-content\/uploads\/sites\/16\/2019\/06\/TempO_Solutions-209x300.jpg 209w, http:\/\/eventos.coc.pt\/piomtrailo2019\/wp-content\/uploads\/sites\/16\/2019\/06\/TempO_Solutions-768x1102.jpg 768w, http:\/\/eventos.coc.pt\/piomtrailo2019\/wp-content\/uploads\/sites\/16\/2019\/06\/TempO_Solutions-714x1024.jpg 714w, http:\/\/eventos.coc.pt\/piomtrailo2019\/wp-content\/uploads\/sites\/16\/2019\/06\/TempO_Solutions-600x861.jpg 600w\" sizes=\"auto, (max-width: 209px) 100vw, 209px\" \/><\/a><\/p>","protected":false},"excerpt":{"rendered":"<p>Mapa Pre-O: Solu\u00e7\u00f5es Pre-O: Solu\u00e7\u00f5es Temp-O:<\/p>\n","protected":false},"author":1,"featured_media":0,"parent":0,"menu_order":15,"comment_status":"closed","ping_status":"closed","template":"","meta":{"footnotes":""},"class_list":["post-143","page","type-page","status-publish","hentry"],"_links":{"self":[{"href":"http:\/\/eventos.coc.pt\/piomtrailo2019\/wp-json\/wp\/v2\/pages\/143","targetHints":{"allow":["GET"]}}],"collection":[{"href":"http:\/\/eventos.coc.pt\/piomtrailo2019\/wp-json\/wp\/v2\/pages"}],"about":[{"href":"http:\/\/eventos.coc.pt\/piomtrailo2019\/wp-json\/wp\/v2\/types\/page"}],"author":[{"embeddable":true,"href":"http:\/\/eventos.coc.pt\/piomtrailo2019\/wp-json\/wp\/v2\/users\/1"}],"replies":[{"embeddable":true,"href":"http:\/\/eventos.coc.pt\/piomtrailo2019\/wp-json\/wp\/v2\/comments?post=143"}],"version-history":[{"count":12,"href":"http:\/\/eventos.coc.pt\/piomtrailo2019\/wp-json\/wp\/v2\/pages\/143\/revisions"}],"predecessor-version":[{"id":538,"href":"http:\/\/eventos.coc.pt\/piomtrailo2019\/wp-json\/wp\/v2\/pages\/143\/revisions\/538"}],"wp:attachment":[{"href":"http:\/\/eventos.coc.pt\/piomtrailo2019\/wp-json\/wp\/v2\/media?parent=143"}],"curies":[{"name":"wp","href":"https:\/\/api.w.org\/{rel}","templated":true}]}}