{"id":17,"date":"2016-09-02T15:32:21","date_gmt":"2016-09-02T15:32:21","guid":{"rendered":"http:\/\/eventos.coc.pt\/piom2018\/?page_id=17"},"modified":"2019-06-03T07:42:49","modified_gmt":"2019-06-03T07:42:49","slug":"inscricoes","status":"publish","type":"page","link":"http:\/\/eventos.coc.pt\/piomtrailo2019\/inscricoes\/","title":{"rendered":"Inscri\u00e7\u00f5es"},"content":{"rendered":"<p>A partir de: 1 de Dezembro de 2018<\/p>\n<p>Data limite de inscri\u00e7\u00e3o: 10 de junho<\/p>\n<p>Taxas de inscri\u00e7\u00e3o:<\/p>\n<table>\n<tbody>\n<tr>\n<td width=\"151\"><\/td>\n<td width=\"76\">Pre-O<\/td>\n<td width=\"76\">Temp-O<\/td>\n<\/tr>\n<tr>\n<td width=\"151\">Aberto \/ Paral\u00edmpico<\/td>\n<td width=\"76\">15\u20ac<\/td>\n<td width=\"76\">15\u20ac<\/td>\n<\/tr>\n<\/tbody>\n<\/table>\n<p>Aluguer de SI-Card: 2.00\u20ac por etapa<\/p>\n<p>(A perda ou n\u00e3o devolu\u00e7\u00e3o de um SI-Card alugado implica o pagamento de 50\u20ac)<\/p>\n<p>Deve fazer a sua inscri\u00e7\u00f5es directamente no orioasis, <a href=\"http:\/\/www.orioasis.pt\/oasis\/guide.php?action=register_entry&amp;eventid=2047&amp;lang=pt_PT\">aqui.<\/a><\/p>","protected":false},"excerpt":{"rendered":"<p>A partir de: 1 de Dezembro de 2018 Data limite de inscri\u00e7\u00e3o: 10 de junho Taxas de inscri\u00e7\u00e3o: Pre-O Temp-O Aberto \/ Paral\u00edmpico 15\u20ac 15\u20ac Aluguer de SI-Card: 2.00\u20ac por etapa (A perda ou n\u00e3o devolu\u00e7\u00e3o de um SI-Card alugado implica o pagamento de 50\u20ac) Deve fazer a sua inscri\u00e7\u00f5es directamente no orioasis, aqui.<\/p>\n","protected":false},"author":1,"featured_media":0,"parent":0,"menu_order":10,"comment_status":"closed","ping_status":"closed","template":"","meta":{"footnotes":""},"class_list":["post-17","page","type-page","status-publish","hentry"],"_links":{"self":[{"href":"http:\/\/eventos.coc.pt\/piomtrailo2019\/wp-json\/wp\/v2\/pages\/17","targetHints":{"allow":["GET"]}}],"collection":[{"href":"http:\/\/eventos.coc.pt\/piomtrailo2019\/wp-json\/wp\/v2\/pages"}],"about":[{"href":"http:\/\/eventos.coc.pt\/piomtrailo2019\/wp-json\/wp\/v2\/types\/page"}],"author":[{"embeddable":true,"href":"http:\/\/eventos.coc.pt\/piomtrailo2019\/wp-json\/wp\/v2\/users\/1"}],"replies":[{"embeddable":true,"href":"http:\/\/eventos.coc.pt\/piomtrailo2019\/wp-json\/wp\/v2\/comments?post=17"}],"version-history":[{"count":16,"href":"http:\/\/eventos.coc.pt\/piomtrailo2019\/wp-json\/wp\/v2\/pages\/17\/revisions"}],"predecessor-version":[{"id":498,"href":"http:\/\/eventos.coc.pt\/piomtrailo2019\/wp-json\/wp\/v2\/pages\/17\/revisions\/498"}],"wp:attachment":[{"href":"http:\/\/eventos.coc.pt\/piomtrailo2019\/wp-json\/wp\/v2\/media?parent=17"}],"curies":[{"name":"wp","href":"https:\/\/api.w.org\/{rel}","templated":true}]}}