{"id":19,"date":"2016-09-02T15:32:36","date_gmt":"2016-09-02T15:32:36","guid":{"rendered":"http:\/\/eventos.coc.pt\/piom2018\/?page_id=19"},"modified":"2019-06-11T18:14:07","modified_gmt":"2019-06-11T18:14:07","slug":"localizacao","status":"publish","type":"page","link":"http:\/\/eventos.coc.pt\/piomtrailo2019\/localizacao\/","title":{"rendered":"Localiza\u00e7\u00e3o"},"content":{"rendered":"<p><iframe loading=\"lazy\" src=\"https:\/\/www.google.com\/maps\/d\/u\/0\/embed?mid=1jVI7uMophIXC_bbVpiltdyxK3x90qe1Y\" width=\"640\" height=\"480\"><\/iframe><br \/>\ndescarregue o ficheiro <a href=\"http:\/\/eventos.coc.pt\/archive\/piomintrailo\/PIOM_IN_TRAIL_O_ECTO2019_V20180114.kmz\">aqui<\/a><\/p>\n<p><strong>Zonas Embargadas<\/strong> \u2013\u00a0<span style=\"font-size: 13pt;\">As zonas embargadas (marcadas a vermelho) encontram-se interditas para todos os participantes e quaisquer outras pessoas que possam influenciar os resultados das competi\u00e7\u00f5es atrav\u00e9s de conhecimento do terreno.<\/span><\/p>\n<p><strong>Event Center<\/strong> \u2013 Pavilh\u00e3o Municipal de Penamacor (40\u00b010&#8217;13.5&#8243;N 7\u00b010&#8217;30.2&#8243;W \/ 40.170402, -7.175048)<\/p>\n<p><strong>Solo duro<\/strong> \u2013 Pavilh\u00e3o Municipal de Penamacor (40\u00b010&#8217;13.5&#8243;N 7\u00b010&#8217;30.2&#8243;W \/ 40.170402, -7.175048)<\/p>\n<p><strong>PreO<\/strong> \u2013 Rach\u00e3 (40\u00b005&#8217;25.0&#8243;N 7\u00b012&#8217;26.6&#8243;W \/ 40.090279, -7.207391)<\/p>\n<p><strong>Aten\u00e7\u00e3o<\/strong>: \u00c9 obrigat\u00f3rio seguir o percurso indicado pela organiza\u00e7\u00e3o para chegar ao local da prova, como representado na imagem e descrito abaixo. Haver\u00e1 setas laranja e brancas a sinalizar o percurso at\u00e9 ao local da prova.<\/p>\n<p>\u00bb Dist\u00e2ncia do Event Center at\u00e9 ao local do PreO: 18km<\/p>\n<p>Todos os atletas dever\u00e3o aceder ao local da prova atrav\u00e9s da estrada N233, virando no cruzamento para Bemposta, entrando na vila e seguindo as placas<\/p>\n<p><img loading=\"lazy\" decoding=\"async\" class=\"aligncenter wp-image-504\" src=\"http:\/\/eventos.coc.pt\/piomtrailo2019\/wp-content\/uploads\/sites\/16\/2019\/06\/percurso-obrigatorio-preo.png\" alt=\"\" width=\"300\" height=\"429\" srcset=\"http:\/\/eventos.coc.pt\/piomtrailo2019\/wp-content\/uploads\/sites\/16\/2019\/06\/percurso-obrigatorio-preo.png 345w, http:\/\/eventos.coc.pt\/piomtrailo2019\/wp-content\/uploads\/sites\/16\/2019\/06\/percurso-obrigatorio-preo-210x300.png 210w\" sizes=\"auto, (max-width: 300px) 100vw, 300px\" \/><\/p>\n<p><strong>TempO<\/strong> \u2013 Ramalh\u00e3o, perto do Est\u00e1dio Municipal de Penamacor (40\u00b009&#8217;54.7&#8243;N 7\u00b009&#8217;24.8&#8243;W \/ 40.165198, -7.156882)<\/p>\n<p>O percurso para a prova encontra-se representado na imagem abaixo. Haver\u00e1 tamb\u00e9m setas laranja e brancas a sinalizar o percurso at\u00e9 ao local da prova.<\/p>\n<p>\u00bb Dist\u00e2ncia do Event Center at\u00e9 ao local do TempO: 3.5km<\/p>\n<p><img loading=\"lazy\" decoding=\"async\" class=\"aligncenter wp-image-506\" src=\"http:\/\/eventos.coc.pt\/piomtrailo2019\/wp-content\/uploads\/sites\/16\/2019\/06\/percurso-obrigatorio-tempo2.png\" alt=\"\" width=\"600\" height=\"243\" srcset=\"http:\/\/eventos.coc.pt\/piomtrailo2019\/wp-content\/uploads\/sites\/16\/2019\/06\/percurso-obrigatorio-tempo2.png 871w, http:\/\/eventos.coc.pt\/piomtrailo2019\/wp-content\/uploads\/sites\/16\/2019\/06\/percurso-obrigatorio-tempo2-300x122.png 300w, http:\/\/eventos.coc.pt\/piomtrailo2019\/wp-content\/uploads\/sites\/16\/2019\/06\/percurso-obrigatorio-tempo2-768x311.png 768w\" sizes=\"auto, (max-width: 600px) 100vw, 600px\" \/><\/p>","protected":false},"excerpt":{"rendered":"<p>descarregue o ficheiro aqui Zonas Embargadas \u2013\u00a0As zonas embargadas (marcadas a vermelho) encontram-se interditas para todos os participantes e quaisquer outras pessoas que possam influenciar os resultados das competi\u00e7\u00f5es atrav\u00e9s de conhecimento do terreno. Event Center \u2013 Pavilh\u00e3o Municipal de Penamacor (40\u00b010&#8217;13.5&#8243;N 7\u00b010&#8217;30.2&#8243;W \/ 40.170402, -7.175048) Solo duro \u2013 Pavilh\u00e3o Municipal de Penamacor (40\u00b010&#8217;13.5&#8243;N 7\u00b010&#8217;30.2&#8243;W &hellip; <a href=\"http:\/\/eventos.coc.pt\/piomtrailo2019\/localizacao\/\" class=\"more-link\">Continuar a ler <span class=\"screen-reader-text\">Localiza\u00e7\u00e3o<\/span><\/a><\/p>\n","protected":false},"author":1,"featured_media":0,"parent":0,"menu_order":9,"comment_status":"closed","ping_status":"closed","template":"","meta":{"footnotes":""},"class_list":["post-19","page","type-page","status-publish","hentry"],"_links":{"self":[{"href":"http:\/\/eventos.coc.pt\/piomtrailo2019\/wp-json\/wp\/v2\/pages\/19","targetHints":{"allow":["GET"]}}],"collection":[{"href":"http:\/\/eventos.coc.pt\/piomtrailo2019\/wp-json\/wp\/v2\/pages"}],"about":[{"href":"http:\/\/eventos.coc.pt\/piomtrailo2019\/wp-json\/wp\/v2\/types\/page"}],"author":[{"embeddable":true,"href":"http:\/\/eventos.coc.pt\/piomtrailo2019\/wp-json\/wp\/v2\/users\/1"}],"replies":[{"embeddable":true,"href":"http:\/\/eventos.coc.pt\/piomtrailo2019\/wp-json\/wp\/v2\/comments?post=19"}],"version-history":[{"count":34,"href":"http:\/\/eventos.coc.pt\/piomtrailo2019\/wp-json\/wp\/v2\/pages\/19\/revisions"}],"predecessor-version":[{"id":512,"href":"http:\/\/eventos.coc.pt\/piomtrailo2019\/wp-json\/wp\/v2\/pages\/19\/revisions\/512"}],"wp:attachment":[{"href":"http:\/\/eventos.coc.pt\/piomtrailo2019\/wp-json\/wp\/v2\/media?parent=19"}],"curies":[{"name":"wp","href":"https:\/\/api.w.org\/{rel}","templated":true}]}}