{"id":21,"date":"2016-09-02T15:32:45","date_gmt":"2016-09-02T15:32:45","guid":{"rendered":"http:\/\/eventos.coc.pt\/piom2018\/?page_id=21"},"modified":"2018-11-27T08:30:13","modified_gmt":"2018-11-27T08:30:13","slug":"organizacao","status":"publish","type":"page","link":"http:\/\/eventos.coc.pt\/piomtrailo2019\/organizacao\/","title":{"rendered":"Organiza\u00e7\u00e3o"},"content":{"rendered":"<p>COC &#8211; Clube de Orienta\u00e7\u00e3o do Centro, Portugal<\/p>\n<p>Diretor do evento &#8211; Manuel Domingues<br \/>\nCart\u00f3grafo &#8211; Rui Antunes<br \/>\nTra\u00e7adores de percursos &#8211; In\u00eas Domingues e Edgar Domingues<br \/>\nSupervisor &#8211; Cl\u00e1udio Tereso<\/p>","protected":false},"excerpt":{"rendered":"<p>COC &#8211; Clube de Orienta\u00e7\u00e3o do Centro, Portugal Diretor do evento &#8211; Manuel Domingues Cart\u00f3grafo &#8211; Rui Antunes Tra\u00e7adores de percursos &#8211; In\u00eas Domingues e Edgar Domingues Supervisor &#8211; Cl\u00e1udio Tereso<\/p>\n","protected":false},"author":1,"featured_media":0,"parent":0,"menu_order":8,"comment_status":"closed","ping_status":"closed","template":"","meta":{"footnotes":""},"class_list":["post-21","page","type-page","status-publish","hentry"],"_links":{"self":[{"href":"http:\/\/eventos.coc.pt\/piomtrailo2019\/wp-json\/wp\/v2\/pages\/21","targetHints":{"allow":["GET"]}}],"collection":[{"href":"http:\/\/eventos.coc.pt\/piomtrailo2019\/wp-json\/wp\/v2\/pages"}],"about":[{"href":"http:\/\/eventos.coc.pt\/piomtrailo2019\/wp-json\/wp\/v2\/types\/page"}],"author":[{"embeddable":true,"href":"http:\/\/eventos.coc.pt\/piomtrailo2019\/wp-json\/wp\/v2\/users\/1"}],"replies":[{"embeddable":true,"href":"http:\/\/eventos.coc.pt\/piomtrailo2019\/wp-json\/wp\/v2\/comments?post=21"}],"version-history":[{"count":12,"href":"http:\/\/eventos.coc.pt\/piomtrailo2019\/wp-json\/wp\/v2\/pages\/21\/revisions"}],"predecessor-version":[{"id":396,"href":"http:\/\/eventos.coc.pt\/piomtrailo2019\/wp-json\/wp\/v2\/pages\/21\/revisions\/396"}],"wp:attachment":[{"href":"http:\/\/eventos.coc.pt\/piomtrailo2019\/wp-json\/wp\/v2\/media?parent=21"}],"curies":[{"name":"wp","href":"https:\/\/api.w.org\/{rel}","templated":true}]}}