{"id":406,"date":"2018-11-27T08:43:21","date_gmt":"2018-11-27T08:43:21","guid":{"rendered":"http:\/\/eventos.coc.pt\/piomtrailo2019\/?page_id=406"},"modified":"2018-11-27T08:54:57","modified_gmt":"2018-11-27T08:54:57","slug":"apresentacao","status":"publish","type":"page","link":"http:\/\/eventos.coc.pt\/piomtrailo2019\/apresentacao\/","title":{"rendered":"Apresenta\u00e7\u00e3o"},"content":{"rendered":"<p>Evento ECTO 2019 (Pre-O e Temp-O) disputado em Penamacor (a 35km de Idanha-a-Nova e 20km de Monsanto), nos dias 22 e 23 de junho (fim de semana antes do WTOC).<br \/>\nProvas a contar para a Ta\u00e7a de Portugal de Orienta\u00e7\u00e3o de Precis\u00e3o.<\/p>\n<p><a href=\"https:\/\/www.facebook.com\/PIOM-in-TrailO-ECTO-2019-295775167945449\/?modal=admin_todo_tour\">https:\/\/www.facebook.com\/PIOM-in-TrailO-ECTO-2019-295775167945449\/?modal=admin_todo_tour<\/a><\/p>\n<p><a href=\"https:\/\/www.facebook.com\/events\/381233222618833\/\">https:\/\/www.facebook.com\/events\/381233222618833\/<\/a><\/p>","protected":false},"excerpt":{"rendered":"<p>Evento ECTO 2019 (Pre-O e Temp-O) disputado em Penamacor (a 35km de Idanha-a-Nova e 20km de Monsanto), nos dias 22 e 23 de junho (fim de semana antes do WTOC). Provas a contar para a Ta\u00e7a de Portugal de Orienta\u00e7\u00e3o de Precis\u00e3o. https:\/\/www.facebook.com\/PIOM-in-TrailO-ECTO-2019-295775167945449\/?modal=admin_todo_tour https:\/\/www.facebook.com\/events\/381233222618833\/<\/p>\n","protected":false},"author":1,"featured_media":0,"parent":0,"menu_order":0,"comment_status":"closed","ping_status":"closed","template":"","meta":{"footnotes":""},"class_list":["post-406","page","type-page","status-publish","hentry"],"_links":{"self":[{"href":"http:\/\/eventos.coc.pt\/piomtrailo2019\/wp-json\/wp\/v2\/pages\/406","targetHints":{"allow":["GET"]}}],"collection":[{"href":"http:\/\/eventos.coc.pt\/piomtrailo2019\/wp-json\/wp\/v2\/pages"}],"about":[{"href":"http:\/\/eventos.coc.pt\/piomtrailo2019\/wp-json\/wp\/v2\/types\/page"}],"author":[{"embeddable":true,"href":"http:\/\/eventos.coc.pt\/piomtrailo2019\/wp-json\/wp\/v2\/users\/1"}],"replies":[{"embeddable":true,"href":"http:\/\/eventos.coc.pt\/piomtrailo2019\/wp-json\/wp\/v2\/comments?post=406"}],"version-history":[{"count":2,"href":"http:\/\/eventos.coc.pt\/piomtrailo2019\/wp-json\/wp\/v2\/pages\/406\/revisions"}],"predecessor-version":[{"id":414,"href":"http:\/\/eventos.coc.pt\/piomtrailo2019\/wp-json\/wp\/v2\/pages\/406\/revisions\/414"}],"wp:attachment":[{"href":"http:\/\/eventos.coc.pt\/piomtrailo2019\/wp-json\/wp\/v2\/media?parent=406"}],"curies":[{"name":"wp","href":"https:\/\/api.w.org\/{rel}","templated":true}]}}