{"id":466,"date":"2019-05-10T07:35:56","date_gmt":"2019-05-10T07:35:56","guid":{"rendered":"http:\/\/eventos.coc.pt\/piomtrailo2019\/?page_id=466"},"modified":"2019-05-10T07:40:45","modified_gmt":"2019-05-10T07:40:45","slug":"boas-vindas","status":"publish","type":"page","link":"http:\/\/eventos.coc.pt\/piomtrailo2019\/","title":{"rendered":"Boas Vindas"},"content":{"rendered":"<p><strong>Mensagem do Presidente da C\u00e2mara Municipal de Penamacor:<\/strong><\/p>\n<p><img loading=\"lazy\" decoding=\"async\" class=\"alignleft wp-image-468\" src=\"http:\/\/eventos.coc.pt\/piomtrailo2019\/wp-content\/uploads\/sites\/16\/2019\/05\/Antonio-Luis.jpg\" alt=\"\" width=\"198\" height=\"200\" srcset=\"http:\/\/eventos.coc.pt\/piomtrailo2019\/wp-content\/uploads\/sites\/16\/2019\/05\/Antonio-Luis.jpg 472w, http:\/\/eventos.coc.pt\/piomtrailo2019\/wp-content\/uploads\/sites\/16\/2019\/05\/Antonio-Luis-297x300.jpg 297w\" sizes=\"auto, (max-width: 198px) 100vw, 198px\" \/>Penamacor vai voltar a receber uma prova internacional de orienta\u00e7\u00e3o. Desde que foi formalizada a parceria entre a C\u00e2mara Municipal e o COC (Clube de Orienta\u00e7\u00e3o do Centro), h\u00e1 cerca de quatro anos, com a organiza\u00e7\u00e3o do Portugal \u201cO\u201d Meeting 2016, que temos procurado afirmar Penamacor como um destino europeu da modalidade. Tendo em conta a dimens\u00e3o e a qualidade dos eventos em causa e o n\u00famero de participantes inscritos, que ascendeu a sete centenas no PIOM 2018 (Penamacor International Orienteering Meeting), n\u00e3o hesitamos em refor\u00e7ar e consolidar esta parceria. Com a organiza\u00e7\u00e3o conjunta, do Munic\u00edpio com o COC, do PIOM in TrailO, uma competi\u00e7\u00e3o de \u00e2mbito preambular ao Campeonato do Mundo que se realiza no concelho vizinho de Idanha-a-Nova, pretendemos colocar cada vez mais Penamacor no mapa da modalidade e refor\u00e7\u00e1-lo como um destino de refer\u00eancia para atletas nacionais e internacionais, que aqui encontram excelentes condi\u00e7\u00f5es para competir e treinar durante todo o ano. Pela primeira vez, Penamacor recebe uma prova da Ta\u00e7a da Europa de orienta\u00e7\u00e3o de precis\u00e3o, uma modalidade inclusiva, transversal a qualquer tipo de condi\u00e7\u00e3o f\u00edsica. Sendo o PIOM in TrailO uma prova internacional, apresenta-se igualmente como um not\u00e1vel cart\u00e3o de visita do concelho, que tem excepcionais caracter\u00edsticas para esta variante inclusiva. Quanto ao resto, n\u00e3o tenho d\u00favidas em repetir que o concelho de Penamacor, situado no centro raiano de Portugal, \u00e9 uma terra de gente boa e hospitaleira. As suas aldeias, notas coloridas inseridas no patrim\u00f3nio natural, preservam muito do pitoresco encanto que o tempo e a hist\u00f3ria conferem aos lugares. A vila de Penamacor, com mais de oito s\u00e9culos de exist\u00eancia, \u00e9 quase t\u00e3o antiga quanto a pr\u00f3pria na\u00e7\u00e3o portuguesa. O seu castelo medieval e as suas igrejas, as suas ruelas e casario estendido pelas encostas parecem sa\u00eddos de um aut\u00eantico postal ilustrado. O cen\u00e1rio \u00e9 fant\u00e1stico! Aguardamos-vos para o PIOM in TrailO!<\/p>\n<p>Ant\u00f3nio Lu\u00eds Beites Soares,<\/p>\n<p>Presidente da C\u00e2mara Municipal de Penamacor<\/p>\n<p>&nbsp;<\/p>\n<p><strong>Mensagem do Presidente da Federa\u00e7\u00e3o Portuguesa de Orienta\u00e7\u00e3o:<\/strong><\/p>\n<p><img loading=\"lazy\" decoding=\"async\" class=\"alignleft wp-image-469\" src=\"http:\/\/eventos.coc.pt\/piomtrailo2019\/wp-content\/uploads\/sites\/16\/2019\/05\/fotoAA.jpg\" alt=\"\" width=\"200\" height=\"178\" srcset=\"http:\/\/eventos.coc.pt\/piomtrailo2019\/wp-content\/uploads\/sites\/16\/2019\/05\/fotoAA.jpg 456w, http:\/\/eventos.coc.pt\/piomtrailo2019\/wp-content\/uploads\/sites\/16\/2019\/05\/fotoAA-300x267.jpg 300w\" sizes=\"auto, (max-width: 200px) 100vw, 200px\" \/>Nos dias 22 e 23 de junho de 2019, um evento da ECTO com uma etapa de TempO e uma de PreO ter\u00e1 lugar em Penamacor.<\/p>\n<p>Este evento ser\u00e1 no fim de semana antes do WTOC 2019 e em terrenos muito similares pelo que ser\u00e1 uma excelente oportunidade de treino.<\/p>\n<p>Organizado pelo COC, um dos clubes portugueses mais experientes, e numa cidade t\u00edpica do interior, com paisagens espantosas, uma rica e vasta gastronomia e uma comunidade muito amig\u00e1vel que vos dar\u00e1 as boas vindas, este evento tem todos os ingredientes para ser um sucesso.<\/p>\n<p>Assim, em nome da Federa\u00e7\u00e3o Portuguesa de Orienta\u00e7\u00e3o, quero dar a todos as boas vindas ao &#8221; PIOM in Trail-O&#8221;.<\/p>\n<p>Ant\u00f3nio Amador,<\/p>\n<p>Presidente da Federa\u00e7\u00e3o Portuguesa de Orienta\u00e7\u00e3o<\/p>","protected":false},"excerpt":{"rendered":"<p>Mensagem do Presidente da C\u00e2mara Municipal de Penamacor: Penamacor vai voltar a receber uma prova internacional de orienta\u00e7\u00e3o. Desde que foi formalizada a parceria entre a C\u00e2mara Municipal e o COC (Clube de Orienta\u00e7\u00e3o do Centro), h\u00e1 cerca de quatro anos, com a organiza\u00e7\u00e3o do Portugal \u201cO\u201d Meeting 2016, que temos procurado afirmar Penamacor como &hellip; <a href=\"http:\/\/eventos.coc.pt\/piomtrailo2019\/\" class=\"more-link\">Continuar a ler <span class=\"screen-reader-text\">Boas Vindas<\/span><\/a><\/p>\n","protected":false},"author":1,"featured_media":0,"parent":0,"menu_order":0,"comment_status":"closed","ping_status":"closed","template":"","meta":{"footnotes":""},"class_list":["post-466","page","type-page","status-publish","hentry"],"_links":{"self":[{"href":"http:\/\/eventos.coc.pt\/piomtrailo2019\/wp-json\/wp\/v2\/pages\/466","targetHints":{"allow":["GET"]}}],"collection":[{"href":"http:\/\/eventos.coc.pt\/piomtrailo2019\/wp-json\/wp\/v2\/pages"}],"about":[{"href":"http:\/\/eventos.coc.pt\/piomtrailo2019\/wp-json\/wp\/v2\/types\/page"}],"author":[{"embeddable":true,"href":"http:\/\/eventos.coc.pt\/piomtrailo2019\/wp-json\/wp\/v2\/users\/1"}],"replies":[{"embeddable":true,"href":"http:\/\/eventos.coc.pt\/piomtrailo2019\/wp-json\/wp\/v2\/comments?post=466"}],"version-history":[{"count":3,"href":"http:\/\/eventos.coc.pt\/piomtrailo2019\/wp-json\/wp\/v2\/pages\/466\/revisions"}],"predecessor-version":[{"id":473,"href":"http:\/\/eventos.coc.pt\/piomtrailo2019\/wp-json\/wp\/v2\/pages\/466\/revisions\/473"}],"wp:attachment":[{"href":"http:\/\/eventos.coc.pt\/piomtrailo2019\/wp-json\/wp\/v2\/media?parent=466"}],"curies":[{"name":"wp","href":"https:\/\/api.w.org\/{rel}","templated":true}]}}