{"id":114,"date":"2017-01-17T20:46:52","date_gmt":"2017-01-17T20:46:52","guid":{"rendered":"http:\/\/eventos.coc.pt\/winterocamp\/?page_id=114"},"modified":"2017-04-26T19:56:05","modified_gmt":"2017-04-26T19:56:05","slug":"information","status":"publish","type":"page","link":"http:\/\/eventos.coc.pt\/winterocamp\/pt\/information\/","title":{"rendered":"Informa\u00e7\u00f5es"},"content":{"rendered":"<p><\/p>\n<p style=\"text-align: center\"><span style=\"font-size: 14pt\"><strong>Apresenta\u00e7\u00e3o<\/strong><\/span><\/p>\n<p style=\"text-align: left\">O Clube de Orienta\u00e7\u00e3o do Centro, em parceria com a C\u00e2mara Municipal de Penamacor, convida-vos a participar no seu primeiro campo de treino de inverno, a realizar de 27 a 29 de dezembro de 2017, em Terras do Lince. O COC WINTER O`CAMP vai ter lugar em mapas identificados pelos melhores do mundo, pela sua qualidade.<\/p>\n<p style=\"text-align: left\">Esta iniciativa permitir\u00e1 o desenvolvimento t\u00e9cnico e f\u00edsico na modalidade de orienta\u00e7\u00e3o, desde a inicia\u00e7\u00e3o ao aperfei\u00e7oamento.<\/p>\n<p style=\"text-align: left\">Para a realiza\u00e7\u00e3o dos exerc\u00edcios de t\u00e9cnicas variadas de navega\u00e7\u00e3o ser\u00e3o utilizados mapas com caracter\u00edsticas diversificadas, desde terreno aberto de f\u00e1cil progress\u00e3o, com arvoredo predominante de sobreiros, pequenos bosques de carvalhos, algumas zonas de eucalipto e pormenores rochosos at\u00e9 terreno com muito desn\u00edvel, bastantes zonas de elementos rochosos e grandes maci\u00e7os gran\u00edticos.<\/p>\n<p style=\"text-align: left\">Para al\u00e9m das duas a tr\u00eas sess\u00f5es di\u00e1rias de treino, ser\u00e3o dinamizadas sess\u00f5es te\u00f3ricas de an\u00e1lise dos exerc\u00edcios desenvolvidos.<\/p>\n<p><\/p>","protected":false},"excerpt":{"rendered":"<p>Apresenta\u00e7\u00e3o O Clube de Orienta\u00e7\u00e3o do Centro, em parceria com a C\u00e2mara Municipal de Penamacor, convida-vos a participar no seu primeiro campo de treino de inverno, a realizar de 27 a 29 de dezembro de 2017, em Terras do Lince. O COC WINTER O`CAMP vai ter lugar em mapas identificados pelos melhores do mundo, pela &hellip; <a href=\"http:\/\/eventos.coc.pt\/winterocamp\/pt\/information\/\" class=\"more-link\">Continuar a ler<span class=\"screen-reader-text\">Informa\u00e7\u00f5es<\/span> <span class=\"meta-nav\">&rarr;<\/span><\/a><\/p>\n","protected":false},"author":3,"featured_media":0,"parent":0,"menu_order":0,"comment_status":"closed","ping_status":"closed","template":"","meta":{"footnotes":""},"class_list":["post-114","page","type-page","status-publish","hentry"],"_links":{"self":[{"href":"http:\/\/eventos.coc.pt\/winterocamp\/pt\/wp-json\/wp\/v2\/pages\/114","targetHints":{"allow":["GET"]}}],"collection":[{"href":"http:\/\/eventos.coc.pt\/winterocamp\/pt\/wp-json\/wp\/v2\/pages"}],"about":[{"href":"http:\/\/eventos.coc.pt\/winterocamp\/pt\/wp-json\/wp\/v2\/types\/page"}],"author":[{"embeddable":true,"href":"http:\/\/eventos.coc.pt\/winterocamp\/pt\/wp-json\/wp\/v2\/users\/3"}],"replies":[{"embeddable":true,"href":"http:\/\/eventos.coc.pt\/winterocamp\/pt\/wp-json\/wp\/v2\/comments?post=114"}],"version-history":[{"count":2,"href":"http:\/\/eventos.coc.pt\/winterocamp\/pt\/wp-json\/wp\/v2\/pages\/114\/revisions"}],"predecessor-version":[{"id":151,"href":"http:\/\/eventos.coc.pt\/winterocamp\/pt\/wp-json\/wp\/v2\/pages\/114\/revisions\/151"}],"wp:attachment":[{"href":"http:\/\/eventos.coc.pt\/winterocamp\/pt\/wp-json\/wp\/v2\/media?parent=114"}],"curies":[{"name":"wp","href":"https:\/\/api.w.org\/{rel}","templated":true}]}}