{"id":29,"date":"2017-01-16T11:43:05","date_gmt":"2017-01-16T11:43:05","guid":{"rendered":"http:\/\/eventos.coc.pt\/winterocamp\/?page_id=29"},"modified":"2017-12-09T23:17:39","modified_gmt":"2017-12-09T23:17:39","slug":"entries","status":"publish","type":"page","link":"http:\/\/eventos.coc.pt\/winterocamp\/pt\/entries\/","title":{"rendered":"Inscri\u00e7\u00f5es"},"content":{"rendered":"<p>Data limite de Inscri\u00e7\u00e3o 7 de Dezembro<\/p>\n<table style=\"width: 600px;border-color: #000000\">\n<tbody>\n<tr style=\"border-color: #000000\">\n<td style=\"width: 274px;border-color: #000000;background-color: #615b5b;text-align: center\"><\/td>\n<td style=\"width: 150px;border-color: #000000;text-align: center\"><span style=\"font-size: 12pt\">Por Dia<\/span><\/td>\n<td style=\"width: 150px;border-color: #000000;text-align: center\"><span style=\"font-size: 12pt\">Os 3 Dias<\/span><\/td>\n<\/tr>\n<tr style=\"border-color: #000000\">\n<td style=\"width: 274px;border-color: #000000;text-align: center\"><span style=\"font-size: 12pt\">Normal<\/span><\/td>\n<td style=\"width: 150px;border-color: #000000;text-align: center\"><span style=\"font-size: 12pt\">10 euros<\/span><\/td>\n<td style=\"width: 150px;border-color: #000000;text-align: center\"><span style=\"font-size: 12pt\">30 euros<\/span><\/td>\n<\/tr>\n<tr style=\"border-color: #000000\">\n<td style=\"width: 274px;border-color: #000000;text-align: center\"><span style=\"font-size: 12pt\">Federados* com menos de 20 anos inclusive<\/span><\/td>\n<td style=\"width: 150px;border-color: #000000;text-align: center\"><span style=\"font-size: 12pt\">4 euros<\/span><\/td>\n<td style=\"width: 150px;border-color: #000000;text-align: center\"><span style=\"font-size: 12pt\">10 euros<\/span><\/td>\n<\/tr>\n<tr style=\"border-color: #000000\">\n<td style=\"width: 274px;border-color: #000000;text-align: center\"><span style=\"font-size: 12pt\">Federados* com mais de 20 anos <\/span><\/td>\n<td style=\"width: 150px;border-color: #000000;text-align: center\"><span style=\"font-size: 12pt\">6 euros<\/span><\/td>\n<td style=\"width: 150px;border-color: #000000;text-align: center\"><span style=\"font-size: 12pt\">15 euros<\/span><\/td>\n<\/tr>\n<tr style=\"border-color: #000000\">\n<td style=\"width: 274px;border-color: #000000;text-align: center\"><span style=\"font-size: 12pt\">Inclui (1 por pessoa)<\/span><\/td>\n<td style=\"width: 150px;border-color: #000000;text-align: center\">\u00a0&#8212;&#8212;&#8212;&#8212;&#8211;<\/td>\n<td style=\"width: 150px;border-color: #000000;text-align: center\"><span style=\"font-size: 12pt\">T-shirt<\/span><\/td>\n<\/tr>\n<tr style=\"border-color: #000000\">\n<td style=\"width: 274px;border-color: #000000;text-align: center\"><span style=\"font-size: 12pt\">&#8212;&#8212;&#8212;&#8212;&#8212;&#8212;&#8212;&#8212;&#8212;&#8212;&#8212;&#8211;<\/span><\/td>\n<td style=\"width: 150px;border-color: #000000;text-align: center\"><span style=\"font-size: 12pt\">&#8212;&#8212;&#8212;&#8212;&#8211;<\/span><\/td>\n<\/tr>\n<tr style=\"border-color: #000000\">\n<td style=\"width: 274px;border-color: #000000;text-align: center\"><span style=\"font-size: 12pt\"><strong>Alojamento<\/strong><\/span><\/td>\n<td style=\"width: 150px;border-color: #000000;text-align: center\"><span style=\"font-size: 12pt\">1 euro<\/span><\/td>\n<\/tr>\n<\/tbody>\n<\/table>\n<table style=\"width: 600px;border-color: #000000\">\n<tbody>\n<tr style=\"border-color: #000000\">\n<td style=\"width: 274px;border-color: #000000;text-align: center\"><span style=\"font-size: 12pt\"><strong>4 Refei\u00e7\u00f5es (oferta do almo\u00e7o do ultimo dia)<\/strong><\/span><\/td>\n<td style=\"width: 150px;border-color: #000000;text-align: center\"><span style=\"font-size: 12pt\">25 euros<\/span><\/td>\n<\/tr>\n<\/tbody>\n<\/table>\n<p>* Federados na FPO ou FEDO.<\/p>\n<p><strong>Para realizar a inscri\u00e7\u00e3o:<\/strong><\/p>\n<p>Atrav\u00e9s do <a href=\"http:\/\/www.orioasis.pt\/oasis\/edit_entry.php?eventid=1911&amp;action=entry_edit\" target=\"_blank\" rel=\"noopener\">OriOasis<\/a> ou<\/p>\n<p>Enviar um mail para<strong> info@coc.pt<\/strong> com:<br \/>\n-Nome<br \/>\n-Idade<br \/>\n-Clube<br \/>\n-Alojamento (sim, n\u00e3o e os dias pretendidos)<br \/>\n-Chip<br \/>\n-N\u00famero de federado<br \/>\n-Quais os dias que se est\u00e1 a inscrever<br \/>\n-Comprovativo de pagamento (caso j\u00e1 o tenha efectuado, sen\u00e3o deve enviar um novo mail com o comprovativo)<br \/>\n-Tamanho t-shirt (para inscri\u00e7\u00f5es para os 3 dias ou caso pretendam comprar)<br \/>\n-Pretendem ou n\u00e3o alimenta\u00e7\u00e3o<\/p>\n<p><strong>Pagamento:<\/strong><br \/>\nBanco: Caixa Geral de Dep\u00f3sitos<br \/>\nAg\u00eancia: \u2013 Av. Marqu\u00eas de Pombal \u2013 Leiria<br \/>\nN\u00famero de conta (NIB): 0035 0394 0000 4000030 10<br \/>\nIBAN: PT50 0035 0394 0000 4000030 10<br \/>\nSWIFT CODE BIC: CGDIPTPL<br \/>\nCustos adicionais relacionados com as transfer\u00eancias ser\u00e3o imputados aos atletas.<\/p>\n<p><strong>Inscri\u00e7\u00e3o<\/strong> apenas <strong>v\u00e1lida<\/strong> ap\u00f3s o pagamento da mesma.<\/p>\n<p>Apenas se encontram disponiveis <strong>90 vagas<\/strong>.<\/p>\n<p><strong>Alojamento<\/strong> com beliches ( a<em>penas tem o colch\u00e3o<\/em> ), com o valor de 1 euro por dia para manuten\u00e7\u00e3o.<\/p>\n<p>Devolu\u00e7\u00f5es, at\u00e9 30 de Setembro \u00e9 devolvido 100% do valor, at\u00e9 15 de\u00a0Novembro \u00e9 devolvido 85% do valor, at\u00e9 30\u00a0de\u00a0Novembro \u00e9 devolvido 50% do valor, a partir de\u00a030\u00a0de\u00a0Novembro j\u00e1 n\u00e3o \u00e9 possivel haver devolu\u00e7\u00f5es.<\/p>","protected":false},"excerpt":{"rendered":"<p>Data limite de Inscri\u00e7\u00e3o 7 de Dezembro Por Dia Os 3 Dias Normal 10 euros 30 euros Federados* com menos de 20 anos inclusive 4 euros 10 euros Federados* com mais de 20 anos 6 euros 15 euros Inclui (1 por pessoa) \u00a0&#8212;&#8212;&#8212;&#8212;&#8211; T-shirt &#8212;&#8212;&#8212;&#8212;&#8212;&#8212;&#8212;&#8212;&#8212;&#8212;&#8212;&#8211; &#8212;&#8212;&#8212;&#8212;&#8211; Alojamento 1 euro 4 Refei\u00e7\u00f5es (oferta do almo\u00e7o do &hellip; <a href=\"http:\/\/eventos.coc.pt\/winterocamp\/pt\/entries\/\" class=\"more-link\">Continuar a ler<span class=\"screen-reader-text\">Inscri\u00e7\u00f5es<\/span> <span class=\"meta-nav\">&rarr;<\/span><\/a><\/p>\n","protected":false},"author":3,"featured_media":0,"parent":0,"menu_order":0,"comment_status":"closed","ping_status":"closed","template":"","meta":{"footnotes":""},"class_list":["post-29","page","type-page","status-publish","hentry"],"_links":{"self":[{"href":"http:\/\/eventos.coc.pt\/winterocamp\/pt\/wp-json\/wp\/v2\/pages\/29","targetHints":{"allow":["GET"]}}],"collection":[{"href":"http:\/\/eventos.coc.pt\/winterocamp\/pt\/wp-json\/wp\/v2\/pages"}],"about":[{"href":"http:\/\/eventos.coc.pt\/winterocamp\/pt\/wp-json\/wp\/v2\/types\/page"}],"author":[{"embeddable":true,"href":"http:\/\/eventos.coc.pt\/winterocamp\/pt\/wp-json\/wp\/v2\/users\/3"}],"replies":[{"embeddable":true,"href":"http:\/\/eventos.coc.pt\/winterocamp\/pt\/wp-json\/wp\/v2\/comments?post=29"}],"version-history":[{"count":35,"href":"http:\/\/eventos.coc.pt\/winterocamp\/pt\/wp-json\/wp\/v2\/pages\/29\/revisions"}],"predecessor-version":[{"id":176,"href":"http:\/\/eventos.coc.pt\/winterocamp\/pt\/wp-json\/wp\/v2\/pages\/29\/revisions\/176"}],"wp:attachment":[{"href":"http:\/\/eventos.coc.pt\/winterocamp\/pt\/wp-json\/wp\/v2\/media?parent=29"}],"curies":[{"name":"wp","href":"https:\/\/api.w.org\/{rel}","templated":true}]}}